{"id":73253,"date":"2025-04-16T07:47:33","date_gmt":"2025-04-16T11:47:33","guid":{"rendered":"https:\/\/www.radial.com\/?page_id=73253"},"modified":"2025-04-16T08:57:15","modified_gmt":"2025-04-16T12:57:15","slug":"ecommerce-fulfillment-uslugi-dodatkowe-vas","status":"publish","type":"page","link":"https:\/\/www.radial.com\/pl\/ecommerce-fulfillment-uslugi-dodatkowe-vas","title":{"rendered":"Us\u0142ugi Dodatkowe VAS"},"content":{"rendered":"\n<div class=\"page-wrapper\">\n\t\n\n<div class=\"landing-page\">\n\t\n\n<div class=\"landing-page-hero-area\" id=\"landing-page-hero-area\">\n\t\n\n\n<div class=\"hero-landing-block\">\n\t<div class=\"hero-landing-block__inner\">\n\t\t<div class=\"hero-landing-block__info\">\n\t\t\t<div class=\"hero-landing-block__info--inner\">\n\t\t\t<h1 class=\"hero-landing-block__title\">Spraw, \u017ce ka\u017cde zam\u00f3wienie b\u0119dzie wyj\u0105tkowe<\/h1>\n            \t\t\t\t\t\t\t<div class=\"hero-landing-block__summary\">\n\t\t\t\t\t<article class=\"text-token-text-primary w-full\" dir=\"auto\" data-testid=\"conversation-turn-180\" data-scroll-anchor=\"true\">\n<div class=\"text-base my-auto mx-auto py-5 [--thread-content-margin:--spacing(4)] @[37rem]:[--thread-content-margin:--spacing(6)] @[70rem]:[--thread-content-margin:--spacing(12)] px-(--thread-content-margin)\">\n<div class=\"[--thread-content-max-width:32rem] @[34rem]:[--thread-content-max-width:40rem] @[64rem]:[--thread-content-max-width:48rem] mx-auto flex max-w-(--thread-content-max-width) flex-1 text-base gap-4 md:gap-5 lg:gap-6 group\/turn-messages focus-visible:outline-hidden\">\n<div class=\"group\/conversation-turn relative flex w-full min-w-0 flex-col agent-turn\">\n<div class=\"relative flex-col gap-1 md:gap-3\">\n<div class=\"flex max-w-full flex-col grow\">\n<div class=\"min-h-8 text-message relative flex w-full flex-col items-end gap-2 text-start break-words whitespace-normal [.text-message+&amp;]:mt-5\" dir=\"auto\" data-message-author-role=\"assistant\" data-message-id=\"ea117c9b-7d99-4af2-86e2-eecfcf81f5cb\" data-message-model-slug=\"gpt-4o\">\n<div class=\"flex w-full flex-col gap-1 empty:hidden first:pt-[3px]\">\n<div class=\"markdown prose dark:prose-invert w-full break-words light\">\n<p class=\"\" data-start=\"0\" data-end=\"181\">Zaskocz swoich klient\u00f3w w momencie otwierania przesy\u0142ki dzi\u0119ki bogatej ofercie personalizacji od Radial. Daj im poczucie, \u017ce produkt zosta\u0142 stworzony w\u0142a\u015bnie dla nich.<\/p>\n<\/div>\n<\/div>\n<\/div>\n<\/div>\n<\/div>\n<\/div>\n<\/div>\n<\/div>\n<\/article>\n<div class=\"pointer-events-none h-px w-px\" aria-hidden=\"true\" data-edge=\"true\"><\/div>\n\t\t\t\t<\/div>\n\t\t\t\t\t\t\t\t\t\t<a class=\"hero-landing-block__cta button-primary light\" href=\"https:\/\/www.radial.com\/pl\/skontaktuj-sie\" target=\"_self\">Zacznij teraz<\/a>\t\t\t\t\t\t<\/div>\n\t\t<\/div>\n\t\t<div class=\"hero-landing-block__image\">\n\t\t\t<picture>\r\n<source srcset=\"\/wp-content\/plugins\/eswp-utilities\/missing-image.svg.php?width=342&#038;height=228\" type=\"image\/svg+xml\" media=\"(max-width: 350px)\">\r\n<source srcset=\"\/wp-content\/plugins\/eswp-utilities\/missing-image.svg.php?width=705&#038;height=470\" type=\"image\/svg+xml\" media=\"(max-width: 715px)\">\r\n<source srcset=\"\/wp-content\/plugins\/eswp-utilities\/missing-image.svg.php?width=960&#038;height=640\" type=\"image\/svg+xml\" media=\"(max-width: 1023px)\">\r\n<source data-image-size=\"hero_landing_large\" srcset=\"https:\/\/www.radial.com\/wp-content\/uploads\/2025\/04\/vas3-aspect-ratio-22-25-704x800.jpg\" media=\"(max-width: 1440px)\" type=\"image\/jpeg\">\r\n<source data-image-size=\"hero_landing_huge\" srcset=\"https:\/\/www.radial.com\/wp-content\/uploads\/2025\/04\/vas3-aspect-ratio-22-25-946x1075.jpg\" type=\"image\/jpeg\">\r\n<img decoding=\"async\" alt=\"\" src=\"https:\/\/www.radial.com\/wp-content\/uploads\/2025\/04\/vas3-aspect-ratio-22-25-704x800.jpg\">\r\n<\/picture>\t\t<\/div>\n\t<\/div>\n<\/div>\n\n<\/div>\n\n\n<div class=\"landing-page-block-area\">\n\t\n<div class=\"core-heading-block\" data-heading-level=\"2\">\n<h2 class=\"wp-block-heading\">Personalizacja zam\u00f3wie\u0144<\/h2>\n<\/div>\n\n<div class=\"core-paragraph-block\">\n<p>Dzi\u0119ki szerokiemu wachlarzowi technologii i specjalistycznych mo\u017cliwo\u015bci, Radial oferuje r\u00f3\u017cnorodne opcje personalizacji, pozwalaj\u0105ce dostosowa\u0107 ka\u017cde zam\u00f3wienie do indywidualnych potrzeb. Wsp\u00f3\u0142pracujemy z Tob\u0105 przy tworzeniu dok\u0142adnie takiego programu, kt\u00f3ry zapewni Twoim klientom oczekiwane do\u015bwiadczenia zakupowe.<\/p>\n<\/div>\n\n\n<div class=\"switchback-block left\">\n\t\t\t\t\t\t\t\t\t            <div class=\"switchback-block__outer dark\">\n                <div class=\"switchback-block__inner\">\n                    <div class=\"switchback-block__left animate\">\n\t\t\t\t\t\t\t\t\t\t\t\t\t<picture>\r\n<source data-image-size=\"switchback_small\" srcset=\"https:\/\/www.radial.com\/wp-content\/uploads\/2025\/04\/16\/ecommerce-fulfillment-value-added-customization-aspect-ratio-1-1-518x518.jpg-350x350.png\" media=\"(max-width: 1280px)\" type=\"image\/png\">\r\n<source data-image-size=\"switchback_large\" srcset=\"https:\/\/www.radial.com\/wp-content\/uploads\/2025\/04\/16\/ecommerce-fulfillment-value-added-customization-aspect-ratio-1-1-518x518.jpg.png\" type=\"image\/png\">\r\n<img decoding=\"async\" alt=\"\" src=\"https:\/\/www.radial.com\/wp-content\/uploads\/2025\/04\/16\/ecommerce-fulfillment-value-added-customization-aspect-ratio-1-1-518x518.jpg.png\" loading=\"lazy\">\r\n<\/picture>\t\t\t\t\t\t                    <\/div>\n\n                    <div class=\"switchback-block__right animate\">\n\t\t\t\t\t\t                            <label class=\"switchback-block__eyebrow\">Opcje konfiguracji<\/label>\n\t\t\t\t\t\t\t\t\t\t\t\t                            <h2 class=\"switchback-block__title\">Personalizuj zam\u00f3wienia dla klient\u00f3w<\/h2>\n\t\t\t\t\t\t\t\t\t\t\t\t\t\t\t\t\t\t                            <div class=\"switchback-block__summary paragraph-block\"><p>Dzi\u0119ki rozwi\u0105zaniom takim jak t\u0142oczenie, haftowanie czy grawerowanie, dysponujemy technologi\u0105, sprz\u0119tem i know-how, kt\u00f3re pozwalaj\u0105 Twoim klientom dopasowa\u0107 produkt dok\u0142adnie do ich oczekiwa\u0144. Mo\u017cliwo\u015b\u0107 indywidualnego dostosowania produkt\u00f3w tworzy wyj\u0105tkow\u0105 wi\u0119\u017a z konsumentem, sprawia, \u017ce Twoja marka zapada w pami\u0119\u0107 r\u00f3wnie mocno jak spersonalizowane zam\u00f3wienie \u2013 i buduje trwa\u0142\u0105 lojalno\u015b\u0107.<\/p>\n<\/div>\n\t\t\t\t\t\t\n\t\t\t\t\t\t                    <\/div>\n                <\/div>\n            <\/div>\n\t\t\t<\/div>\n\n\n<div class=\"switchback-block right\">\n\t\t\t\t\t\t\t\t\t            <div class=\"switchback-block__outer light\">\n                <div class=\"switchback-block__inner\">\n                    <div class=\"switchback-block__left animate\">\n\t\t\t\t\t\t\t\t\t\t\t\t\t<picture>\r\n<source data-image-size=\"switchback_small\" srcset=\"https:\/\/www.radial.com\/wp-content\/uploads\/2025\/04\/16\/ecommerce-fulfillment-value-added-gifting-aspect-ratio-1-1-518x518.jpg-350x350.png\" media=\"(max-width: 1280px)\" type=\"image\/png\">\r\n<source data-image-size=\"switchback_large\" srcset=\"https:\/\/www.radial.com\/wp-content\/uploads\/2025\/04\/16\/ecommerce-fulfillment-value-added-gifting-aspect-ratio-1-1-518x518.jpg.png\" type=\"image\/png\">\r\n<img decoding=\"async\" alt=\"\" src=\"https:\/\/www.radial.com\/wp-content\/uploads\/2025\/04\/16\/ecommerce-fulfillment-value-added-gifting-aspect-ratio-1-1-518x518.jpg.png\" loading=\"lazy\">\r\n<\/picture>\t\t\t\t\t\t                    <\/div>\n\n                    <div class=\"switchback-block__right animate\">\n\t\t\t\t\t\t                            <label class=\"switchback-block__eyebrow\">Prezent<\/label>\n\t\t\t\t\t\t\t\t\t\t\t\t                            <h2 class=\"switchback-block__title\">\u015awi\u0119tuj wyj\u0105tkowe okazje<\/h2>\n\t\t\t\t\t\t\t\t\t\t\t\t\t\t\t\t\t\t                            <div class=\"switchback-block__summary paragraph-block\"><p>Radial oferuje pe\u0142en zestaw rozwi\u0105za\u0144, kt\u00f3re pozwalaj\u0105 Twoim klientom cieszy\u0107 si\u0119 wyj\u0105tkowym, dopracowanym w ka\u017cdym detalu do\u015bwiadczeniem zwi\u0105zanym z wr\u0119czaniem prezent\u00f3w. Od spersonalizowanych wiadomo\u015bci po indywidualne opakowania, zapewniamy wyj\u0105tkowe wra\u017cenia ju\u017c od momentu otwarcia przesy\u0142ki. Podaruj swoim klientom niezapomniane emocje dzi\u0119ki naszym unikalnym rozwi\u0105zaniom pakowania.<\/p>\n<\/div>\n\t\t\t\t\t\t\n\t\t\t\t\t\t                    <\/div>\n                <\/div>\n            <\/div>\n\t\t\t<\/div>\n\n\n<div class=\"switchback-block left\">\n\t\t\t\t\t\t\t\t\t            <div class=\"switchback-block__outer dark\">\n                <div class=\"switchback-block__inner\">\n                    <div class=\"switchback-block__left animate\">\n\t\t\t\t\t\t\t\t\t\t\t\t\t<picture>\r\n<source data-image-size=\"switchback_small\" srcset=\"https:\/\/www.radial.com\/wp-content\/uploads\/2025\/04\/health-beauty-kits-sets-aspect-ratio-1-1-350x350.jpg, https:\/\/www.radial.com\/wp-content\/uploads\/2025\/04\/health-beauty-kits-sets-aspect-ratio-1-1-700x700.jpg 2x\" media=\"(max-width: 1280px)\" type=\"image\/jpeg\">\r\n<source data-image-size=\"switchback_large\" srcset=\"https:\/\/www.radial.com\/wp-content\/uploads\/2025\/04\/health-beauty-kits-sets-aspect-ratio-1-1-518x518.jpg, https:\/\/www.radial.com\/wp-content\/uploads\/2025\/04\/health-beauty-kits-sets-aspect-ratio-1-1-1036x1036.jpg 2x\" type=\"image\/jpeg\">\r\n<img decoding=\"async\" alt=\"\" src=\"https:\/\/www.radial.com\/wp-content\/uploads\/2025\/04\/health-beauty-kits-sets-aspect-ratio-1-1-518x518.jpg\" loading=\"lazy\">\r\n<\/picture>\t\t\t\t\t\t                    <\/div>\n\n                    <div class=\"switchback-block__right animate\">\n\t\t\t\t\t\t                            <label class=\"switchback-block__eyebrow\">Us\u0142ugi dodatkowe<\/label>\n\t\t\t\t\t\t\t\t\t\t\t\t                            <h2 class=\"switchback-block__title\">Kompletowanie zestaw\u00f3w, pakowanie i materia\u0142y promocyjne<\/h2>\n\t\t\t\t\t\t\t\t\t\t\t\t\t\t\t\t\t\t                            <div class=\"switchback-block__summary paragraph-block\"><p>Potrzebujesz procesu zaprojektowanego specjalnie dla Twojego biznesu? Radial dysponuje odpowiednimi mo\u017cliwo\u015bciami, do\u015bwiadczeniem i elastyczno\u015bci\u0105, aby \u015bci\u015ble wsp\u00f3\u0142pracowa\u0107 z Tob\u0105 i dostosowa\u0107 us\u0142ugi do specyfiki Twojej firmy oraz oczekiwa\u0144 klient\u00f3w. Aby zwi\u0119kszy\u0107 warto\u015b\u0107 zam\u00f3wie\u0144 i zaoferowa\u0107 klientom wi\u0119kszy wyb\u00f3r, opracowali\u015bmy programy obejmuj\u0105ce wcze\u015bniejsze pakowanie zestaw\u00f3w (pre-kitting), \u0142\u0105czenie produkt\u00f3w w pakiety, dynamiczne kompletowanie (kit-on-the-fly) oraz dodawanie gratis\u00f3w do zakup\u00f3w. Gdy produkty musz\u0105 swobodnie przep\u0142ywa\u0107 mi\u0119dzy kana\u0142ami sprzeda\u017cy, Radial zapewnia metkowanie i pakowanie produkt\u00f3w z my\u015bl\u0105 o dystrybucji do hurtowni, marketplace\u2019\u00f3w lub kana\u0142\u00f3w detalicznych.<\/p>\n<\/div>\n\t\t\t\t\t\t\n\t\t\t\t\t\t                    <\/div>\n                <\/div>\n            <\/div>\n\t\t\t<\/div>\n<\/div>\n<\/div>\n<\/div>","protected":false},"excerpt":{"rendered":"","protected":false},"author":2,"featured_media":0,"parent":0,"menu_order":0,"comment_status":"closed","ping_status":"closed","template":"","meta":{"_acf_changed":false,"inline_featured_image":false,"footnotes":""},"class_list":["post-73253","page","type-page","status-publish","hentry"],"acf":[],"_links":{"self":[{"href":"https:\/\/www.radial.com\/pl\/wp-json\/wp\/v2\/pages\/73253","targetHints":{"allow":["GET"]}}],"collection":[{"href":"https:\/\/www.radial.com\/pl\/wp-json\/wp\/v2\/pages"}],"about":[{"href":"https:\/\/www.radial.com\/pl\/wp-json\/wp\/v2\/types\/page"}],"author":[{"embeddable":true,"href":"https:\/\/www.radial.com\/pl\/wp-json\/wp\/v2\/users\/2"}],"replies":[{"embeddable":true,"href":"https:\/\/www.radial.com\/pl\/wp-json\/wp\/v2\/comments?post=73253"}],"version-history":[{"count":13,"href":"https:\/\/www.radial.com\/pl\/wp-json\/wp\/v2\/pages\/73253\/revisions"}],"predecessor-version":[{"id":73338,"href":"https:\/\/www.radial.com\/pl\/wp-json\/wp\/v2\/pages\/73253\/revisions\/73338"}],"wp:attachment":[{"href":"https:\/\/www.radial.com\/pl\/wp-json\/wp\/v2\/media?parent=73253"}],"curies":[{"name":"wp","href":"https:\/\/api.w.org\/{rel}","templated":true}]}}