{"id":51706,"date":"2022-06-13T14:04:26","date_gmt":"2022-06-13T18:04:26","guid":{"rendered":"https:\/\/www.radial.com\/o-nas\/case-studies"},"modified":"2024-02-08T15:57:48","modified_gmt":"2024-02-08T20:57:48","slug":"case-studies","status":"publish","type":"page","link":"https:\/\/www.radial.com\/pl\/zasoby\/realizacje","title":{"rendered":"Realizacje\u00a0\u00a0"},"content":{"rendered":"\n<div class=\"page-wrapper\">\n\t\n\n<div class=\"interior-page\">\n\t\n\n\n<div class=\"interior-hero\">\n\t<div class=\"interior-hero__inner\">\n\t\t\t\t\t<h1 class=\"interior-hero__title\">Realizacje\u00a0\u00a0<\/h1>\n\t\t\t\t\t<\/div>\n<\/div>\n\n\n<div class=\"interior-page-block-area\">\n\t\n\n\n<section class=\"case-study\">\n\t<div class=\"case-study__inner\">\n\t\t\t\t\t<article class=\"case-study__left\">\n\t\t\t\t<h2 class=\"case-study__title\">Automatyzacja realizacji zam\u00f3wie\u0144 &#8211; wsp\u00f3\u0142praca Radial i doTERRA<\/h2>\n\t\t\t\t\t\t\t\t\t<div class=\"case-study__summary\">\n\t\t\t\t\t\t<p>Wsp\u00f3\u0142praca mi\u0119dzy firm\u0105 doTERRA a Radial rozpocz\u0119\u0142a si\u0119 w 2012 roku od niewielkich zam\u00f3wie\u0144. W miar\u0119 jak doTERRA rozszerza\u0142a dzia\u0142alno\u015b\u0107 na nowe rynki europejskie, takie jak Rumunia, Litwa i \u0141otwa, ich sprzeda\u017c i wolumen zam\u00f3wie\u0144 zacz\u0119\u0142y znacz\u0105co rosn\u0105\u0107. Aby zachowa\u0107 jako\u015b\u0107 i terminowo\u015b\u0107 realizacji zam\u00f3wie\u0144, doTERRA rozpocz\u0119\u0142a poszukiwania nowego, godnego zaufania, elastycznego i szybko dzia\u0142aj\u0105cego partnera 3PL zlokalizowanego w sercu Europy. W sierpniu 2019 r. doTERRA i Radial podpisa\u0142y Umow\u0119 wsp\u00f3\u0142pracy. Od tej pory zadaniem Radial jest sprostanie wci\u0105\u017c zmieniaj\u0105cym si\u0119 potrzebom Klienta.<\/p>\n\t\t\t\t\t<\/div>\n\t\t\t\t\t\t\t\t\t\t\t\t\t\t\t\t\t\t\t<a href=\"https:\/\/www.doterra.com\/\" target=\"_blank\" title=\"Automatyzacja realizacji zam\u00f3wie\u0144 - wsp\u00f3\u0142praca Radial i doTERRA\" aria-label=\"Opens in a new tab\"\n\t\t\t\t\t\t\tclass=\"case-study__client-logo\">\n\t\t\t\t\t\t\t\t\t\t\t<picture>\r\n<source data-image-size=\"client_logo_grid_large\" srcset=\"https:\/\/www.radial.com\/wp-content\/uploads\/2024\/01\/10\/wellness-advocate-logo-black-354x122.png\" type=\"image\/png\">\r\n<img decoding=\"async\" alt=\"\" src=\"https:\/\/www.radial.com\/wp-content\/uploads\/2024\/01\/10\/wellness-advocate-logo-black-354x122.png\">\r\n<\/picture>\t\t\t\t\t\t\t\t\t\t\t<\/a>\n\t\t\t\t\t\t\t\t\t\t\t\t\t<a class=\"button-primary dark-b\" title=\"Redirects to Automatyzacja realizacji zam\u00f3wie\u0144 - wsp\u00f3\u0142praca Radial i doTERRA\" href=\"https:\/\/www.radial.com\/pl\/realizacje\/automatyzacja-realizacji-zamowien-wspolpraca-radial-i-doterra\">Czytaj dalej<\/a>\n\t\t\t<\/article>\n\t\t\t<aside class=\"case-study__right\">\n\t\t\t\t<picture>\r\n<source data-image-size=\"case_study_small\" srcset=\"https:\/\/www.radial.com\/wp-content\/uploads\/2024\/01\/08\/doterra-case-study-1-aspect-ratio-47-30-1-470x300.jpg, https:\/\/www.radial.com\/wp-content\/uploads\/2024\/01\/08\/doterra-case-study-1-aspect-ratio-47-30-1-940x600.jpg 2x\" media=\"(max-width: 470px)\" type=\"image\/jpeg\">\r\n<source data-image-size=\"case_study_medium\" srcset=\"https:\/\/www.radial.com\/wp-content\/uploads\/2024\/01\/08\/doterra-case-study-1-aspect-ratio-47-30-1-705x450.jpg, https:\/\/www.radial.com\/wp-content\/uploads\/2024\/01\/08\/doterra-case-study-1-aspect-ratio-47-30-1-1410x900.jpg 2x\" media=\"(max-width: 905px)\" type=\"image\/jpeg\">\r\n<source data-image-size=\"case_study_large\" srcset=\"https:\/\/www.radial.com\/wp-content\/uploads\/2024\/01\/08\/doterra-case-study-1-aspect-ratio-47-30-1-940x600.jpg, https:\/\/www.radial.com\/wp-content\/uploads\/2024\/01\/08\/doterra-case-study-1-aspect-ratio-47-30-1-1880x1200.jpg 2x\" media=\"(max-width: 1023px)\" type=\"image\/jpeg\">\r\n<source data-image-size=\"case_study_teaser\" srcset=\"https:\/\/www.radial.com\/wp-content\/uploads\/2024\/01\/08\/doterra-case-study-1-aspect-ratio-387-440-1-387x440.jpg, https:\/\/www.radial.com\/wp-content\/uploads\/2024\/01\/08\/doterra-case-study-1-aspect-ratio-387-440-1-774x880.jpg 2x\" type=\"image\/jpeg\">\r\n<img decoding=\"async\" alt=\"\" src=\"https:\/\/www.radial.com\/wp-content\/uploads\/2024\/01\/08\/doterra-case-study-1-aspect-ratio-387-440-1-387x440.jpg\">\r\n<\/picture>\t\t\t<\/aside>\n\t\t\t<\/div>\n<\/section>\n\n\n<style>\ndiv > div.page-wrapper > div > div.interior-page-block-area > section:nth-child(odd) {\n\tbackground-color:#f5f5f5 !important;\n}\n<\/style>\n\n<\/div>\n<\/div>\n<\/div>","protected":false},"excerpt":{"rendered":"","protected":false},"author":1,"featured_media":0,"parent":51485,"menu_order":0,"comment_status":"closed","ping_status":"closed","template":"","meta":{"_acf_changed":false,"inline_featured_image":false,"footnotes":""},"class_list":["post-51706","page","type-page","status-publish","hentry"],"acf":[],"_links":{"self":[{"href":"https:\/\/www.radial.com\/pl\/wp-json\/wp\/v2\/pages\/51706","targetHints":{"allow":["GET"]}}],"collection":[{"href":"https:\/\/www.radial.com\/pl\/wp-json\/wp\/v2\/pages"}],"about":[{"href":"https:\/\/www.radial.com\/pl\/wp-json\/wp\/v2\/types\/page"}],"author":[{"embeddable":true,"href":"https:\/\/www.radial.com\/pl\/wp-json\/wp\/v2\/users\/1"}],"replies":[{"embeddable":true,"href":"https:\/\/www.radial.com\/pl\/wp-json\/wp\/v2\/comments?post=51706"}],"version-history":[{"count":5,"href":"https:\/\/www.radial.com\/pl\/wp-json\/wp\/v2\/pages\/51706\/revisions"}],"predecessor-version":[{"id":51721,"href":"https:\/\/www.radial.com\/pl\/wp-json\/wp\/v2\/pages\/51706\/revisions\/51721"}],"up":[{"embeddable":true,"href":"https:\/\/www.radial.com\/pl\/wp-json\/wp\/v2\/pages\/51485"}],"wp:attachment":[{"href":"https:\/\/www.radial.com\/pl\/wp-json\/wp\/v2\/media?parent=51706"}],"curies":[{"name":"wp","href":"https:\/\/api.w.org\/{rel}","templated":true}]}}