{"id":51485,"date":"2022-05-24T10:10:46","date_gmt":"2022-05-24T14:10:46","guid":{"rendered":"https:\/\/www.radial.com\/resources"},"modified":"2024-01-11T11:11:09","modified_gmt":"2024-01-11T16:11:09","slug":"zasoby","status":"publish","type":"page","link":"https:\/\/www.radial.com\/pl\/zasoby","title":{"rendered":"Zasoby"},"content":{"rendered":"\n<div class=\"page-wrapper\">\n\t\n\n<div class=\"landing-page\">\n\t\n\n<div class=\"landing-page-hero-area\" id=\"landing-page-hero-area\">\n\t\n\n\n<div class=\"hero-landing-block\">\n\t<div class=\"hero-landing-block__inner\">\n\t\t<div class=\"hero-landing-block__info\">\n\t\t\t<div class=\"hero-landing-block__info--inner\">\n\t\t\t<h1 class=\"hero-landing-block__title\">Zasoby<\/h1>\n            \t\t\t\t\t\t\t<div class=\"hero-landing-block__summary\">\n\t\t\t\t\t<p><span class=\"TextRun SCXW143307215 BCX0\" lang=\"PL\" xml:lang=\"PL\" data-contrast=\"auto\"><span class=\"NormalTextRun SCXW143307215 BCX0\">B\u0119dziesz o <\/span><\/span><span class=\"TextRun SCXW143307215 BCX0\" lang=\"FR-FR\" xml:lang=\"FR-FR\" data-contrast=\"auto\"><span class=\"NormalTextRun SpellingErrorV2Themed SCXW143307215 BCX0\">krok<\/span> <span class=\"NormalTextRun SpellingErrorV2Themed SCXW143307215 BCX0\">przed<\/span> <span class=\"NormalTextRun SpellingErrorV2Themed SCXW143307215 BCX0\">konkurencj\u0105<\/span> <span class=\"NormalTextRun SpellingErrorV2Themed SCXW143307215 BCX0\">dzi\u0119ki<\/span> <span class=\"NormalTextRun SpellingErrorV2Themed SCXW143307215 BCX0\">naszym<\/span> <span class=\"NormalTextRun SpellingErrorV2Themed SCXW143307215 BCX0\">artyku\u0142om<\/span> <span class=\"NormalTextRun SpellingErrorV2Themed SCXW143307215 BCX0\">bran\u017cowym<\/span><span class=\"NormalTextRun SCXW143307215 BCX0\">, <\/span><span class=\"NormalTextRun SpellingErrorV2Themed SCXW143307215 BCX0\">wywiadom<\/span><span class=\"NormalTextRun SCXW143307215 BCX0\">, <\/span><span class=\"NormalTextRun SpellingErrorV2Themed SCXW143307215 BCX0\">opisom<\/span> <span class=\"NormalTextRun SpellingErrorV2Themed SCXW143307215 BCX0\">realizacji<\/span><span class=\"NormalTextRun SCXW143307215 BCX0\"> i <\/span><span class=\"NormalTextRun SpellingErrorV2Themed SCXW143307215 BCX0\">innym<\/span> <span class=\"NormalTextRun SpellingErrorV2Themed SCXW143307215 BCX0\">zasobom<\/span> <span class=\"NormalTextRun SpellingErrorV2Themed SCXW143307215 BCX0\">dla<\/span> <span class=\"NormalTextRun SpellingErrorV2Themed SCXW143307215 BCX0\">lider\u00f3w<\/span> <span class=\"NormalTextRun SpellingErrorV2Themed SCXW143307215 BCX0\">bran\u017cy<\/span><span class=\"NormalTextRun SCXW143307215 BCX0\"> e-commerce.<\/span><\/span><span class=\"TextRun SCXW143307215 BCX0\" lang=\"PL\" xml:lang=\"PL\" data-contrast=\"auto\"><span class=\"NormalTextRun SCXW143307215 BCX0\">\u00a0<\/span><\/span><span class=\"EOP SCXW143307215 BCX0\" data-ccp-props=\"{&quot;201341983&quot;:0,&quot;335559739&quot;:160,&quot;335559740&quot;:259}\">\u00a0<\/span><\/p>\n\t\t\t\t<\/div>\n\t\t\t\t\t\t\t\t\t<\/div>\n\t\t<\/div>\n\t\t<div class=\"hero-landing-block__image\">\n\t\t\t<picture>\r\n<source data-image-size=\"hero_landing_small\" srcset=\"https:\/\/www.radial.com\/wp-content\/uploads\/2022\/08\/09\/resources-aspect-ratio-3-2-1-342x228.jpg, https:\/\/www.radial.com\/wp-content\/uploads\/2022\/08\/09\/resources-aspect-ratio-3-2-1-684x456.jpg 2x\" media=\"(max-width: 350px)\" type=\"image\/jpeg\">\r\n<source data-image-size=\"hero_landing_medium\" srcset=\"https:\/\/www.radial.com\/wp-content\/uploads\/2022\/08\/09\/resources-aspect-ratio-3-2-1-705x470.jpg, https:\/\/www.radial.com\/wp-content\/uploads\/2022\/08\/09\/resources-aspect-ratio-3-2-1-1410x940.jpg 2x\" media=\"(max-width: 715px)\" type=\"image\/jpeg\">\r\n<source data-image-size=\"hero_landing_medium_large\" srcset=\"https:\/\/www.radial.com\/wp-content\/uploads\/2022\/08\/09\/resources-aspect-ratio-3-2-1-960x640.jpg, https:\/\/www.radial.com\/wp-content\/uploads\/2022\/08\/09\/resources-aspect-ratio-3-2-1-1920x1280.jpg 2x\" media=\"(max-width: 1023px)\" type=\"image\/jpeg\">\r\n<source data-image-size=\"hero_landing_large\" srcset=\"https:\/\/www.radial.com\/wp-content\/uploads\/2022\/08\/09\/resources-aspect-ratio-22-25-704x800.jpg, https:\/\/www.radial.com\/wp-content\/uploads\/2022\/08\/09\/resources-aspect-ratio-22-25-1408x1600.jpg 2x\" media=\"(max-width: 1440px)\" type=\"image\/jpeg\">\r\n<source data-image-size=\"hero_landing_huge\" srcset=\"https:\/\/www.radial.com\/wp-content\/uploads\/2022\/08\/09\/resources-aspect-ratio-22-25-946x1075.jpg\" type=\"image\/jpeg\">\r\n<img decoding=\"async\" alt=\"\" src=\"https:\/\/www.radial.com\/wp-content\/uploads\/2022\/08\/09\/resources-aspect-ratio-22-25-704x800.jpg\">\r\n<\/picture>\t\t<\/div>\n\t<\/div>\n<\/div>\n\n<\/div>\n\n\n<div class=\"landing-page-block-area\">\n\t\n\n\n<section class=\"featured-insight-block light\">\n\t<div class=\"featured-insight-block__inner\">\n\t\t\n\t\t\t\n\t\t\t<div class=\"featured-insight-block__image light\">\n\t\t\t\t<picture>\r\n<source data-image-size=\"featured_insight_small\" srcset=\"https:\/\/www.radial.com\/wp-content\/uploads\/2025\/10\/31\/Richwood_Conveyor-390x260.jpg, https:\/\/www.radial.com\/wp-content\/uploads\/2025\/10\/31\/Richwood_Conveyor-780x520.jpg 2x\" media=\"(max-width: 390px)\" type=\"image\/jpeg\">\r\n<source data-image-size=\"featured_insight_large\" srcset=\"https:\/\/www.radial.com\/wp-content\/uploads\/2025\/10\/31\/Richwood_Conveyor-696x464.jpg, https:\/\/www.radial.com\/wp-content\/uploads\/2025\/10\/31\/Richwood_Conveyor-1392x928.jpg 2x\" media=\"(max-width: 1440px)\" type=\"image\/jpeg\">\r\n<source data-image-size=\"featured_insight_huge\" srcset=\"https:\/\/www.radial.com\/wp-content\/uploads\/2025\/10\/31\/Richwood_Conveyor-978x652.jpg, https:\/\/www.radial.com\/wp-content\/uploads\/2025\/10\/31\/Richwood_Conveyor-1956x1304.jpg 2x\" type=\"image\/jpeg\">\r\n<img decoding=\"async\" alt=\"\" src=\"https:\/\/www.radial.com\/wp-content\/uploads\/2025\/10\/31\/Richwood_Conveyor-696x464.jpg\" loading=\"lazy\">\r\n<\/picture>\t\t\t<\/div>\n\n\t\t\t<div class=\"featured-insight-block__right\">\n\n\t\t\t\t\t\t\t\t\t<div class=\"featured-insight-block__type\">\n\t\t\t\t\t\t\t\t\t\t\t\t\tPost na blogu\t\t\t\t\t\t\t\t\t\t\t\t\t\t\t\t\t\t\t<span class=\"featured-insight-block__dot light\"><\/span>\n\t\t\t\t\t\t\t\t\t\t\t\t\t\t\t\t\t\t\tOctober 16, 2025\t\t\t\t\t\t          <\/div>\n\t\t\t\t\n\t\t\t\t<h2 class=\"featured-insight-block__title\"><a href=\"https:\/\/www.radial.com\/pl\/insights\/black-friday-2025-3-kosztowne-pulapki-w-logistyce-ktorych-lepiej-unikac\" title=\"Black Friday 2025: 3 kosztowne pu\u0142apki w logistyce, kt\u00f3rych lepiej unika\u0107\">Black Friday 2025: 3 kosztowne pu\u0142apki w logistyce, kt\u00f3rych lepiej unika\u0107<\/a><\/h2>\n\n\t\t\t\t<div class=\"featured-insight-block__summary\">\n\t\t\t\t\t\t\t\t\t\t\t<p>Black Friday to prawdziwy test wytrzyma\u0142o\u015bci dla bran\u017cy e-commerce. Podczas gdy sprzeda\u017c gwa\u0142townie ro\u015bnie, wielu sprzedawc\u00f3w detalicznych boryka si\u0119 z problemami zwi\u0105zanymi ze skalowalno\u015bci\u0105, rosn\u0105c\u0105 liczb\u0105 zwrot\u00f3w i op\u00f3\u017anieniami w dostawach, kt\u00f3re zagra\u017caj\u0105 zaufaniu klient\u00f3w. W tym artykule om\u00f3wimy trzy najbardziej kosztowne pu\u0142apki zwi\u0105zane z realizacj\u0105 zam\u00f3wie\u0144\u00a0 w szczycie sezonu.<\/p>\n\t\t\t\t\t\t\t\t\t<\/div>\n\n\t\t\t\t<a class=\"link-button featured-insight-block__cta light\"\n\t\t\t\ttitle=\"Black Friday 2025: 3 kosztowne pu\u0142apki w logistyce, kt\u00f3rych lepiej unika\u0107\"\n\t\t\t\thref=\"https:\/\/www.radial.com\/pl\/insights\/black-friday-2025-3-kosztowne-pulapki-w-logistyce-ktorych-lepiej-unikac\">\n\t\t\t\t\tDowiedz si\u0119 wi\u0119cej<svg width=\"12\" height=\"8\" viewBox=\"0 0 12 8\" fill=\"none\" xmlns=\"http:\/\/www.w3.org\/2000\/svg\">\n<path d=\"M11.3536 4.35355C11.5488 4.15829 11.5488 3.84171 11.3536 3.64645L8.17157 0.464467C7.97631 0.269205 7.65973 0.269205 7.46447 0.464467C7.2692 0.659729 7.2692 0.976311 7.46447 1.17157L10.2929 4L7.46447 6.82843C7.2692 7.02369 7.2692 7.34027 7.46447 7.53553C7.65973 7.7308 7.97631 7.7308 8.17157 7.53553L11.3536 4.35355ZM-4.37114e-08 4.5L11 4.5L11 3.5L4.37114e-08 3.5L-4.37114e-08 4.5Z\" fill=\"#171F27\"\/>\n<\/svg>\n\t\t\t\t<\/a>\n\n\t\t\t<\/div>\n\n\t\t\t<\/div>\n<\/section>\n\n\n\n<div class=\"switchback-block left\">\n\t\t\t\t\t\t\t\t\t            <div class=\"switchback-block__outer dark\">\n                <div class=\"switchback-block__inner\">\n                    <div class=\"switchback-block__left animate\">\n\t\t\t\t\t\t\t\t\t\t\t\t\t<picture>\r\n<source data-image-size=\"switchback_small\" srcset=\"https:\/\/www.radial.com\/wp-content\/uploads\/2022\/08\/09\/resources-insights-aspect-ratio-1-1-350x350.jpg, https:\/\/www.radial.com\/wp-content\/uploads\/2022\/08\/09\/resources-insights-aspect-ratio-1-1-700x700.jpg 2x\" media=\"(max-width: 1280px)\" type=\"image\/jpeg\">\r\n<source data-image-size=\"switchback_large\" srcset=\"https:\/\/www.radial.com\/wp-content\/uploads\/2022\/08\/09\/resources-insights-aspect-ratio-1-1-518x518.jpg, https:\/\/www.radial.com\/wp-content\/uploads\/2022\/08\/09\/resources-insights-aspect-ratio-1-1-1036x1036.jpg 2x\" type=\"image\/jpeg\">\r\n<img decoding=\"async\" alt=\"\" src=\"https:\/\/www.radial.com\/wp-content\/uploads\/2022\/08\/09\/resources-insights-aspect-ratio-1-1-518x518.jpg\" loading=\"lazy\">\r\n<\/picture>\t\t\t\t\t\t                    <\/div>\n\n                    <div class=\"switchback-block__right animate\">\n\t\t\t\t\t\t\t\t\t\t\t\t                            <h2 class=\"switchback-block__title\">Publikacje  <\/h2>\n\t\t\t\t\t\t\t\t\t\t\t\t\t\t\t\t\t\t                            <div class=\"switchback-block__summary paragraph-block\"><p><span class=\"TextRun SCXW198745785 BCX0\" lang=\"PL\" xml:lang=\"PL\" data-contrast=\"auto\"><span class=\"NormalTextRun SCXW198745785 BCX0\">B\u0105d\u017a o krok<\/span><span class=\"NormalTextRun SCXW198745785 BCX0\"> przed konkurencj\u0105 dzi\u0119ki opiniom, aktualno\u015bciom i raportom dotycz\u0105cym bran\u017cy e-commerce. Tematy obejmuj\u0105 m.in. strategi\u0119 biznesow\u0105, obs\u0142ug\u0119 klienta, planowanie szczytu sezonu i wiele wi\u0119cej.<\/span><span class=\"NormalTextRun SCXW198745785 BCX0\">\u00a0<\/span><\/span><span class=\"EOP SCXW198745785 BCX0\" data-ccp-props=\"{&quot;201341983&quot;:0,&quot;335559739&quot;:160,&quot;335559740&quot;:259}\">\u00a0<\/span><\/p>\n<\/div>\n\t\t\t\t\t\t\n\t\t\t\t\t\t                            <div class=\"switchback-block__cta-container\">\n\t\t\t\t\t\t\t\t\t\t\t\t\t\t\t\t\t\t\t\t\t\t\t\t\t\t\t<a class=\"switchback-block__cta button-primary light-b\" href=\"https:\/\/www.radial.com\/pl\/zasoby\/publikacje\" target=\"_self\">PRZECZYTAJ NAJNOWSZE ARTYKU\u0141Y&nbsp;<\/a>\t\t\t\t\t\t\t\t\t\t\t\t\t\t\t\t\t                            <\/div>\n\t\t\t\t\t\t                    <\/div>\n                <\/div>\n            <\/div>\n\t\t\t\t\t\t\t\t            <div class=\"switchback-block__outer light\">\n                <div class=\"switchback-block__inner\">\n                    <div class=\"switchback-block__left animate\">\n\t\t\t\t\t\t\t\t\t\t\t\t\t<picture>\r\n<source data-image-size=\"switchback_small\" srcset=\"https:\/\/www.radial.com\/wp-content\/uploads\/2022\/08\/09\/resources-case-studies-aspect-ratio-1-1-350x350.jpg, https:\/\/www.radial.com\/wp-content\/uploads\/2022\/08\/09\/resources-case-studies-aspect-ratio-1-1-700x700.jpg 2x\" media=\"(max-width: 1280px)\" type=\"image\/jpeg\">\r\n<source data-image-size=\"switchback_large\" srcset=\"https:\/\/www.radial.com\/wp-content\/uploads\/2022\/08\/09\/resources-case-studies-aspect-ratio-1-1-518x518.jpg, https:\/\/www.radial.com\/wp-content\/uploads\/2022\/08\/09\/resources-case-studies-aspect-ratio-1-1-1036x1036.jpg 2x\" type=\"image\/jpeg\">\r\n<img decoding=\"async\" alt=\"\" src=\"https:\/\/www.radial.com\/wp-content\/uploads\/2022\/08\/09\/resources-case-studies-aspect-ratio-1-1-518x518.jpg\" loading=\"lazy\">\r\n<\/picture>\t\t\t\t\t\t                    <\/div>\n\n                    <div class=\"switchback-block__right animate\">\n\t\t\t\t\t\t\t\t\t\t\t\t                            <h2 class=\"switchback-block__title\">Realizacje  <\/h2>\n\t\t\t\t\t\t\t\t\t\t\t\t\t\t\t\t\t\t                            <div class=\"switchback-block__summary paragraph-block\"><p><span class=\"TextRun SCXW14667982 BCX0\" lang=\"PL\" xml:lang=\"PL\" data-contrast=\"auto\"><span class=\"NormalTextRun SCXW14667982 BCX0\">Chcesz<\/span><span class=\"NormalTextRun SCXW14667982 BCX0\"> zobaczy\u0107, jak inni liderzy e-commerce rozwijaj\u0105 swoje firmy? Poznaj kulisy naszej wsp\u00f3\u0142pracy z klientami z bran\u017cy modowej, zdrowia i urody, i innych.<\/span><span class=\"NormalTextRun SCXW14667982 BCX0\">\u00a0<\/span><\/span><span class=\"EOP SCXW14667982 BCX0\" data-ccp-props=\"{&quot;201341983&quot;:0,&quot;335559739&quot;:160,&quot;335559740&quot;:259}\">\u00a0<\/span><\/p>\n<\/div>\n\t\t\t\t\t\t\n\t\t\t\t\t\t                            <div class=\"switchback-block__cta-container\">\n\t\t\t\t\t\t\t\t\t\t\t\t\t\t\t\t\t\t\t\t\t\t\t\t\t\t\t<a class=\"switchback-block__cta button-primary dark-b\" href=\"https:\/\/www.radial.com\/pl\/zasoby\/realizacje\" target=\"_self\">ZOBACZ NASZE REALIZACJE  <\/a>\t\t\t\t\t\t\t\t\t\t\t\t\t\t\t\t\t                            <\/div>\n\t\t\t\t\t\t                    <\/div>\n                <\/div>\n            <\/div>\n\t\t\t<\/div>\n\n\n\n<div class=\"info-cta\">\n    <div class=\"info-cta__inner\">\n        <div class=\"info-cta__left\">\n            <div class=\"info-cta__summary\">\n\t\t\t\t\t\t\t\t\t<p>Skontaktuj si\u0119<\/p>\n\t\t\t\t            <\/div>\n        <\/div>\n\n                    <div class=\"info-cta__right\">\n                <a class=\"info-cta__cta button-primary light\" \n                href=\" \/pl\/skontaktuj-sie \"\n                    >\n                                            SKONTAKTUJ SI\u0118                                     <\/a>\n            <\/div>\n            <\/div>\n<\/div>\n\n<\/div>\n<\/div>\n<\/div>","protected":false},"excerpt":{"rendered":"","protected":false},"author":1,"featured_media":0,"parent":0,"menu_order":0,"comment_status":"closed","ping_status":"closed","template":"","meta":{"_acf_changed":false,"inline_featured_image":false,"footnotes":""},"class_list":["post-51485","page","type-page","status-publish","hentry"],"acf":[],"_links":{"self":[{"href":"https:\/\/www.radial.com\/pl\/wp-json\/wp\/v2\/pages\/51485","targetHints":{"allow":["GET"]}}],"collection":[{"href":"https:\/\/www.radial.com\/pl\/wp-json\/wp\/v2\/pages"}],"about":[{"href":"https:\/\/www.radial.com\/pl\/wp-json\/wp\/v2\/types\/page"}],"author":[{"embeddable":true,"href":"https:\/\/www.radial.com\/pl\/wp-json\/wp\/v2\/users\/1"}],"replies":[{"embeddable":true,"href":"https:\/\/www.radial.com\/pl\/wp-json\/wp\/v2\/comments?post=51485"}],"version-history":[{"count":14,"href":"https:\/\/www.radial.com\/pl\/wp-json\/wp\/v2\/pages\/51485\/revisions"}],"predecessor-version":[{"id":51733,"href":"https:\/\/www.radial.com\/pl\/wp-json\/wp\/v2\/pages\/51485\/revisions\/51733"}],"wp:attachment":[{"href":"https:\/\/www.radial.com\/pl\/wp-json\/wp\/v2\/media?parent=51485"}],"curies":[{"name":"wp","href":"https:\/\/api.w.org\/{rel}","templated":true}]}}