{"id":36612,"date":"2022-11-22T04:58:29","date_gmt":"2022-11-22T09:58:29","guid":{"rendered":"https:\/\/www.radial.com\/?page_id=36612"},"modified":"2022-11-22T05:27:06","modified_gmt":"2022-11-22T10:27:06","slug":"ecommerce-fulfillment","status":"publish","type":"page","link":"https:\/\/www.radial.com\/pl\/ecommerce-fulfillment","title":{"rendered":"Ecommerce fulfillment"},"content":{"rendered":"\n<div class=\"page-wrapper\">\n\t\n\n<div class=\"landing-page\">\n\t\n\n<div class=\"landing-page-hero-area\" id=\"landing-page-hero-area\">\n\t\n\n\n<div class=\"hero-landing-block\">\n\t<div class=\"hero-landing-block__inner\">\n\t\t<div class=\"hero-landing-block__info\">\n\t\t\t<div class=\"hero-landing-block__info--inner\">\n\t\t\t<h1 class=\"hero-landing-block__title\">Ecommerce Fulfillment | Radial Tw\u00f3j specjalista od realizacji zam\u00f3wie\u0144<\/h1>\n            \t\t\t\t\t\t\t\t\t<\/div>\n\t\t<\/div>\n\t\t<div class=\"hero-landing-block__image\">\n\t\t\t<picture>\r\n<source data-image-size=\"hero_landing_small\" srcset=\"https:\/\/www.radial.com\/wp-content\/uploads\/2022\/11\/22\/fulfillment-services-aspect-ratio-22-25-1892x2150-19-aspect-ratio-3-2-342x228.jpg, https:\/\/www.radial.com\/wp-content\/uploads\/2022\/11\/22\/fulfillment-services-aspect-ratio-22-25-1892x2150-19-aspect-ratio-3-2-684x456.jpg 2x\" media=\"(max-width: 350px)\" type=\"image\/jpeg\">\r\n<source data-image-size=\"hero_landing_medium\" srcset=\"https:\/\/www.radial.com\/wp-content\/uploads\/2022\/11\/22\/fulfillment-services-aspect-ratio-22-25-1892x2150-19-aspect-ratio-3-2-705x470.jpg, https:\/\/www.radial.com\/wp-content\/uploads\/2022\/11\/22\/fulfillment-services-aspect-ratio-22-25-1892x2150-19-aspect-ratio-3-2-1410x940.jpg 2x\" media=\"(max-width: 715px)\" type=\"image\/jpeg\">\r\n<source data-image-size=\"hero_landing_medium_large\" srcset=\"https:\/\/www.radial.com\/wp-content\/uploads\/2022\/11\/22\/fulfillment-services-aspect-ratio-22-25-1892x2150-19-aspect-ratio-3-2-960x640.jpg\" media=\"(max-width: 1023px)\" type=\"image\/jpeg\">\r\n<source data-image-size=\"hero_landing_large\" srcset=\"https:\/\/www.radial.com\/wp-content\/uploads\/2022\/11\/22\/fulfillment-services-aspect-ratio-22-25-1892x2150-18-704x800.jpg, https:\/\/www.radial.com\/wp-content\/uploads\/2022\/11\/22\/fulfillment-services-aspect-ratio-22-25-1892x2150-18-1408x1600.jpg 2x\" media=\"(max-width: 1440px)\" type=\"image\/jpeg\">\r\n<source data-image-size=\"hero_landing_huge\" srcset=\"https:\/\/www.radial.com\/wp-content\/uploads\/2022\/11\/22\/fulfillment-services-aspect-ratio-22-25-1892x2150-18-946x1075.jpg, https:\/\/www.radial.com\/wp-content\/uploads\/2022\/11\/22\/fulfillment-services-aspect-ratio-22-25-1892x2150-18.jpg 2x\" type=\"image\/jpeg\">\r\n<img decoding=\"async\" alt=\"\" src=\"https:\/\/www.radial.com\/wp-content\/uploads\/2022\/11\/22\/fulfillment-services-aspect-ratio-22-25-1892x2150-18-704x800.jpg\">\r\n<\/picture>\t\t<\/div>\n\t<\/div>\n<\/div>\n\n<\/div>\n\n\n<div class=\"landing-page-block-area\">\n\t\n<div class=\"core-paragraph-block\">\n<p>Szukasz solidnego partnera dla swojego biznesu Ecommerce? Centra realizacji zam\u00f3wie\u0144 Radial w Europie czyni\u0105 z nas specjalist\u00f3w w dziedzinie fulfilmentu dla biznesu Ecommerce B2C, kt\u00f3ry umo\u017cliwia markom dostarczanie optymalnego do\u015bwiadczenia klienta!<\/p>\n<\/div>\n<\/div>\n<\/div>\n<\/div>","protected":false},"excerpt":{"rendered":"","protected":false},"author":2,"featured_media":0,"parent":0,"menu_order":0,"comment_status":"closed","ping_status":"closed","template":"","meta":{"_acf_changed":false,"inline_featured_image":false,"footnotes":""},"class_list":["post-36612","page","type-page","status-publish","hentry"],"acf":[],"_links":{"self":[{"href":"https:\/\/www.radial.com\/pl\/wp-json\/wp\/v2\/pages\/36612","targetHints":{"allow":["GET"]}}],"collection":[{"href":"https:\/\/www.radial.com\/pl\/wp-json\/wp\/v2\/pages"}],"about":[{"href":"https:\/\/www.radial.com\/pl\/wp-json\/wp\/v2\/types\/page"}],"author":[{"embeddable":true,"href":"https:\/\/www.radial.com\/pl\/wp-json\/wp\/v2\/users\/2"}],"replies":[{"embeddable":true,"href":"https:\/\/www.radial.com\/pl\/wp-json\/wp\/v2\/comments?post=36612"}],"version-history":[{"count":3,"href":"https:\/\/www.radial.com\/pl\/wp-json\/wp\/v2\/pages\/36612\/revisions"}],"predecessor-version":[{"id":73254,"href":"https:\/\/www.radial.com\/pl\/wp-json\/wp\/v2\/pages\/36612\/revisions\/73254"}],"wp:attachment":[{"href":"https:\/\/www.radial.com\/pl\/wp-json\/wp\/v2\/media?parent=36612"}],"curies":[{"name":"wp","href":"https:\/\/api.w.org\/{rel}","templated":true}]}}