{"id":30671,"date":"2022-05-25T11:04:31","date_gmt":"2022-05-25T15:04:31","guid":{"rendered":"https:\/\/www.radial.com\/kariera\/values-sustainability"},"modified":"2025-12-09T06:06:03","modified_gmt":"2025-12-09T11:06:03","slug":"wartosci-zrownowazony-rozwoj","status":"publish","type":"page","link":"https:\/\/www.radial.com\/pl\/kariera\/wartosci-zrownowazony-rozwoj","title":{"rendered":"Warto\u015bci i zr\u00f3wnowa\u017cony rozw\u00f3j"},"content":{"rendered":"\n<div class=\"page-wrapper\">\n\t\n\n<div class=\"landing-page\">\n\t\n\n<div class=\"landing-page-hero-area\" id=\"landing-page-hero-area\">\n\t\n\n\n<div class=\"hero-landing-block\">\n\t<div class=\"hero-landing-block__inner\">\n\t\t<div class=\"hero-landing-block__info\">\n\t\t\t<div class=\"hero-landing-block__info--inner\">\n\t\t\t<h1 class=\"hero-landing-block__title\">Nasza misja, warto\u015bci i inicjatywy\u00a0<\/h1>\n            \t\t\t\t\t\t\t<div class=\"hero-landing-block__summary\">\n\t\t\t\t\t<p><span class=\"NormalTextRun SCXW32570854 BCX0\">Wierzymy, \u017ce ludzi nale\u017cy stawia\u0107 na pierwszym miejscu, a \u015bwiat i nasze<\/span> <span class=\"NormalTextRun SCXW32570854 BCX0\">spo\u0142eczno\u015bci zastawi\u0107 po sobie lepsze, ni\u017c je zastali\u015bmy. Oto, jak \u017cyjemy zgodnie z naszymi warto\u015bciami.<\/span><\/p>\n\t\t\t\t<\/div>\n\t\t\t\t\t\t\t\t\t\t<a class=\"hero-landing-block__cta button-primary light\" href=\"https:\/\/radial.my.salesforce-sites.com\/careers\" target=\"_self\">Do\u0142\u0105cz do naszego zespo\u0142u<\/a>\t\t\t\t\t\t<\/div>\n\t\t<\/div>\n\t\t<div class=\"hero-landing-block__image\">\n\t\t\t<picture>\r\n<source data-image-size=\"hero_landing_small\" srcset=\"https:\/\/www.radial.com\/wp-content\/uploads\/2022\/06\/30\/values-sustainability-342x228.jpg, https:\/\/www.radial.com\/wp-content\/uploads\/2022\/06\/30\/values-sustainability-684x456.jpg 2x\" media=\"(max-width: 350px)\" type=\"image\/jpeg\">\r\n<source data-image-size=\"hero_landing_medium\" srcset=\"https:\/\/www.radial.com\/wp-content\/uploads\/2022\/06\/30\/values-sustainability-705x470.jpg, https:\/\/www.radial.com\/wp-content\/uploads\/2022\/06\/30\/values-sustainability-1410x940.jpg 2x\" media=\"(max-width: 715px)\" type=\"image\/jpeg\">\r\n<source data-image-size=\"hero_landing_medium_large\" srcset=\"https:\/\/www.radial.com\/wp-content\/uploads\/2022\/06\/30\/values-sustainability-960x640.jpg, https:\/\/www.radial.com\/wp-content\/uploads\/2022\/06\/30\/values-sustainability-1920x1280.jpg 2x\" media=\"(max-width: 1023px)\" type=\"image\/jpeg\">\r\n<source data-image-size=\"hero_landing_large\" srcset=\"https:\/\/www.radial.com\/wp-content\/uploads\/2022\/08\/09\/values-sustainability-aspect-ratio-22-25-704x800.jpg, https:\/\/www.radial.com\/wp-content\/uploads\/2022\/08\/09\/values-sustainability-aspect-ratio-22-25-1408x1600.jpg 2x\" media=\"(max-width: 1440px)\" type=\"image\/jpeg\">\r\n<source data-image-size=\"hero_landing_huge\" srcset=\"https:\/\/www.radial.com\/wp-content\/uploads\/2022\/08\/09\/values-sustainability-aspect-ratio-22-25-946x1075.jpg\" type=\"image\/jpeg\">\r\n<img decoding=\"async\" alt=\"\" src=\"https:\/\/www.radial.com\/wp-content\/uploads\/2022\/08\/09\/values-sustainability-aspect-ratio-22-25-704x800.jpg\">\r\n<\/picture>\t\t<\/div>\n\t<\/div>\n<\/div>\n\n<\/div>\n\n\n<div class=\"landing-page-block-area\">\n\t\n\n<section class=\"featured-highlight-block featured-highlight\" is=\"featured-highlight-block\">\n    <header class=\"featured-highlight__header animate\">\n\t                <span class=\"featured-highlight__subtitle\">\n\t\t\tMisja i warto\u015bci\t\t<\/span>\n\t    \t                <h2 class=\"featured-highlight__title\">Nasza misja<\/h2>\n\t    \t                <div class=\"featured-highlight__summary\">\n\t\t\t    <p><span class=\"TextRun SCXW146408594 BCX0\" lang=\"PL-PL\" xml:lang=\"PL-PL\" data-contrast=\"auto\"><span class=\"NormalTextRun SCXW146408594 BCX0\">W firmie Radial nasz\u0105 misj\u0105 jest pomaganie klientom z bran\u017cy e-commerce w osi\u0105gni\u0119ciu sukcesu poprzez tworzenie warto\u015bci dzi\u0119ki sile naszych pracownik\u00f3w i technologii.<\/span><\/span><\/p>\n            <\/div>\n\t        <\/header>\n\t<div class=\"featured-highlight__inner\">\n\t\t\t\t\t<div class=\"featured-highlight__image animate\">\n\t\t\t\t<picture>\r\n<source data-image-size=\"featured_highlight_landscape_small\" srcset=\"https:\/\/www.radial.com\/wp-content\/uploads\/2022\/07\/06\/values-sustainability-mission-values-342x228.jpg, https:\/\/www.radial.com\/wp-content\/uploads\/2022\/07\/06\/values-sustainability-mission-values-684x456.jpg 2x\" media=\"(max-width: 370px)\" type=\"image\/jpeg\">\r\n<source data-image-size=\"featured_highlight_landscape_medium\" srcset=\"https:\/\/www.radial.com\/wp-content\/uploads\/2022\/07\/06\/values-sustainability-mission-values-690x460.jpg, https:\/\/www.radial.com\/wp-content\/uploads\/2022\/07\/06\/values-sustainability-mission-values-1380x920.jpg 2x\" media=\"(max-width: 700px)\" type=\"image\/jpeg\">\r\n<source data-image-size=\"featured_highlight_landscape_large\" srcset=\"https:\/\/www.radial.com\/wp-content\/uploads\/2022\/07\/06\/values-sustainability-mission-values-990x660.jpg, https:\/\/www.radial.com\/wp-content\/uploads\/2022\/07\/06\/values-sustainability-mission-values-1980x1320.jpg 2x\" media=\"(max-width: 1023px)\" type=\"image\/jpeg\">\r\n<source data-image-size=\"featured_highlight_portrait_large\" srcset=\"https:\/\/www.radial.com\/wp-content\/uploads\/2022\/08\/09\/values-sustainability-mission-values-aspect-ratio-469-646-469x646.jpg, https:\/\/www.radial.com\/wp-content\/uploads\/2022\/08\/09\/values-sustainability-mission-values-aspect-ratio-469-646-938x1292.jpg 2x\" type=\"image\/jpeg\">\r\n<img decoding=\"async\" alt=\"\" src=\"https:\/\/www.radial.com\/wp-content\/uploads\/2022\/08\/09\/values-sustainability-mission-values-aspect-ratio-469-646-469x646.jpg\" loading=\"lazy\">\r\n<\/picture>\t\t\t<\/div>\n\t\t\t\t\t\t\t<div class=\"featured-highlight__container animate\">\n\t\t\t\t\t\t\t\t\t\t\t\t\t\t\t\t\t\t\t\t\t\t<div class=\"featured-highlight__element\">\n\t\t\t\t\t\t\t\t\t\t\t\t\t\t\t\t\t<h3 class=\"featured-highlight__element-heading\">\n\t\t\t\t\t\t\t\t\t\t\t\t\t\t\t\t\t\t\t\t\t\t\t\t\t\t\t\t\t\t<span>\n\t\t\t\t\t\t\t\t\t\t\tCiekawo\u015b\u0107\t\t\t\t\t\t\t\t\t\t<\/span>\n\t\t\t\t\t\t\t\t\t<\/h3>\n\t\t\t\t\t\t\t\t\t\t\t\t\t\t\t\t\t\t\t\t\t\t\t\t\t<div class=\"featured-highlight__content\">\n\t\t\t\t\t\t\t\t\t\t<p><span class=\"NormalTextRun SCXW232074430 BCX0\">Wierzymy, \u017ce ciekawo\u015b\u0107 to podstawa innowacji. Ka\u017cdego dnia kultywujemy ciekawo\u015b\u0107 poprzez<\/span> <span class=\"NormalTextRun SCXW232074430 BCX0\">celebrowanie tw\u00f3rczych rozwi\u0105za\u0144, otwart\u0105 dyskusj\u0119 i ustawiczne kszta\u0142cenie.\u00a0<\/span><\/p>\n\t\t\t\t\t\t\t\t\t<\/div>\n\t\t\t\t\t\t\t\t\n\t\t\t\t\t\t\t\t\t\t\t\t\t\t\t<\/div>\n\t\t\t\t\t\t\t\t\t\t\t\t\t\t\t\t\t\t\t\t\t\t\t\t\t\t\t\t\t\t\t\t\t\t<div class=\"featured-highlight__element\">\n\t\t\t\t\t\t\t\t\t\t\t\t\t\t\t\t\t<h3 class=\"featured-highlight__element-heading\">\n\t\t\t\t\t\t\t\t\t\t\t\t\t\t\t\t\t\t\t\t\t\t\t\t\t\t\t\t\t\t<span>\n\t\t\t\t\t\t\t\t\t\t\tUmiej\u0119tno\u015b\u0107 wsp\u00f3\u0142pracy\t\t\t\t\t\t\t\t\t\t<\/span>\n\t\t\t\t\t\t\t\t\t<\/h3>\n\t\t\t\t\t\t\t\t\t\t\t\t\t\t\t\t\t\t\t\t\t\t\t\t\t<div class=\"featured-highlight__content\">\n\t\t\t\t\t\t\t\t\t\t<p><span class=\"NormalTextRun SCXW214805194 BCX0\">Wiemy, \u017ce najlepsz\u0105 prac\u0119 wykonujemy razem, w \u015brodowisku, w kt\u00f3rym g\u0142os ka\u017cdej osoby jest wys\u0142uchany. Podstaw\u0119 naszego sukcesu stanowi<\/span> <span class=\"NormalTextRun SCXW214805194 BCX0\">praca zespo\u0142owa.<\/span><\/p>\n\t\t\t\t\t\t\t\t\t<\/div>\n\t\t\t\t\t\t\t\t\n\t\t\t\t\t\t\t\t\t\t\t\t\t\t\t<\/div>\n\t\t\t\t\t\t\t\t\t\t\t\t\t\t\t\t\t\t\t\t\t\t\t\t\t\t\t\t\t\t\t\t\t\t<div class=\"featured-highlight__element\">\n\t\t\t\t\t\t\t\t\t\t\t\t\t\t\t\t\t<h3 class=\"featured-highlight__element-heading\">\n\t\t\t\t\t\t\t\t\t\t\t\t\t\t\t\t\t\t\t\t\t\t\t\t\t\t\t\t\t\t<span>\n\t\t\t\t\t\t\t\t\t\t\tPasja\t\t\t\t\t\t\t\t\t\t<\/span>\n\t\t\t\t\t\t\t\t\t<\/h3>\n\t\t\t\t\t\t\t\t\t\t\t\t\t\t\t\t\t\t\t\t\t\t\t\t\t<div class=\"featured-highlight__content\">\n\t\t\t\t\t\t\t\t\t\t<p><span class=\"NormalTextRun SCXW175556752 BCX0\">Nasi pracownicy codziennie wnosz\u0105<\/span> <span class=\"NormalTextRun SCXW175556752 BCX0\">do swojej pracy pasj\u0119 i oddanie. To cz\u0119\u015b\u0107 tego, co nas wyr\u00f3\u017cnia.\u00a0<\/span><\/p>\n\t\t\t\t\t\t\t\t\t<\/div>\n\t\t\t\t\t\t\t\t\n\t\t\t\t\t\t\t\t\t\t\t\t\t\t\t<\/div>\n\t\t\t\t\t\t\t\t\t\t\t\t\t\t\t\t\t\t\t\t\t\t\t\t\t\t\t\t\t\t\t\t\t\t<div class=\"featured-highlight__element\">\n\t\t\t\t\t\t\t\t\t\t\t\t\t\t\t\t\t<h3 class=\"featured-highlight__element-heading\">\n\t\t\t\t\t\t\t\t\t\t\t\t\t\t\t\t\t\t\t\t\t\t\t\t\t\t\t\t\t\t<span>\n\t\t\t\t\t\t\t\t\t\t\tSzacunek\t\t\t\t\t\t\t\t\t\t<\/span>\n\t\t\t\t\t\t\t\t\t<\/h3>\n\t\t\t\t\t\t\t\t\t\t\t\t\t\t\t\t\t\t\t\t\t\t\t\t\t<div class=\"featured-highlight__content\">\n\t\t\t\t\t\t\t\t\t\t<p><span class=\"TextRun SCXW22706357 BCX0\" lang=\"PL-PL\" xml:lang=\"PL-PL\" data-contrast=\"auto\"><span class=\"NormalTextRun SCXW22706357 BCX0\">Cenimy sobie szacunek i kropka. Oznacza to, \u017ce wzajemnie szanujemy swoje pomys\u0142y, r\u00f3\u017cnice, warto\u015bci, pochodzenie i wyj\u0105tkowe punkty widzenia. Zawsze.\u00a0<\/span><\/span><\/p>\n\t\t\t\t\t\t\t\t\t<\/div>\n\t\t\t\t\t\t\t\t\n\t\t\t\t\t\t\t\t\t\t\t\t\t\t\t<\/div>\n\t\t\t\t\t\t\t\t\t\t\t\t\t\t\t\t\t\t\t\t\t\t\t\t\t\t\t\t\t\t\t\t\t\t<div class=\"featured-highlight__element\">\n\t\t\t\t\t\t\t\t\t\t\t\t\t\t\t\t\t<h3 class=\"featured-highlight__element-heading\">\n\t\t\t\t\t\t\t\t\t\t\t\t\t\t\t\t\t\t\t\t\t\t\t\t\t\t\t\t\t\t<span>\n\t\t\t\t\t\t\t\t\t\t\tDobra zabawa\t\t\t\t\t\t\t\t\t\t<\/span>\n\t\t\t\t\t\t\t\t\t<\/h3>\n\t\t\t\t\t\t\t\t\t\t\t\t\t\t\t\t\t\t\t\t\t\t\t\t\t<div class=\"featured-highlight__content\">\n\t\t\t\t\t\t\t\t\t\t<p><span class=\"TextRun SCXW264545700 BCX0\" lang=\"PL-PL\" xml:lang=\"PL-PL\" data-contrast=\"auto\"><span class=\"NormalTextRun SCXW264545700 BCX0\">Wykonujemy powa\u017cn\u0105 prac\u0119, dobrze si\u0119 przy tym bawi\u0105c. Nasza firma rozwija si\u0119, gdy rozwija si\u0119 te\u017c nasza kultura, a to oznacza czerpanie rado\u015bci w miejscu pracy.\u00a0<\/span><\/span><\/p>\n\t\t\t\t\t\t\t\t\t<\/div>\n\t\t\t\t\t\t\t\t\n\t\t\t\t\t\t\t\t\t\t\t\t\t\t\t<\/div>\n\t\t\t\t\t\t\t\t\t\t\t\t\t\t\t\t\t\t\t<\/div>\n\t\t\t<\/div>\n<\/section>\n\n\n<div class=\"switchback-block left\">\n\t\t\t\t\t\t\t\t\t            <div class=\"switchback-block__outer dark\">\n                <div class=\"switchback-block__inner\">\n                    <div class=\"switchback-block__left animate\">\n\t\t\t\t\t\t\t\t\t\t\t\t\t<picture>\r\n<source data-image-size=\"switchback_small\" srcset=\"https:\/\/www.radial.com\/wp-content\/uploads\/2022\/08\/09\/values-sustainabilty-employee-wellbeing-aspect-ratio-1-1-350x350.jpg, https:\/\/www.radial.com\/wp-content\/uploads\/2022\/08\/09\/values-sustainabilty-employee-wellbeing-aspect-ratio-1-1-700x700.jpg 2x\" media=\"(max-width: 1280px)\" type=\"image\/jpeg\">\r\n<source data-image-size=\"switchback_large\" srcset=\"https:\/\/www.radial.com\/wp-content\/uploads\/2022\/08\/09\/values-sustainabilty-employee-wellbeing-aspect-ratio-1-1-518x518.jpg, https:\/\/www.radial.com\/wp-content\/uploads\/2022\/08\/09\/values-sustainabilty-employee-wellbeing-aspect-ratio-1-1-1036x1036.jpg 2x\" type=\"image\/jpeg\">\r\n<img decoding=\"async\" alt=\"\" src=\"https:\/\/www.radial.com\/wp-content\/uploads\/2022\/08\/09\/values-sustainabilty-employee-wellbeing-aspect-ratio-1-1-518x518.jpg\" loading=\"lazy\">\r\n<\/picture>\t\t\t\t\t\t                    <\/div>\n\n                    <div class=\"switchback-block__right animate\">\n\t\t\t\t\t\t                            <label class=\"switchback-block__eyebrow\"> Dobrostan pracownik\u00f3w<\/label>\n\t\t\t\t\t\t\t\t\t\t\t\t                            <h2 class=\"switchback-block__title\">Zdrowie i bezpiecze\u0144stwo ka\u017cdej osoby w Radial<\/h2>\n\t\t\t\t\t\t\t\t\t\t\t\t\t\t\t\t\t\t                            <div class=\"switchback-block__summary paragraph-block\"><p><span class=\"NormalTextRun SCXW209171340 BCX0\">Zdrowie i bezpiecze\u0144stwo pracownik\u00f3w to jeden z naszych najwy\u017cszych priorytet\u00f3w. Nieustannie wdra\u017camy procedury bezpiecze\u0144stwa na najwy\u017cszym poziomie, aby ka\u017cdemu pracownikowi<\/span> <span class=\"NormalTextRun SCXW209171340 BCX0\">zapewni\u0107 zdrowie, bezpiecze\u0144stwo i dobrostan \u2013 w tym umys\u0142u, cia\u0142a i ducha.<\/span> <span class=\"NormalTextRun SCXW209171340 BCX0\">Z pe\u0142nym zaanga\u017cowaniem dzia\u0142amy na rzecz oceny i poprawy \u015brodk\u00f3w bezpiecze\u0144stwa w naszych magazynach oraz szybkie dostosowywanie si\u0119 do lokalnych i krajowych zalece\u0144 w zakresie zdrowia. Pracownicy otrzymuj\u0105 r\u00f3wnie\u017c wsparcie w formie kompleksowych \u015bwiadcze\u0144 zdrowotnych, a tak\u017ce hojnych p\u0142atnych urlop\u00f3w wypoczynkowych i urlop\u00f3w rodzicielskich.<\/span><\/p>\n<\/div>\n\t\t\t\t\t\t\n\t\t\t\t\t\t                    <\/div>\n                <\/div>\n            <\/div>\n\t\t\t\t\t\t\t\t            <div class=\"switchback-block__outer light\">\n                <div class=\"switchback-block__inner\">\n                    <div class=\"switchback-block__left animate\">\n\t\t\t\t\t\t\t\t\t\t\t\t\t<picture>\r\n<source data-image-size=\"switchback_small\" srcset=\"https:\/\/www.radial.com\/wp-content\/uploads\/2022\/09\/06\/values-sustainability-protecting-planet-aspect-ratio-1-1-350x350.jpg, https:\/\/www.radial.com\/wp-content\/uploads\/2022\/09\/06\/values-sustainability-protecting-planet-aspect-ratio-1-1-700x700.jpg 2x\" media=\"(max-width: 1280px)\" type=\"image\/jpeg\">\r\n<source data-image-size=\"switchback_large\" srcset=\"https:\/\/www.radial.com\/wp-content\/uploads\/2022\/09\/06\/values-sustainability-protecting-planet-aspect-ratio-1-1-518x518.jpg, https:\/\/www.radial.com\/wp-content\/uploads\/2022\/09\/06\/values-sustainability-protecting-planet-aspect-ratio-1-1-1036x1036.jpg 2x\" type=\"image\/jpeg\">\r\n<img decoding=\"async\" alt=\"\" src=\"https:\/\/www.radial.com\/wp-content\/uploads\/2022\/09\/06\/values-sustainability-protecting-planet-aspect-ratio-1-1-518x518.jpg\" loading=\"lazy\">\r\n<\/picture>\t\t\t\t\t\t                    <\/div>\n\n                    <div class=\"switchback-block__right animate\">\n\t\t\t\t\t\t                            <label class=\"switchback-block__eyebrow\">Zr\u00f3wnowa\u017cony rozw\u00f3j<\/label>\n\t\t\t\t\t\t\t\t\t\t\t\t                            <h2 class=\"switchback-block__title\">Ochrona naszej planety<\/h2>\n\t\t\t\t\t\t\t\t\t\t\t\t\t\t\t\t\t\t                            <div class=\"switchback-block__summary paragraph-block\"><p><span class=\"NormalTextRun SCXW32314680 BCX0\">Jako<\/span> <span class=\"NormalTextRun SCXW32314680 BCX0\">belgijski<\/span> <span class=\"NormalTextRun SCXW32314680 BCX0\">operator pocztowy (bnode<\/span><span class=\"NormalTextRun SCXW32314680 BCX0\">) firma Radial<\/span> <span class=\"NormalTextRun SCXW32314680 BCX0\">jest g\u0142\u0119boko zaanga\u017cowana w zr\u00f3wnowa\u017cony rozw\u00f3j i ochron\u0119 \u015brodowiska, a najwy\u017cszym priorytetem<\/span> <span class=\"NormalTextRun SCXW32314680 BCX0\">jest ograniczenie naszego wp\u0142ywu na \u015brodowisko. Dzi\u0119ki naszym inicjatywom w zakresie ochrony \u015brodowiska pracujemy nad ograniczeniem emisji dwutlenku w\u0119gla,<\/span> <span class=\"NormalTextRun SCXW32314680 BCX0\">zu\u017cycia energii i ilo\u015bci odpad\u00f3w zar\u00f3wno w Radial, jak i wszystkich firmach bnode<\/span><span class=\"NormalTextRun SCXW32314680 BCX0\">.<\/span><\/p>\n<\/div>\n\t\t\t\t\t\t\n\t\t\t\t\t\t                            <div class=\"switchback-block__cta-container\">\n\t\t\t\t\t\t\t\t\t\t\t\t\t\t\t\t\t\t\t\t\t\t\t\t\t\t\t<a class=\"switchback-block__cta button-primary dark-b\" href=\"https:\/\/bnode.com\/sustainability\/environmental-value\" target=\"_blank\">Dowiedz si\u0119 wi\u0119cej o zr\u00f3wnowa\u017conym rozwoju w firmie bnode<\/a>\t\t\t\t\t\t\t\t\t\t\t\t\t\t\t\t\t                            <\/div>\n\t\t\t\t\t\t                    <\/div>\n                <\/div>\n            <\/div>\n\t\t\t<\/div>\n\n\n<div class=\"switchback-block left\">\n\t\t\t\t\t\t\t\t\t            <div class=\"switchback-block__outer dark\">\n                <div class=\"switchback-block__inner\">\n                    <div class=\"switchback-block__left animate\">\n\t\t\t\t\t\t\t\t\t\t\t\t\t<picture>\r\n<source data-image-size=\"switchback_small\" srcset=\"https:\/\/www.radial.com\/wp-content\/uploads\/2022\/08\/09\/diversity-equity-inclusion-aspect-ratio-1-1-1-350x350.jpg, https:\/\/www.radial.com\/wp-content\/uploads\/2022\/08\/09\/diversity-equity-inclusion-aspect-ratio-1-1-1-700x700.jpg 2x\" media=\"(max-width: 1280px)\" type=\"image\/jpeg\">\r\n<source data-image-size=\"switchback_large\" srcset=\"https:\/\/www.radial.com\/wp-content\/uploads\/2022\/08\/09\/diversity-equity-inclusion-aspect-ratio-1-1-1-518x518.jpg, https:\/\/www.radial.com\/wp-content\/uploads\/2022\/08\/09\/diversity-equity-inclusion-aspect-ratio-1-1-1-1036x1036.jpg 2x\" type=\"image\/jpeg\">\r\n<img decoding=\"async\" alt=\"\" src=\"https:\/\/www.radial.com\/wp-content\/uploads\/2022\/08\/09\/diversity-equity-inclusion-aspect-ratio-1-1-1-518x518.jpg\" loading=\"lazy\">\r\n<\/picture>\t\t\t\t\t\t                    <\/div>\n\n                    <div class=\"switchback-block__right animate\">\n\t\t\t\t\t\t                            <label class=\"switchback-block__eyebrow\">Nasza kultura<\/label>\n\t\t\t\t\t\t\t\t\t\t\t\t                            <h2 class=\"switchback-block__title\">R\u00f3\u017cnorodno\u015b\u0107, sprawiedliwo\u015b\u0107 i inkluzja<\/h2>\n\t\t\t\t\t\t\t\t\t\t\t\t\t\t\t\t\t\t                            <div class=\"switchback-block__summary paragraph-block\"><p><span class=\"NormalTextRun SCXW134830097 BCX0\">Jako marka globalna zale\u017cy nam na nieustannej poprawie naszych dzia\u0142a\u0144 w zakresie r\u00f3\u017cnorodno\u015bci, sprawiedliwo\u015bci<\/span> <span class=\"NormalTextRun SCXW134830097 BCX0\">i inkluzji. Wierzymy, \u017ce zr\u00f3\u017cnicowany i <\/span><span class=\"NormalTextRun SpellingErrorV2Themed SCXW134830097 BCX0\">inkluzywny<\/span><span class=\"NormalTextRun SCXW134830097 BCX0\"> personel ma zasadnicze znaczenie dla naszego sukcesu i stanowi warto\u015b\u0107, zgodzie z kt\u00f3r\u0105 \u017cyjemy i w kt\u00f3r\u0105 inwestujemy. Dowiedz si\u0119 wi\u0119cej o tym, jak piel\u0119gnujemy nasz\u0105<\/span> <span class=\"NormalTextRun SCXW134830097 BCX0\">kultur\u0119 inkluzji.<\/span><\/p>\n<\/div>\n\t\t\t\t\t\t\n\t\t\t\t\t\t                            <div class=\"switchback-block__cta-container\">\n\t\t\t\t\t\t\t\t\t\t\t\t\t\t\t\t\t\t\t\t\t\t\t\t\t\t\t<a class=\"switchback-block__cta button-primary light-b\" href=\"https:\/\/www.radial.com\/pl\/kariera\/roznorodnosc-sprawiedliwosc-i-inkluzja\" target=\"_self\">Nasze zobowi\u0105zania pod k\u0105tem DEI\u00a0<\/a>\t\t\t\t\t\t\t\t\t\t\t\t\t\t\t\t\t                            <\/div>\n\t\t\t\t\t\t                    <\/div>\n                <\/div>\n            <\/div>\n\t\t\t<\/div>\n\n<div class=\"call-to-action-block animate light\" is=\"call-to-action-block\">\n\t<div class=\"call-to-action-block__inner\">\n\n\t\t<div class=\"call-to-action-block__left\">\n            <div class=\"inner animate\">\n\t                                <h2 class=\"call-to-action-block__title\">Praca w Radial<\/h2>\n\t            \n\t                                <h3 class=\"call-to-action-block__subtitle\">Sta\u0144 si\u0119 cz\u0119\u015bci\u0105 naszej misji<\/h3>\n\t                        <\/div>\n\t\t<\/div>\n\n\t\t<div class=\"call-to-action-block__right\">\n            <div class=\"inner animate animate\">\n\t                                <div class=\"call-to-action-block__summary\">\n\t\t\t            <p><span class=\"NormalTextRun SCXW19590012 BCX0\">Do\u0142\u0105cz do naszego coraz wi\u0119kszego<\/span> <span class=\"NormalTextRun SCXW19590012 BCX0\">zespo\u0142u oddanych, pe\u0142nych pasji pracownik\u00f3w, kt\u00f3rzy podzielaj\u0105 nasze warto\u015bci. Poszukujemy utalentowane osoby na r\u00f3\u017cne stanowiska i z rado\u015bci\u0105 powitamy nowych cz\u0142onk\u00f3w naszej globalnej sieci talent\u00f3w.\u00a0<\/span><\/p>\n                    <\/div>\n\t            \n\t                                <div class=\"call-to-action-block__cta\">\n\t\t\t            \t\t\t\t            <a class=\"button-primary dark-b\" href=\"https:\/\/radial.my.salesforce-sites.com\/careers\" target=\"_self\">Wszystkie oferty pracy<\/a>\t\t\t            \n                    <\/div>\n\t                        <\/div>\n\t\t<\/div>\n\t<\/div>\n<\/div>\n\n\n\n<div class=\"info-cta\">\n    <div class=\"info-cta__inner\">\n        <div class=\"info-cta__left\">\n            <div class=\"info-cta__summary\">\n\t\t\t\t\t\t\t\t\t<p><span class=\"TextRun SCXW68009968 BCX0\" lang=\"PL-PL\" xml:lang=\"PL-PL\" data-contrast=\"auto\"><span class=\"NormalTextRun SCXW68009968 BCX0\">Jeste\u015bmy tu, aby Ci pom\u00f3c<\/span><\/span><\/p>\n\t\t\t\t            <\/div>\n        <\/div>\n\n                    <div class=\"info-cta__right\">\n                <a class=\"info-cta__cta button-primary light\" \n                href=\" https:\/\/www.radial.com\/pl\/skontaktuj-sie \"\n                    >\n                                            Skontaktuj si\u0119 z nami                                    <\/a>\n            <\/div>\n            <\/div>\n<\/div>\n\n<\/div>\n<\/div>\n<\/div>","protected":false},"excerpt":{"rendered":"","protected":false},"author":1,"featured_media":0,"parent":28061,"menu_order":0,"comment_status":"closed","ping_status":"closed","template":"","meta":{"_acf_changed":false,"inline_featured_image":false,"footnotes":""},"class_list":["post-30671","page","type-page","status-publish","hentry"],"acf":[],"_links":{"self":[{"href":"https:\/\/www.radial.com\/pl\/wp-json\/wp\/v2\/pages\/30671","targetHints":{"allow":["GET"]}}],"collection":[{"href":"https:\/\/www.radial.com\/pl\/wp-json\/wp\/v2\/pages"}],"about":[{"href":"https:\/\/www.radial.com\/pl\/wp-json\/wp\/v2\/types\/page"}],"author":[{"embeddable":true,"href":"https:\/\/www.radial.com\/pl\/wp-json\/wp\/v2\/users\/1"}],"replies":[{"embeddable":true,"href":"https:\/\/www.radial.com\/pl\/wp-json\/wp\/v2\/comments?post=30671"}],"version-history":[{"count":10,"href":"https:\/\/www.radial.com\/pl\/wp-json\/wp\/v2\/pages\/30671\/revisions"}],"predecessor-version":[{"id":78786,"href":"https:\/\/www.radial.com\/pl\/wp-json\/wp\/v2\/pages\/30671\/revisions\/78786"}],"up":[{"embeddable":true,"href":"https:\/\/www.radial.com\/pl\/wp-json\/wp\/v2\/pages\/28061"}],"wp:attachment":[{"href":"https:\/\/www.radial.com\/pl\/wp-json\/wp\/v2\/media?parent=30671"}],"curies":[{"name":"wp","href":"https:\/\/api.w.org\/{rel}","templated":true}]}}