{"id":30482,"date":"2022-05-25T11:41:29","date_gmt":"2022-05-25T15:41:29","guid":{"rendered":"https:\/\/www.radial.com\/kariera\/diversity-equity-inclusion"},"modified":"2025-06-20T12:02:12","modified_gmt":"2025-06-20T16:02:12","slug":"roznorodnosc-sprawiedliwosc-i-inkluzja","status":"publish","type":"page","link":"https:\/\/www.radial.com\/pl\/kariera\/roznorodnosc-sprawiedliwosc-i-inkluzja","title":{"rendered":"R\u00f3\u017cnorodno\u015b\u0107, sprawiedliwo\u015b\u0107 i inkluzja (DEI)"},"content":{"rendered":"\n<div class=\"page-wrapper\">\n\t\n\n<div class=\"landing-page\">\n\t\n\n<div class=\"landing-page-hero-area\" id=\"landing-page-hero-area\">\n\t\n\n\n<div class=\"hero-landing-block\">\n\t<div class=\"hero-landing-block__inner\">\n\t\t<div class=\"hero-landing-block__info\">\n\t\t\t<div class=\"hero-landing-block__info--inner\">\n\t\t\t<h1 class=\"hero-landing-block__title\">R\u00f3\u017cnorodno\u015b\u0107, sprawiedliwo\u015b\u0107 i inkluzja (DEI) w firmie Radial<\/h1>\n                            <h2 class=\"hero-landing-block__subtitle\">Razem zrobimy wi\u0119cej<\/h2>\n            \t\t\t\t\t\t\t<div class=\"hero-landing-block__summary\">\n\t\t\t\t\t<p><span class=\"NormalTextRun SCXW261506452 BCX0\">Anga\u017cujemy si\u0119 w stworzenie<\/span> <span class=\"NormalTextRun SCXW261506452 BCX0\">wsp\u00f3\u0142czuj\u0105cego, pe\u0142nego szacunku i wspieraj\u0105cego \u015brodowiska, w kt\u00f3rym buduje si\u0119 <\/span><span class=\"NormalTextRun SpellingErrorV2Themed SCXW261506452 BCX0\">inkluzywn\u0105<\/span><span class=\"NormalTextRun SCXW261506452 BCX0\"> kultur\u0119 wobec siebie nawzajem. Do\u0142\u0105cz do naszego zespo\u0142u, rozwijaj swoj\u0105 karier\u0119 i b\u0105d\u017a sob\u0105 \u2013 poniewa\u017c to w\u0142a\u015bnie tu jest Twoje miejsce.\u00a0<\/span><\/p>\n\t\t\t\t<\/div>\n\t\t\t\t\t\t\t\t\t\t<a class=\"hero-landing-block__cta button-primary light\" href=\"https:\/\/www.radial.com\/pl\/kariera\" target=\"_self\">Znajd\u017a rol\u0119 dla siebie<\/a>\t\t\t\t\t\t<\/div>\n\t\t<\/div>\n\t\t<div class=\"hero-landing-block__image\">\n\t\t\t<picture>\r\n<source data-image-size=\"hero_landing_small\" srcset=\"https:\/\/www.radial.com\/wp-content\/uploads\/2022\/08\/09\/diversity-equity-inclusion-aspect-ratio-3-2-342x228.jpg, https:\/\/www.radial.com\/wp-content\/uploads\/2022\/08\/09\/diversity-equity-inclusion-aspect-ratio-3-2-684x456.jpg 2x\" media=\"(max-width: 350px)\" type=\"image\/jpeg\">\r\n<source data-image-size=\"hero_landing_medium\" srcset=\"https:\/\/www.radial.com\/wp-content\/uploads\/2022\/08\/09\/diversity-equity-inclusion-aspect-ratio-3-2-705x470.jpg, https:\/\/www.radial.com\/wp-content\/uploads\/2022\/08\/09\/diversity-equity-inclusion-aspect-ratio-3-2-1410x940.jpg 2x\" media=\"(max-width: 715px)\" type=\"image\/jpeg\">\r\n<source data-image-size=\"hero_landing_medium_large\" srcset=\"https:\/\/www.radial.com\/wp-content\/uploads\/2022\/08\/09\/diversity-equity-inclusion-aspect-ratio-3-2-960x640.jpg\" media=\"(max-width: 1023px)\" type=\"image\/jpeg\">\r\n<source data-image-size=\"hero_landing_large\" srcset=\"https:\/\/www.radial.com\/wp-content\/uploads\/2022\/08\/09\/diversity-equity-inclusion-aspect-ratio-22-25-704x800.jpg, https:\/\/www.radial.com\/wp-content\/uploads\/2022\/08\/09\/diversity-equity-inclusion-aspect-ratio-22-25-1408x1600.jpg 2x\" media=\"(max-width: 1440px)\" type=\"image\/jpeg\">\r\n<source data-image-size=\"hero_landing_huge\" srcset=\"https:\/\/www.radial.com\/wp-content\/uploads\/2022\/08\/09\/diversity-equity-inclusion-aspect-ratio-22-25-946x1075.jpg\" type=\"image\/jpeg\">\r\n<img decoding=\"async\" alt=\"\" src=\"https:\/\/www.radial.com\/wp-content\/uploads\/2022\/08\/09\/diversity-equity-inclusion-aspect-ratio-22-25-704x800.jpg\">\r\n<\/picture>\t\t<\/div>\n\t<\/div>\n<\/div>\n\n<\/div>\n\n\n<div class=\"landing-page-block-area\">\n\t\n<div class=\"core-heading-block\" data-heading-level=\"2\">\n<h2 class=\"wp-block-heading\" id=\"h-dolacz-do-zroznicowanego-majacego-wsparcie-globalnego-zespolu\">Do\u0142\u0105cz do zr\u00f3\u017cnicowanego, maj\u0105cego wsparcie, globalnego zespo\u0142u&nbsp;<\/h2>\n<\/div>\n\n<div class=\"core-paragraph-block\">\n<p>Radial to miejsce, w kt\u00f3rym r\u00f3\u017cnice s\u0105 mile widziane, z szacunkiem poznaje si\u0119 r\u00f3\u017cne punkty widzenia, a ka\u017cda osoba ma poczucie przynale\u017cno\u015bci. Aktywnie pracujemy nad wzmocnieniem kultury inkluzji i wiemy, \u017ce zr\u00f3\u017cnicowany personel zwi\u0119ksza nasz\u0105 zdolno\u015b\u0107 do wprowadzania innowacji w ka\u017cdym obszarze naszej dzia\u0142alno\u015bci biznesowej.&nbsp;&nbsp;<\/p>\n<\/div>\n\n<div class=\"core-paragraph-block\">\n<p>Obecnie prowadzimy aktywn\u0105 rekrutacj\u0119 z my\u015bl\u0105 o r\u00f3\u017cnorodno\u015bci i inkluzji. Mocno inwestujemy r\u00f3wnie\u017c w szkolenia wewn\u0119trzne, zasoby i wsparcie, aby mie\u0107 pewno\u015b\u0107, \u017ce w firmie Radial wys\u0142uchany jest ka\u017cdy g\u0142os, a pracownicy maj\u0105 wszystko, czego potrzebuj\u0105 do odniesienia sukcesu w bezpiecznym \u015brodowisku pracy.&nbsp;<\/p>\n<\/div>\n\n\n<div class=\"switchback-block left\">\n\t\t\t\t\t\t\t\t\t            <div class=\"switchback-block__outer dark\">\n                <div class=\"switchback-block__inner\">\n                    <div class=\"switchback-block__left animate\">\n\t\t\t\t\t\t\t\t\t\t\t\t\t<picture>\r\n<source data-image-size=\"switchback_small\" srcset=\"https:\/\/www.radial.com\/wp-content\/uploads\/2022\/08\/09\/dei-erg-aspect-ratio-1-1-350x350.jpg, https:\/\/www.radial.com\/wp-content\/uploads\/2022\/08\/09\/dei-erg-aspect-ratio-1-1-700x700.jpg 2x\" media=\"(max-width: 1280px)\" type=\"image\/jpeg\">\r\n<source data-image-size=\"switchback_large\" srcset=\"https:\/\/www.radial.com\/wp-content\/uploads\/2022\/08\/09\/dei-erg-aspect-ratio-1-1-518x518.jpg, https:\/\/www.radial.com\/wp-content\/uploads\/2022\/08\/09\/dei-erg-aspect-ratio-1-1-1036x1036.jpg 2x\" type=\"image\/jpeg\">\r\n<img decoding=\"async\" alt=\"\" src=\"https:\/\/www.radial.com\/wp-content\/uploads\/2022\/08\/09\/dei-erg-aspect-ratio-1-1-518x518.jpg\" loading=\"lazy\">\r\n<\/picture>\t\t\t\t\t\t                    <\/div>\n\n                    <div class=\"switchback-block__right animate\">\n\t\t\t\t\t\t                            <label class=\"switchback-block__eyebrow\">Wsparcie wewn\u0119trzne<\/label>\n\t\t\t\t\t\t\t\t\t\t\t\t                            <h2 class=\"switchback-block__title\">Grupy zasob\u00f3w pracowniczych<\/h2>\n\t\t\t\t\t\t\t\t\t\t\t\t\t\t\t\t\t\t                            <div class=\"switchback-block__summary paragraph-block\"><p><span class=\"TextRun SCXW140997662 BCX0\" lang=\"PL-PL\" xml:lang=\"PL-PL\" data-contrast=\"auto\"><span class=\"NormalTextRun SCXW140997662 BCX0\">Firma Radial nieustannie rozwija swoje wewn\u0119trzne grupy zasob\u00f3w pracowniczych (ERG), koncentruj\u0105ce si\u0119 wok\u00f3\u0142 wsp\u00f3lnych do\u015bwiadcze\u0144, to\u017csamo\u015bci lub cel\u00f3w. Grupy ERG zapewniaj\u0105 pracownikom nowy spos\u00f3b budowania sieci kontakt\u00f3w, spotka\u0144 towarzyskich, rozwoju zawodowego i <\/span><span class=\"NormalTextRun SCXW140997662 BCX0\">pog\u0142\u0119biania<\/span><\/span><span class=\"TextRun SCXW140997662 BCX0\" lang=\"PL-PL\" xml:lang=\"PL-PL\" data-contrast=\"auto\"><span class=\"NormalTextRun SCXW140997662 BCX0\"> \u015bwiadomo\u015bci w zakresie istotnych<\/span><\/span><span class=\"TextRun SCXW140997662 BCX0\" lang=\"PL-PL\" xml:lang=\"PL-PL\" data-contrast=\"auto\"> <span class=\"NormalTextRun SCXW140997662 BCX0\">spraw w spo\u0142eczno\u015bci firmy Radial. Dzi\u0119ki tym grupom pracownicy mog\u0105 w pe\u0142ni wykorzysta\u0107 sw\u00f3j potencja\u0142 osobisty i zawodowy.<\/span><\/span><\/p>\n<\/div>\n\t\t\t\t\t\t\n\t\t\t\t\t\t                    <\/div>\n                <\/div>\n            <\/div>\n\t\t\t\t\t\t\t\t            <div class=\"switchback-block__outer light\">\n                <div class=\"switchback-block__inner\">\n                    <div class=\"switchback-block__left animate\">\n\t\t\t\t\t\t\t\t\t\t\t\t\t<picture>\r\n<source data-image-size=\"switchback_small\" srcset=\"https:\/\/www.radial.com\/wp-content\/uploads\/2022\/08\/09\/dei-education-1-aspect-ratio-1-1-350x350.jpg, https:\/\/www.radial.com\/wp-content\/uploads\/2022\/08\/09\/dei-education-1-aspect-ratio-1-1-700x700.jpg 2x\" media=\"(max-width: 1280px)\" type=\"image\/jpeg\">\r\n<source data-image-size=\"switchback_large\" srcset=\"https:\/\/www.radial.com\/wp-content\/uploads\/2022\/08\/09\/dei-education-1-aspect-ratio-1-1-518x518.jpg, https:\/\/www.radial.com\/wp-content\/uploads\/2022\/08\/09\/dei-education-1-aspect-ratio-1-1-1036x1036.jpg 2x\" type=\"image\/jpeg\">\r\n<img decoding=\"async\" alt=\"\" src=\"https:\/\/www.radial.com\/wp-content\/uploads\/2022\/08\/09\/dei-education-1-aspect-ratio-1-1-518x518.jpg\" loading=\"lazy\">\r\n<\/picture>\t\t\t\t\t\t                    <\/div>\n\n                    <div class=\"switchback-block__right animate\">\n\t\t\t\t\t\t                            <label class=\"switchback-block__eyebrow\">Edukacja dla wszystkich<\/label>\n\t\t\t\t\t\t\t\t\t\t\t\t                            <h2 class=\"switchback-block__title\">Mo\u017cliwo\u015bci kszta\u0142cenia inkluzywnego<\/h2>\n\t\t\t\t\t\t\t\t\t\t\t\t\t\t\t\t\t\t                            <div class=\"switchback-block__summary paragraph-block\"><p><span class=\"TextRun SCXW42011909 BCX0\" lang=\"PL-PL\" xml:lang=\"PL-PL\" data-contrast=\"auto\"><span class=\"NormalTextRun SCXW42011909 BCX0\">W\u015br\u00f3d naszych licznych wewn\u0119trznych inicjatyw w zakresie DEI dzia\u0142a podkomisja, zadaniem kt\u00f3rej jest zapewnienie mo\u017cliwo\u015bci edukacyjnych maj\u0105cych wp\u0142yw na kultur\u0119, w kt\u00f3rej wszyscy pracownicy troszcz\u0105 si\u0119 i akceptuj\u0105 siebie nawzajem. Wiemy, \u017ce istotne do\u015bwiadczenia edukacyjne mog\u0105 da\u0107 pracownikom si\u0142\u0119 do wsp\u00f3lnych dzia\u0142a\u0144 na rzecz piel\u0119gnowania naszej kultury inkluzji.<\/span><\/span><\/p>\n<\/div>\n\t\t\t\t\t\t\n\t\t\t\t\t\t                    <\/div>\n                <\/div>\n            <\/div>\n\t\t\t<\/div>\n\n\n<div class=\"switchback-block left\">\n\t\t\t\t\t\t\t\t\t            <div class=\"switchback-block__outer dark\">\n                <div class=\"switchback-block__inner\">\n                    <div class=\"switchback-block__left animate\">\n\t\t\t\t\t\t\t\t\t\t\t\t\t<picture>\r\n<source data-image-size=\"switchback_small\" srcset=\"https:\/\/www.radial.com\/wp-content\/uploads\/2022\/08\/09\/dei-communication-aspect-ratio-1-1-350x350.jpg, https:\/\/www.radial.com\/wp-content\/uploads\/2022\/08\/09\/dei-communication-aspect-ratio-1-1-700x700.jpg 2x\" media=\"(max-width: 1280px)\" type=\"image\/jpeg\">\r\n<source data-image-size=\"switchback_large\" srcset=\"https:\/\/www.radial.com\/wp-content\/uploads\/2022\/08\/09\/dei-communication-aspect-ratio-1-1-518x518.jpg, https:\/\/www.radial.com\/wp-content\/uploads\/2022\/08\/09\/dei-communication-aspect-ratio-1-1-1036x1036.jpg 2x\" type=\"image\/jpeg\">\r\n<img decoding=\"async\" alt=\"\" src=\"https:\/\/www.radial.com\/wp-content\/uploads\/2022\/08\/09\/dei-communication-aspect-ratio-1-1-518x518.jpg\" loading=\"lazy\">\r\n<\/picture>\t\t\t\t\t\t                    <\/div>\n\n                    <div class=\"switchback-block__right animate\">\n\t\t\t\t\t\t                            <label class=\"switchback-block__eyebrow\">Komunikacja i PR<\/label>\n\t\t\t\t\t\t\t\t\t\t\t\t                            <h2 class=\"switchback-block__title\">Wzmacniamy nasz g\u0142os<\/h2>\n\t\t\t\t\t\t\t\t\t\t\t\t\t\t\t\t\t\t                            <div class=\"switchback-block__summary paragraph-block\"><p><span class=\"NormalTextRun SCXW208275017 BCX0\">Wiemy, \u017ce nasz g\u0142os jako marki odgrywa kluczow\u0105 rol\u0119 pod wzgl\u0119dem wp\u0142ywania na spos\u00f3b my\u015blenia i zaanga\u017cowanie w koncepcj\u0119<\/span> <span class=\"NormalTextRun SCXW208275017 BCX0\">DEI na ka\u017cdym poziomie naszej organizacji \u2013 zar\u00f3wno wewn\u0105trz firmy Radial, jak i poza ni\u0105. Celem naszej inicjatywy w zakresie komunikacji i PR w ramach komisji doradczej jest zapewnienie, by nasze warto\u015bci by\u0142y wys\u0142uchane, zawsze wtedy i tam, gdzie ma to znaczenie.<\/span><\/p>\n<\/div>\n\t\t\t\t\t\t\n\t\t\t\t\t\t                    <\/div>\n                <\/div>\n            <\/div>\n\t\t\t<\/div>\n\n<div class=\"call-to-action-block animate light\" is=\"call-to-action-block\">\n\t<div class=\"call-to-action-block__inner\">\n\n\t\t<div class=\"call-to-action-block__left\">\n            <div class=\"inner animate\">\n\t                                <h2 class=\"call-to-action-block__title\">Tw\u00f3j g\u0142os jest wa\u017cny dla Radial<\/h2>\n\t            \n\t                        <\/div>\n\t\t<\/div>\n\n\t\t<div class=\"call-to-action-block__right\">\n            <div class=\"inner animate animate\">\n\t                                <div class=\"call-to-action-block__summary\">\n\t\t\t            <p><span class=\"TextRun SCXW190092987 BCX0\" lang=\"PL-PL\" xml:lang=\"PL-PL\" data-contrast=\"auto\"><span class=\"NormalTextRun SCXW190092987 BCX0\">Twoje wyj\u0105tkowe do\u015bwiadczenie i punkt widzenia s\u0105 niezwykle wa\u017cne, a my nie mo\u017cemy si\u0119 doczeka\u0107, \u017ceby Ci\u0119 pozna\u0107. Zapoznaj si\u0119 z naszymi sta\u0142ymi i sezonowymi ofertami pracy, aby znale\u017a\u0107 rol\u0119, kt\u00f3ra pomo\u017ce Ci rozwin\u0105\u0107 si\u0119 pod wzgl\u0119dem osobistym i zawodowym.<\/span><\/span><\/p>\n                    <\/div>\n\t            \n\t                                <div class=\"call-to-action-block__cta\">\n\t\t\t            \t\t\t\t            <a class=\"button-primary dark-b\" href=\"https:\/\/radial.my.salesforce-sites.com\/careers\" target=\"_self\">Wszystkie oferty pracy<\/a>\t\t\t            \n                    <\/div>\n\t                        <\/div>\n\t\t<\/div>\n\t<\/div>\n<\/div>\n\n\n\n<div class=\"info-cta\">\n    <div class=\"info-cta__inner\">\n        <div class=\"info-cta__left\">\n            <div class=\"info-cta__summary\">\n\t\t\t\t\t\t\t\t\t<p><span class=\"TextRun SCXW50236630 BCX0\" lang=\"PL-PL\" xml:lang=\"PL-PL\" data-contrast=\"auto\"><span class=\"NormalTextRun SCXW50236630 BCX0\">Masz pytania? Jeste\u015bmy tu, aby Ci pom\u00f3c.<\/span><\/span><\/p>\n\t\t\t\t            <\/div>\n        <\/div>\n\n                    <div class=\"info-cta__right\">\n                <a class=\"info-cta__cta button-primary light\" \n                href=\" https:\/\/www.radial.com\/pl\/skontaktuj-sie \"\n                                            target=\"_blank\">\n                                            Skontaktuj si\u0119 z nami                                    <\/a>\n            <\/div>\n            <\/div>\n<\/div>\n\n<\/div>\n<\/div>\n<\/div>","protected":false},"excerpt":{"rendered":"","protected":false},"author":1,"featured_media":0,"parent":28066,"menu_order":0,"comment_status":"closed","ping_status":"closed","template":"","meta":{"_acf_changed":false,"inline_featured_image":false,"footnotes":""},"class_list":["post-30482","page","type-page","status-publish","hentry"],"acf":[],"_links":{"self":[{"href":"https:\/\/www.radial.com\/pl\/wp-json\/wp\/v2\/pages\/30482","targetHints":{"allow":["GET"]}}],"collection":[{"href":"https:\/\/www.radial.com\/pl\/wp-json\/wp\/v2\/pages"}],"about":[{"href":"https:\/\/www.radial.com\/pl\/wp-json\/wp\/v2\/types\/page"}],"author":[{"embeddable":true,"href":"https:\/\/www.radial.com\/pl\/wp-json\/wp\/v2\/users\/1"}],"replies":[{"embeddable":true,"href":"https:\/\/www.radial.com\/pl\/wp-json\/wp\/v2\/comments?post=30482"}],"version-history":[{"count":7,"href":"https:\/\/www.radial.com\/pl\/wp-json\/wp\/v2\/pages\/30482\/revisions"}],"predecessor-version":[{"id":76322,"href":"https:\/\/www.radial.com\/pl\/wp-json\/wp\/v2\/pages\/30482\/revisions\/76322"}],"up":[{"embeddable":true,"href":"https:\/\/www.radial.com\/pl\/wp-json\/wp\/v2\/pages\/28066"}],"wp:attachment":[{"href":"https:\/\/www.radial.com\/pl\/wp-json\/wp\/v2\/media?parent=30482"}],"curies":[{"name":"wp","href":"https:\/\/api.w.org\/{rel}","templated":true}]}}