{"id":29268,"date":"2022-06-13T14:21:34","date_gmt":"2022-06-13T18:21:34","guid":{"rendered":"https:\/\/www.radial.com\/o-nas\/our-team"},"modified":"2022-10-20T07:22:58","modified_gmt":"2022-10-20T11:22:58","slug":"nasz-team","status":"publish","type":"page","link":"https:\/\/www.radial.com\/pl\/o-nas\/nasz-team","title":{"rendered":"Nasz Team"},"content":{"rendered":"\n<div class=\"page-wrapper\">\n\t\n\n<div class=\"interior-page\">\n\t\n\n\n<div class=\"interior-hero\">\n\t<div class=\"interior-hero__inner\">\n\t\t\t\t\t<h1 class=\"interior-hero__title\">Nasz Team<\/h1>\n\t\t\t\t\t\t\t<div class=\"interior-hero__summary\">\n\t\t\t\t<p>Poznaj zesp\u00f3\u0142 kierowniczy Radial.<\/p>\n\t\t\t<\/div>\n\t\t\t<\/div>\n<\/div>\n\n\n<div class=\"interior-page-block-area\">\n\t\n\n<div class=\"team-landing-page-list\" is=\"team-landing-page-list\">\n\t\n<div\n\tclass=\"team-landing-page-list__list\"\n\tis=\"post-list-team-landing-page-list\"\n\tdata-post-list=\"team-landing-page-list\"\n>\n\t\n\n\t<div data-post-list-template=\"results\" class=\"team-landing-page-list__results\">\n\t\t\n\t\t\t\n\t\t\t\t\t\t\t<div role=\"button\" class=\"team-landing-page-list__team-member modal-trigger\" tabindex=\"0\">\n\t\t\t\t\t\t\t<aside class=\"team-landing-page-list__team-member__left\">\n\t\t\t\t\t<div class=\"team-landing-page-list__image\">\n\t\t\t\t\t\t<picture>\r\n<source data-image-size=\"profile\" srcset=\"https:\/\/www.radial.com\/wp-content\/uploads\/2023\/01\/09\/Dries-de-Love-1-aspect-ratio-44-57-5-176x228.jpg, https:\/\/www.radial.com\/wp-content\/uploads\/2023\/01\/09\/Dries-de-Love-1-aspect-ratio-44-57-5-352x456.jpg 2x\" type=\"image\/jpeg\">\r\n<img decoding=\"async\" alt=\"\" src=\"https:\/\/www.radial.com\/wp-content\/uploads\/2023\/01\/09\/Dries-de-Love-1-aspect-ratio-44-57-5-176x228.jpg\">\r\n<\/picture>\t\t\t\t\t<\/div>\n\t\t\t\t\t<article class=\"team-landing-page-list__team-member__modal-right\">\n\t\t\t\t\t\t\t\t\t\t\t\t\t<h2 class=\"team-landing-page-list__name\">Dries De Love<\/h2>\n\t\t\t\t\t\t\n\t\t\t\t\t\t\t\t\t\t\t\t\t<h3 class=\"team-landing-page-list__title\">wiceprezes wykonawczy na Europ\u0119<\/h3>\n\t\t\t\t\t\t\t\t\t\t\t\t<span class=\"team-landing-page-list__read-bio\" >Przeczytaj pe\u0142ne bio<span class=\"arrow\"><\/span><\/span>\n\t\t\t\t\t<\/article>\n\t\t\t\t<\/aside>\n\t\t\t\t<article class=\"team-landing-page-list__team-member__right\">\n\t\t\t\t\t\t\t\t\t\t\t<h2 class=\"team-landing-page-list__name\">Dries De Love<\/h2>\n\t\t\t\t\t\n\t\t\t\t\t\t\t\t\t\t\t<h3 class=\"team-landing-page-list__title\">wiceprezes wykonawczy na Europ\u0119<\/h3>\n\t\t\t\t\t\t\t\t\t\t\t\t\t\t\t\t<span class=\"team-landing-page-list__read-bio\" >Przeczytaj pe\u0142ne bio<span class=\"arrow\"><\/span><\/span>\n\t\t\t\t\t\t<article class=\"team-landing-page-list__team-member__bio\">\n\t\t\t\t\t\t\t<p><span class=\"TextRun SCXW126724487 BCX0\" lang=\"PL-PL\" xml:lang=\"PL-PL\" data-contrast=\"auto\"><span class=\"NormalTextRun SCXW126724487 BCX0\">Jako wiceprezes wykonawczy na Europ\u0119 Dries De Love kieruje operacjami firmy Radial na tym kontynencie. Odpowiada za europejskie dzia\u0142y realizacji zam\u00f3wie\u0144, transportu, obs\u0142ugi klienta oraz sprzeda\u017cy wielokana\u0142owej, czyli tzw. technologii omnichannel firmy Radial. Zanim Dries do\u0142\u0105czy\u0142 do Radial, prowadzi\u0142 w\u0142asn\u0105 firm\u0119 konsultingow\u0105, kt\u00f3ra wspiera\u0142a europejskich detalist\u00f3w w zakresie potrzeb logistycznych. Dzi\u0119ki niezwykle bogatemu do\u015bwiadczeniu w zakresie realizacji zam\u00f3wie\u0144 Dries piastowa\u0142 r\u00f3wnie\u017c stanowiska w kadrze kierowniczej wy\u017cszego szczebla w Katoen Natie \u2013 firmie zapewniaj\u0105cej obs\u0142ug\u0119 logistyczn\u0105 i portow\u0105 o globalnym zasi\u0119gu. Dries uzyska\u0142 tytu\u0142 magistra ekonomii w szkole zarz\u0105dzania EHSAL oraz tytu\u0142 magistra zarz\u0105dzania og\u00f3lnego na uczelni Vlerick Business School.<\/span><\/span><span class=\"EOP SCXW126724487 BCX0\" data-ccp-props=\"{&quot;201341983&quot;:0,&quot;335559739&quot;:160,&quot;335559740&quot;:259}\">\u00a0<\/span><\/p>\n\t\t\t\t\t\t<\/article>\n\t\t\t\t\t\t\t\t\t<\/article>\n\t\t\t\t\t\t<\/div>\n\t\t\t\t\t\t<\/div>\n\t\n\n<div data-post-list-template=\"pagination\" class=\"team-landing-page-list__pagination\">\n\n\t\n\t\n\t\n<\/div><\/div>\n<\/div>\n\n<\/div>\n<\/div>\n<\/div>","protected":false},"excerpt":{"rendered":"","protected":false},"author":1,"featured_media":0,"parent":28061,"menu_order":0,"comment_status":"closed","ping_status":"closed","template":"","meta":{"_acf_changed":false,"inline_featured_image":false,"footnotes":""},"class_list":["post-29268","page","type-page","status-publish","hentry"],"acf":[],"_links":{"self":[{"href":"https:\/\/www.radial.com\/pl\/wp-json\/wp\/v2\/pages\/29268","targetHints":{"allow":["GET"]}}],"collection":[{"href":"https:\/\/www.radial.com\/pl\/wp-json\/wp\/v2\/pages"}],"about":[{"href":"https:\/\/www.radial.com\/pl\/wp-json\/wp\/v2\/types\/page"}],"author":[{"embeddable":true,"href":"https:\/\/www.radial.com\/pl\/wp-json\/wp\/v2\/users\/1"}],"replies":[{"embeddable":true,"href":"https:\/\/www.radial.com\/pl\/wp-json\/wp\/v2\/comments?post=29268"}],"version-history":[{"count":3,"href":"https:\/\/www.radial.com\/pl\/wp-json\/wp\/v2\/pages\/29268\/revisions"}],"predecessor-version":[{"id":35749,"href":"https:\/\/www.radial.com\/pl\/wp-json\/wp\/v2\/pages\/29268\/revisions\/35749"}],"up":[{"embeddable":true,"href":"https:\/\/www.radial.com\/pl\/wp-json\/wp\/v2\/pages\/28061"}],"wp:attachment":[{"href":"https:\/\/www.radial.com\/pl\/wp-json\/wp\/v2\/media?parent=29268"}],"curies":[{"name":"wp","href":"https:\/\/api.w.org\/{rel}","templated":true}]}}