{"id":28974,"date":"2022-08-10T12:52:24","date_gmt":"2022-08-10T16:52:24","guid":{"rendered":"https:\/\/www.radial.com\/legal\/radial-cookie-policy"},"modified":"2025-05-16T11:06:23","modified_gmt":"2025-05-16T15:06:23","slug":"polityka-cookies-firmy-radial","status":"publish","type":"page","link":"https:\/\/www.radial.com\/pl\/prawny\/polityka-cookies-firmy-radial","title":{"rendered":"Polityka cookies firmy Radial"},"content":{"rendered":"\n<div class=\"page-wrapper\">\n\t\n\n<div class=\"interior-page\">\n\t\n\n\n<div class=\"interior-hero\">\n\t<div class=\"interior-hero__inner\">\n\t\t\t\t\t<h1 class=\"interior-hero__title\">Polityka cookies firmy Radial<\/h1>\n\t\t\t\t\t<\/div>\n<\/div>\n\n\n<div class=\"interior-page-block-area\">\n\t\n<div class=\"core-paragraph-block\">\n<p>Ostatnia modyfikacja: 14 maja 2025<\/p>\n<\/div>\n\n<div class=\"core-paragraph-block\">\n<p>Nasza Strona internetowa wykorzystuje pliki cookie, aby odr\u00f3\u017cni\u0107 Ci\u0119 od innych u\u017cytkownik\u00f3w naszej Witryny. Pomaga nam to zapewni\u0107 Ci odpowiednie wra\u017cenia podczas przegl\u0105dania naszej Strony internetowej, a\u202ftak\u017ce ulepsza\u0107 nasz\u0105 Stron\u0119.&nbsp;<\/p>\n<\/div>\n\n<div class=\"core-paragraph-block\">\n<p>Plik cookie to niewielki plik sk\u0142adaj\u0105cy si\u0119 z\u202fliter i\u202fcyfr, kt\u00f3ry przechowujemy w\u202fTwojej przegl\u0105darce lub na dysku twardym Twojego komputera. Pliki cookie zawieraj\u0105 informacje, kt\u00f3re s\u0105 przesy\u0142ane na dysk twardy Twojego komputera. Witryna, kt\u00f3r\u0105 odwiedzasz, mo\u017ce przesy\u0142a\u0107 pliki cookie bezpo\u015brednio \u2013 s\u0105 one nazywane w\u0142asnymi plikami cookie \u2013 lub mo\u017ce wyzwala\u0107 pliki cookie ustawiane przez inne domeny, znane jako pliki cookie stron trzecich.&nbsp;<\/p>\n<\/div>\n\n<div class=\"core-paragraph-block\">\n<p>Nasza\u202f<a href=\"https:\/\/www.radial.com\/pl\/prawny\/informacje-prawne-dotyczace-strony-internetowej\">Polityka prywatno\u015bci witryny<\/a>\u202fopisuje nasze praktyki dotycz\u0105ce wszelkich danych osobowych, kt\u00f3re s\u0105 zbierane, przechowywane lub wykorzystywane przez nasze w\u0142asne pliki cookie.&nbsp;<\/p>\n<\/div>\n\n<div class=\"core-paragraph-block\">\n<p>Wi\u0119kszo\u015b\u0107 przegl\u0105darek internetowych umo\u017cliwia bezpo\u015brednie blokowanie wszystkich plik\u00f3w cookie lub tylko plik\u00f3w cookie stron trzecich za pomoc\u0105 ustawie\u0144 przegl\u0105darki. Je\u015bli jednak skorzystasz z\u202fustawie\u0144 przegl\u0105darki, aby zablokowa\u0107 wszystkie pliki cookie (w\u202ftym niezb\u0119dnych plik\u00f3w cookie), mo\u017cesz nie by\u0107 w\u202fstanie uzyska\u0107 dost\u0119pu do ca\u0142o\u015bci lub cz\u0119\u015bci naszej witryny, poniewa\u017c to ustawienie mo\u017ce zak\u0142\u00f3ca\u0107 prawid\u0142owe dzia\u0142anie witryny.&nbsp;<\/p>\n<\/div>\n\n<div class=\"core-paragraph-block\">\n<p>Z wyj\u0105tkiem niezb\u0119dnych plik\u00f3w cookie wszystkie pliki cookie wygasaj\u0105 po up\u0142ywie czasu okre\u015blonego w\u202fponi\u017cszej tabeli. Okresy przechowywania plik\u00f3w cookie stron trzecich s\u0105 ustalane przez ich w\u0142a\u015bcicieli.&nbsp;<\/p>\n<\/div>\n\n<div class=\"core-paragraph-block\">\n<p>Transgraniczne transfery danych&nbsp;<\/p>\n<\/div>\n\n<div class=\"core-paragraph-block\">\n<p>Stosowane przez nas pliki cookie mog\u0105 przetwarza\u0107, przechowywa\u0107 lub przekazywa\u0107 dane osobowe w\u202fTwoim oraz w\u202finnych krajach, kt\u00f3rych przepisy dotycz\u0105ce ochrony danych osobowych mog\u0105 zapewnia\u0107 inny, by\u0107 mo\u017ce ni\u017cszy poziom bezpiecze\u0144stwa. Wyra\u017casz zgod\u0119 na to przesy\u0142anie, przechowywanie lub przetwarzanie danych, gdy wyra\u017casz swoj\u0105 zgod\u0119 na u\u017cywanie przez nas plik\u00f3w cookie. Siedziba naszej firmy znajduje si\u0119 w\u202fStanach Zjednoczonych. Zapoznaj si\u0119 z\u202fpolityk\u0105 ka\u017cdego zewn\u0119trznego dostawcy plik\u00f3w cookie, aby dowiedzie\u0107 si\u0119 wi\u0119cej o\u202fjego lokalizacji.&nbsp;<\/p>\n<\/div>\n\n<div class=\"core-paragraph-block\">\n<p>Zmiany dotycz\u0105ce wykorzystywania plik\u00f3w cookie przez nasz\u0105 firm\u0119&nbsp;<\/p>\n<\/div>\n\n<div class=\"core-paragraph-block\">\n<p>Wszelkie zmiany dotycz\u0105ce sposobu wykorzystywania plik\u00f3w cookie przez nasz\u0105 firm\u0119 b\u0119d\u0105 zamieszczane na tej Stronie. Je\u015bli zmiany b\u0119d\u0105 mie\u0107 istotny wp\u0142yw na spos\u00f3b, w\u202fjaki korzystamy z\u202fplik\u00f3w cookie, opublikujemy powiadomienie na naszej Stronie internetowej. Prosimy o\u202fcz\u0119ste zapoznawanie si\u0119 z\u202ftymi informacjami, aby zobaczy\u0107 wszelkie aktualizacje lub zmiany okre\u015blone w\u202fnaszym powiadomieniu o\u202fkorzystaniu z\u202fplik\u00f3w cookie.&nbsp;<\/p>\n<\/div>\n\n<div class=\"core-paragraph-block\">\n<p>U\u017cywamy nast\u0119puj\u0105cych plik\u00f3w cookie:&nbsp;<\/p>\n<\/div>\n\n<div class=\"core-list-block\">\n<ul class=\"wp-block-list\">\n<li>Niezb\u0119dne pliki cookie\u202fS\u0105 to pliki cookie, kt\u00f3re s\u0105 wymagane do dzia\u0142ania naszej Witryny internetowej. Obejmuj\u0105 one na przyk\u0142ad pliki cookie, kt\u00f3re umo\u017cliwiaj\u0105 zalogowanie si\u0119 do bezpiecznych obszar\u00f3w naszej Witryny, np. w\u202fcelu korzystania z\u202fus\u0142ug e-rozlicze\u0144. S\u0105 to sesyjne i\u202ftrwa\u0142e pliki cookie, przy czym tymczasowe pliki cookie s\u0105 przechowywane do momentu zamkni\u0119cia przegl\u0105darki, a\u202ftrwa\u0142e pliki cookie pozostaj\u0105 na Twoim urz\u0105dzeniu, dop\u00f3ki ich nie usuniesz.<\/li>\n\n\n\n<li>Analityczne lub wydajno\u015bciowe pliki cookie\u202fTe pliki pozwalaj\u0105 nam i\u202fnaszym zewn\u0119trznym dostawcom us\u0142ug rozpozna\u0107 i\u202fpoliczy\u0107 liczb\u0119 os\u00f3b odwiedzaj\u0105cych Witryn\u0119 oraz sprawdzi\u0107, w\u202fjaki spos\u00f3b odwiedzaj\u0105cy poruszaj\u0105 si\u0119 po naszej Stronie internetowej, gdy z\u202fniej korzystaj\u0105. Pomaga nam to ulepszy\u0107 spos\u00f3b dzia\u0142ania naszej strony internetowej, na przyk\u0142ad poprzez zapewnienie, \u017ce u\u017cytkownicy \u0142atwo znajduj\u0105 to, czego szukaj\u0105. Te pliki cookie generuj\u0105 zbiorcze statystyki, kt\u00f3re nie s\u0105 powi\u0105zane z\u202findywidualnym profilem \u2013 s\u0105 to trwa\u0142e pliki cookie, zazwyczaj przechowywane przez okres do 2\u202flat.<\/li>\n\n\n\n<li>Funkcjonalne pliki cookie\u202fTe pliki cookie obs\u0142uguj\u0105 przydatne, ale nie kluczowe funkcje Witryny, kt\u00f3re poprawiaj\u0105 komfort korzystania z\u202fniej. S\u0142u\u017c\u0105 one do rozpoznania Ci\u0119 po powrocie na nasz\u0105 Witryn\u0119 internetow\u0105. Dzi\u0119ki temu mo\u017cemy spersonalizowa\u0107 nasze tre\u015bci przeznaczone dla Ciebie, powita\u0107 Ci\u0119 po imieniu i\u202fzapami\u0119ta\u0107 Twoje preferencje (na przyk\u0142ad wybrany j\u0119zyk lub region).<\/li>\n\n\n\n<li>Reklamowe pliki cookie\u202fTe pliki cookie rejestruj\u0105 Twoj\u0105 wizyt\u0119 na naszej Witrynie internetowej, odwiedzane strony i\u202flinki, z\u202fkt\u00f3rych korzystasz. Wykorzystamy te informacje, aby nasza witryna internetowa i\u202fwy\u015bwietlane na niej reklamy w\u202flepszy spos\u00f3b odpowiada\u0142y Twoim zainteresowaniom. W tym celu mo\u017cemy r\u00f3wnie\u017c udost\u0119pnia\u0107 te informacje stronom trzecim.<\/li>\n\n\n\n<li>Strony trzecie\u202fNasza Witryna internetowa mo\u017ce zawiera\u0107 przydatne, ale nie kluczowe funkcje lub wtyczki umo\u017cliwiaj\u0105ce us\u0142ugi stron trzecich korzystaj\u0105ce z\u202fplik\u00f3w cookie, takie jak linki sieci spo\u0142eczno\u015bciowych, mapy, sieci reklamowe lub us\u0142ugi analizy ruchu w\u202fsieci. Te pliki cookie mog\u0105 umo\u017cliwia\u0107 identyfikacj\u0119 os\u00f3b odwiedzaj\u0105cych na r\u00f3\u017cnych Stronach internetowych i\u202fw\u202fr\u00f3\u017cnym czasie. Nie kontrolujemy korzystania przez strony trzecie z\u202ftych plik\u00f3w cookie, czasu ich przechowywania ani mo\u017cliwo\u015bci udost\u0119pniania informacji innym stronom trzecim. \u202fNale\u017cy pami\u0119ta\u0107, \u017ce niekt\u00f3re z\u202fponi\u017cszych stron trzecich mog\u0105 u\u017cywa\u0107 plik\u00f3w cookie i\u202f\u017ce te pliki cookie stron trzecich mog\u0105 by\u0107 analitycznymi lub reklamowymi plikami cookie.\u202f Je\u015bli masz obawy dotycz\u0105ce wykorzystywania plik\u00f3w cookie, zach\u0119camy do zapoznania si\u0119 z\u202fpolityk\u0105 ujawniania danych\/wykorzystywania plik\u00f3w cookie ka\u017cdej ze stron.<\/li>\n\n\n\n<li>Wi\u0119cej informacji na temat poszczeg\u00f3lnych plik\u00f3w cookie, kt\u00f3rych u\u017cywamy oraz cel\u00f3w, w\u202fjakich je wykorzystujemy, mo\u017cna znale\u017a\u0107 w\u202fponi\u017cszej tabeli:<\/li>\n<\/ul>\n<\/div>\n\n<div class=\"core-heading-block\" data-heading-level=\"2\">\n<h2 class=\"wp-block-heading\" id=\"h-niezbedne\">Niezb\u0119dne&nbsp;<\/h2>\n<\/div>\n\n\n<figure class=\"wp-block-table\"><table class=\"has-fixed-layout\"><tbody><tr><td><strong>Id<\/strong><\/td><td><strong>Duration<\/strong><\/td><td class=\"has-text-align-left\" data-align=\"left\"><strong>Description<\/strong><\/td><\/tr><tr><td>wt_consent<\/td><td>1 rok<\/td><td class=\"has-text-align-left\" data-align=\"left\">S\u0142u\u017cy do zapami\u0119tywania preferencji zgody u\u017cytkownika, kt\u00f3re maj\u0105 by\u0107 respektowane podczas kolejnych wizyt na stronie. Nie zbiera ani nie przechowuje danych osobowych odwiedzaj\u0105cych stron\u0119.<\/td><\/tr><\/tbody><\/table><\/figure>\n\n\n<div class=\"core-heading-block\" data-heading-level=\"2\">\n<h2 class=\"wp-block-heading\" id=\"h-funkcjonalny\">Funkcjonalny&nbsp;<\/h2>\n<\/div>\n\n\n<figure class=\"wp-block-table\"><table class=\"has-fixed-layout\"><tbody><tr><td><strong>Id<\/strong><\/td><td><strong>Czas trwania<\/strong><\/td><td><strong>Opis<\/strong><\/td><\/tr><tr><td>__cf_bm<\/td><td>30 minut<\/td><td>Ten plik cookie, ustawiony przez Cloudflare, s\u0142u\u017cy do obs\u0142ugi zarz\u0105dzania botami Cloudflare.<\/td><\/tr><tr><td>_li_id<\/td><td>2 lata<\/td><td>Leadinfo umieszcza dwa pliki pierwszej generacji, kt\u00f3re zapewniaj\u0105 jedynie Radial wgl\u0105d w zachowanie na stronie. Te pliki cookie nie b\u0119d\u0105 udost\u0119pniane innym stronom.<\/td><\/tr><tr><td>_li_ses<\/td><td>sesja<\/td><td>Leadinfo umieszcza dwa pliki pierwszej generacji, kt\u00f3re zapewniaj\u0105 jedynie Radial wgl\u0105d w zachowanie na stronie. Te pliki cookie nie b\u0119d\u0105 udost\u0119pniane innym stronom.<\/td><\/tr><tr><td>lpv138061<\/td><td>30 minut<\/td><td>Ten plik cookie LPV jest ustawiony w celu uniemo\u017cliwienia \u015bledzenia przez Pardot wielu ods\u0142on tego samego zasobu w ci\u0105gu jednej 30-minutowej sesji. Przyk\u0142ad: je\u015bli u\u017cytkownik w ci\u0105gu 30 minut kilkakrotnie od\u015bwie\u017ca stron\u0119 docelow\u0105, w\u00f3wczas wspomniany plik cookie uniemo\u017cliwia \u015bledzenie ka\u017cdego ponownego od\u015bwie\u017cenia jako nowej ods\u0142ony tej strony.<\/td><\/tr><tr><td>visitor_id138061<\/td><td>1 rok<\/td><td>Plik cookie Pardot zawiera unikalny identyfikator u\u017cytkownika oraz unikalny identyfikator konta Pardot. Na przyk\u0142ad plik cookie o nazwie visitor_id12345 przechowuje identyfikator u\u017cytkownika 1010101010. Identyfikator konta \u2013 12345 zapewnia, \u017ce \u200bu\u017cytkownik \u200b jest \u015bledzony na odpowiednim koncie Pardot. Warto\u015b\u0107 u\u017cytkownika to visitor_id na koncie Pardot. Ten plik cookie jest ustawiany dla u\u017cytkownik\u00f3w przez kod \u015bledzenia Pardot.<\/td><\/tr><tr><td>visitor_id138061-hash<\/td><td>1 rok<\/td><td>Plik cookie znacznik danego u\u017cytkownika Pardot zawiera identyfikator konta i przechowuje unikalny znacznik. Na przyk\u0142ad plik cookie o nazwie visitor_id12345-855c3697d9979e78ac404c4ba2c66533 przechowuje znacznik 855c3697d9979e78ac404c4ba2c66533, a identyfikator konta to 12345. Ten plik cookie stanowi \u015brodek zabezpieczaj\u0105cy, kt\u00f3ry zapewnia, \u017ce \u017caden podst\u0119pny u\u017cytkownik b\u0119dzie m\u00f3g\u0142 sfa\u0142szowa\u0107 u\u017cytkownika Pardot i uzyska\u0107 dost\u0119pu do informacji o potencjalnym kliencie.<\/td><\/tr><\/tbody><\/table><\/figure>\n\n\n<div class=\"core-heading-block\" data-heading-level=\"2\">\n<h2 class=\"wp-block-heading\" id=\"h-analityczny\">Analityczny&nbsp;<\/h2>\n<\/div>\n\n\n<figure class=\"wp-block-table\"><table class=\"has-fixed-layout\"><tbody><tr><td><strong>Id<\/strong><\/td><td><strong>Czas trwania<\/strong><\/td><td><strong>Opis<\/strong><\/td><\/tr><tr><td>_cfuvid<\/td><td>1 rok<\/td><td>Dotyczy limitowania szybko\u015bci przez Cloudflare.<\/td><\/tr><tr><td>_ga<\/td><td>2 lata<\/td><td>Plik cookie _ga, instalowany przez Google Analytics, oblicza dane dotycz\u0105ce odwiedzaj\u0105cych, sesji i kampanii, a ponadto \u015bledzi wykorzystanie strony internetowej na potrzeby raportu analitycznego dla tej strony. Plik ten przechowuje informacje anonimowo, a w celu rozpoznania konkretnych u\u017cytkownik\u00f3w przypisuje im losowo wygenerowany numer.<\/td><\/tr><tr><td>_ga_X5L4QD6SPV<\/td><td>2 lata<\/td><td>Ten plik cookie jest instalowany przez Google Analytics.<\/td><\/tr><tr><td>_zitok<\/td><td>1 rok<\/td><td>To ciasteczko pierwszej strony s\u0142u\u017cy do utrzymywania unikalnego identyfikatora odwiedzaj\u0105cego. U\u017cywane w produktach WebSights, FormComplete, Chat i Schedule. Zawiera nieprzezroczysty identyfikator GUID odwiedzaj\u0105cego.<\/td><\/tr><tr><td>pardot_utm_campaign<\/td><td>1 miesi\u0105c<\/td><td>Firma Radial ustawia ten plik cookie w celu \u015bledzenia oryginalnej warto\u015bci parametru utm_campaign u\u017cytkownika.<\/td><\/tr><tr><td>pardot_utm_content<\/td><td>1 miesi\u0105c<\/td><td>Firma Radial ustawia ten plik cookie w celu \u015bledzenia oryginalnej warto\u015bci parametru utm_content u\u017cytkownika.<\/td><\/tr><tr><td>pardot_utm_medium<\/td><td>1 miesi\u0105c<\/td><td>Firma Radial ustawia ten plik cookie w celu \u015bledzenia oryginalnej warto\u015bci parametru utm_medium u\u017cytkownika.<\/td><\/tr><tr><td>pardot_utm_source<\/td><td>1 miesi\u0105c<\/td><td>Firma Radial ustawia ten plik cookie w celu \u015bledzenia oryginalnej warto\u015bci parametru utm_source u\u017cytkownika.<\/td><\/tr><tr><td>pardot_utm_term<\/td><td>1 miesi\u0105c<\/td><td>Firma Radial ustawia ten plik cookie w celu \u015bledzenia oryginalnej warto\u015bci parametru utm_term u\u017cytkownika.<\/td><\/tr><\/tbody><\/table><\/figure>\n\n\n<div class=\"core-heading-block\" data-heading-level=\"2\">\n<h2 class=\"wp-block-heading\" id=\"h-reklamowy\">Reklamowy&nbsp;<\/h2>\n<\/div>\n\n\n<figure class=\"wp-block-table\"><table class=\"has-fixed-layout\"><tbody><tr><td><strong>Id<\/strong><\/td><td><strong>Czas trwania<\/strong><\/td><td><strong>Opis<\/strong><\/td><\/tr><tr><td>_gcl_au<\/td><td>1 rok<\/td><td>Ten plik cookie jest ustawiany przez Google Adsense do przechowywania i \u015bledzenia konwersji.<\/td><\/tr><tr><td>_gcl_aw<\/td><td>90 dni<\/td><td>U\u017cywane przez Google Ads do przechowywania informacji o klikni\u0119ciach do \u015bledzenia konwersji.<\/td><\/tr><tr><td>_gcl_gs<\/td><td>90 dni<\/td><td>Pomaga \u015bledzi\u0107 konwersje z kampanii Google Ads.<\/td><\/tr><tr><td>_fbp<\/td><td>3 miesi\u0105ce<\/td><td>Ten plik cookie jest ustawiany przez platform\u0119 Facebook w celu wy\u015bwietlania reklam na Facebooku lub na platformie cyfrowej obs\u0142ugiwanej przez reklamy Facebooka po odwiedzeniu danej strony internetowej.<\/td><\/tr><tr><td>AEC<\/td><td>6 miesi\u0119cy<\/td><td>Zapewnia, \u017ce \u017c\u0105dania w sesji pochodz\u0105 od u\u017cytkownika, a nie z innych stron.<\/td><\/tr><tr><td>AnalyticsSyncHistory<\/td><td>1 miesi\u0105c<\/td><td>U\u017cywany przez LinkedIn do przechowywania informacji o czasie synchronizacji z plikiem cookie lms_analytics.<\/td><\/tr><tr><td>ANID<\/td><td>13 miesi\u0119cy<\/td><td>Ten plik cookie s\u0142u\u017cy do wy\u015bwietlania reklam Google w witrynach innych ni\u017c Google.<\/td><\/tr><tr><td>bcookie<\/td><td>1 rok<\/td><td>LinkedIn ustawia ten plik cookie z poziomu przycisk\u00f3w udost\u0119pniania i tag\u00f3w reklam LinkedIn, aby m\u00f3c rozpozna\u0107 identyfikator przegl\u0105darki.<\/td><\/tr><tr><td>bscookie<\/td><td>1 rok<\/td><td>LinkedIn ustawia ten plik cookie w celu przechowywania informacji i wykonanych dzia\u0142aniach na stronie internetowej.<\/td><\/tr><tr><td>DV<\/td><td>24 godziny<\/td><td>U\u017cywane przez Google do zbierania informacji do spersonalizowanych reklam i analityki.<\/td><\/tr><tr><td>GCL_AW_P<\/td><td>90 dni<\/td><td>Przechowuje dane klikni\u0119\u0107 reklam w celu pomiaru skuteczno\u015bci kampanii.<\/td><\/tr><tr><td>fr<\/td><td>3 miesi\u0105ce<\/td><td>Facebook ustawia ten plik cookie, aby m\u00f3c wy\u015bwietla\u0107 u\u017cytkownikom odpowiednie reklamy, bazuj\u0105c na \u015bledzeniu zachowania u\u017cytkownik\u00f3w w sieci, na stronach internetowych, kt\u00f3re maj\u0105 piksel Facebooka lub wtyczk\u0119 spo\u0142eczno\u015bciow\u0105 Facebooka.<\/td><\/tr><tr><td>IDE<\/td><td>13 miesi\u0119cy<\/td><td>Ten plik cookie s\u0142u\u017cy do wy\u015bwietlania reklam Google w witrynach innych ni\u017c Google.<\/td><\/tr><tr><td>lang<\/td><td>sesja<\/td><td>LinkedIn ustawia ten plik cookie, aby zapami\u0119ta\u0107 ustawienia j\u0119zykowe u\u017cytkownika.<\/td><\/tr><tr><td>li_gc<\/td><td>2 lata<\/td><td>Plik cookie wykorzystywany przez LinkedIn do przechowywania zg\u00f3d udzielonych przez go\u015bci w zakresie u\u017cywania plik\u00f3w cookie do cel\u00f3w innych ni\u017c niezb\u0119dne.<\/td><\/tr><tr><td>li_sugr<\/td><td>3 miesi\u0105ce<\/td><td>S\u0142u\u017cy do probabilistycznego dopasowywania to\u017csamo\u015bci u\u017cytkownika poza Wskazanymi Krajami.<\/td><\/tr><tr><td>lidc<\/td><td>1 dzie\u0144<\/td><td>LinkedIn ustawia plik cookie lidc, aby wspom\u00f3c wyb\u00f3r centrum danych.<\/td><\/tr><tr><td>NID<\/td><td>6 miesi\u0119cy<\/td><td>Przechowuje preferencje u\u017cytkownika, takie jak j\u0119zyk lub liczba wynik\u00f3w wyszukiwania.<\/td><\/tr><tr><td>Pxrc<\/td><td>2 miesi\u0105ce<\/td><td>Ten plik cookie jest u\u017cywany do cel\u00f3w analitycznych i orkiestracyjnych dostarczanych przez produkty Demandbase. Ten plik cookie s\u0142u\u017cy do dostarczania reklam bardziej odpowiednich dla Ciebie i Twoich zainteresowa\u0144. S\u0142u\u017cy r\u00f3wnie\u017c do ograniczania liczby wy\u015bwietle\u0144 reklamy, a tak\u017ce pomaga mierzy\u0107 skuteczno\u015b\u0107 kampanii reklamowej<\/td><\/tr><tr><td>Rlas3<\/td><td>1 rok<\/td><td>Ten plik cookie jest u\u017cywany do cel\u00f3w analitycznych i orkiestracyjnych dostarczanych przez produkty Demandbase. Ten plik cookie jest u\u017cywany do dostarczania reklam, kt\u00f3re s\u0105 bardziej istotne dla Ciebie i Twoich zainteresowa\u0144. Jest r\u00f3wnie\u017c u\u017cywany do ograniczania liczby wy\u015bwietle\u0144 reklamy i do pomiaru skuteczno\u015bci kampanii reklamowej.<\/td><\/tr><tr><td>test_cookie<\/td><td>15 minut<\/td><td>U\u017cywane do sprawdzenia, czy przegl\u0105darka u\u017cytkownika obs\u0142uguje pliki cookie (ustawiane przez DoubleClick).<\/td><\/tr><tr><td>tuuid<\/td><td>1 rok<\/td><td>Ten plik cookie jest u\u017cywany do us\u0142ug analitycznych i reklamowych dostarczanych przez produkty Demandbase.<\/td><\/tr><tr><td>tuuid_lu<\/td><td>1 rok<\/td><td>Ten plik cookie jest u\u017cywany do us\u0142ug analitycznych i reklamowych dostarczanych przez produkty Demandbase.<\/td><\/tr><tr><td>U<\/td><td>3 miesi\u0105ce<\/td><td>LinkedIn u\u017cywa tego identyfikatora przegl\u0105darki dla u\u017cytkownik\u00f3w spoza Wskazanych Kraj\u00f3w.<\/td><\/tr><tr><td>UserMatchHistory<\/td><td>1 miesi\u0105c<\/td><td>LinkedIn ustawia ten plik cookie w celu synchronizacji identyfikatora reklam LinkedIn.<\/td><\/tr><tr><td>_gat_UA-8721228-1<\/td><td>1 minuta<\/td><td>Odmiana pliku cookie _gat ustawionego przez Google Analytics i Mened\u017cera tag\u00f3w Google, aby umo\u017cliwi\u0107 w\u0142a\u015bcicielom witryn \u015bledzenie zachowania odwiedzaj\u0105cych i mierzenie wydajno\u015bci witryny. Element wzorca w nazwie zawiera unikalny numer identyfikacyjny konta lub strony internetowej, kt\u00f3rej dotyczy.<\/td><\/tr><tr><td>_gid<\/td><td>1 dzie\u0144<\/td><td>Zainstalowany przez Google Analytics plik cookie _gid przechowuje informacje o tym, w jaki spos\u00f3b odwiedzaj\u0105cy korzystaj\u0105 ze strony internetowej, jednocze\u015bnie tworz\u0105c raport analityczny dotycz\u0105cy wydajno\u015bci strony internetowej. Niekt\u00f3re gromadzone dane obejmuj\u0105 liczb\u0119 odwiedzaj\u0105cych, ich \u017ar\u00f3d\u0142o i strony, kt\u00f3re odwiedzaj\u0105 anonimowo.<\/td><\/tr><\/tbody><\/table><\/figure>\n\n\n\n<style>\ntable {\n  width: 100%;\n  table-layout: fixed;\n}\n\ntable td:nth-child(1) {\n  width: 25%;\n}\n\ntable td:nth-child(2) {\n  width: 15%;\n}\n\ntable td:nth-child(3) {\n  width: 60%;\n}\n<\/style>\n\n<\/div>\n<\/div>\n<\/div>","protected":false},"excerpt":{"rendered":"","protected":false},"author":2,"featured_media":0,"parent":28959,"menu_order":0,"comment_status":"closed","ping_status":"closed","template":"","meta":{"_acf_changed":false,"inline_featured_image":false,"footnotes":""},"class_list":["post-28974","page","type-page","status-publish","hentry"],"acf":[],"_links":{"self":[{"href":"https:\/\/www.radial.com\/pl\/wp-json\/wp\/v2\/pages\/28974","targetHints":{"allow":["GET"]}}],"collection":[{"href":"https:\/\/www.radial.com\/pl\/wp-json\/wp\/v2\/pages"}],"about":[{"href":"https:\/\/www.radial.com\/pl\/wp-json\/wp\/v2\/types\/page"}],"author":[{"embeddable":true,"href":"https:\/\/www.radial.com\/pl\/wp-json\/wp\/v2\/users\/2"}],"replies":[{"embeddable":true,"href":"https:\/\/www.radial.com\/pl\/wp-json\/wp\/v2\/comments?post=28974"}],"version-history":[{"count":26,"href":"https:\/\/www.radial.com\/pl\/wp-json\/wp\/v2\/pages\/28974\/revisions"}],"predecessor-version":[{"id":75514,"href":"https:\/\/www.radial.com\/pl\/wp-json\/wp\/v2\/pages\/28974\/revisions\/75514"}],"up":[{"embeddable":true,"href":"https:\/\/www.radial.com\/pl\/wp-json\/wp\/v2\/pages\/28959"}],"wp:attachment":[{"href":"https:\/\/www.radial.com\/pl\/wp-json\/wp\/v2\/media?parent=28974"}],"curies":[{"name":"wp","href":"https:\/\/api.w.org\/{rel}","templated":true}]}}