{"id":28959,"date":"2022-08-04T14:31:54","date_gmt":"2022-08-04T18:31:54","guid":{"rendered":"https:\/\/www.radial.com\/legal"},"modified":"2022-09-12T12:19:12","modified_gmt":"2022-09-12T16:19:12","slug":"legal","status":"publish","type":"page","link":"https:\/\/www.radial.com\/pl\/prawny","title":{"rendered":"Prawny"},"content":{"rendered":"\n<div class=\"page-wrapper\">\n\t\n\n<div class=\"interior-page\">\n\t\n\n\n<div class=\"interior-hero\">\n\t<div class=\"interior-hero__inner\">\n\t\t\t\t\t<h1 class=\"interior-hero__title\">Prawny<\/h1>\n\t\t\t\t\t<\/div>\n<\/div>\n\n\n<div class=\"interior-page-block-area\">\n\t\n<div class=\"core-heading-block\" data-heading-level=\"2\">\n<h2 class=\"wp-block-heading\" id=\"h-warunki-korzystania-ze-strony-internetowej\">Warunki korzystania ze strony internetowej<\/h2>\n<\/div>\n\n<div class=\"core-paragraph-block\">\n<p><a href=\"https:\/\/www.radial.com\/pl\/prawny\/informacje-prawne-dotyczace-strony-internetowej\">Informacje prawne dotycz\u0105ce strony internetowej<br><\/a><a href=\"https:\/\/www.radial.com\/pl\/prawny\/informacja-o-prywatnosci\">Informacja o ochronie prywatno\u015bci u\u017cytkownik\u00f3w strony internetowej<\/a><br><a href=\"https:\/\/www.radial.com\/pl\/prawny\/polityka-cookies-firmy-radial\">Polityka cookies firmy Radial<\/a><\/p>\n<\/div>\n<\/div>\n<\/div>\n<\/div>","protected":false},"excerpt":{"rendered":"","protected":false},"author":2,"featured_media":0,"parent":0,"menu_order":0,"comment_status":"closed","ping_status":"closed","template":"","meta":{"_acf_changed":false,"inline_featured_image":false,"footnotes":""},"class_list":["post-28959","page","type-page","status-publish","hentry"],"acf":[],"_links":{"self":[{"href":"https:\/\/www.radial.com\/pl\/wp-json\/wp\/v2\/pages\/28959","targetHints":{"allow":["GET"]}}],"collection":[{"href":"https:\/\/www.radial.com\/pl\/wp-json\/wp\/v2\/pages"}],"about":[{"href":"https:\/\/www.radial.com\/pl\/wp-json\/wp\/v2\/types\/page"}],"author":[{"embeddable":true,"href":"https:\/\/www.radial.com\/pl\/wp-json\/wp\/v2\/users\/2"}],"replies":[{"embeddable":true,"href":"https:\/\/www.radial.com\/pl\/wp-json\/wp\/v2\/comments?post=28959"}],"version-history":[{"count":5,"href":"https:\/\/www.radial.com\/pl\/wp-json\/wp\/v2\/pages\/28959\/revisions"}],"predecessor-version":[{"id":30301,"href":"https:\/\/www.radial.com\/pl\/wp-json\/wp\/v2\/pages\/28959\/revisions\/30301"}],"wp:attachment":[{"href":"https:\/\/www.radial.com\/pl\/wp-json\/wp\/v2\/media?parent=28959"}],"curies":[{"name":"wp","href":"https:\/\/api.w.org\/{rel}","templated":true}]}}