{"id":28071,"date":"2022-06-24T15:00:38","date_gmt":"2022-06-24T19:00:38","guid":{"rendered":"https:\/\/www.radial.com\/contact-us"},"modified":"2026-01-12T14:59:00","modified_gmt":"2026-01-12T19:59:00","slug":"skontaktuj-sie","status":"publish","type":"page","link":"https:\/\/www.radial.com\/pl\/skontaktuj-sie","title":{"rendered":"Skontaktuj si\u0119\u00a0"},"content":{"rendered":"\n<div class=\"page-wrapper\">\n\t\n\n<div class=\"interior-page\">\n\t\n\n\n<div class=\"interior-hero\">\n\t<div class=\"interior-hero__inner\">\n\t\t\t\t\t<h1 class=\"interior-hero__title\">Skontaktuj si\u0119\u00a0<\/h1>\n\t\t\t\t\t\t\t<div class=\"interior-hero__summary\">\n\t\t\t\t<p>Chcesz dowiedzie\u0107 si\u0119 wi\u0119cej o rozwi\u0105zaniach firmy Radial do realizacji zam\u00f3wie\u0144 e-commerce?<\/p>\n\t\t\t<\/div>\n\t\t\t<\/div>\n<\/div>\n\n\n<div class=\"interior-page-block-area\">\n\t\n\n<div\n        data-form-id='3449d233-edef-f011-8407-7c1e525a0dd8'\n        data-form-api-url='https:\/\/public-usa.mkt.dynamics.com\/api\/v1.0\/orgs\/992dc936-8646-4187-ba46-984408a7884e\/landingpageforms'\n        data-cached-form-url='https:\/\/assets-usa.mkt.dynamics.com\/992dc936-8646-4187-ba46-984408a7884e\/digitalassets\/forms\/3449d233-edef-f011-8407-7c1e525a0dd8' ><\/div>\n        <script src = 'https:\/\/cxppusa1formui01cdnsa01-endpoint.azureedge.net\/usa\/FormLoader\/FormLoader.bundle.js' ><\/script>\n\n\n<div class=\"core-heading-block\" data-heading-level=\"2\">\n<h2 class=\"wp-block-heading\" id=\"h-masz-pytania-dotyczace-zatrudnienia\">Masz pytania dotycz\u0105ce zatrudnienia?&nbsp;<\/h2>\n<\/div>\n\n<div class=\"core-paragraph-block\">\n<p>Wi\u0119cej informacji znajdziesz na naszej stronie <a href=\"https:\/\/www.radial.com\/pl\/kariera\">Kariera<\/a>.&nbsp;<\/p>\n<\/div>\n\n<div class=\"core-paragraph-block\">\n<p>W przypadku innych zapyta\u0144 zwi\u0105zanych z HR, <a href=\"mailto:hrcentral@radial.com\" target=\"_blank\" rel=\"noreferrer noopener\">kliknij tutaj<\/a>.&nbsp;<\/p>\n<\/div>\n\n<div class=\"core-heading-block\" data-heading-level=\"2\">\n<h2 class=\"wp-block-heading\">Inne sposoby kontaktu z nami&nbsp;<\/h2>\n<\/div>\n\n<div class=\"core-paragraph-block\">\n<p><strong>Telefon:<\/strong> +48 22 270 40 00<\/p>\n<\/div>\n<\/div>\n<\/div>\n<\/div>","protected":false},"excerpt":{"rendered":"","protected":false},"author":1,"featured_media":0,"parent":0,"menu_order":0,"comment_status":"closed","ping_status":"closed","template":"","meta":{"_acf_changed":false,"inline_featured_image":false,"footnotes":""},"class_list":["post-28071","page","type-page","status-publish","hentry"],"acf":[],"_links":{"self":[{"href":"https:\/\/www.radial.com\/pl\/wp-json\/wp\/v2\/pages\/28071","targetHints":{"allow":["GET"]}}],"collection":[{"href":"https:\/\/www.radial.com\/pl\/wp-json\/wp\/v2\/pages"}],"about":[{"href":"https:\/\/www.radial.com\/pl\/wp-json\/wp\/v2\/types\/page"}],"author":[{"embeddable":true,"href":"https:\/\/www.radial.com\/pl\/wp-json\/wp\/v2\/users\/1"}],"replies":[{"embeddable":true,"href":"https:\/\/www.radial.com\/pl\/wp-json\/wp\/v2\/comments?post=28071"}],"version-history":[{"count":10,"href":"https:\/\/www.radial.com\/pl\/wp-json\/wp\/v2\/pages\/28071\/revisions"}],"predecessor-version":[{"id":79200,"href":"https:\/\/www.radial.com\/pl\/wp-json\/wp\/v2\/pages\/28071\/revisions\/79200"}],"wp:attachment":[{"href":"https:\/\/www.radial.com\/pl\/wp-json\/wp\/v2\/media?parent=28071"}],"curies":[{"name":"wp","href":"https:\/\/api.w.org\/{rel}","templated":true}]}}