{"id":28066,"date":"2022-05-25T09:50:56","date_gmt":"2022-05-25T13:50:56","guid":{"rendered":"https:\/\/www.radial.com\/careers"},"modified":"2025-12-09T06:05:37","modified_gmt":"2025-12-09T11:05:37","slug":"kariera","status":"publish","type":"page","link":"https:\/\/www.radial.com\/pl\/kariera","title":{"rendered":"Kariera"},"content":{"rendered":"\n<div class=\"page-wrapper\">\n\t\n\n<div class=\"landing-page\">\n\t\n\n<div class=\"landing-page-hero-area\" id=\"landing-page-hero-area\">\n\t\n\n\n<div class=\"hero-landing-block\">\n\t<div class=\"hero-landing-block__inner\">\n\t\t<div class=\"hero-landing-block__info\">\n\t\t\t<div class=\"hero-landing-block__info--inner\">\n\t\t\t<h1 class=\"hero-landing-block__title\">Nap\u0119dzaj przysz\u0142o\u015b\u0107 e-commerce <\/h1>\n                            <h2 class=\"hero-landing-block__subtitle\">Poznaj \u017cycie w Radial <\/h2>\n            \t\t\t\t\t\t\t<div class=\"hero-landing-block__summary\">\n\t\t\t\t\t<p>Wynie\u015b swoj\u0105 karier\u0119 na wy\u017cszy poziom, do\u0142\u0105czaj\u0105c do naszego globalnego, szybko rozwijaj\u0105cego si\u0119 zespo\u0142u w Radial na wielu r\u00f3\u017cnych \u015bcie\u017ckach kariery. Do\u0142\u0105cz do nas i razem z nami dostarczaj konsumentom ich ukochane marki dzi\u0119ki naszym rozwi\u0105zaniom w zakresie realizacji zam\u00f3wie\u0144, obs\u0142ugi klienta i technologii.<\/p>\n\t\t\t\t<\/div>\n\t\t\t\t\t\t\t\t\t\t<a class=\"hero-landing-block__cta button-primary light\" href=\"https:\/\/radial.my.salesforce-sites.com\/careers\" target=\"_blank\">Wszystkie oferty pracy <\/a>\t\t\t\t\t\t<\/div>\n\t\t<\/div>\n\t\t<div class=\"hero-landing-block__image\">\n\t\t\t<picture>\r\n<source data-image-size=\"hero_landing_small\" srcset=\"https:\/\/www.radial.com\/wp-content\/uploads\/2022\/08\/09\/careers-vertical-aspect-ratio-3-2-342x228.jpg, https:\/\/www.radial.com\/wp-content\/uploads\/2022\/08\/09\/careers-vertical-aspect-ratio-3-2-684x456.jpg 2x\" media=\"(max-width: 350px)\" type=\"image\/jpeg\">\r\n<source data-image-size=\"hero_landing_medium\" srcset=\"https:\/\/www.radial.com\/wp-content\/uploads\/2022\/08\/09\/careers-vertical-aspect-ratio-3-2-705x470.jpg, https:\/\/www.radial.com\/wp-content\/uploads\/2022\/08\/09\/careers-vertical-aspect-ratio-3-2-1410x940.jpg 2x\" media=\"(max-width: 715px)\" type=\"image\/jpeg\">\r\n<source data-image-size=\"hero_landing_medium_large\" srcset=\"https:\/\/www.radial.com\/wp-content\/uploads\/2022\/08\/09\/careers-vertical-aspect-ratio-3-2-960x640.jpg\" media=\"(max-width: 1023px)\" type=\"image\/jpeg\">\r\n<source data-image-size=\"hero_landing_large\" srcset=\"https:\/\/www.radial.com\/wp-content\/uploads\/2022\/08\/09\/careers-vertical-aspect-ratio-22-25-704x800.jpg, https:\/\/www.radial.com\/wp-content\/uploads\/2022\/08\/09\/careers-vertical-aspect-ratio-22-25-1408x1600.jpg 2x\" media=\"(max-width: 1440px)\" type=\"image\/jpeg\">\r\n<source data-image-size=\"hero_landing_huge\" srcset=\"https:\/\/www.radial.com\/wp-content\/uploads\/2022\/08\/09\/careers-vertical-aspect-ratio-22-25-946x1075.jpg\" type=\"image\/jpeg\">\r\n<img decoding=\"async\" alt=\"\" src=\"https:\/\/www.radial.com\/wp-content\/uploads\/2022\/08\/09\/careers-vertical-aspect-ratio-22-25-704x800.jpg\">\r\n<\/picture>\t\t<\/div>\n\t<\/div>\n<\/div>\n\n<\/div>\n\n\n<div class=\"landing-page-block-area\">\n\t\n\n<div class=\"switchback-block left\">\n\t\t\t\t\t\t\t\t\t            <div class=\"switchback-block__outer light\">\n                <div class=\"switchback-block__inner\">\n                    <div class=\"switchback-block__left animate\">\n\t\t\t\t\t\t\t\t\t\t\t\t\t<picture>\r\n<source data-image-size=\"switchback_small\" srcset=\"https:\/\/www.radial.com\/wp-content\/uploads\/2022\/08\/09\/careers-meet-radial-aspect-ratio-1-1-350x350.jpg, https:\/\/www.radial.com\/wp-content\/uploads\/2022\/08\/09\/careers-meet-radial-aspect-ratio-1-1-700x700.jpg 2x\" media=\"(max-width: 1280px)\" type=\"image\/jpeg\">\r\n<source data-image-size=\"switchback_large\" srcset=\"https:\/\/www.radial.com\/wp-content\/uploads\/2022\/08\/09\/careers-meet-radial-aspect-ratio-1-1-518x518.jpg, https:\/\/www.radial.com\/wp-content\/uploads\/2022\/08\/09\/careers-meet-radial-aspect-ratio-1-1-1036x1036.jpg 2x\" type=\"image\/jpeg\">\r\n<img decoding=\"async\" alt=\"\" src=\"https:\/\/www.radial.com\/wp-content\/uploads\/2022\/08\/09\/careers-meet-radial-aspect-ratio-1-1-518x518.jpg\" loading=\"lazy\">\r\n<\/picture>\t\t\t\t\t\t                    <\/div>\n\n                    <div class=\"switchback-block__right animate\">\n\t\t\t\t\t\t\t\t\t\t\t\t                            <h2 class=\"switchback-block__title\">Poznaj Radial <\/h2>\n\t\t\t\t\t\t\t\t\t\t\t\t\t\t\t\t\t\t                            <div class=\"switchback-block__summary paragraph-block\"><p>Radial to ukierunkowana na klienta, innowacyjna i przedsi\u0119biorcza organizacja, kt\u00f3ra zapewnia globalnym markom wiod\u0105ce w bran\u017cy rozwi\u0105zania w zakresie realizacji zam\u00f3wie\u0144 e-commerce. Umo\u017cliwiamy naszym klientom zwi\u0119kszanie zaanga\u017cowania konsument\u00f3w we wszystkich punktach kontaktu w procesie zakupowym \u2014 w dowolnym czasie, miejscu i na dowolnym urz\u0105dzeniu. Jako sp\u00f3\u0142ka bnode z ugruntowan\u0105 histori\u0105 mamy si\u0142\u0119 i stabilno\u015b\u0107 potrzebne, aby inwestowa\u0107 w trwa\u0142y sukces naszych klient\u00f3w i naszych utalentowanych pracownik\u00f3w.<\/p>\n<\/div>\n\t\t\t\t\t\t\n\t\t\t\t\t\t                            <div class=\"switchback-block__cta-container\">\n\t\t\t\t\t\t\t\t\t\t\t\t\t\t\t\t\t\t\t\t\t\t\t\t\t\t\t<a class=\"switchback-block__cta button-primary dark-b\" href=\"https:\/\/www.radial.com\/pl\/o-nas\" target=\"_self\">O nas <\/a>\t\t\t\t\t\t\t\t\t\t\t\t\t\t\t\t\t                            <\/div>\n\t\t\t\t\t\t                    <\/div>\n                <\/div>\n            <\/div>\n\t\t\t\t\t\t\t\t            <div class=\"switchback-block__outer dark\">\n                <div class=\"switchback-block__inner\">\n                    <div class=\"switchback-block__left animate\">\n\t\t\t\t\t\t\t\t\t\t\t\t\t<picture>\r\n<source data-image-size=\"switchback_small\" srcset=\"https:\/\/www.radial.com\/wp-content\/uploads\/2022\/08\/09\/careers-our-values-aspect-ratio-1-1-350x350.jpg, https:\/\/www.radial.com\/wp-content\/uploads\/2022\/08\/09\/careers-our-values-aspect-ratio-1-1-700x700.jpg 2x\" media=\"(max-width: 1280px)\" type=\"image\/jpeg\">\r\n<source data-image-size=\"switchback_large\" srcset=\"https:\/\/www.radial.com\/wp-content\/uploads\/2022\/08\/09\/careers-our-values-aspect-ratio-1-1-518x518.jpg, https:\/\/www.radial.com\/wp-content\/uploads\/2022\/08\/09\/careers-our-values-aspect-ratio-1-1-1036x1036.jpg 2x\" type=\"image\/jpeg\">\r\n<img decoding=\"async\" alt=\"\" src=\"https:\/\/www.radial.com\/wp-content\/uploads\/2022\/08\/09\/careers-our-values-aspect-ratio-1-1-518x518.jpg\" loading=\"lazy\">\r\n<\/picture>\t\t\t\t\t\t                    <\/div>\n\n                    <div class=\"switchback-block__right animate\">\n\t\t\t\t\t\t                            <label class=\"switchback-block__eyebrow\">Nasze warto\u015bci <\/label>\n\t\t\t\t\t\t\t\t\t\t\t\t                            <h2 class=\"switchback-block__title\">Dlaczego pokochasz \u017cycie w Radial <\/h2>\n\t\t\t\t\t\t\t\t\t\t\t\t\t\t\t\t\t\t                            <div class=\"switchback-block__summary paragraph-block\"><p>Jako firma globalna dbamy o naszych pracownik\u00f3w, nasze spo\u0142eczno\u015bci i nasz szerszy wp\u0142yw poprzez inicjatywy z zakresu spo\u0142ecznej odpowiedzialno\u015bci biznesu. Wprowadzamy to w \u017cycie, inwestuj\u0105c w r\u00f3\u017cnorodno\u015b\u0107 i inkluzywno\u015b\u0107, zr\u00f3wnowa\u017cony rozw\u00f3j z poszanowaniem \u015brodowiska, oraz tworz\u0105c bezpieczn\u0105 i wspieraj\u0105c\u0105 kultur\u0119 pracy. Niezale\u017cnie od tego, czy pracujesz w domu, w centrum realizacji zam\u00f3wie\u0144, czy w jednym z naszych biur korporacyjnych, nasze silne warto\u015bci s\u0105 podstaw\u0105 do\u015bwiadczenia pracownik\u00f3w.<\/p>\n<\/div>\n\t\t\t\t\t\t\n\t\t\t\t\t\t                            <div class=\"switchback-block__cta-container\">\n\t\t\t\t\t\t\t\t\t\t\t\t\t\t\t\t\t\t\t\t\t\t\t\t\t\t\t<a class=\"switchback-block__cta button-primary light-b\" href=\"https:\/\/www.radial.com\/pl\/kariera\/wartosci-zrownowazony-rozwoj\" target=\"_self\">Nasze warto\u015bci i inicjatywy<\/a>\t\t\t\t\t\t\t\t\t\t\t\t\t\t\t\t\t                            <\/div>\n\t\t\t\t\t\t                    <\/div>\n                <\/div>\n            <\/div>\n\t\t\t<\/div>\n\n\n<div class=\"switchback-block left\">\n\t\t\t\t\t\t\t\t\t            <div class=\"switchback-block__outer light\">\n                <div class=\"switchback-block__inner\">\n                    <div class=\"switchback-block__left animate\">\n\t\t\t\t\t\t\t\t\t\t\t\t\t<picture>\r\n<source data-image-size=\"switchback_small\" srcset=\"https:\/\/www.radial.com\/wp-content\/uploads\/2022\/08\/09\/diversity-equity-inclusion-aspect-ratio-1-1-350x350.jpg, https:\/\/www.radial.com\/wp-content\/uploads\/2022\/08\/09\/diversity-equity-inclusion-aspect-ratio-1-1-700x700.jpg 2x\" media=\"(max-width: 1280px)\" type=\"image\/jpeg\">\r\n<source data-image-size=\"switchback_large\" srcset=\"https:\/\/www.radial.com\/wp-content\/uploads\/2022\/08\/09\/diversity-equity-inclusion-aspect-ratio-1-1-518x518.jpg, https:\/\/www.radial.com\/wp-content\/uploads\/2022\/08\/09\/diversity-equity-inclusion-aspect-ratio-1-1-1036x1036.jpg 2x\" type=\"image\/jpeg\">\r\n<img decoding=\"async\" alt=\"\" src=\"https:\/\/www.radial.com\/wp-content\/uploads\/2022\/08\/09\/diversity-equity-inclusion-aspect-ratio-1-1-518x518.jpg\" loading=\"lazy\">\r\n<\/picture>\t\t\t\t\t\t                    <\/div>\n\n                    <div class=\"switchback-block__right animate\">\n\t\t\t\t\t\t                            <label class=\"switchback-block__eyebrow\">DE&amp;I <\/label>\n\t\t\t\t\t\t\t\t\t\t\t\t                            <h2 class=\"switchback-block__title\">Dbamy o r\u00f3\u017cnorodno\u015b\u0107, r\u00f3wno\u015b\u0107 i inkluzywno\u015b\u0107 <\/h2>\n\t\t\t\t\t\t\t\t\t\t\t\t\t\t\t\t\t\t                            <div class=\"switchback-block__summary paragraph-block\"><p>Nieustannie rozszerzamy nasze wysi\u0142ki w ka\u017cdym dziale Radial, aby wspiera\u0107 wi\u0119ksz\u0105 r\u00f3\u017cnorodno\u015b\u0107, r\u00f3wno\u015b\u0107 i inkluzywno\u015b\u0107. Wiemy, \u017ce zr\u00f3\u017cnicowani i wspierani ludzie pomagaj\u0105 nam budowa\u0107 lepsz\u0105 firm\u0119 \u2014 i lepszy \u015bwiat \u2014 zobowi\u0105zujemy si\u0119 do kontynuowania tego zadania przez d\u0142ugi czas.<\/p>\n<\/div>\n\t\t\t\t\t\t\n\t\t\t\t\t\t                            <div class=\"switchback-block__cta-container\">\n\t\t\t\t\t\t\t\t\t\t\t\t\t\t\t\t\t\t\t\t\t\t\t\t\t\t\t<a class=\"switchback-block__cta button-primary dark-b\" href=\"https:\/\/www.radial.com\/pl\/kariera\/roznorodnosc-sprawiedliwosc-i-inkluzja\" target=\"_self\">R\u00f3\u017cnorodno\u015b\u0107, sprawiedliwo\u015b\u0107 i inkluzja<\/a>\t\t\t\t\t\t\t\t\t\t\t\t\t\t\t\t\t                            <\/div>\n\t\t\t\t\t\t                    <\/div>\n                <\/div>\n            <\/div>\n\t\t\t<\/div>\n\n\n<section class=\"featured-highlight-block featured-highlight\" is=\"featured-highlight-block\">\n    <header class=\"featured-highlight__header animate\">\n\t                <span class=\"featured-highlight__subtitle\">\n\t\t\tWsparcie pracownik\u00f3w \t\t<\/span>\n\t    \t                <h2 class=\"featured-highlight__title\">\u015awiadczenia, kt\u00f3re pomagaj\u0105 budowa\u0107 lepsze \u017cycie  <\/h2>\n\t    \t                <div class=\"featured-highlight__summary\">\n\t\t\t    <p>Nasi pracownicy s\u0105 sercem naszej dzia\u0142alno\u015bci. Dlatego oferujemy konkurencyjne i kompleksowe \u015bwiadczenia, dodatki i programy, aby wesprze\u0107 pracownik\u00f3w w rozwoju.<\/p>\n            <\/div>\n\t        <\/header>\n\t<div class=\"featured-highlight__inner\">\n\t\t\t\t\t<div class=\"featured-highlight__image animate\">\n\t\t\t\t<picture>\r\n<source data-image-size=\"featured_highlight_landscape_small\" srcset=\"https:\/\/www.radial.com\/wp-content\/uploads\/2022\/08\/22\/careers-employee-support-342x228.jpg, https:\/\/www.radial.com\/wp-content\/uploads\/2022\/08\/22\/careers-employee-support-684x456.jpg 2x\" media=\"(max-width: 370px)\" type=\"image\/jpeg\">\r\n<source data-image-size=\"featured_highlight_landscape_medium\" srcset=\"https:\/\/www.radial.com\/wp-content\/uploads\/2022\/08\/22\/careers-employee-support-690x460.jpg, https:\/\/www.radial.com\/wp-content\/uploads\/2022\/08\/22\/careers-employee-support-1380x920.jpg 2x\" media=\"(max-width: 700px)\" type=\"image\/jpeg\">\r\n<source data-image-size=\"featured_highlight_landscape_large\" srcset=\"https:\/\/www.radial.com\/wp-content\/uploads\/2022\/08\/22\/careers-employee-support-990x660.jpg, https:\/\/www.radial.com\/wp-content\/uploads\/2022\/08\/22\/careers-employee-support-1980x1320.jpg 2x\" media=\"(max-width: 1023px)\" type=\"image\/jpeg\">\r\n<source data-image-size=\"featured_highlight_portrait_large\" srcset=\"https:\/\/www.radial.com\/wp-content\/uploads\/2022\/08\/23\/careers-employee-support-aspect-ratio-469-646-469x646.jpg, https:\/\/www.radial.com\/wp-content\/uploads\/2022\/08\/23\/careers-employee-support-aspect-ratio-469-646-938x1292.jpg 2x\" type=\"image\/jpeg\">\r\n<img decoding=\"async\" alt=\"\" src=\"https:\/\/www.radial.com\/wp-content\/uploads\/2022\/08\/23\/careers-employee-support-aspect-ratio-469-646-469x646.jpg\" loading=\"lazy\">\r\n<\/picture>\t\t\t<\/div>\n\t\t\t\t\t\t\t<div class=\"featured-highlight__container animate\">\n\t\t\t\t\t\t\t\t\t\t\t\t\t\t\t\t\t\t\t\t\t\t<div class=\"featured-highlight__element\">\n\t\t\t\t\t\t\t\t\t\t\t\t\t\t\t\t\t<h3 class=\"featured-highlight__element-heading\">\n\t\t\t\t\t\t\t\t\t\t\t\t\t\t\t\t\t\t\t\t\t\t\t\t\t\t\t\t\t\t\t<span class=\"featured-highlight__icon\">\n\t\t\t\t\t\t\t\t\t\t\t\t<img decoding=\"async\" alt=\"Heart\" src=\"https:\/\/www.radial.com\/wp-content\/uploads\/2022\/07\/06\/heart.svg\" \/>\n\t\t\t\t\t\t\t\t\t\t\t<\/span>\n\t\t\t\t\t\t\t\t\t\t\t\t\t\t\t\t\t\t\t\t<span>\n\t\t\t\t\t\t\t\t\t\t\tZdrowie, stomatologia i dobre samopoczucie \t\t\t\t\t\t\t\t\t\t<\/span>\n\t\t\t\t\t\t\t\t\t<\/h3>\n\t\t\t\t\t\t\t\t\t\t\t\t\t\t\t\t\t\t\t\t\t\t\t\t\t<div class=\"featured-highlight__content\">\n\t\t\t\t\t\t\t\t\t\t<p>Pracownicy mog\u0105 szybko uzyska\u0107 dost\u0119p do \u015bwiadcze\u0144, kt\u00f3rych potrzebuj\u0105, aby zadba\u0107 o siebie i budowa\u0107 zdrowe nawyki. Nieustannie rozwijamy nasz\u0105 ofert\u0119, aby zapewnia\u0107 to, co najwa\u017cniejsze dla naszych pracownik\u00f3w.<\/p>\n\t\t\t\t\t\t\t\t\t<\/div>\n\t\t\t\t\t\t\t\t\n\t\t\t\t\t\t\t\t\t\t\t\t\t\t\t<\/div>\n\t\t\t\t\t\t\t\t\t\t\t\t\t\t\t\t\t\t\t\t\t\t\t\t\t\t\t\t\t\t\t\t\t\t<div class=\"featured-highlight__element\">\n\t\t\t\t\t\t\t\t\t\t\t\t\t\t\t\t\t<h3 class=\"featured-highlight__element-heading\">\n\t\t\t\t\t\t\t\t\t\t\t\t\t\t\t\t\t\t\t\t\t\t\t\t\t\t\t\t\t\t\t<span class=\"featured-highlight__icon\">\n\t\t\t\t\t\t\t\t\t\t\t\t<img decoding=\"async\" alt=\"Bar Chart\" src=\"https:\/\/www.radial.com\/wp-content\/uploads\/2022\/07\/06\/bar-chart.svg\" \/>\n\t\t\t\t\t\t\t\t\t\t\t<\/span>\n\t\t\t\t\t\t\t\t\t\t\t\t\t\t\t\t\t\t\t\t<span>\n\t\t\t\t\t\t\t\t\t\t\tKonkurencyjne plany 401K \t\t\t\t\t\t\t\t\t\t<\/span>\n\t\t\t\t\t\t\t\t\t<\/h3>\n\t\t\t\t\t\t\t\t\t\t\t\t\t\t\t\t\t\t\t\t\t\t\t\t\t<div class=\"featured-highlight__content\">\n\t\t\t\t\t\t\t\t\t\t<p>Oferujemy dob\u00f3r sp\u00f3\u0142ki oraz natychmiastowe przekazywanie sk\u0142adek, aby pom\u00f3c Ci w planowaniu przysz\u0142o\u015bci.<\/p>\n\t\t\t\t\t\t\t\t\t<\/div>\n\t\t\t\t\t\t\t\t\n\t\t\t\t\t\t\t\t\t\t\t\t\t\t\t<\/div>\n\t\t\t\t\t\t\t\t\t\t\t\t\t\t\t\t\t\t\t\t\t\t\t\t\t\t\t\t\t\t\t\t\t\t<div class=\"featured-highlight__element\">\n\t\t\t\t\t\t\t\t\t\t\t\t\t\t\t\t\t<h3 class=\"featured-highlight__element-heading\">\n\t\t\t\t\t\t\t\t\t\t\t\t\t\t\t\t\t\t\t\t\t\t\t\t\t\t\t\t\t\t\t<span class=\"featured-highlight__icon\">\n\t\t\t\t\t\t\t\t\t\t\t\t<img decoding=\"async\" alt=\"House\" src=\"https:\/\/www.radial.com\/wp-content\/uploads\/2022\/07\/06\/house.svg\" \/>\n\t\t\t\t\t\t\t\t\t\t\t<\/span>\n\t\t\t\t\t\t\t\t\t\t\t\t\t\t\t\t\t\t\t\t<span>\n\t\t\t\t\t\t\t\t\t\t\tHojnie op\u0142acany czas wolny \t\t\t\t\t\t\t\t\t\t<\/span>\n\t\t\t\t\t\t\t\t\t<\/h3>\n\t\t\t\t\t\t\t\t\t\t\t\t\t\t\t\t\t\t\t\t\t\t\t\t\t<div class=\"featured-highlight__content\">\n\t\t\t\t\t\t\t\t\t\t<p>Oferujemy p\u0142atny urlop dla sta\u0142ych pracownik\u00f3w etatowych, kt\u00f3ry obejmuje wakacje oraz p\u0142atny urlop rodzicielski, poniewa\u017c r\u00f3wnowaga mi\u0119dzy \u017cyciem zawodowym i prywatnym ma dla nas du\u017ce znaczenie.<\/p>\n\t\t\t\t\t\t\t\t\t<\/div>\n\t\t\t\t\t\t\t\t\n\t\t\t\t\t\t\t\t\t\t\t\t\t\t\t<\/div>\n\t\t\t\t\t\t\t\t\t\t\t\t\t\t\t\t\t\t\t\t\t\t\t\t\t\t\t\t\t\t\t\t\t\t<div class=\"featured-highlight__element\">\n\t\t\t\t\t\t\t\t\t\t\t\t\t\t\t\t\t<h3 class=\"featured-highlight__element-heading\">\n\t\t\t\t\t\t\t\t\t\t\t\t\t\t\t\t\t\t\t\t\t\t\t\t\t\t\t\t\t\t\t<span class=\"featured-highlight__icon\">\n\t\t\t\t\t\t\t\t\t\t\t\t<img decoding=\"async\" alt=\"Book\" src=\"https:\/\/www.radial.com\/wp-content\/uploads\/2022\/07\/06\/book.svg\" \/>\n\t\t\t\t\t\t\t\t\t\t\t<\/span>\n\t\t\t\t\t\t\t\t\t\t\t\t\t\t\t\t\t\t\t\t<span>\n\t\t\t\t\t\t\t\t\t\t\tWsparcie edukacyjne \t\t\t\t\t\t\t\t\t\t<\/span>\n\t\t\t\t\t\t\t\t\t<\/h3>\n\t\t\t\t\t\t\t\t\t\t\t\t\t\t\t\t\t\t\t\t\t\t\t\t\t<div class=\"featured-highlight__content\">\n\t\t\t\t\t\t\t\t\t\t<p>Zach\u0119camy do kszta\u0142towania w\u0142asnej \u015bcie\u017cki kariery podczas wsp\u00f3lnego kszta\u0142towania przysz\u0142o\u015bci. Nasz program wsparcia edukacyjnego pozwala wykwalifikowanym pracownikom zdoby\u0107 dyplom, jednocze\u015bnie zdobywaj\u0105c praktyczne do\u015bwiadczenie.<\/p>\n\t\t\t\t\t\t\t\t\t<\/div>\n\t\t\t\t\t\t\t\t\n\t\t\t\t\t\t\t\t\t\t\t\t\t\t\t<\/div>\n\t\t\t\t\t\t\t\t\t\t\t\t\t\t\t\t\t\t\t\t\t\t\t\t\t\t\t\t\t\t\t\t\t\t<div class=\"featured-highlight__element\">\n\t\t\t\t\t\t\t\t\t\t\t\t\t\t\t\t\t<h3 class=\"featured-highlight__element-heading\">\n\t\t\t\t\t\t\t\t\t\t\t\t\t\t\t\t\t\t\t\t\t\t\t\t\t\t\t\t\t\t\t<span class=\"featured-highlight__icon\">\n\t\t\t\t\t\t\t\t\t\t\t\t<img decoding=\"async\" alt=\"Person\" src=\"https:\/\/www.radial.com\/wp-content\/uploads\/2022\/07\/06\/person.svg\" \/>\n\t\t\t\t\t\t\t\t\t\t\t<\/span>\n\t\t\t\t\t\t\t\t\t\t\t\t\t\t\t\t\t\t\t\t<span>\n\t\t\t\t\t\t\t\t\t\t\tDodatki i rabaty \t\t\t\t\t\t\t\t\t\t<\/span>\n\t\t\t\t\t\t\t\t\t<\/h3>\n\t\t\t\t\t\t\t\t\t\t\t\t\t\t\t\t\t\t\t\t\t\t\t\t\t<div class=\"featured-highlight__content\">\n\t\t\t\t\t\t\t\t\t\t<p>Radial oferuje szerok\u0105 gam\u0119 krajowych i lokalnych zni\u017cek od wiod\u0105cych marek, aby pom\u00f3c Ci we wszystkich aspektach Twojego \u017cycia. Od karnet\u00f3w na si\u0142owni\u0119 po zni\u017cki wakacyjne \u2014 ka\u017cdy znajdzie co\u015b dla siebie.<\/p>\n\t\t\t\t\t\t\t\t\t<\/div>\n\t\t\t\t\t\t\t\t\n\t\t\t\t\t\t\t\t\t\t\t\t\t\t\t<\/div>\n\t\t\t\t\t\t\t\t\t\t\t\t\t\t\t\t\t\t\t<\/div>\n\t\t\t<\/div>\n<\/section>\n\n\n<div class=\"switchback-block left\">\n\t\t\t\t\t\t\t\t\t            <div class=\"switchback-block__outer dark\">\n                <div class=\"switchback-block__inner\">\n                    <div class=\"switchback-block__left animate\">\n\t\t\t\t\t\t\t\t\t\t\t\t\t<picture>\r\n<source data-image-size=\"switchback_small\" srcset=\"https:\/\/www.radial.com\/wp-content\/uploads\/2022\/08\/23\/careers-where-we-work-2-aspect-ratio-1-1-350x350.jpg, https:\/\/www.radial.com\/wp-content\/uploads\/2022\/08\/23\/careers-where-we-work-2-aspect-ratio-1-1-700x700.jpg 2x\" media=\"(max-width: 1280px)\" type=\"image\/jpeg\">\r\n<source data-image-size=\"switchback_large\" srcset=\"https:\/\/www.radial.com\/wp-content\/uploads\/2022\/08\/23\/careers-where-we-work-2-aspect-ratio-1-1-518x518.jpg, https:\/\/www.radial.com\/wp-content\/uploads\/2022\/08\/23\/careers-where-we-work-2-aspect-ratio-1-1-1036x1036.jpg 2x\" type=\"image\/jpeg\">\r\n<img decoding=\"async\" alt=\"\" src=\"https:\/\/www.radial.com\/wp-content\/uploads\/2022\/08\/23\/careers-where-we-work-2-aspect-ratio-1-1-518x518.jpg\" loading=\"lazy\">\r\n<\/picture>\t\t\t\t\t\t                    <\/div>\n\n                    <div class=\"switchback-block__right animate\">\n\t\t\t\t\t\t                            <label class=\"switchback-block__eyebrow\">Gdzie pracujemy <\/label>\n\t\t\t\t\t\t\t\t\t\t\t\t                            <h2 class=\"switchback-block__title\">Innowacyjna praca na ca\u0142ym \u015bwiecie <\/h2>\n\t\t\t\t\t\t\t\t\t\t\t\t\t\t\t\t\t\t                            <div class=\"switchback-block__summary paragraph-block\"><p>Nasze pr\u0119\u017cnie dzia\u0142aj\u0105ce centra biurowe, magazyny i wirtualne stanowiska pracy zosta\u0142y zaprojektowane z my\u015bl\u0105 o pracownikach. Na ka\u017cdym stanowisku i w ka\u017cdej lokalizacji dok\u0142adamy wszelkich stara\u0144, aby zapewni\u0107 pracownikom firmy Radial wszystko, czego potrzebuj\u0105 w swoim \u015brodowisku fizycznym, aby zapewni\u0107 mi bezpiecze\u0144stwo, sukces i wsparcie. Dowiedz si\u0119 wi\u0119cej o lokalizacjach naszego centrum realizacji zam\u00f3wie\u0144 i biur na ca\u0142ym \u015bwiecie.<\/p>\n<\/div>\n\t\t\t\t\t\t\n\t\t\t\t\t\t                            <div class=\"switchback-block__cta-container\">\n\t\t\t\t\t\t\t\t\t\t\t\t\t\t\t\t\t\t\t\t\t\t\t\t\t\t\t<a class=\"switchback-block__cta button-primary light-b\" href=\"https:\/\/www.radial.com\/pl\/o-nas\/globalne-lokalizacje\" target=\"_self\">Lokalizacje Radial <\/a>\t\t\t\t\t\t\t\t\t\t\t\t\t\t\t\t\t                            <\/div>\n\t\t\t\t\t\t                    <\/div>\n                <\/div>\n            <\/div>\n\t\t\t<\/div>\n\n<div class=\"call-to-action-block animate light\" is=\"call-to-action-block\">\n\t<div class=\"call-to-action-block__inner\">\n\n\t\t<div class=\"call-to-action-block__left\">\n            <div class=\"inner animate\">\n\t                                <h2 class=\"call-to-action-block__title\">Rozwijaj si\u0119 z nami <\/h2>\n\t            \n\t                                <h3 class=\"call-to-action-block__subtitle\">Zr\u00f3b kolejny krok w swojej karierze z nami <\/h3>\n\t                        <\/div>\n\t\t<\/div>\n\n\t\t<div class=\"call-to-action-block__right\">\n            <div class=\"inner animate animate\">\n\t                                <div class=\"call-to-action-block__summary\">\n\t\t\t            <p>Radial, sp\u00f3\u0142ka z bnode, oferuje stabilno\u015b\u0107 i mo\u017cliwo\u015bci rozwoju, na kt\u00f3re zas\u0142uguj\u0105 najwi\u0119ksze talenty. Je\u015bli chcesz rozwija\u0107 swoj\u0105 karier\u0119 we wspieraj\u0105cym, integracyjnym i nastawionym na rozw\u00f3j \u015brodowisku, ju\u017c dzi\u015b aplikuj na jedno z naszych sta\u0142ych lub sezonowych stanowisk.<\/p>\n                    <\/div>\n\t            \n\t                                <div class=\"call-to-action-block__cta\">\n\t\t\t            \t\t\t\t            <a class=\"button-primary dark-b\" href=\"https:\/\/www.linkedin.com\/company\/radial-europe\/jobs\" target=\"_blank\">Linkedin<\/a>\t\t\t            \n                    <\/div>\n\t                        <\/div>\n\t\t<\/div>\n\t<\/div>\n<\/div>\n<\/div>\n<\/div>\n<\/div>","protected":false},"excerpt":{"rendered":"","protected":false},"author":1,"featured_media":28283,"parent":0,"menu_order":0,"comment_status":"closed","ping_status":"closed","template":"","meta":{"_acf_changed":false,"inline_featured_image":false,"footnotes":""},"class_list":["post-28066","page","type-page","status-publish","has-post-thumbnail","hentry"],"acf":[],"_links":{"self":[{"href":"https:\/\/www.radial.com\/pl\/wp-json\/wp\/v2\/pages\/28066","targetHints":{"allow":["GET"]}}],"collection":[{"href":"https:\/\/www.radial.com\/pl\/wp-json\/wp\/v2\/pages"}],"about":[{"href":"https:\/\/www.radial.com\/pl\/wp-json\/wp\/v2\/types\/page"}],"author":[{"embeddable":true,"href":"https:\/\/www.radial.com\/pl\/wp-json\/wp\/v2\/users\/1"}],"replies":[{"embeddable":true,"href":"https:\/\/www.radial.com\/pl\/wp-json\/wp\/v2\/comments?post=28066"}],"version-history":[{"count":21,"href":"https:\/\/www.radial.com\/pl\/wp-json\/wp\/v2\/pages\/28066\/revisions"}],"predecessor-version":[{"id":78785,"href":"https:\/\/www.radial.com\/pl\/wp-json\/wp\/v2\/pages\/28066\/revisions\/78785"}],"wp:featuredmedia":[{"embeddable":true,"href":"https:\/\/www.radial.com\/pl\/wp-json\/wp\/v2\/media\/28283"}],"wp:attachment":[{"href":"https:\/\/www.radial.com\/pl\/wp-json\/wp\/v2\/media?parent=28066"}],"curies":[{"name":"wp","href":"https:\/\/api.w.org\/{rel}","templated":true}]}}