{"id":28061,"date":"2022-05-24T12:05:02","date_gmt":"2022-05-24T16:05:02","guid":{"rendered":"https:\/\/www.radial.com\/about-us"},"modified":"2025-12-09T06:06:21","modified_gmt":"2025-12-09T11:06:21","slug":"o-nas","status":"publish","type":"page","link":"https:\/\/www.radial.com\/pl\/o-nas","title":{"rendered":"O nas"},"content":{"rendered":"\n<div class=\"page-wrapper\">\n\t\n\n<div class=\"landing-page\">\n\t\n\n<div class=\"landing-page-hero-area\" id=\"landing-page-hero-area\">\n\t\n\n\n<div class=\"hero-landing-block\">\n\t<div class=\"hero-landing-block__inner\">\n\t\t<div class=\"hero-landing-block__info\">\n\t\t\t<div class=\"hero-landing-block__info--inner\">\n\t\t\t<h1 class=\"hero-landing-block__title\">Dotrzymujemy obietnic Twojej marki <\/h1>\n            \t\t\t\t\t\t\t<div class=\"hero-landing-block__summary\">\n\t\t\t\t\t<p>Radial umo\u017cliwia markom e-commerce zapewnianie najlepszych w swojej klasie do\u015bwiadcze\u0144 klient\u00f3w dzi\u0119ki niezr\u00f3wnanej wiedzy fachowej i pe\u0142nemu pakietowi us\u0142ug realizacji zam\u00f3wie\u0144.<\/p>\n\t\t\t\t<\/div>\n\t\t\t\t\t\t\t\t\t\t<a class=\"hero-landing-block__cta button-primary light\" href=\"https:\/\/www.radial.com\/pl\/skontaktuj-sie\" target=\"_self\">Skontaktuj si\u0119 z naszym zespo\u0142em <\/a>\t\t\t\t\t\t<\/div>\n\t\t<\/div>\n\t\t<div class=\"hero-landing-block__image\">\n\t\t\t<picture>\r\n<source data-image-size=\"hero_landing_small\" srcset=\"https:\/\/www.radial.com\/wp-content\/uploads\/2022\/08\/23\/about-us-2-aspect-ratio-3-2-342x228.jpg, https:\/\/www.radial.com\/wp-content\/uploads\/2022\/08\/23\/about-us-2-aspect-ratio-3-2-684x456.jpg 2x\" media=\"(max-width: 350px)\" type=\"image\/jpeg\">\r\n<source data-image-size=\"hero_landing_medium\" srcset=\"https:\/\/www.radial.com\/wp-content\/uploads\/2022\/08\/23\/about-us-2-aspect-ratio-3-2-705x470.jpg, https:\/\/www.radial.com\/wp-content\/uploads\/2022\/08\/23\/about-us-2-aspect-ratio-3-2-1410x940.jpg 2x\" media=\"(max-width: 715px)\" type=\"image\/jpeg\">\r\n<source data-image-size=\"hero_landing_medium_large\" srcset=\"https:\/\/www.radial.com\/wp-content\/uploads\/2022\/08\/23\/about-us-2-aspect-ratio-3-2-960x640.jpg, https:\/\/www.radial.com\/wp-content\/uploads\/2022\/08\/23\/about-us-2-aspect-ratio-3-2-1920x1280.jpg 2x\" media=\"(max-width: 1023px)\" type=\"image\/jpeg\">\r\n<source data-image-size=\"hero_landing_large\" srcset=\"https:\/\/www.radial.com\/wp-content\/uploads\/2022\/08\/23\/about-us-1-aspect-ratio-22-25-704x800.jpg, https:\/\/www.radial.com\/wp-content\/uploads\/2022\/08\/23\/about-us-1-aspect-ratio-22-25-1408x1600.jpg 2x\" media=\"(max-width: 1440px)\" type=\"image\/jpeg\">\r\n<source data-image-size=\"hero_landing_huge\" srcset=\"https:\/\/www.radial.com\/wp-content\/uploads\/2022\/08\/23\/about-us-1-aspect-ratio-22-25-946x1075.jpg, https:\/\/www.radial.com\/wp-content\/uploads\/2022\/08\/23\/about-us-1-aspect-ratio-22-25-1892x2150.jpg 2x\" type=\"image\/jpeg\">\r\n<img decoding=\"async\" alt=\"\" src=\"https:\/\/www.radial.com\/wp-content\/uploads\/2022\/08\/23\/about-us-1-aspect-ratio-22-25-704x800.jpg\">\r\n<\/picture>\t\t<\/div>\n\t<\/div>\n<\/div>\n\n<\/div>\n\n\n<div class=\"landing-page-block-area\">\n\t\n\n\n<div class=\"logo-grid\">\n\n\t        <h2 class=\"logo-grid__title\">\n\t\t\tWygrywaj razem z Radial. Wkrocz do \u015bwiata, w kt\u00f3rym innowacje wsp\u00f3\u0142graj\u0105 z prac\u0105 zespo\u0142ow\u0105. Poznaj nasz zwyci\u0119ski spos\u00f3b my\u015blenia!         <\/h2>\n\t\n    <div class=\"logo-grid__clients animate\">\n\t\t    <\/div>\n<\/div>\n\n\n<figure class=\"wp-block-embed is-type-video is-provider-vimeo wp-block-embed-vimeo wp-embed-aspect-16-9 wp-has-aspect-ratio\"><div class=\"wp-block-embed__wrapper\">\n<iframe src=\"https:\/\/player.vimeo.com\/video\/885238492?dnt=1&amp;app_id=122963\" width=\"500\" height=\"281\" frameborder=\"0\" allow=\"autoplay; fullscreen; picture-in-picture; clipboard-write\"><\/iframe>\n<\/div><\/figure>\n\n\n<div class=\"core-heading-block\" data-heading-level=\"2\">\n<h2 class=\"wp-block-heading\" id=\"h-umozliwiamy-markom-zapewnianie-klientom-najlepszej-w-swojej-klasie-obslugi\">Umo\u017cliwiamy markom zapewnianie klientom najlepszej w swojej klasie obs\u0142ugi&nbsp;<\/h2>\n<\/div>\n\n<div class=\"core-paragraph-block\">\n<p>Radial jest czo\u0142owym dostawc\u0105 rozwi\u0105za\u0144 w zakresie realizacji zam\u00f3wie\u0144 e-commerce B2C, kt\u00f3ry zapewnia jedne z najlepszych do\u015bwiadcze\u0144 klient\u00f3w na \u015bwiecie. Od ponad 30 lat \u015bwiatowe marki ufaj\u0105 temu, \u017ce dzi\u0119ki dostosowanym do ich potrzeb, spersonalizowanym i skalowalnym rozwi\u0105zaniom mo\u017cemy dostarcza\u0107 konsumentom wyj\u0105tkowych do\u015bwiadcze\u0144. Wsp\u00f3\u0142pracujemy z klientami w ca\u0142ej Europie i Ameryce P\u00f3\u0142nocnej, wykorzystuj\u0105c technologie takie jak zaawansowane zarz\u0105dzanie zam\u00f3wieniami, zarz\u0105dzanie sprzeda\u017c\u0105 wielokana\u0142ow\u0105 i p\u0142atno\u015bciami, przeciwdzia\u0142anie oszustwom oraz us\u0142ugi obs\u0142ugi klienta.&nbsp;&nbsp;<\/p>\n<\/div>\n\n\n<div class=\"switchback-block left\">\n\t\t\t\t\t\t\t\t\t            <div class=\"switchback-block__outer light\">\n                <div class=\"switchback-block__inner\">\n                    <div class=\"switchback-block__left animate\">\n\t\t\t\t\t\t\t\t\t\t\t\t\t<picture>\r\n<source data-image-size=\"switchback_small\" srcset=\"https:\/\/www.radial.com\/wp-content\/uploads\/2022\/08\/24\/faces-of-radial-1-aspect-ratio-1-1-350x350.jpg, https:\/\/www.radial.com\/wp-content\/uploads\/2022\/08\/24\/faces-of-radial-1-aspect-ratio-1-1-700x700.jpg 2x\" media=\"(max-width: 1280px)\" type=\"image\/jpeg\">\r\n<source data-image-size=\"switchback_large\" srcset=\"https:\/\/www.radial.com\/wp-content\/uploads\/2022\/08\/24\/faces-of-radial-1-aspect-ratio-1-1-518x518.jpg, https:\/\/www.radial.com\/wp-content\/uploads\/2022\/08\/24\/faces-of-radial-1-aspect-ratio-1-1-1036x1036.jpg 2x\" type=\"image\/jpeg\">\r\n<img decoding=\"async\" alt=\"\" src=\"https:\/\/www.radial.com\/wp-content\/uploads\/2022\/08\/24\/faces-of-radial-1-aspect-ratio-1-1-518x518.jpg\" loading=\"lazy\">\r\n<\/picture>\t\t\t\t\t\t                    <\/div>\n\n                    <div class=\"switchback-block__right animate\">\n\t\t\t\t\t\t                            <label class=\"switchback-block__eyebrow\">Nasze warto\u015bci <\/label>\n\t\t\t\t\t\t\t\t\t\t\t\t                            <h2 class=\"switchback-block__title\">Innowacje i zr\u00f3wnowa\u017cony rozw\u00f3j to cz\u0119\u015b\u0107 naszego DNA <\/h2>\n\t\t\t\t\t\t\t\t\t\t\t\t\t\t\t\t\t\t                            <div class=\"switchback-block__summary paragraph-block\"><p>W Radial, sp\u00f3\u0142ce z <a href=\"https:\/\/bnode.com\/\" target=\"_blank\" rel=\"noopener\"><u class=\"ql-und\">bnode<\/u><\/a>, umo\u017cliwiamy markom przekraczanie oczekiwa\u0144 klient\u00f3w i zwi\u0119kszanie zysk\u00f3w dzi\u0119ki dostosowanym, spersonalizowanym i skalowalnym rozwi\u0105zaniom dla rozwijaj\u0105cych si\u0119 marek e-commerce. Naszym fundamentem jest zesp\u00f3\u0142 pe\u0142nych pasji, innowacyjnych ekspert\u00f3w, kt\u00f3rzy dbaj\u0105 o naszych klient\u00f3w, spo\u0142eczno\u015bci i wp\u0142yw, jaki wywieramy na \u015bwiat. Zobacz, jak przodujemy w realizacji zam\u00f3wie\u0144 e-commerce i dowiedz si\u0119, jak mo\u017cesz wzbogaci\u0107 kultur\u0119 Radial.<\/p>\n<\/div>\n\t\t\t\t\t\t\n\t\t\t\t\t\t                            <div class=\"switchback-block__cta-container\">\n\t\t\t\t\t\t\t\t\t\t\t\t\t\t\t\t\t\t\t\t\t\t\t\t\t\t\t<a class=\"switchback-block__cta button-primary dark-b\" href=\"https:\/\/www.radial.com\/pl\/kariera\/wartosci-zrownowazony-rozwoj\" target=\"_self\">Nasze warto\u015bci i inicjatywy<\/a>\t\t\t\t\t\t\t\t\t\t\t\t\t\t\t\t\t\t\t\t\t\t\t\t\t\t\t\t\t\t\t\t\t\t\t\t<a class=\"switchback-block__cta button-secondary dark\" href=\"https:\/\/www.radial.com\/pl\/kariera\" target=\"_self\">Do\u0142\u0105cz do zespo\u0142u<\/a>\t\t\t\t\t\t\t\t\t\t\t\t\t\t\t\t\t                            <\/div>\n\t\t\t\t\t\t                    <\/div>\n                <\/div>\n            <\/div>\n\t\t\t<\/div>\n\n\n<div class=\"switchback-block right\">\n\t\t\t\t\t\t\t\t\t            <div class=\"switchback-block__outer dark\">\n                <div class=\"switchback-block__inner\">\n                    <div class=\"switchback-block__left animate\">\n\t\t\t\t\t\t\t\t\t\t\t\t\t<picture>\r\n<source data-image-size=\"switchback_small\" srcset=\"https:\/\/www.radial.com\/wp-content\/uploads\/2022\/08\/23\/ecommerce-fulfillment-solutions-aspect-ratio-1-1-350x350.jpg, https:\/\/www.radial.com\/wp-content\/uploads\/2022\/08\/23\/ecommerce-fulfillment-solutions-aspect-ratio-1-1-700x700.jpg 2x\" media=\"(max-width: 1280px)\" type=\"image\/jpeg\">\r\n<source data-image-size=\"switchback_large\" srcset=\"https:\/\/www.radial.com\/wp-content\/uploads\/2022\/08\/23\/ecommerce-fulfillment-solutions-aspect-ratio-1-1-518x518.jpg, https:\/\/www.radial.com\/wp-content\/uploads\/2022\/08\/23\/ecommerce-fulfillment-solutions-aspect-ratio-1-1-1036x1036.jpg 2x\" type=\"image\/jpeg\">\r\n<img decoding=\"async\" alt=\"\" src=\"https:\/\/www.radial.com\/wp-content\/uploads\/2022\/08\/23\/ecommerce-fulfillment-solutions-aspect-ratio-1-1-518x518.jpg\" loading=\"lazy\">\r\n<\/picture>\t\t\t\t\t\t                    <\/div>\n\n                    <div class=\"switchback-block__right animate\">\n\t\t\t\t\t\t                            <label class=\"switchback-block__eyebrow\">Co oferujemy<\/label>\n\t\t\t\t\t\t\t\t\t\t\t\t                            <h2 class=\"switchback-block__title\">Realizacja zam\u00f3wie\u0144 w bran\u017cy e-commerce\u00a0<\/h2>\n\t\t\t\t\t\t\t\t\t\t\t\t\t\t\t\t\t\t                            <div class=\"switchback-block__summary paragraph-block\"><p><span class=\"NormalTextRun SCXW246732652 BCX0\">Odkryj nasze zintegrowane us\u0142ugi w zakresie realizacji i dostawy zam\u00f3wie\u0144 na ostatnim etapie. Dzi\u0119ki naszemu silnemu zapleczu technologicznemu umo\u017cliwiamy bezproblemow\u0105 integracj\u0119, kompleksow\u0105 widoczno\u015b\u0107 zam\u00f3wie\u0144 w czasie rzeczywistym oraz inteligencj\u0119 biz<\/span><span class=\"NormalTextRun SCXW246732652 BCX0\">nesow\u0105, aby pom\u00f3c szybko rozwijaj\u0105cym si\u0119 markom w budowaniu lojalno\u015bci klient\u00f3w.<\/span> <span class=\"NormalTextRun SCXW246732652 BCX0\">Dowiedz si\u0119, w jaki spos\u00f3b nasze spersonalizowane, elastyczne i skalowalne rozwi\u0105zania w zakresie realizacji zam\u00f3wie\u0144 mog\u0105 pom\u00f3c w rozwoju Twojej firmy.<\/span><\/p>\n<\/div>\n\t\t\t\t\t\t\n\t\t\t\t\t\t                            <div class=\"switchback-block__cta-container\">\n\t\t\t\t\t\t\t\t\t\t\t\t\t\t\t\t\t\t\t\t\t\t\t\t\t\t\t<a class=\"switchback-block__cta button-primary light-b\" href=\"https:\/\/www.radial.com\/pl\/realizacja-zamowien-e-commerce\/rozwiazania-w-zakresie-realizacji\" target=\"_self\">Rozwi\u0105zania w zakresie realizacji<\/a>\t\t\t\t\t\t\t\t\t\t\t\t\t\t\t\t\t\t\t\t\t\t\t\t\t\t\t\t\t\t\t\t\t\t\t\t<a class=\"switchback-block__cta button-secondary light-b\" href=\"https:\/\/www.radial.com\/pl\/realizacja-e-commerce\/zarzadzanie-transportem\" target=\"_self\">Zarz\u0105dzanie transportem<\/a>\t\t\t\t\t\t\t\t\t\t\t\t\t\t\t\t\t                            <\/div>\n\t\t\t\t\t\t                    <\/div>\n                <\/div>\n            <\/div>\n\t\t\t<\/div>\n\n\n\n<div class=\"logo-grid\">\n\n\t        <h2 class=\"logo-grid__title\">\n\t\t\tObs\u0142ugujemy klient\u00f3w ka\u017cdej wielko\u015bci \u2014 na ca\u0142ym \u015bwiecie i w wielu r\u00f3\u017cnych bran\u017cach.         <\/h2>\n\t\n    <div class=\"logo-grid__clients animate\">\n\t\t\t\t\t\t\t\t\t\t\t\t\t\t\t\t\t\t                        <a class=\"logo-grid__client\"\n                        aria-label=\"Cole Haan\" href=\"https:\/\/www.colehaan.com\/\"\n\t\t\t\t\t\ttarget=\"_blank\">\n\t\t\t\t\t\t\t\t\t\t\t<img alt=\"Cole Haan logo\"\n\t\t\t\t\tloading=\"lazy\"\n\t\t\t\t\tsrc=\"https:\/\/www.radial.com\/wp-content\/uploads\/2022\/10\/18\/logo-cole-haan-1.png\" >\n\t\n\t\t\t\t\t                        <\/a>\n\t\t\t\t\t\t\t\t\t\t\t\t\t\t\t\t\t\t\t\t\t\t\t\t\t                        <a class=\"logo-grid__client\"\n                        aria-label=\"Gymshark\" href=\"https:\/\/www.gymshark.com\/\"\n\t\t\t\t\t\ttarget=\"_blank\">\n\t\t\t\t\t\t\t\t\t\t\t<img alt=\"Gymshark logo\"\n\t\t\t\t\tloading=\"lazy\"\n\t\t\t\t\tsrc=\"https:\/\/www.radial.com\/wp-content\/uploads\/2022\/07\/08\/logo-gymshark-1.png\" >\n\t\n\t\t\t\t\t                        <\/a>\n\t\t\t\t\t\t\t\t\t\t\t\t\t\t\t\t\t\t\t\t\t\t\t\t\t                        <a class=\"logo-grid__client\"\n                        aria-label=\"Lucky Brand\" href=\"https:\/\/www.luckybrand.com\/\"\n\t\t\t\t\t\ttarget=\"_blank\">\n\t\t\t\t\t\t\t\t\t\t\t<img alt=\"Lucky Brand logo\"\n\t\t\t\t\tloading=\"lazy\"\n\t\t\t\t\tsrc=\"https:\/\/www.radial.com\/wp-content\/uploads\/2022\/10\/18\/logo-lucky-brand-1.png\" >\n\t\n\t\t\t\t\t                        <\/a>\n\t\t\t\t\t\t\t\t\t\t\t\t\t\t\t\t\t\t\t\t\t\t\t\t\t                        <a class=\"logo-grid__client\"\n                        aria-label=\"TaylorMade\" href=\"https:\/\/www.taylormadegolf.com\/\"\n\t\t\t\t\t\ttarget=\"_blank\">\n\t\t\t\t\t\t\t\t\t\t\t<img alt=\"TaylorMade logo\"\n\t\t\t\t\tloading=\"lazy\"\n\t\t\t\t\tsrc=\"https:\/\/www.radial.com\/wp-content\/uploads\/2022\/07\/08\/logo-taylormade.png\" >\n\t\n\t\t\t\t\t                        <\/a>\n\t\t\t\t\t\t\t\t\t\t\t\t\n\t\t\t\t\t    <\/div>\n<\/div>\n\n\n<div class=\"switchback-block left\">\n\t\t\t\t\t\t\t\t\t            <div class=\"switchback-block__outer dark\">\n                <div class=\"switchback-block__inner\">\n                    <div class=\"switchback-block__left animate\">\n\t\t\t\t\t\t\t\t\t\t\t\t\t<picture>\r\n<source data-image-size=\"switchback_small\" srcset=\"https:\/\/www.radial.com\/wp-content\/uploads\/2022\/08\/09\/careers-horizontal-aspect-ratio-1-1-350x350.jpg, https:\/\/www.radial.com\/wp-content\/uploads\/2022\/08\/09\/careers-horizontal-aspect-ratio-1-1-700x700.jpg 2x\" media=\"(max-width: 1280px)\" type=\"image\/jpeg\">\r\n<source data-image-size=\"switchback_large\" srcset=\"https:\/\/www.radial.com\/wp-content\/uploads\/2022\/08\/09\/careers-horizontal-aspect-ratio-1-1-518x518.jpg\" type=\"image\/jpeg\">\r\n<img decoding=\"async\" alt=\"\" src=\"https:\/\/www.radial.com\/wp-content\/uploads\/2022\/08\/09\/careers-horizontal-aspect-ratio-1-1-518x518.jpg\" loading=\"lazy\">\r\n<\/picture>\t\t\t\t\t\t                    <\/div>\n\n                    <div class=\"switchback-block__right animate\">\n\t\t\t\t\t\t                            <label class=\"switchback-block__eyebrow\">Do\u0142\u0105cz do zespo\u0142u <\/label>\n\t\t\t\t\t\t\t\t\t\t\t\t                            <h2 class=\"switchback-block__title\">Nasz globalny zesp\u00f3\u0142 szybko si\u0119 rozwija <\/h2>\n\t\t\t\t\t\t\t\t\t\t\t\t\t\t\t\t\t\t                            <div class=\"switchback-block__summary paragraph-block\"><p>W Radial wierzymy, \u017ce nasi utalentowani ludzie s\u0105 kluczem do naszego sukcesu. Dlatego zawsze inwestujemy w naszych pracownik\u00f3w i nasz\u0105 kultur\u0119. Zobacz, co sprawia, \u017ce Radial jest doskona\u0142ym miejscem do pracy i poznaj wiele regularnych i sezonowych ofert, kt\u00f3re s\u0105 dost\u0119pne na ca\u0142ym \u015bwiecie.<\/p>\n<\/div>\n\t\t\t\t\t\t\n\t\t\t\t\t\t                            <div class=\"switchback-block__cta-container\">\n\t\t\t\t\t\t\t\t\t\t\t\t\t\t\t\t\t\t\t\t\t\t\t\t\t\t\t<a class=\"switchback-block__cta button-primary light-b\" href=\"https:\/\/www.radial.com\/pl\/kariera\" target=\"_self\">\u017bycie w Radial <\/a>\t\t\t\t\t\t\t\t\t\t\t\t\t\t\t\t\t                            <\/div>\n\t\t\t\t\t\t                    <\/div>\n                <\/div>\n            <\/div>\n\t\t\t\t\t\t\t\t            <div class=\"switchback-block__outer light\">\n                <div class=\"switchback-block__inner\">\n                    <div class=\"switchback-block__left animate\">\n\t\t\t\t\t\t\t\t\t\t\t\t\t<picture>\r\n<source data-image-size=\"switchback_small\" srcset=\"https:\/\/www.radial.com\/wp-content\/uploads\/2022\/08\/23\/about-us-global-team-1-aspect-ratio-1-1-350x350.jpg, https:\/\/www.radial.com\/wp-content\/uploads\/2022\/08\/23\/about-us-global-team-1-aspect-ratio-1-1-700x700.jpg 2x\" media=\"(max-width: 1280px)\" type=\"image\/jpeg\">\r\n<source data-image-size=\"switchback_large\" srcset=\"https:\/\/www.radial.com\/wp-content\/uploads\/2022\/08\/23\/about-us-global-team-1-aspect-ratio-1-1-518x518.jpg, https:\/\/www.radial.com\/wp-content\/uploads\/2022\/08\/23\/about-us-global-team-1-aspect-ratio-1-1-1036x1036.jpg 2x\" type=\"image\/jpeg\">\r\n<img decoding=\"async\" alt=\"\" src=\"https:\/\/www.radial.com\/wp-content\/uploads\/2022\/08\/23\/about-us-global-team-1-aspect-ratio-1-1-518x518.jpg\" loading=\"lazy\">\r\n<\/picture>\t\t\t\t\t\t                    <\/div>\n\n                    <div class=\"switchback-block__right animate\">\n\t\t\t\t\t\t                            <label class=\"switchback-block__eyebrow\">Nasz globalny zesp\u00f3\u0142 <\/label>\n\t\t\t\t\t\t\t\t\t\t\t\t                            <h2 class=\"switchback-block__title\">Bezpieczne miejsca pracy sprzyjaj\u0105ce wsp\u00f3\u0142pracy <\/h2>\n\t\t\t\t\t\t\t\t\t\t\t\t\t\t\t\t\t\t                            <div class=\"switchback-block__summary paragraph-block\"><p>Praca w Radial to przyjemno\u015b\u0107, wsp\u00f3\u0142praca i ci\u0105g\u0142y rozw\u00f3j, kt\u00f3ry pod\u0105\u017ca za zmieniaj\u0105cymi si\u0119 potrzebami naszego \u015bwiata. Stosujemy procedury bezpiecze\u0144stwa na najwy\u017cszym poziomie w ka\u017cdym miejscu pracy, w tym w naszej globalnej sieci ponad 35 magazyn\u00f3w i biurach korporacyjnych.<\/p>\n<\/div>\n\t\t\t\t\t\t\n\t\t\t\t\t\t                            <div class=\"switchback-block__cta-container\">\n\t\t\t\t\t\t\t\t\t\t\t\t\t\t\t\t\t\t\t\t\t\t\t\t\t\t\t<a class=\"switchback-block__cta button-primary dark-b\" href=\"https:\/\/www.radial.com\/pl\/o-nas\/globalne-lokalizacje\" target=\"_self\">Nasze lokalizacje <\/a>\t\t\t\t\t\t\t\t\t\t\t\t\t\t\t\t\t                            <\/div>\n\t\t\t\t\t\t                    <\/div>\n                <\/div>\n            <\/div>\n\t\t\t<\/div>\n\n\n\n<div class=\"info-cta\">\n    <div class=\"info-cta__inner\">\n        <div class=\"info-cta__left\">\n            <div class=\"info-cta__summary\">\n\t\t\t\t\t\t\t\t\t<p>Zr\u00f3b nast\u0119pny krok<\/p>\n\t\t\t\t            <\/div>\n        <\/div>\n\n                    <div class=\"info-cta__right\">\n                <a class=\"info-cta__cta button-primary light\" \n                href=\" https:\/\/www.radial.com\/pl\/skontaktuj-sie \"\n                    >\n                                            Skontaktuj si\u0119 z nami                                     <\/a>\n            <\/div>\n            <\/div>\n<\/div>\n\n<\/div>\n<\/div>\n<\/div>","protected":false},"excerpt":{"rendered":"","protected":false},"author":1,"featured_media":28283,"parent":0,"menu_order":0,"comment_status":"closed","ping_status":"closed","template":"","meta":{"_acf_changed":false,"inline_featured_image":false,"footnotes":""},"class_list":["post-28061","page","type-page","status-publish","has-post-thumbnail","hentry"],"acf":[],"_links":{"self":[{"href":"https:\/\/www.radial.com\/pl\/wp-json\/wp\/v2\/pages\/28061","targetHints":{"allow":["GET"]}}],"collection":[{"href":"https:\/\/www.radial.com\/pl\/wp-json\/wp\/v2\/pages"}],"about":[{"href":"https:\/\/www.radial.com\/pl\/wp-json\/wp\/v2\/types\/page"}],"author":[{"embeddable":true,"href":"https:\/\/www.radial.com\/pl\/wp-json\/wp\/v2\/users\/1"}],"replies":[{"embeddable":true,"href":"https:\/\/www.radial.com\/pl\/wp-json\/wp\/v2\/comments?post=28061"}],"version-history":[{"count":23,"href":"https:\/\/www.radial.com\/pl\/wp-json\/wp\/v2\/pages\/28061\/revisions"}],"predecessor-version":[{"id":78787,"href":"https:\/\/www.radial.com\/pl\/wp-json\/wp\/v2\/pages\/28061\/revisions\/78787"}],"wp:featuredmedia":[{"embeddable":true,"href":"https:\/\/www.radial.com\/pl\/wp-json\/wp\/v2\/media\/28283"}],"wp:attachment":[{"href":"https:\/\/www.radial.com\/pl\/wp-json\/wp\/v2\/media?parent=28061"}],"curies":[{"name":"wp","href":"https:\/\/api.w.org\/{rel}","templated":true}]}}