{"id":28056,"date":"2022-05-02T13:57:51","date_gmt":"2022-05-02T17:57:51","guid":{"rendered":"https:\/\/www.radial.com\/ecommerce-fulfillment\/transportation-management"},"modified":"2024-03-07T09:56:00","modified_gmt":"2024-03-07T14:56:00","slug":"realizacja-e-commerce-zarzadzanie-transportem","status":"publish","type":"page","link":"https:\/\/www.radial.com\/pl\/realizacja-e-commerce\/zarzadzanie-transportem","title":{"rendered":"Zarz\u0105dzanie transportem"},"content":{"rendered":"\n<div class=\"page-wrapper\">\n\t\n\n<div class=\"landing-page\">\n\t\n\n<div class=\"landing-page-hero-area\" id=\"landing-page-hero-area\">\n\t\n\n\n<div class=\"hero-landing-block\">\n\t<div class=\"hero-landing-block__inner\">\n\t\t<div class=\"hero-landing-block__info\">\n\t\t\t<div class=\"hero-landing-block__info--inner\">\n\t\t\t<h1 class=\"hero-landing-block__title\">Wysy\u0142aj zam\u00f3wienia w dowolne miejsce, szybciej i \u0142atwiej<\/h1>\n            \t\t\t\t\t\t\t<div class=\"hero-landing-block__summary\">\n\t\t\t\t\t<p>Dostarczaj zam\u00f3wienia szybciej i po ni\u017cszych kosztach dzi\u0119ki najnowocze\u015bniejszym rozwi\u0105zaniom transportowym i niezr\u00f3wnanemu do\u015bwiadczeniu firmy Radial.<\/p>\n\t\t\t\t<\/div>\n\t\t\t\t\t\t\t\t\t\t<a class=\"hero-landing-block__cta button-primary light\" href=\"https:\/\/www.radial.com\/pl\/skontaktuj-sie\" target=\"_self\">Zacznij ju\u017c dzi\u015b<\/a>\t\t\t\t\t\t<\/div>\n\t\t<\/div>\n\t\t<div class=\"hero-landing-block__image\">\n\t\t\t<picture>\r\n<source data-image-size=\"hero_landing_small\" srcset=\"https:\/\/www.radial.com\/wp-content\/uploads\/2022\/08\/22\/transportation-management-342x228.jpg, https:\/\/www.radial.com\/wp-content\/uploads\/2022\/08\/22\/transportation-management-684x456.jpg 2x\" media=\"(max-width: 350px)\" type=\"image\/jpeg\">\r\n<source data-image-size=\"hero_landing_medium\" srcset=\"https:\/\/www.radial.com\/wp-content\/uploads\/2022\/08\/22\/transportation-management-705x470.jpg, https:\/\/www.radial.com\/wp-content\/uploads\/2022\/08\/22\/transportation-management-1410x940.jpg 2x\" media=\"(max-width: 715px)\" type=\"image\/jpeg\">\r\n<source data-image-size=\"hero_landing_medium_large\" srcset=\"https:\/\/www.radial.com\/wp-content\/uploads\/2022\/08\/22\/transportation-management-960x640.jpg, https:\/\/www.radial.com\/wp-content\/uploads\/2022\/08\/22\/transportation-management-1920x1280.jpg 2x\" media=\"(max-width: 1023px)\" type=\"image\/jpeg\">\r\n<source data-image-size=\"hero_landing_large\" srcset=\"https:\/\/www.radial.com\/wp-content\/uploads\/2022\/08\/22\/transportation-management-aspect-ratio-22-25-704x800.jpg, https:\/\/www.radial.com\/wp-content\/uploads\/2022\/08\/22\/transportation-management-aspect-ratio-22-25-1408x1600.jpg 2x\" media=\"(max-width: 1440px)\" type=\"image\/jpeg\">\r\n<source data-image-size=\"hero_landing_huge\" srcset=\"https:\/\/www.radial.com\/wp-content\/uploads\/2022\/08\/22\/transportation-management-aspect-ratio-22-25-946x1075.jpg, https:\/\/www.radial.com\/wp-content\/uploads\/2022\/08\/22\/transportation-management-aspect-ratio-22-25-1892x2150.jpg 2x\" type=\"image\/jpeg\">\r\n<img decoding=\"async\" alt=\"\" src=\"https:\/\/www.radial.com\/wp-content\/uploads\/2022\/08\/22\/transportation-management-aspect-ratio-22-25-704x800.jpg\">\r\n<\/picture>\t\t<\/div>\n\t<\/div>\n<\/div>\n\n<\/div>\n\n\n<div class=\"landing-page-block-area\">\n\t\n<div class=\"core-heading-block\" data-heading-level=\"2\">\n<h2 class=\"wp-block-heading\" id=\"h-zadbamy-o-transport-i-milion-innych-rzeczy\">Zadbamy o transport \u2013 i milion innych rzeczy<\/h2>\n<\/div>\n\n<div class=\"core-paragraph-block\">\n<p>Nasz zesp\u00f3\u0142 specjalist\u00f3w pozyskuje zam\u00f3wienia i wysy\u0142a je do ostatecznych miejsc docelowych z niezr\u00f3wnan\u0105 wydajno\u015bci\u0105 \u2014 nie tylko wtedy, gdy zam\u00f3wienia s\u0105 stabilne, ale tak\u017ce podczas gwa\u0142townego wzrostu popytu, na przyk\u0142ad w czasie wakacji, lub gdy \u201eniezb\u0119dny\u201d produkt staje si\u0119 popularny na Instagramie. Zapewniamy kompleksowe rozwi\u0105zania obejmuj\u0105ce zarz\u0105dzanie przewo\u017anikami, zarz\u0105dzanie transportem ma\u0142ych paczek i wysy\u0142k\u0119 ma\u0142ych paczek. Wsp\u00f3\u0142praca z firm\u0105 Radial umo\u017cliwia ci\u0105g\u0142e dotrzymywanie obietnic z\u0142o\u017conych klientom.<\/p>\n<\/div>\n\n\n\n<div class=\"statistics statistics__2\">\n    <span class=\"statistics__elipse-right\">\n    <\/span>\n    <div class=\"statistics--inner\">\n        <div class=\"statistics__info animate\">\n\t\t                    <h2 class=\"statistics__title\">\n\t\t\t\t    Wysy\u0142aj szybciej, sprzedawaj wi\u0119cej                <\/h2>\n\t\t    \t\t                    <div class=\"statistics__summary\">\n\t\t\t\t    <p>Bez wzgl\u0119du na to, gdzie mieszkaj\u0105 Twoi klienci i o jakiej porze roku sk\u0142adaj\u0105 zam\u00f3wienie, dzi\u0119ki naszym rozwi\u0105zaniom transportowym dopilnujemy, aby Tw\u00f3j produkt dotar\u0142 pod ich drzwi szybciej.<\/p>\n                <\/div>\n\t\t            <\/div>\n\t                <ul class=\"statistics__content statistics__content__2 animate\">\n\t\t\t                        <li class=\"statistics__element\">\n\t\t\t\t\t                            <div class=\"statistics__number\">\n\t\t\t\t\t\t                                    \t\t\t\t\t\t\t    80M\t\t\t\t\t\t                            <\/div>\n\n\t\t\t\t\t                                <div class=\"statistics__number-text\">\n\t\t\t\t\t\t\t    paczek wysy\u0142anych rocznie                            <\/div>\n\t\t\t\t\t                        <\/li>\n\t\t\t                        <li class=\"statistics__element\">\n\t\t\t\t\t                            <div class=\"statistics__number\">\n\t\t\t\t\t\t                                    \t\t\t\t\t\t\t    1,6M\t\t\t\t\t\t                            <\/div>\n\n\t\t\t\t\t                                <div class=\"statistics__number-text\">\n\t\t\t\t\t\t\t    metr\u00f3w kwadratowych powierzchni przeznaczonej na realizacj\u0119 zam\u00f3wie\u0144                            <\/div>\n\t\t\t\t\t                        <\/li>\n\t\t\t                <\/ul>\n\t        <\/div>\n    <span class=\"statistics__elipse-left\">\n    <\/span>\n<\/div>\n\n\n<section class=\"featured-highlight-block featured-highlight\" is=\"featured-highlight-block\">\n    <header class=\"featured-highlight__header animate\">\n\t                <span class=\"featured-highlight__subtitle\">\n\t\t\tUpro\u015b\u0107 wysy\u0142k\u0119\t\t<\/span>\n\t    \t                <h2 class=\"featured-highlight__title\">Opcje transportowe zorientowane na klienta<\/h2>\n\t    \t                <div class=\"featured-highlight__summary\">\n\t\t\t    <p>Nasza us\u0142uga zarz\u0105dzania przesy\u0142kami jest elastyczna, skalowalna i stworzona dla globalnych marek e-commerce dzi\u0119ki unikalnemu po\u0142\u0105czeniu ekspert\u00f3w technologicznych i merytorycznych.<\/p>\n            <\/div>\n\t        <\/header>\n\t<div class=\"featured-highlight__inner\">\n\t\t\t\t\t<div class=\"featured-highlight__image animate\">\n\t\t\t\t<picture>\r\n<source data-image-size=\"featured_highlight_landscape_small\" srcset=\"https:\/\/www.radial.com\/wp-content\/uploads\/2022\/08\/22\/transportation-management-simplify-shipping-2-342x228.jpg, https:\/\/www.radial.com\/wp-content\/uploads\/2022\/08\/22\/transportation-management-simplify-shipping-2-684x456.jpg 2x\" media=\"(max-width: 370px)\" type=\"image\/jpeg\">\r\n<source data-image-size=\"featured_highlight_landscape_medium\" srcset=\"https:\/\/www.radial.com\/wp-content\/uploads\/2022\/08\/22\/transportation-management-simplify-shipping-2-690x460.jpg, https:\/\/www.radial.com\/wp-content\/uploads\/2022\/08\/22\/transportation-management-simplify-shipping-2-1380x920.jpg 2x\" media=\"(max-width: 700px)\" type=\"image\/jpeg\">\r\n<source data-image-size=\"featured_highlight_landscape_large\" srcset=\"https:\/\/www.radial.com\/wp-content\/uploads\/2022\/08\/22\/transportation-management-simplify-shipping-2-990x660.jpg, https:\/\/www.radial.com\/wp-content\/uploads\/2022\/08\/22\/transportation-management-simplify-shipping-2-1980x1320.jpg 2x\" media=\"(max-width: 1023px)\" type=\"image\/jpeg\">\r\n<source data-image-size=\"featured_highlight_portrait_large\" srcset=\"https:\/\/www.radial.com\/wp-content\/uploads\/2022\/08\/22\/transportation-management-simplify-shipping-2-aspect-ratio-469-646-1-469x646.jpg, https:\/\/www.radial.com\/wp-content\/uploads\/2022\/08\/22\/transportation-management-simplify-shipping-2-aspect-ratio-469-646-1-938x1292.jpg 2x\" type=\"image\/jpeg\">\r\n<img decoding=\"async\" alt=\"\" src=\"https:\/\/www.radial.com\/wp-content\/uploads\/2022\/08\/22\/transportation-management-simplify-shipping-2-aspect-ratio-469-646-1-469x646.jpg\" loading=\"lazy\">\r\n<\/picture>\t\t\t<\/div>\n\t\t\t\t\t\t\t<div class=\"featured-highlight__container animate\">\n\t\t\t\t\t\t\t\t\t\t\t\t\t\t\t\t\t\t\t\t\t\t<div class=\"featured-highlight__element\">\n\t\t\t\t\t\t\t\t\t\t\t\t\t\t\t\t\t<h3 class=\"featured-highlight__element-heading\">\n\t\t\t\t\t\t\t\t\t\t\t\t\t\t\t\t\t\t\t\t\t\t\t\t\t\t\t\t\t\t\t<span class=\"featured-highlight__icon\">\n\t\t\t\t\t\t\t\t\t\t\t\t<img decoding=\"async\" alt=\"Shopping Cart\" src=\"https:\/\/www.radial.com\/wp-content\/uploads\/2022\/07\/06\/shopping-cart.svg\" \/>\n\t\t\t\t\t\t\t\t\t\t\t<\/span>\n\t\t\t\t\t\t\t\t\t\t\t\t\t\t\t\t\t\t\t\t<span>\n\t\t\t\t\t\t\t\t\t\t\tProgram szczytowego do\u0142adowania\t\t\t\t\t\t\t\t\t\t<\/span>\n\t\t\t\t\t\t\t\t\t<\/h3>\n\t\t\t\t\t\t\t\t\t\t\t\t\t\t\t\t\t\t\t\t\t\t\t\t\t<div class=\"featured-highlight__content\">\n\t\t\t\t\t\t\t\t\t\t<p>W szczycie sezonu automatycznie stosuj najlepsze opcje wysy\u0142ki w oparciu o lokalizacj\u0119 klienta, aby przed\u0142u\u017cy\u0107 terminy sk\u0142adania zam\u00f3wie\u0144 w najbardziej ruchliwych sezonach.<\/p>\n\t\t\t\t\t\t\t\t\t<\/div>\n\t\t\t\t\t\t\t\t\n\t\t\t\t\t\t\t\t\t\t\t\t\t\t\t<\/div>\n\t\t\t\t\t\t\t\t\t\t\t\t\t\t\t\t\t\t\t\t\t\t\t\t\t\t\t\t\t\t\t\t\t\t<div class=\"featured-highlight__element\">\n\t\t\t\t\t\t\t\t\t\t\t\t\t\t\t\t\t<h3 class=\"featured-highlight__element-heading\">\n\t\t\t\t\t\t\t\t\t\t\t\t\t\t\t\t\t\t\t\t\t\t\t\t\t\t\t\t\t\t\t<span class=\"featured-highlight__icon\">\n\t\t\t\t\t\t\t\t\t\t\t\t<img decoding=\"async\" alt=\"Truck\" src=\"https:\/\/www.radial.com\/wp-content\/uploads\/2022\/07\/06\/truck.svg\" \/>\n\t\t\t\t\t\t\t\t\t\t\t<\/span>\n\t\t\t\t\t\t\t\t\t\t\t\t\t\t\t\t\t\t\t\t<span>\n\t\t\t\t\t\t\t\t\t\t\tWysy\u0142aj powiadomienia o etapie dostawy\t\t\t\t\t\t\t\t\t\t<\/span>\n\t\t\t\t\t\t\t\t\t<\/h3>\n\t\t\t\t\t\t\t\t\t\t\t\t\t\t\t\t\t\t\t\t\t\t\t\t\t<div class=\"featured-highlight__content\">\n\t\t\t\t\t\t\t\t\t\t<p>Informuj swoich klient\u00f3w na ka\u017cdym kroku \u2012 od centr\u00f3w dystrybucyjnych do ich domu \u2012 dzi\u0119ki powiadomieniom SMS o wysy\u0142ce i dostawie oraz aktualnym statusie.<\/p>\n\t\t\t\t\t\t\t\t\t<\/div>\n\t\t\t\t\t\t\t\t\n\t\t\t\t\t\t\t\t\t\t\t\t\t\t\t<\/div>\n\t\t\t\t\t\t\t\t\t\t\t\t\t\t\t\t\t\t\t\t\t\t\t\t\t\t\t\t\t\t\t\t\t\t<div class=\"featured-highlight__element\">\n\t\t\t\t\t\t\t\t\t\t\t\t\t\t\t\t\t<h3 class=\"featured-highlight__element-heading\">\n\t\t\t\t\t\t\t\t\t\t\t\t\t\t\t\t\t\t\t\t\t\t\t\t\t\t\t\t\t\t\t<span class=\"featured-highlight__icon\">\n\t\t\t\t\t\t\t\t\t\t\t\t<img decoding=\"async\" alt=\"Plane\" src=\"https:\/\/www.radial.com\/wp-content\/uploads\/2022\/07\/06\/plane.svg\" \/>\n\t\t\t\t\t\t\t\t\t\t\t<\/span>\n\t\t\t\t\t\t\t\t\t\t\t\t\t\t\t\t\t\t\t\t<span>\n\t\t\t\t\t\t\t\t\t\t\tLogistyka mi\u0119dzynarodowa\t\t\t\t\t\t\t\t\t\t<\/span>\n\t\t\t\t\t\t\t\t\t<\/h3>\n\t\t\t\t\t\t\t\t\t\t\t\t\t\t\t\t\t\t\t\t\t\t\t\t\t<div class=\"featured-highlight__content\">\n\t\t\t\t\t\t\t\t\t\t<p>Generuj popyt na rynkach zagranicznych oraz zyskaj wszystkie globalne rozwi\u0105zania logistyczne i spedycyjne, w tym przetwarzanie ce\u0142 i podatk\u00f3w, dzi\u0119ki us\u0142udze Delivered Duty Paid.<\/p>\n\t\t\t\t\t\t\t\t\t<\/div>\n\t\t\t\t\t\t\t\t\n\t\t\t\t\t\t\t\t\t\t\t\t\t\t\t<\/div>\n\t\t\t\t\t\t\t\t\t\t\t\t\t\t\t\t\t\t\t\t\t\t\t\t\t\t\t\t<\/div>\n\t\t\t<\/div>\n<\/section>\n\n\n\n<div class=\"logo-grid\">\n\n\t        <h2 class=\"logo-grid__title\">\n\t\t\tObs\u0142ugujemy klient\u00f3w ka\u017cdej wielko\u015bci \u2014 na ca\u0142ym \u015bwiecie i w wielu r\u00f3\u017cnych bran\u017cach.         <\/h2>\n\t\n    <div class=\"logo-grid__clients animate\">\n\t\t\t\t\t\t\t\t\t\t\t\t\t\t\t\t\t\t                        <a class=\"logo-grid__client\"\n                        aria-label=\"Aeropostale\" href=\"https:\/\/www.aeropostale.com\/\"\n\t\t\t\t\t\ttarget=\"_blank\">\n\t\t\t\t\t\t\t\t\t\t\t<img alt=\"Aeropostale logo\"\n\t\t\t\t\tloading=\"lazy\"\n\t\t\t\t\tsrc=\"https:\/\/www.radial.com\/wp-content\/uploads\/2022\/10\/18\/logo-aeropostale.png\" >\n\t\n\t\t\t\t\t                        <\/a>\n\t\t\t\t\t\t\t\t\t\t\t\t\t\t\t\t\t\t\t\t\t\t\t\t\t                        <a class=\"logo-grid__client\"\n                        aria-label=\"Lucky Brand\" href=\"https:\/\/www.luckybrand.com\/\"\n\t\t\t\t\t\ttarget=\"_blank\">\n\t\t\t\t\t\t\t\t\t\t\t<img alt=\"Lucky Brand logo\"\n\t\t\t\t\tloading=\"lazy\"\n\t\t\t\t\tsrc=\"https:\/\/www.radial.com\/wp-content\/uploads\/2022\/10\/18\/logo-lucky-brand-1.png\" >\n\t\n\t\t\t\t\t                        <\/a>\n\t\t\t\t\t\t\t\t\t\t\t\t\t\t\t\t\t\t\t\t\t\t\t\t\t                        <a class=\"logo-grid__client\"\n                        aria-label=\"sunday\" href=\"https:\/\/www.getsunday.com\/\"\n\t\t\t\t\t\ttarget=\"_blank\">\n\t\t\t\t\t\t\t\t\t\t\t<img alt=\"sunday logo\"\n\t\t\t\t\tloading=\"lazy\"\n\t\t\t\t\tsrc=\"https:\/\/www.radial.com\/wp-content\/uploads\/2022\/07\/27\/logo-sunday.png\" >\n\t\n\t\t\t\t\t                        <\/a>\n\t\t\t\t\t\t\t\t\t\t\t\t\n\t\t\t\t\t    <\/div>\n<\/div>\n\n\n<div class=\"switchback-block left\">\n\t\t\t\t\t\t\t\t\t            <div class=\"switchback-block__outer light\">\n                <div class=\"switchback-block__inner\">\n                    <div class=\"switchback-block__left animate\">\n\t\t\t\t\t\t\t\t\t\t\t\t\t<picture>\r\n<source data-image-size=\"switchback_small\" srcset=\"https:\/\/www.radial.com\/wp-content\/uploads\/2022\/08\/23\/transportation-management-more-solutions-2-aspect-ratio-1-1-350x350.jpg, https:\/\/www.radial.com\/wp-content\/uploads\/2022\/08\/23\/transportation-management-more-solutions-2-aspect-ratio-1-1-700x700.jpg 2x\" media=\"(max-width: 1280px)\" type=\"image\/jpeg\">\r\n<source data-image-size=\"switchback_large\" srcset=\"https:\/\/www.radial.com\/wp-content\/uploads\/2022\/08\/23\/transportation-management-more-solutions-2-aspect-ratio-1-1-518x518.jpg, https:\/\/www.radial.com\/wp-content\/uploads\/2022\/08\/23\/transportation-management-more-solutions-2-aspect-ratio-1-1-1036x1036.jpg 2x\" type=\"image\/jpeg\">\r\n<img decoding=\"async\" alt=\"\" src=\"https:\/\/www.radial.com\/wp-content\/uploads\/2022\/08\/23\/transportation-management-more-solutions-2-aspect-ratio-1-1-518x518.jpg\" loading=\"lazy\">\r\n<\/picture>\t\t\t\t\t\t                    <\/div>\n\n                    <div class=\"switchback-block__right animate\">\n\t\t\t\t\t\t                            <label class=\"switchback-block__eyebrow\">Wi\u0119cej rozwi\u0105za\u0144<\/label>\n\t\t\t\t\t\t\t\t\t\t\t\t                            <h2 class=\"switchback-block__title\">Wsp\u00f3\u0142pracuj z ekspertami e-commerce<\/h2>\n\t\t\t\t\t\t\t\t\t\t\t\t\t\t\t\t\t\t                            <div class=\"switchback-block__summary paragraph-block\"><p>Obs\u0142ugujemy wi\u0119cej ni\u017c tylko rozwi\u0105zania transportowe i frachtowe. Nawi\u0105\u017c wsp\u00f3\u0142prac\u0119 z firm\u0105 Radial, aby uzyska\u0107 pe\u0142ny pakiet rozwi\u0105za\u0144 z zakresu realizacji zam\u00f3wie\u0144 e-commerce. S\u0142u\u017cymy pomoc\u0105.<\/p>\n<\/div>\n\t\t\t\t\t\t\n\t\t\t\t\t\t                            <div class=\"switchback-block__cta-container\">\n\t\t\t\t\t\t\t\t\t\t\t\t\t\t\t\t\t\t\t\t\t\t\t\t\t\t\t<a class=\"switchback-block__cta button-primary dark-b\" href=\"https:\/\/www.radial.com\/pl\/realizacja-zamowien-e-commerce\/rozwiazania-w-zakresie-realizacji\" target=\"_self\">Wszystkie rozwi\u0105zania w zakresie realizacji zam\u00f3wie\u0144 <\/a>\t\t\t\t\t\t\t\t\t\t\t\t\t\t\t\t\t\t\t\t\t\t\t\t\t\t\t\t\t\t\t\t\t\t\t\t\t\t\t\t\t\t\t\t\t\t\t\t\t\t\t\t\t                            <\/div>\n\t\t\t\t\t\t                    <\/div>\n                <\/div>\n            <\/div>\n\t\t\t<\/div>\n\n\n\n<div class=\"info-cta\">\n    <div class=\"info-cta__inner\">\n        <div class=\"info-cta__left\">\n            <div class=\"info-cta__summary\">\n\t\t\t\t\t\t\t\t\t<p>Porozmawiaj z ekspertem<\/p>\n\t\t\t\t            <\/div>\n        <\/div>\n\n                    <div class=\"info-cta__right\">\n                <a class=\"info-cta__cta button-primary light\" \n                href=\" https:\/\/www.radial.com\/pl\/skontaktuj-sie \"\n                    >\n                                            Skontaktuj si\u0119 z nami                                    <\/a>\n            <\/div>\n            <\/div>\n<\/div>\n\n<\/div>\n<\/div>\n<\/div>","protected":false},"excerpt":{"rendered":"","protected":false},"author":1,"featured_media":26580,"parent":28041,"menu_order":2,"comment_status":"closed","ping_status":"closed","template":"","meta":{"_acf_changed":false,"inline_featured_image":false,"footnotes":""},"class_list":["post-28056","page","type-page","status-publish","has-post-thumbnail","hentry"],"acf":[],"_links":{"self":[{"href":"https:\/\/www.radial.com\/pl\/wp-json\/wp\/v2\/pages\/28056","targetHints":{"allow":["GET"]}}],"collection":[{"href":"https:\/\/www.radial.com\/pl\/wp-json\/wp\/v2\/pages"}],"about":[{"href":"https:\/\/www.radial.com\/pl\/wp-json\/wp\/v2\/types\/page"}],"author":[{"embeddable":true,"href":"https:\/\/www.radial.com\/pl\/wp-json\/wp\/v2\/users\/1"}],"replies":[{"embeddable":true,"href":"https:\/\/www.radial.com\/pl\/wp-json\/wp\/v2\/comments?post=28056"}],"version-history":[{"count":13,"href":"https:\/\/www.radial.com\/pl\/wp-json\/wp\/v2\/pages\/28056\/revisions"}],"predecessor-version":[{"id":54373,"href":"https:\/\/www.radial.com\/pl\/wp-json\/wp\/v2\/pages\/28056\/revisions\/54373"}],"up":[{"embeddable":true,"href":"https:\/\/www.radial.com\/pl\/wp-json\/wp\/v2\/pages\/28041"}],"wp:featuredmedia":[{"embeddable":true,"href":"https:\/\/www.radial.com\/pl\/wp-json\/wp\/v2\/media\/26580"}],"wp:attachment":[{"href":"https:\/\/www.radial.com\/pl\/wp-json\/wp\/v2\/media?parent=28056"}],"curies":[{"name":"wp","href":"https:\/\/api.w.org\/{rel}","templated":true}]}}