{"id":28046,"date":"2022-05-02T13:37:08","date_gmt":"2022-05-02T17:37:08","guid":{"rendered":"https:\/\/www.radial.com\/ecommerce-fulfillment\/fulfillment-solutions"},"modified":"2022-08-31T11:29:53","modified_gmt":"2022-08-31T15:29:53","slug":"realizacja-zamowien-e-commerce-rozwiazania-w-zakresie-realizacji","status":"publish","type":"page","link":"https:\/\/www.radial.com\/pl\/realizacja-zamowien-e-commerce\/rozwiazania-w-zakresie-realizacji","title":{"rendered":"Rozwi\u0105zania i mo\u017cliwo\u015bci realizacji zam\u00f3wie\u0144 e-commerce"},"content":{"rendered":"\n<div class=\"page-wrapper\">\n\t\n\n<div class=\"landing-page\">\n\t\n\n<div class=\"landing-page-hero-area\" id=\"landing-page-hero-area\">\n\t\n\n\n<div class=\"hero-landing-block\">\n\t<div class=\"hero-landing-block__inner\">\n\t\t<div class=\"hero-landing-block__info\">\n\t\t\t<div class=\"hero-landing-block__info--inner\">\n\t\t\t<h1 class=\"hero-landing-block__title\">Wszystko, czego potrzebujesz do lepszej realizacji zam\u00f3wie\u0144 e-commerce<\/h1>\n            \t\t\t\t\t\t\t<div class=\"hero-landing-block__summary\">\n\t\t\t\t\t<p>Firma Radial zapewnia najnowocze\u015bniejsze technologie i us\u0142ugi realizacji, kt\u00f3re sprawi\u0105, \u017ce Twoja firma b\u0119dzie bardziej wydajna i dochodowa, jednocze\u015bnie wyr\u00f3\u017cniaj\u0105c si\u0119 z t\u0142umu.<\/p>\n\t\t\t\t<\/div>\n\t\t\t\t\t\t\t\t\t\t<a class=\"hero-landing-block__cta button-primary light\" href=\"https:\/\/www.radial.com\/pl\/skontaktuj-sie\" target=\"_self\">Zacznij ju\u017c teraz <\/a>\t\t\t\t\t\t<\/div>\n\t\t<\/div>\n\t\t<div class=\"hero-landing-block__image\">\n\t\t\t<picture>\r\n<source data-image-size=\"hero_landing_small\" srcset=\"https:\/\/www.radial.com\/wp-content\/uploads\/2022\/06\/30\/fulfillment-solutions-342x228.jpg, https:\/\/www.radial.com\/wp-content\/uploads\/2022\/06\/30\/fulfillment-solutions-684x456.jpg 2x\" media=\"(max-width: 350px)\" type=\"image\/jpeg\">\r\n<source data-image-size=\"hero_landing_medium\" srcset=\"https:\/\/www.radial.com\/wp-content\/uploads\/2022\/06\/30\/fulfillment-solutions-705x470.jpg, https:\/\/www.radial.com\/wp-content\/uploads\/2022\/06\/30\/fulfillment-solutions-1410x940.jpg 2x\" media=\"(max-width: 715px)\" type=\"image\/jpeg\">\r\n<source data-image-size=\"hero_landing_medium_large\" srcset=\"https:\/\/www.radial.com\/wp-content\/uploads\/2022\/06\/30\/fulfillment-solutions-960x640.jpg, https:\/\/www.radial.com\/wp-content\/uploads\/2022\/06\/30\/fulfillment-solutions-1920x1280.jpg 2x\" media=\"(max-width: 1023px)\" type=\"image\/jpeg\">\r\n<source data-image-size=\"hero_landing_large\" srcset=\"https:\/\/www.radial.com\/wp-content\/uploads\/2022\/08\/10\/fulfillment-solutions-aspect-ratio-22-25-704x800.jpg, https:\/\/www.radial.com\/wp-content\/uploads\/2022\/08\/10\/fulfillment-solutions-aspect-ratio-22-25-1408x1600.jpg 2x\" media=\"(max-width: 1440px)\" type=\"image\/jpeg\">\r\n<source data-image-size=\"hero_landing_huge\" srcset=\"https:\/\/www.radial.com\/wp-content\/uploads\/2022\/08\/10\/fulfillment-solutions-aspect-ratio-22-25-946x1075.jpg\" type=\"image\/jpeg\">\r\n<img decoding=\"async\" alt=\"\" src=\"https:\/\/www.radial.com\/wp-content\/uploads\/2022\/08\/10\/fulfillment-solutions-aspect-ratio-22-25-704x800.jpg\">\r\n<\/picture>\t\t<\/div>\n\t<\/div>\n<\/div>\n\n<\/div>\n\n\n<div class=\"landing-page-block-area\">\n\t\n\n<div class=\"switchback-block left\">\n\t\t\t\t\t\t\t\t\t            <div class=\"switchback-block__outer light\">\n                <div class=\"switchback-block__inner\">\n                    <div class=\"switchback-block__left animate\">\n\t\t\t\t\t\t\t\t\t\t\t\t\t<picture>\r\n<source data-image-size=\"switchback_small\" srcset=\"https:\/\/www.radial.com\/wp-content\/uploads\/2022\/08\/10\/fulfillment-solutions-approach-aspect-ratio-1-1-350x350.jpg, https:\/\/www.radial.com\/wp-content\/uploads\/2022\/08\/10\/fulfillment-solutions-approach-aspect-ratio-1-1-700x700.jpg 2x\" media=\"(max-width: 1280px)\" type=\"image\/jpeg\">\r\n<source data-image-size=\"switchback_large\" srcset=\"https:\/\/www.radial.com\/wp-content\/uploads\/2022\/08\/10\/fulfillment-solutions-approach-aspect-ratio-1-1-518x518.jpg, https:\/\/www.radial.com\/wp-content\/uploads\/2022\/08\/10\/fulfillment-solutions-approach-aspect-ratio-1-1-1036x1036.jpg 2x\" type=\"image\/jpeg\">\r\n<img decoding=\"async\" alt=\"\" src=\"https:\/\/www.radial.com\/wp-content\/uploads\/2022\/08\/10\/fulfillment-solutions-approach-aspect-ratio-1-1-518x518.jpg\" loading=\"lazy\">\r\n<\/picture>\t\t\t\t\t\t                    <\/div>\n\n                    <div class=\"switchback-block__right animate\">\n\t\t\t\t\t\t                            <label class=\"switchback-block__eyebrow\">Nasze podej\u015bcie <\/label>\n\t\t\t\t\t\t\t\t\t\t\t\t                            <h2 class=\"switchback-block__title\">Sprzeda\u017c to tylko po\u0142owa pracy<\/h2>\n\t\t\t\t\t\t\t\t\t\t\t\t\t\t\t\t\t\t                            <div class=\"switchback-block__summary paragraph-block\"><p>Wiemy, \u017ce realizacja zam\u00f3wie\u0144 e-commerce jest cz\u0119sto bardziej kosztowna i skomplikowana ni\u017c samo uzyskanie sprzeda\u017cy. Wiemy r\u00f3wnie\u017c, \u017ce realizacja zam\u00f3wie\u0144 jest r\u00f3wnie wa\u017cn. Dzi\u0119ki Radial zyskujesz zaawansowane mo\u017cliwo\u015bci techniczne w po\u0142\u0105czeniu z naszym globalnym zasi\u0119giem operacyjnym. Dostosowujemy si\u0119 do Twojego rozmiaru, z odpowiedni\u0105 ilo\u015bci\u0105 spersonalizowanego podej\u015bcia. Wsp\u00f3\u0142pracuj\u0105c z Twoj\u0105 wyj\u0105tkow\u0105 firm\u0105, okre\u015blamy niestandardow\u0105 kombinacj\u0119 us\u0142ug i rozwi\u0105za\u0144 w zakresie realizacji zam\u00f3wie\u0144, kt\u00f3rych b\u0119dziesz potrzebowa\u0107, aby zapewni\u0107 swoim klientom wyj\u0105tkowe wra\u017cenia.<\/p>\n<\/div>\n\t\t\t\t\t\t\n\t\t\t\t\t\t                    <\/div>\n                <\/div>\n            <\/div>\n\t\t\t\t\t\t\t\t            <div class=\"switchback-block__outer dark\">\n                <div class=\"switchback-block__inner\">\n                    <div class=\"switchback-block__left animate\">\n\t\t\t\t\t\t\t\t\t\t\t\t\t<picture>\r\n<source data-image-size=\"switchback_small\" srcset=\"https:\/\/www.radial.com\/wp-content\/uploads\/2022\/08\/23\/ecommerce-fulfillment-fulfillment-solutions-innovation-aspect-ratio-1-1-1-350x350.jpg, https:\/\/www.radial.com\/wp-content\/uploads\/2022\/08\/23\/ecommerce-fulfillment-fulfillment-solutions-innovation-aspect-ratio-1-1-1-700x700.jpg 2x\" media=\"(max-width: 1280px)\" type=\"image\/jpeg\">\r\n<source data-image-size=\"switchback_large\" srcset=\"https:\/\/www.radial.com\/wp-content\/uploads\/2022\/08\/23\/ecommerce-fulfillment-fulfillment-solutions-innovation-aspect-ratio-1-1-1-518x518.jpg, https:\/\/www.radial.com\/wp-content\/uploads\/2022\/08\/23\/ecommerce-fulfillment-fulfillment-solutions-innovation-aspect-ratio-1-1-1-1036x1036.jpg 2x\" type=\"image\/jpeg\">\r\n<img decoding=\"async\" alt=\"\" src=\"https:\/\/www.radial.com\/wp-content\/uploads\/2022\/08\/23\/ecommerce-fulfillment-fulfillment-solutions-innovation-aspect-ratio-1-1-1-518x518.jpg\" loading=\"lazy\">\r\n<\/picture>\t\t\t\t\t\t                    <\/div>\n\n                    <div class=\"switchback-block__right animate\">\n\t\t\t\t\t\t                            <label class=\"switchback-block__eyebrow\">Innowacja<\/label>\n\t\t\t\t\t\t\t\t\t\t\t\t                            <h2 class=\"switchback-block__title\">Wiod\u0105ca w bran\u017cy technologia<\/h2>\n\t\t\t\t\t\t\t\t\t\t\t\t\t\t\t\t\t\t                            <div class=\"switchback-block__summary paragraph-block\"><p>Poniewa\u017c klienci wymagaj\u0105 kr\u00f3tkiego czasu reakcji, firmy e-commerce spiesz\u0105 si\u0119, aby dotrzyma\u0107 im kroku. Radial u\u0142atwia to dzi\u0119ki portfolio innowacyjnych technologii i zr\u00f3\u017cnicowanej automatyzacji, kt\u00f3re mo\u017cna dostosowa\u0107 do potrzeb Twojej firmy. Niezale\u017cnie od tego, czy Twoje dzia\u0142ania zwi\u0105zane z realizacj\u0105 zam\u00f3wie\u0144 wymagaj\u0105 autonomicznych robot\u00f3w mobilnych (AMR), czy automatycznych maszyn pakuj\u0105cych, nasi eksperci ds. realizacji opracuj\u0105 rozwi\u0105zanie, kt\u00f3re pomo\u017ce Ci osi\u0105gn\u0105\u0107 satysfakcj\u0119 klienta.<\/p>\n<\/div>\n\t\t\t\t\t\t\n\t\t\t\t\t\t                    <\/div>\n                <\/div>\n            <\/div>\n\t\t\t<\/div>\n\n\n<section class=\"featured-highlight-block featured-highlight\" is=\"featured-highlight-block\">\n    <header class=\"featured-highlight__header animate\">\n\t                <span class=\"featured-highlight__subtitle\">\n\t\t\tMo\u017cliwo\u015bci realizacji\t\t<\/span>\n\t    \t                <h2 class=\"featured-highlight__title\">Rozwi\u0105zania e-commerce, kt\u00f3re rozwijaj\u0105 si\u0119 razem z Tob\u0105<\/h2>\n\t    \t                <div class=\"featured-highlight__summary\">\n\t\t\t    <p>Spraw, aby ka\u017cde zam\u00f3wienie by\u0142o dla klienta \u015bwietnym do\u015bwiadczeniem. Nasze sprawdzone procesy i rozbudowane opcje dostosowywania zapewniaj\u0105 wydajno\u015b\u0107 i jako\u015b\u0107 na ka\u017cdym kroku, nawet w szczytowych sezonach.<\/p>\n            <\/div>\n\t        <\/header>\n\t<div class=\"featured-highlight__inner\">\n\t\t\t\t\t<div class=\"featured-highlight__image animate\">\n\t\t\t\t<picture>\r\n<source data-image-size=\"featured_highlight_landscape_small\" srcset=\"https:\/\/www.radial.com\/wp-content\/uploads\/2022\/08\/10\/fulfillment-solutions-capabilities-aspect-ratio-3-2-342x228.jpg, https:\/\/www.radial.com\/wp-content\/uploads\/2022\/08\/10\/fulfillment-solutions-capabilities-aspect-ratio-3-2-684x456.jpg 2x\" media=\"(max-width: 370px)\" type=\"image\/jpeg\">\r\n<source data-image-size=\"featured_highlight_landscape_medium\" srcset=\"https:\/\/www.radial.com\/wp-content\/uploads\/2022\/08\/10\/fulfillment-solutions-capabilities-aspect-ratio-3-2-690x460.jpg, https:\/\/www.radial.com\/wp-content\/uploads\/2022\/08\/10\/fulfillment-solutions-capabilities-aspect-ratio-3-2-1380x920.jpg 2x\" media=\"(max-width: 700px)\" type=\"image\/jpeg\">\r\n<source data-image-size=\"featured_highlight_landscape_large\" srcset=\"https:\/\/www.radial.com\/wp-content\/uploads\/2022\/08\/10\/fulfillment-solutions-capabilities-aspect-ratio-3-2-990x660.jpg\" media=\"(max-width: 1023px)\" type=\"image\/jpeg\">\r\n<source data-image-size=\"featured_highlight_portrait_large\" srcset=\"https:\/\/www.radial.com\/wp-content\/uploads\/2022\/08\/10\/fulfillment-solutions-capabilities-aspect-ratio-469-646-469x646.jpg, https:\/\/www.radial.com\/wp-content\/uploads\/2022\/08\/10\/fulfillment-solutions-capabilities-aspect-ratio-469-646-938x1292.jpg 2x\" type=\"image\/jpeg\">\r\n<img decoding=\"async\" alt=\"\" src=\"https:\/\/www.radial.com\/wp-content\/uploads\/2022\/08\/10\/fulfillment-solutions-capabilities-aspect-ratio-469-646-469x646.jpg\" loading=\"lazy\">\r\n<\/picture>\t\t\t<\/div>\n\t\t\t\t\t\t\t<div class=\"featured-highlight__container animate\">\n\t\t\t\t\t\t\t\t\t\t\t\t\t\t\t\t\t\t\t\t\t\t<div class=\"featured-highlight__element\">\n\t\t\t\t\t\t\t\t\t\t\t\t\t\t\t\t\t<h3 class=\"featured-highlight__element-heading\">\n\t\t\t\t\t\t\t\t\t\t\t\t\t\t\t\t\t\t\t\t\t\t\t\t\t\t\t\t\t\t\t<span class=\"featured-highlight__icon\">\n\t\t\t\t\t\t\t\t\t\t\t\t<img decoding=\"async\" alt=\"Box Closed\" src=\"https:\/\/www.radial.com\/wp-content\/uploads\/2022\/07\/06\/box-closed.svg\" \/>\n\t\t\t\t\t\t\t\t\t\t\t<\/span>\n\t\t\t\t\t\t\t\t\t\t\t\t\t\t\t\t\t\t\t\t<span>\n\t\t\t\t\t\t\t\t\t\t\tSpraw, aby zwroty by\u0142y \u0142atwe\t\t\t\t\t\t\t\t\t\t<\/span>\n\t\t\t\t\t\t\t\t\t<\/h3>\n\t\t\t\t\t\t\t\t\t\t\t\t\t\t\t\t\t\t\t\t\t\t\t\t\t<div class=\"featured-highlight__content\">\n\t\t\t\t\t\t\t\t\t\t<p>Dzi\u0119ki tej us\u0142udze dodatkowej Radial do\u0142\u0105cza do ka\u017cdego zam\u00f3wienia op\u0142acone z g\u00f3ry etykiety wysy\u0142kowe i instrukcje zwrotu, dzi\u0119ki czemu klienci mog\u0105 \u0142atwo dokona\u0107 zwrotu lub wymiany.<\/p>\n\t\t\t\t\t\t\t\t\t<\/div>\n\t\t\t\t\t\t\t\t\n\t\t\t\t\t\t\t\t\t\t\t\t\t\t\t<\/div>\n\t\t\t\t\t\t\t\t\t\t\t\t\t\t\t\t\t\t\t\t\t\t\t\t\t\t\t\t\t\t\t\t\t\t<div class=\"featured-highlight__element\">\n\t\t\t\t\t\t\t\t\t\t\t\t\t\t\t\t\t<h3 class=\"featured-highlight__element-heading\">\n\t\t\t\t\t\t\t\t\t\t\t\t\t\t\t\t\t\t\t\t\t\t\t\t\t\t\t\t\t\t\t<span class=\"featured-highlight__icon\">\n\t\t\t\t\t\t\t\t\t\t\t\t<img decoding=\"async\" alt=\"Box Open\" src=\"https:\/\/www.radial.com\/wp-content\/uploads\/2022\/07\/06\/box-opened.svg\" \/>\n\t\t\t\t\t\t\t\t\t\t\t<\/span>\n\t\t\t\t\t\t\t\t\t\t\t\t\t\t\t\t\t\t\t\t<span>\n\t\t\t\t\t\t\t\t\t\t\tDostosowane do swojej marki\t\t\t\t\t\t\t\t\t\t<\/span>\n\t\t\t\t\t\t\t\t\t<\/h3>\n\t\t\t\t\t\t\t\t\t\t\t\t\t\t\t\t\t\t\t\t\t\t\t\t\t<div class=\"featured-highlight__content\">\n\t\t\t\t\t\t\t\t\t\t<p>Oferujemy niestandardowe opakowania, opakowania na prezenty, wk\u0142adki marketingowe, niestandardowe po\u0142\u0105czenia, hafty, odr\u0119czne pismo cyfrowe i kompletowanie, aby zam\u00f3wienia internetowe by\u0142y wyj\u0105tkowe.<\/p>\n\t\t\t\t\t\t\t\t\t<\/div>\n\t\t\t\t\t\t\t\t\n\t\t\t\t\t\t\t\t\t\t\t\t\t\t\t<\/div>\n\t\t\t\t\t\t\t\t\t\t\t\t\t\t\t\t\t\t\t\t\t\t\t\t\t\t\t\t\t\t\t\t\t\t<div class=\"featured-highlight__element\">\n\t\t\t\t\t\t\t\t\t\t\t\t\t\t\t\t\t<h3 class=\"featured-highlight__element-heading\">\n\t\t\t\t\t\t\t\t\t\t\t\t\t\t\t\t\t\t\t\t\t\t\t\t\t\t\t\t\t\t\t<span class=\"featured-highlight__icon\">\n\t\t\t\t\t\t\t\t\t\t\t\t<img decoding=\"async\" alt=\"Knowledge Cloud\" src=\"https:\/\/www.radial.com\/wp-content\/uploads\/2022\/07\/06\/knowledge.svg\" \/>\n\t\t\t\t\t\t\t\t\t\t\t<\/span>\n\t\t\t\t\t\t\t\t\t\t\t\t\t\t\t\t\t\t\t\t<span>\n\t\t\t\t\t\t\t\t\t\t\tUsprawnij logistyk\u0119\t\t\t\t\t\t\t\t\t\t<\/span>\n\t\t\t\t\t\t\t\t\t<\/h3>\n\t\t\t\t\t\t\t\t\t\t\t\t\t\t\t\t\t\t\t\t\t\t\t\t\t<div class=\"featured-highlight__content\">\n\t\t\t\t\t\t\t\t\t\t<p>Nasz pakiet rozwi\u0105za\u0144 w zakresie realizacji zam\u00f3wie\u0144, w tym przesy\u0142ki przychodz\u0105ce, wychodz\u0105ce, zarz\u0105dzanie zwrotami, przechowywanie i us\u0142ugi wysy\u0142kowe, zach\u0119caj\u0105 klient\u00f3w do wracania po wi\u0119cej.<\/p>\n\t\t\t\t\t\t\t\t\t<\/div>\n\t\t\t\t\t\t\t\t\n\t\t\t\t\t\t\t\t\t\t\t\t\t\t\t<\/div>\n\t\t\t\t\t\t\t\t\t\t\t\t\t\t\t\t\t\t\t\t\t\t\t\t\t\t\t\t\t\t\t\t\t\t<div class=\"featured-highlight__element\">\n\t\t\t\t\t\t\t\t\t\t\t\t\t\t\t\t\t<h3 class=\"featured-highlight__element-heading\">\n\t\t\t\t\t\t\t\t\t\t\t\t\t\t\t\t\t\t\t\t\t\t\t\t\t\t\t\t\t\t\t<span class=\"featured-highlight__icon\">\n\t\t\t\t\t\t\t\t\t\t\t\t<img decoding=\"async\" alt=\"Store\" src=\"https:\/\/www.radial.com\/wp-content\/uploads\/2022\/07\/06\/store.svg\" \/>\n\t\t\t\t\t\t\t\t\t\t\t<\/span>\n\t\t\t\t\t\t\t\t\t\t\t\t\t\t\t\t\t\t\t\t<span>\n\t\t\t\t\t\t\t\t\t\t\tDodaj nowe rynki\t\t\t\t\t\t\t\t\t\t<\/span>\n\t\t\t\t\t\t\t\t\t<\/h3>\n\t\t\t\t\t\t\t\t\t\t\t\t\t\t\t\t\t\t\t\t\t\t\t\t\t<div class=\"featured-highlight__content\">\n\t\t\t\t\t\t\t\t\t\t<p>Powi\u0119ksz sw\u00f3j ca\u0142kowity rynek docelowy i przychody, wprowadzaj\u0105c swoje marki i produkty na najwa\u017cniejsze rynki bez konieczno\u015bci tworzenia nowych, dedykowanych kana\u0142\u00f3w.<\/p>\n\t\t\t\t\t\t\t\t\t<\/div>\n\t\t\t\t\t\t\t\t\n\t\t\t\t\t\t\t\t\t\t\t\t\t\t\t<\/div>\n\t\t\t\t\t\t\t\t\t\t\t\t\t\t\t\t\t\t\t\t\t\t\t\t\t\t\t\t\t\t\t\t\t\t<div class=\"featured-highlight__element\">\n\t\t\t\t\t\t\t\t\t\t\t\t\t\t\t\t\t<h3 class=\"featured-highlight__element-heading\">\n\t\t\t\t\t\t\t\t\t\t\t\t\t\t\t\t\t\t\t\t\t\t\t\t\t\t\t\t\t\t\t<span class=\"featured-highlight__icon\">\n\t\t\t\t\t\t\t\t\t\t\t\t<img decoding=\"async\" alt=\"Truck\" src=\"https:\/\/www.radial.com\/wp-content\/uploads\/2022\/07\/06\/truck.svg\" \/>\n\t\t\t\t\t\t\t\t\t\t\t<\/span>\n\t\t\t\t\t\t\t\t\t\t\t\t\t\t\t\t\t\t\t\t<span>\n\t\t\t\t\t\t\t\t\t\t\tWykorzystaj program realizacji przez sprzedawc\u0119 Prime\t\t\t\t\t\t\t\t\t\t<\/span>\n\t\t\t\t\t\t\t\t\t<\/h3>\n\t\t\t\t\t\t\t\t\t\t\t\t\t\t\t\t\t\t\t\t\t\t\t\t\t<div class=\"featured-highlight__content\">\n\t\t\t\t\t\t\t\t\t\t<p>Radial oferuje Amazon Prime w naszej sieci centr\u00f3w dystrybucji, aby pom\u00f3c markom czerpa\u0107 korzy\u015bci ze statusu dostawy Prime bez korzystania z us\u0142ugi realizacji Amazon.<\/p>\n\t\t\t\t\t\t\t\t\t<\/div>\n\t\t\t\t\t\t\t\t\n\t\t\t\t\t\t\t\t\t\t\t\t\t\t\t<\/div>\n\t\t\t\t\t\t\t\t\t\t\t\t\t\t\t\t\t\t\t\t\t\t\t\t\t\t\t\t\t\t\t\t\t\t<div class=\"featured-highlight__element\">\n\t\t\t\t\t\t\t\t\t\t\t\t\t\t\t\t\t<h3 class=\"featured-highlight__element-heading\">\n\t\t\t\t\t\t\t\t\t\t\t\t\t\t\t\t\t\t\t\t\t\t\t\t\t\t\t\t\t\t\t<span class=\"featured-highlight__icon\">\n\t\t\t\t\t\t\t\t\t\t\t\t<img decoding=\"async\" alt=\"Dollar Sign\" src=\"https:\/\/www.radial.com\/wp-content\/uploads\/2022\/06\/07\/Currency.svg\" \/>\n\t\t\t\t\t\t\t\t\t\t\t<\/span>\n\t\t\t\t\t\t\t\t\t\t\t\t\t\t\t\t\t\t\t\t<span>\n\t\t\t\t\t\t\t\t\t\t\tSpieni\u0119\u017caj wi\u0119cej zapas\u00f3w\t\t\t\t\t\t\t\t\t\t<\/span>\n\t\t\t\t\t\t\t\t\t<\/h3>\n\t\t\t\t\t\t\t\t\t\t\t\t\t\t\t\t\t\t\t\t\t\t\t\t\t<div class=\"featured-highlight__content\">\n\t\t\t\t\t\t\t\t\t\t<p>Uzyskaj lepszy zwrot ze starych i nadmiernych zapas\u00f3w. Radial pozwala wyeliminowa\u0107 lub ograniczy\u0107 punkty kontaktowe, koszty i og\u00f3lne koszty administracyjne zwi\u0105zane z likwidacj\u0105.<\/p>\n\t\t\t\t\t\t\t\t\t<\/div>\n\t\t\t\t\t\t\t\t\n\t\t\t\t\t\t\t\t\t\t\t\t\t\t\t<\/div>\n\t\t\t\t\t\t\t\t\t\t\t\t\t\t\t\t\t\t\t<\/div>\n\t\t\t<\/div>\n<\/section>\n\n\n\n<div class=\"logo-grid\">\n\n\t        <h2 class=\"logo-grid__title\">\n\t\t\tUsprawniamy realizacj\u0119 zam\u00f3wie\u0144 e-commerce dla uznanych i wschodz\u0105cych marek na ca\u0142ym \u015bwiecie.         <\/h2>\n\t\n    <div class=\"logo-grid__clients animate\">\n\t\t\t\t\t\t\t\t\t\t\t\t\t\t\t\t\t\t                        <a class=\"logo-grid__client\"\n                        aria-label=\"Aeropostale\" href=\"https:\/\/www.aeropostale.com\/\"\n\t\t\t\t\t\ttarget=\"_blank\">\n\t\t\t\t\t\t\t\t\t\t\t<img alt=\"Aeropostale logo\"\n\t\t\t\t\tloading=\"lazy\"\n\t\t\t\t\tsrc=\"https:\/\/www.radial.com\/wp-content\/uploads\/2022\/10\/18\/logo-aeropostale.png\" >\n\t\n\t\t\t\t\t                        <\/a>\n\t\t\t\t\t\t\t\t\t\t\t\t\t\t\t\t\t\t\t\t\t\t\t\t\t                        <a class=\"logo-grid__client\"\n                        aria-label=\"Gymshark\" href=\"https:\/\/www.gymshark.com\/\"\n\t\t\t\t\t\ttarget=\"_blank\">\n\t\t\t\t\t\t\t\t\t\t\t<img alt=\"Gymshark logo\"\n\t\t\t\t\tloading=\"lazy\"\n\t\t\t\t\tsrc=\"https:\/\/www.radial.com\/wp-content\/uploads\/2022\/07\/08\/logo-gymshark-1.png\" >\n\t\n\t\t\t\t\t                        <\/a>\n\t\t\t\t\t\t\t\t\t\t\t\t\t\t\t\t\t\t\t\t\t\t\t\t\t                        <a class=\"logo-grid__client\"\n                        aria-label=\"Tom Ford\" href=\"https:\/\/www.tomford.com\/\"\n\t\t\t\t\t\ttarget=\"_blank\">\n\t\t\t\t\t\t\t\t\t\t\t<img alt=\"Tom Ford logo\"\n\t\t\t\t\tloading=\"lazy\"\n\t\t\t\t\tsrc=\"https:\/\/www.radial.com\/wp-content\/uploads\/2022\/07\/08\/logo-tom-ford.png\" >\n\t\n\t\t\t\t\t                        <\/a>\n\t\t\t\t\t\t\t\t\t\t\t\t\n\t\t\t\t\t    <\/div>\n<\/div>\n\n\n\n<div class=\"info-cta\">\n    <div class=\"info-cta__inner\">\n        <div class=\"info-cta__left\">\n            <div class=\"info-cta__summary\">\n\t\t\t\t\t\t\t\t\t<p>Porozmawiaj z ekspertem ds. realizacji<\/p>\n\t\t\t\t            <\/div>\n        <\/div>\n\n                    <div class=\"info-cta__right\">\n                <a class=\"info-cta__cta button-primary light\" \n                href=\" https:\/\/www.radial.com\/pl\/skontaktuj-sie \"\n                    >\n                                            Skontaktuj si\u0119 z nami                                    <\/a>\n            <\/div>\n            <\/div>\n<\/div>\n\n<\/div>\n<\/div>\n<\/div>","protected":false},"excerpt":{"rendered":"","protected":false},"author":1,"featured_media":27927,"parent":28041,"menu_order":1,"comment_status":"closed","ping_status":"closed","template":"","meta":{"_acf_changed":false,"inline_featured_image":false,"footnotes":""},"class_list":["post-28046","page","type-page","status-publish","has-post-thumbnail","hentry"],"acf":[],"_links":{"self":[{"href":"https:\/\/www.radial.com\/pl\/wp-json\/wp\/v2\/pages\/28046","targetHints":{"allow":["GET"]}}],"collection":[{"href":"https:\/\/www.radial.com\/pl\/wp-json\/wp\/v2\/pages"}],"about":[{"href":"https:\/\/www.radial.com\/pl\/wp-json\/wp\/v2\/types\/page"}],"author":[{"embeddable":true,"href":"https:\/\/www.radial.com\/pl\/wp-json\/wp\/v2\/users\/1"}],"replies":[{"embeddable":true,"href":"https:\/\/www.radial.com\/pl\/wp-json\/wp\/v2\/comments?post=28046"}],"version-history":[{"count":9,"href":"https:\/\/www.radial.com\/pl\/wp-json\/wp\/v2\/pages\/28046\/revisions"}],"predecessor-version":[{"id":28854,"href":"https:\/\/www.radial.com\/pl\/wp-json\/wp\/v2\/pages\/28046\/revisions\/28854"}],"up":[{"embeddable":true,"href":"https:\/\/www.radial.com\/pl\/wp-json\/wp\/v2\/pages\/28041"}],"wp:featuredmedia":[{"embeddable":true,"href":"https:\/\/www.radial.com\/pl\/wp-json\/wp\/v2\/media\/27927"}],"wp:attachment":[{"href":"https:\/\/www.radial.com\/pl\/wp-json\/wp\/v2\/media?parent=28046"}],"curies":[{"name":"wp","href":"https:\/\/api.w.org\/{rel}","templated":true}]}}