{"id":28041,"date":"2022-04-27T11:59:31","date_gmt":"2022-04-27T15:59:31","guid":{"rendered":"https:\/\/www.radial.com\/ecommerce-fulfillment"},"modified":"2025-06-24T15:52:55","modified_gmt":"2025-06-24T19:52:55","slug":"realizacja-e-commerce","status":"publish","type":"page","link":"https:\/\/www.radial.com\/pl\/realizacja-e-commerce","title":{"rendered":"Realizacja zam\u00f3wie\u0144 e-commerce"},"content":{"rendered":"\n<div class=\"page-wrapper\">\n\t\n\n<div class=\"landing-page\">\n\t\n\n<div class=\"landing-page-hero-area\" id=\"landing-page-hero-area\">\n\t\n\n\n<div class=\"hero-landing-block\">\n\t<div class=\"hero-landing-block__inner\">\n\t\t<div class=\"hero-landing-block__info\">\n\t\t\t<div class=\"hero-landing-block__info--inner\">\n\t\t\t<h1 class=\"hero-landing-block__title\">Skalowalne rozwi\u0105zania w zakresie realizacji e-commerce<\/h1>\n            \t\t\t\t\t\t\t<div class=\"hero-landing-block__summary\">\n\t\t\t\t\t<p>Firma Radial dostarcza specjalnie zaprojektowane rozwi\u0105zania w zakresie realizacji zam\u00f3wie\u0144 dla firm ka\u017cdej wielko\u015bci. Odkryj nasz pakiet rozwi\u0105za\u0144 do realizacji zam\u00f3wie\u0144 e-commerce zaprojektowanych, aby pom\u00f3c Ci dotrzyma\u0107 obietnic Twojej marki.<\/p>\n\t\t\t\t<\/div>\n\t\t\t\t\t\t\t\t\t\t<a class=\"hero-landing-block__cta button-primary light\" href=\"https:\/\/www.radial.com\/pl\/skontaktuj-sie\" target=\"_self\"> Zacznij ju\u017c teraz<\/a>\t\t\t\t\t\t<\/div>\n\t\t<\/div>\n\t\t<div class=\"hero-landing-block__image\">\n\t\t\t<picture>\r\n<source data-image-size=\"hero_landing_small\" srcset=\"https:\/\/www.radial.com\/wp-content\/uploads\/2022\/08\/22\/fulfillment-services-342x228.jpg, https:\/\/www.radial.com\/wp-content\/uploads\/2022\/08\/22\/fulfillment-services-684x456.jpg 2x\" media=\"(max-width: 350px)\" type=\"image\/jpeg\">\r\n<source data-image-size=\"hero_landing_medium\" srcset=\"https:\/\/www.radial.com\/wp-content\/uploads\/2022\/08\/22\/fulfillment-services-705x470.jpg, https:\/\/www.radial.com\/wp-content\/uploads\/2022\/08\/22\/fulfillment-services-1410x940.jpg 2x\" media=\"(max-width: 715px)\" type=\"image\/jpeg\">\r\n<source data-image-size=\"hero_landing_medium_large\" srcset=\"https:\/\/www.radial.com\/wp-content\/uploads\/2022\/08\/22\/fulfillment-services-960x640.jpg, https:\/\/www.radial.com\/wp-content\/uploads\/2022\/08\/22\/fulfillment-services-1920x1280.jpg 2x\" media=\"(max-width: 1023px)\" type=\"image\/jpeg\">\r\n<source data-image-size=\"hero_landing_large\" srcset=\"https:\/\/www.radial.com\/wp-content\/uploads\/2022\/08\/22\/fulfillment-services-aspect-ratio-22-25-704x800.jpg, https:\/\/www.radial.com\/wp-content\/uploads\/2022\/08\/22\/fulfillment-services-aspect-ratio-22-25-1408x1600.jpg 2x\" media=\"(max-width: 1440px)\" type=\"image\/jpeg\">\r\n<source data-image-size=\"hero_landing_huge\" srcset=\"https:\/\/www.radial.com\/wp-content\/uploads\/2022\/08\/22\/fulfillment-services-aspect-ratio-22-25-946x1075.jpg, https:\/\/www.radial.com\/wp-content\/uploads\/2022\/08\/22\/fulfillment-services-aspect-ratio-22-25-1892x2150.jpg 2x\" type=\"image\/jpeg\">\r\n<img decoding=\"async\" alt=\"\" src=\"https:\/\/www.radial.com\/wp-content\/uploads\/2022\/08\/22\/fulfillment-services-aspect-ratio-22-25-704x800.jpg\">\r\n<\/picture>\t\t<\/div>\n\t<\/div>\n<\/div>\n\n<\/div>\n\n\n<div class=\"landing-page-block-area\">\n\t\n<div class=\"core-heading-block\" data-heading-level=\"2\">\n<h2 class=\"wp-block-heading\" id=\"h-dopasowane-modele-realizacji-dedykowana-wiedza-specjalistyczna\">Dopasowane modele realizacji, dedykowana wiedza specjalistyczna<\/h2>\n<\/div>\n\n<div class=\"core-paragraph-block\">\n<p>W firmie Radial nie znajdziesz szablonowych rozwi\u0105za\u0144. B\u0119dziemy wsp\u00f3\u0142pracowa\u0107 z Tob\u0105, aby zidentyfikowa\u0107 Twoje potrzeby i stworzy\u0107 rozwi\u0105zania dostosowane do do\u015bwiadcze\u0144 klient\u00f3w Twojej marki \u2014 pod wzgl\u0119dem operacyjnym, finansowym i kulturowym. Dzi\u0119ki ponad 40-letniemu do\u015bwiadczeniu w bran\u017cy e-commerce i zespo\u0142owi oddanych, zaanga\u017cowanych ekspert\u00f3w, mo\u017cesz zaufa\u0107 Radial jako partnerowi w rozwoju.<\/p>\n<\/div>\n\n\n\n<div class=\"statistics statistics__4\">\n    <span class=\"statistics__elipse-right\">\n    <\/span>\n    <div class=\"statistics--inner\">\n        <div class=\"statistics__info animate\">\n\t\t                    <h2 class=\"statistics__title\">\n\t\t\t\t    Szybka realizacja, zadowoleni klienci                <\/h2>\n\t\t    \t\t                    <div class=\"statistics__summary\">\n\t\t\t\t    <p>Zapewnij obs\u0142ug\u0119 zam\u00f3wie\u0144 e-commerce, kt\u00f3rej wymagaj\u0105 Twoi klienci. Dysponujemy sieci\u0105 realizacji zam\u00f3wie\u0144 i skalowalno\u015bci\u0105, kt\u00f3ra przekracza ich oczekiwania.<\/p>\n                <\/div>\n\t\t            <\/div>\n\t                <ul class=\"statistics__content statistics__content__4 animate\">\n\t\t\t                        <li class=\"statistics__element\">\n\t\t\t\t\t                            <div class=\"statistics__number\">\n\t\t\t\t\t\t                                    \t\t\t\t\t\t\t    30+\t\t\t\t\t\t                            <\/div>\n\n\t\t\t\t\t                                <div class=\"statistics__number-text\">\n\t\t\t\t\t\t\t    centr\u00f3w realizacji zam\u00f3wie\u0144                            <\/div>\n\t\t\t\t\t                        <\/li>\n\t\t\t                        <li class=\"statistics__element\">\n\t\t\t\t\t                            <div class=\"statistics__number\">\n\t\t\t\t\t\t                                    \t\t\t\t\t\t\t    1,6M\t\t\t\t\t\t                            <\/div>\n\n\t\t\t\t\t                                <div class=\"statistics__number-text\">\n\t\t\t\t\t\t\t    m2 powierzchni przeznaczonej na realizacj\u0119 zam\u00f3wie\u0144                            <\/div>\n\t\t\t\t\t                        <\/li>\n\t\t\t                        <li class=\"statistics__element\">\n\t\t\t\t\t                            <div class=\"statistics__number\">\n\t\t\t\t\t\t                                    \t\t\t\t\t\t\t    349M\t\t\t\t\t\t                            <\/div>\n\n\t\t\t\t\t                                <div class=\"statistics__number-text\">\n\t\t\t\t\t\t\t    sztuk wys\u0142anych w 2023 r.                            <\/div>\n\t\t\t\t\t                        <\/li>\n\t\t\t                        <li class=\"statistics__element\">\n\t\t\t\t\t                            <div class=\"statistics__number\">\n\t\t\t\t\t\t                                    \t\t\t\t\t\t\t    82M\t\t\t\t\t\t                            <\/div>\n\n\t\t\t\t\t                                <div class=\"statistics__number-text\">\n\t\t\t\t\t\t\t    sztuk wys\u0142anych w szczycie w 2023 r.                            <\/div>\n\t\t\t\t\t                        <\/li>\n\t\t\t                <\/ul>\n\t        <\/div>\n    <span class=\"statistics__elipse-left\">\n    <\/span>\n<\/div>\n\n\n<div class=\"switchback-block left\">\n\t\t\t\t\t\t\t\t\t            <div class=\"switchback-block__outer light\">\n                <div class=\"switchback-block__inner\">\n                    <div class=\"switchback-block__left animate\">\n\t\t\t\t\t\t\t\t\t\t\t\t\t<picture>\r\n<source data-image-size=\"switchback_small\" srcset=\"https:\/\/www.radial.com\/wp-content\/uploads\/2022\/08\/24\/fulfillment-solutions-1-aspect-ratio-1-1-350x350.jpg, https:\/\/www.radial.com\/wp-content\/uploads\/2022\/08\/24\/fulfillment-solutions-1-aspect-ratio-1-1-700x700.jpg 2x\" media=\"(max-width: 1280px)\" type=\"image\/jpeg\">\r\n<source data-image-size=\"switchback_large\" srcset=\"https:\/\/www.radial.com\/wp-content\/uploads\/2022\/08\/24\/fulfillment-solutions-1-aspect-ratio-1-1-518x518.jpg, https:\/\/www.radial.com\/wp-content\/uploads\/2022\/08\/24\/fulfillment-solutions-1-aspect-ratio-1-1-1036x1036.jpg 2x\" type=\"image\/jpeg\">\r\n<img decoding=\"async\" alt=\"\" src=\"https:\/\/www.radial.com\/wp-content\/uploads\/2022\/08\/24\/fulfillment-solutions-1-aspect-ratio-1-1-518x518.jpg\" loading=\"lazy\">\r\n<\/picture>\t\t\t\t\t\t                    <\/div>\n\n                    <div class=\"switchback-block__right animate\">\n\t\t\t\t\t\t                            <label class=\"switchback-block__eyebrow\"> Dostosowanie do indywidualnych potrzeb<\/label>\n\t\t\t\t\t\t\t\t\t\t\t\t                            <h2 class=\"switchback-block__title\">Uzyskaj rozwi\u0105zania w zakresie realizacji zam\u00f3wie\u0144 dostosowane do Twoich potrzeb<\/h2>\n\t\t\t\t\t\t\t\t\t\t\t\t\t\t\t\t\t\t                            <div class=\"switchback-block__summary paragraph-block\"><p>Radial zapewnia wszystko, czego potrzebujesz do szybszej, inteligentniejszej i bardziej op\u0142acalnej realizacji zam\u00f3wie\u0144 \u2014 od jednego dostawcy. Mo\u017cesz na nas liczy\u0107 we wszystkim, od zarz\u0105dzania zapasami, przez zr\u00f3\u017cnicowan\u0105 automatyzacj\u0119, po \u0142atwe zwroty, niestandardowe opakowania i wszystko pomi\u0119dzy. Poniewa\u017c jeste\u015bmy ekspertami w e-commerce, mo\u017cesz nam zaufa\u0107, \u017ce zbudujemy dostosowane rozwi\u0105zanie, kt\u00f3re umo\u017cliwi Tw\u00f3j rozw\u00f3j.<\/p>\n<\/div>\n\t\t\t\t\t\t\n\t\t\t\t\t\t                            <div class=\"switchback-block__cta-container\">\n\t\t\t\t\t\t\t\t\t\t\t\t\t\t\t\t\t\t\t\t\t\t\t\t\t\t\t<a class=\"switchback-block__cta button-primary dark-b\" href=\"https:\/\/www.radial.com\/pl\/realizacja-zamowien-e-commerce\/rozwiazania-w-zakresie-realizacji\" target=\"_self\"> Wszystkie rozwi\u0105zania w zakresie realizacji zam\u00f3wie\u0144<\/a>\t\t\t\t\t\t\t\t\t\t\t\t\t\t\t\t\t                            <\/div>\n\t\t\t\t\t\t                    <\/div>\n                <\/div>\n            <\/div>\n\t\t\t\t\t\t\t\t            <div class=\"switchback-block__outer dark\">\n                <div class=\"switchback-block__inner\">\n                    <div class=\"switchback-block__left animate\">\n\t\t\t\t\t\t\t\t\t\t\t\t\t<picture>\r\n<source data-image-size=\"switchback_small\" srcset=\"https:\/\/www.radial.com\/wp-content\/uploads\/2022\/08\/24\/transportation-management-aspect-ratio-1-1-350x350.jpg, https:\/\/www.radial.com\/wp-content\/uploads\/2022\/08\/24\/transportation-management-aspect-ratio-1-1-700x700.jpg 2x\" media=\"(max-width: 1280px)\" type=\"image\/jpeg\">\r\n<source data-image-size=\"switchback_large\" srcset=\"https:\/\/www.radial.com\/wp-content\/uploads\/2022\/08\/24\/transportation-management-aspect-ratio-1-1-518x518.jpg, https:\/\/www.radial.com\/wp-content\/uploads\/2022\/08\/24\/transportation-management-aspect-ratio-1-1-1036x1036.jpg 2x\" type=\"image\/jpeg\">\r\n<img decoding=\"async\" alt=\"\" src=\"https:\/\/www.radial.com\/wp-content\/uploads\/2022\/08\/24\/transportation-management-aspect-ratio-1-1-518x518.jpg\" loading=\"lazy\">\r\n<\/picture>\t\t\t\t\t\t                    <\/div>\n\n                    <div class=\"switchback-block__right animate\">\n\t\t\t\t\t\t                            <label class=\"switchback-block__eyebrow\">Zarz\u0105dzanie transportem<\/label>\n\t\t\t\t\t\t\t\t\t\t\t\t                            <h2 class=\"switchback-block__title\">Zachwy\u0107 klient\u00f3w szybsz\u0105 wysy\u0142k\u0105 <\/h2>\n\t\t\t\t\t\t\t\t\t\t\t\t\t\t\t\t\t\t                            <div class=\"switchback-block__summary paragraph-block\"><p>Skr\u00f3\u0107 czas dostawy, jednocze\u015bnie obni\u017caj\u0105c koszty transportu. Nasze zintegrowane rozwi\u0105zania transportowe zapewniaj\u0105 do\u015bwiadczenia typu \u201ekliknij, aby dostarczy\u0107\u201d, kt\u00f3re s\u0105 dostosowane do szczytowych sezon\u00f3w.<\/p>\n<\/div>\n\t\t\t\t\t\t\n\t\t\t\t\t\t                            <div class=\"switchback-block__cta-container\">\n\t\t\t\t\t\t\t\t\t\t\t\t\t\t\t\t\t\t\t\t\t\t\t\t\t\t\t<a class=\"switchback-block__cta button-primary light-b\" href=\"https:\/\/www.radial.com\/pl\/realizacja-e-commerce\/zarzadzanie-transportem\" target=\"_self\">Zarz\u0105dzanie transportem<\/a>\t\t\t\t\t\t\t\t\t\t\t\t\t\t\t\t\t                            <\/div>\n\t\t\t\t\t\t                    <\/div>\n                <\/div>\n            <\/div>\n\t\t\t<\/div>\n\n\n\n<div class=\"logo-grid\">\n\n\t        <h2 class=\"logo-grid__title\">\n\t\t\tUsprawniamy realizacj\u0119 zam\u00f3wie\u0144 e-commerce dla uznanych i wschodz\u0105cych marek na ca\u0142ym \u015bwiecie.         <\/h2>\n\t\n    <div class=\"logo-grid__clients animate\">\n\t\t\t\t\t\t\t\t\t\t\t\t\t\t\t\t\t\t                        <a class=\"logo-grid__client\"\n                        aria-label=\"Aeropostale\" href=\"https:\/\/www.aeropostale.com\/\"\n\t\t\t\t\t\ttarget=\"_blank\">\n\t\t\t\t\t\t\t\t\t\t\t<img alt=\"Aeropostale logo\"\n\t\t\t\t\tloading=\"lazy\"\n\t\t\t\t\tsrc=\"https:\/\/www.radial.com\/wp-content\/uploads\/2022\/10\/18\/logo-aeropostale.png\" >\n\t\n\t\t\t\t\t                        <\/a>\n\t\t\t\t\t\t\t\t\t\t\t\t\t\t\t\t\t\t\t\t\t\t\t\t\t                        <a class=\"logo-grid__client\"\n                        aria-label=\"Gymshark\" href=\"https:\/\/www.gymshark.com\/\"\n\t\t\t\t\t\ttarget=\"_blank\">\n\t\t\t\t\t\t\t\t\t\t\t<img alt=\"Gymshark logo\"\n\t\t\t\t\tloading=\"lazy\"\n\t\t\t\t\tsrc=\"https:\/\/www.radial.com\/wp-content\/uploads\/2022\/07\/08\/logo-gymshark-1.png\" >\n\t\n\t\t\t\t\t                        <\/a>\n\t\t\t\t\t\t\t\t\t\t\t\t\t\t\t\t\t\t\t\t\t\t\t\t\t                        <a class=\"logo-grid__client\"\n                        aria-label=\"Tom Ford\" href=\"https:\/\/www.tomford.com\/\"\n\t\t\t\t\t\ttarget=\"_blank\">\n\t\t\t\t\t\t\t\t\t\t\t<img alt=\"Tom Ford logo\"\n\t\t\t\t\tloading=\"lazy\"\n\t\t\t\t\tsrc=\"https:\/\/www.radial.com\/wp-content\/uploads\/2022\/07\/08\/logo-tom-ford.png\" >\n\t\n\t\t\t\t\t                        <\/a>\n\t\t\t\t\t\t\t\t\t\t\t\t\n\t\t\t\t\t    <\/div>\n<\/div>\n\n\n\n<div class=\"info-cta\">\n    <div class=\"info-cta__inner\">\n        <div class=\"info-cta__left\">\n            <div class=\"info-cta__summary\">\n\t\t\t\t\t\t\t\t\t<p>Dowiedz si\u0119 wi\u0119cej o realizacji zam\u00f3wie\u0144 z Radial<\/p>\n\t\t\t\t            <\/div>\n        <\/div>\n\n                    <div class=\"info-cta__right\">\n                <a class=\"info-cta__cta button-primary light\" \n                href=\" https:\/\/www.radial.com\/pl\/skontaktuj-sie \"\n                    >\n                                            Skontaktuj si\u0119 z nami                                    <\/a>\n            <\/div>\n            <\/div>\n<\/div>\n\n<\/div>\n<\/div>\n<\/div>","protected":false},"excerpt":{"rendered":"","protected":false},"author":1,"featured_media":26365,"parent":0,"menu_order":1,"comment_status":"closed","ping_status":"closed","template":"","meta":{"_acf_changed":false,"inline_featured_image":false,"footnotes":""},"class_list":["post-28041","page","type-page","status-publish","has-post-thumbnail","hentry"],"acf":[],"_links":{"self":[{"href":"https:\/\/www.radial.com\/pl\/wp-json\/wp\/v2\/pages\/28041","targetHints":{"allow":["GET"]}}],"collection":[{"href":"https:\/\/www.radial.com\/pl\/wp-json\/wp\/v2\/pages"}],"about":[{"href":"https:\/\/www.radial.com\/pl\/wp-json\/wp\/v2\/types\/page"}],"author":[{"embeddable":true,"href":"https:\/\/www.radial.com\/pl\/wp-json\/wp\/v2\/users\/1"}],"replies":[{"embeddable":true,"href":"https:\/\/www.radial.com\/pl\/wp-json\/wp\/v2\/comments?post=28041"}],"version-history":[{"count":25,"href":"https:\/\/www.radial.com\/pl\/wp-json\/wp\/v2\/pages\/28041\/revisions"}],"predecessor-version":[{"id":76395,"href":"https:\/\/www.radial.com\/pl\/wp-json\/wp\/v2\/pages\/28041\/revisions\/76395"}],"wp:featuredmedia":[{"embeddable":true,"href":"https:\/\/www.radial.com\/pl\/wp-json\/wp\/v2\/media\/26365"}],"wp:attachment":[{"href":"https:\/\/www.radial.com\/pl\/wp-json\/wp\/v2\/media?parent=28041"}],"curies":[{"name":"wp","href":"https:\/\/api.w.org\/{rel}","templated":true}]}}