{"id":51529,"date":"2022-06-13T14:04:26","date_gmt":"2022-06-13T18:04:26","guid":{"rendered":"https:\/\/www.radial.com\/?page_id=51529"},"modified":"2024-02-08T15:57:33","modified_gmt":"2024-02-08T20:57:33","slug":"casi-studio","status":"publish","type":"page","link":"https:\/\/www.radial.com\/it\/risorse\/casi-studio","title":{"rendered":"Casi Studio\u00a0"},"content":{"rendered":"\n<div class=\"page-wrapper\">\n\t\n\n<div class=\"interior-page\">\n\t\n\n\n<div class=\"interior-hero\">\n\t<div class=\"interior-hero__inner\">\n\t\t\t\t\t<h1 class=\"interior-hero__title\">Casi Studio\u00a0<\/h1>\n\t\t\t\t\t<\/div>\n<\/div>\n\n\n<div class=\"interior-page-block-area\">\n\t\n\n\n<section class=\"case-study\">\n\t<div class=\"case-study__inner\">\n\t\t\t\t\t<article class=\"case-study__left\">\n\t\t\t\t<h2 class=\"case-study__title\">La Partnership di Radial con doTERRA<\/h2>\n\t\t\t\t\t\t\t\t\t<div class=\"case-study__summary\">\n\t\t\t\t\t\t<p>doTERRA, il pi\u00f9 grande produttore al mondo di oli essenziali, \u00e8 da sempre impegnato nella fornitura degli oli essenziali e dei prodotti di benessere pi\u00f9 puri e potenti. La missione dell&#8217;azienda \u00e8 radicata nel dare potere ai clienti e ai membri di condividere il messaggio del benessere, sostenendo non solo se stessi ma anche le loro famiglie e le loro comunit\u00e0. Con gli oli essenziali al centro della loro offerta, l&#8217;impegno di doTERRA per la qualit\u00e0 e il benessere li ha resi un leader del settore.<\/p>\n\t\t\t\t\t<\/div>\n\t\t\t\t\t\t\t\t\t\t\t\t\t\t\t\t\t\t\t<a href=\"https:\/\/www.doterra.com\/\" target=\"_blank\" title=\"La Partnership di Radial con doTERRA\" aria-label=\"Opens in a new tab\"\n\t\t\t\t\t\t\tclass=\"case-study__client-logo\">\n\t\t\t\t\t\t\t\t\t\t\t<picture>\r\n<source data-image-size=\"client_logo_grid_large\" srcset=\"https:\/\/www.radial.com\/wp-content\/uploads\/2024\/01\/10\/wellness-advocate-logo-black-354x122.png\" type=\"image\/png\">\r\n<img decoding=\"async\" alt=\"\" src=\"https:\/\/www.radial.com\/wp-content\/uploads\/2024\/01\/10\/wellness-advocate-logo-black-354x122.png\">\r\n<\/picture>\t\t\t\t\t\t\t\t\t\t\t<\/a>\n\t\t\t\t\t\t\t\t\t\t\t\t\t<a class=\"button-primary dark-b\" title=\"Redirects to La Partnership di Radial con doTERRA\" href=\"https:\/\/www.radial.com\/it\/casi-studio\/la-partnership-di-radial-con-doterra\">Leggi tutto<\/a>\n\t\t\t<\/article>\n\t\t\t<aside class=\"case-study__right\">\n\t\t\t\t<picture>\r\n<source data-image-size=\"case_study_small\" srcset=\"https:\/\/www.radial.com\/wp-content\/uploads\/2024\/01\/10\/Radial_foto_119-aspect-ratio-47-30-470x300.jpg, https:\/\/www.radial.com\/wp-content\/uploads\/2024\/01\/10\/Radial_foto_119-aspect-ratio-47-30-940x600.jpg 2x\" media=\"(max-width: 470px)\" type=\"image\/jpeg\">\r\n<source data-image-size=\"case_study_medium\" srcset=\"https:\/\/www.radial.com\/wp-content\/uploads\/2024\/01\/10\/Radial_foto_119-aspect-ratio-47-30-705x450.jpg, https:\/\/www.radial.com\/wp-content\/uploads\/2024\/01\/10\/Radial_foto_119-aspect-ratio-47-30-1410x900.jpg 2x\" media=\"(max-width: 905px)\" type=\"image\/jpeg\">\r\n<source data-image-size=\"case_study_large\" srcset=\"https:\/\/www.radial.com\/wp-content\/uploads\/2024\/01\/10\/Radial_foto_119-aspect-ratio-47-30-940x600.jpg, https:\/\/www.radial.com\/wp-content\/uploads\/2024\/01\/10\/Radial_foto_119-aspect-ratio-47-30-1880x1200.jpg 2x\" media=\"(max-width: 1023px)\" type=\"image\/jpeg\">\r\n<source data-image-size=\"case_study_teaser\" srcset=\"https:\/\/www.radial.com\/wp-content\/uploads\/2024\/01\/10\/Radial_foto_119-aspect-ratio-387-440-387x440.jpg, https:\/\/www.radial.com\/wp-content\/uploads\/2024\/01\/10\/Radial_foto_119-aspect-ratio-387-440-774x880.jpg 2x\" type=\"image\/jpeg\">\r\n<img decoding=\"async\" alt=\"\" src=\"https:\/\/www.radial.com\/wp-content\/uploads\/2024\/01\/10\/Radial_foto_119-aspect-ratio-387-440-387x440.jpg\">\r\n<\/picture>\t\t\t<\/aside>\n\t\t\t<\/div>\n<\/section>\n\n\n<style>\ndiv > div.page-wrapper > div > div.interior-page-block-area > section:nth-child(odd) {\n\tbackground-color:#f5f5f5 !important;\n}\n<\/style>\n\n<\/div>\n<\/div>\n<\/div>","protected":false},"excerpt":{"rendered":"","protected":false},"author":13,"featured_media":0,"parent":51484,"menu_order":0,"comment_status":"closed","ping_status":"closed","template":"","meta":{"_acf_changed":false,"inline_featured_image":false,"footnotes":""},"class_list":["post-51529","page","type-page","status-publish","hentry"],"acf":[],"_links":{"self":[{"href":"https:\/\/www.radial.com\/it\/wp-json\/wp\/v2\/pages\/51529","targetHints":{"allow":["GET"]}}],"collection":[{"href":"https:\/\/www.radial.com\/it\/wp-json\/wp\/v2\/pages"}],"about":[{"href":"https:\/\/www.radial.com\/it\/wp-json\/wp\/v2\/types\/page"}],"author":[{"embeddable":true,"href":"https:\/\/www.radial.com\/it\/wp-json\/wp\/v2\/users\/13"}],"replies":[{"embeddable":true,"href":"https:\/\/www.radial.com\/it\/wp-json\/wp\/v2\/comments?post=51529"}],"version-history":[{"count":11,"href":"https:\/\/www.radial.com\/it\/wp-json\/wp\/v2\/pages\/51529\/revisions"}],"predecessor-version":[{"id":51588,"href":"https:\/\/www.radial.com\/it\/wp-json\/wp\/v2\/pages\/51529\/revisions\/51588"}],"up":[{"embeddable":true,"href":"https:\/\/www.radial.com\/it\/wp-json\/wp\/v2\/pages\/51484"}],"wp:attachment":[{"href":"https:\/\/www.radial.com\/it\/wp-json\/wp\/v2\/media?parent=51529"}],"curies":[{"name":"wp","href":"https:\/\/api.w.org\/{rel}","templated":true}]}}