{"id":30670,"date":"2022-05-25T11:04:31","date_gmt":"2022-05-25T15:04:31","guid":{"rendered":"https:\/\/www.radial.com\/carriere\/values-sustainability"},"modified":"2025-12-09T06:04:28","modified_gmt":"2025-12-09T11:04:28","slug":"values-sustainability","status":"publish","type":"page","link":"https:\/\/www.radial.com\/it\/carriere\/valori-e-sostenibilita","title":{"rendered":"Valori e Sostenibilit\u00e0\u00a0"},"content":{"rendered":"\n<div class=\"page-wrapper\">\n\t\n\n<div class=\"landing-page\">\n\t\n\n<div class=\"landing-page-hero-area\" id=\"landing-page-hero-area\">\n\t\n\n\n<div class=\"hero-landing-block\">\n\t<div class=\"hero-landing-block__inner\">\n\t\t<div class=\"hero-landing-block__info\">\n\t\t\t<div class=\"hero-landing-block__info--inner\">\n\t\t\t<h1 class=\"hero-landing-block__title\">La nostra mission, i nostri valori e le nostre iniziative<\/h1>\n            \t\t\t\t\t\t\t<div class=\"hero-landing-block__summary\">\n\t\t\t\t\t<p><span class=\"TextRun SCXW102923052 BCX0\" lang=\"IT-IT\" xml:lang=\"IT-IT\" data-contrast=\"auto\"><span class=\"NormalTextRun SCXW102923052 BCX0\">Crediamo nel mettere le persone al primo posto, e nel lasciare il mondo e le nostre comunit\u00e0 meglio di come le abbiamo trovate. Ecco come rispettiamo i nostri valori.<\/span><\/span><\/p>\n\t\t\t\t<\/div>\n\t\t\t\t\t\t\t\t\t\t<a class=\"hero-landing-block__cta button-primary light\" href=\"https:\/\/radial.my.salesforce-sites.com\/careers\" target=\"_self\">Unisciti al nostro team<\/a>\t\t\t\t\t\t<\/div>\n\t\t<\/div>\n\t\t<div class=\"hero-landing-block__image\">\n\t\t\t<picture>\r\n<source data-image-size=\"hero_landing_small\" srcset=\"https:\/\/www.radial.com\/wp-content\/uploads\/2022\/06\/30\/values-sustainability-342x228.jpg, https:\/\/www.radial.com\/wp-content\/uploads\/2022\/06\/30\/values-sustainability-684x456.jpg 2x\" media=\"(max-width: 350px)\" type=\"image\/jpeg\">\r\n<source data-image-size=\"hero_landing_medium\" srcset=\"https:\/\/www.radial.com\/wp-content\/uploads\/2022\/06\/30\/values-sustainability-705x470.jpg, https:\/\/www.radial.com\/wp-content\/uploads\/2022\/06\/30\/values-sustainability-1410x940.jpg 2x\" media=\"(max-width: 715px)\" type=\"image\/jpeg\">\r\n<source data-image-size=\"hero_landing_medium_large\" srcset=\"https:\/\/www.radial.com\/wp-content\/uploads\/2022\/06\/30\/values-sustainability-960x640.jpg, https:\/\/www.radial.com\/wp-content\/uploads\/2022\/06\/30\/values-sustainability-1920x1280.jpg 2x\" media=\"(max-width: 1023px)\" type=\"image\/jpeg\">\r\n<source data-image-size=\"hero_landing_large\" srcset=\"https:\/\/www.radial.com\/wp-content\/uploads\/2022\/08\/09\/values-sustainability-aspect-ratio-22-25-704x800.jpg, https:\/\/www.radial.com\/wp-content\/uploads\/2022\/08\/09\/values-sustainability-aspect-ratio-22-25-1408x1600.jpg 2x\" media=\"(max-width: 1440px)\" type=\"image\/jpeg\">\r\n<source data-image-size=\"hero_landing_huge\" srcset=\"https:\/\/www.radial.com\/wp-content\/uploads\/2022\/08\/09\/values-sustainability-aspect-ratio-22-25-946x1075.jpg\" type=\"image\/jpeg\">\r\n<img decoding=\"async\" alt=\"\" src=\"https:\/\/www.radial.com\/wp-content\/uploads\/2022\/08\/09\/values-sustainability-aspect-ratio-22-25-704x800.jpg\">\r\n<\/picture>\t\t<\/div>\n\t<\/div>\n<\/div>\n\n<\/div>\n\n\n<div class=\"landing-page-block-area\">\n\t\n\n<section class=\"featured-highlight-block featured-highlight\" is=\"featured-highlight-block\">\n    <header class=\"featured-highlight__header animate\">\n\t                <span class=\"featured-highlight__subtitle\">\n\t\t\tMission e valori\t\t<\/span>\n\t    \t                <h2 class=\"featured-highlight__title\">La nostra mission<\/h2>\n\t    \t                <div class=\"featured-highlight__summary\">\n\t\t\t    <p><span class=\"NormalTextRun SCXW58752250 BCX0\">La mission della Radial \u00e8 aiutare i clienti dell<\/span><span class=\"NormalTextRun SCXW58752250 BCX0\">\u2019<\/span><span class=\"NormalTextRun SCXW58752250 BCX0\">eCommerce ad avere successo creando valore attraverso la forza delle nostre persone e la nostra tecnologia.<\/span><\/p>\n            <\/div>\n\t        <\/header>\n\t<div class=\"featured-highlight__inner\">\n\t\t\t\t\t<div class=\"featured-highlight__image animate\">\n\t\t\t\t<picture>\r\n<source data-image-size=\"featured_highlight_landscape_small\" srcset=\"https:\/\/www.radial.com\/wp-content\/uploads\/2022\/07\/06\/values-sustainability-mission-values-342x228.jpg, https:\/\/www.radial.com\/wp-content\/uploads\/2022\/07\/06\/values-sustainability-mission-values-684x456.jpg 2x\" media=\"(max-width: 370px)\" type=\"image\/jpeg\">\r\n<source data-image-size=\"featured_highlight_landscape_medium\" srcset=\"https:\/\/www.radial.com\/wp-content\/uploads\/2022\/07\/06\/values-sustainability-mission-values-690x460.jpg, https:\/\/www.radial.com\/wp-content\/uploads\/2022\/07\/06\/values-sustainability-mission-values-1380x920.jpg 2x\" media=\"(max-width: 700px)\" type=\"image\/jpeg\">\r\n<source data-image-size=\"featured_highlight_landscape_large\" srcset=\"https:\/\/www.radial.com\/wp-content\/uploads\/2022\/07\/06\/values-sustainability-mission-values-990x660.jpg, https:\/\/www.radial.com\/wp-content\/uploads\/2022\/07\/06\/values-sustainability-mission-values-1980x1320.jpg 2x\" media=\"(max-width: 1023px)\" type=\"image\/jpeg\">\r\n<source data-image-size=\"featured_highlight_portrait_large\" srcset=\"https:\/\/www.radial.com\/wp-content\/uploads\/2022\/08\/09\/values-sustainability-mission-values-aspect-ratio-469-646-469x646.jpg, https:\/\/www.radial.com\/wp-content\/uploads\/2022\/08\/09\/values-sustainability-mission-values-aspect-ratio-469-646-938x1292.jpg 2x\" type=\"image\/jpeg\">\r\n<img decoding=\"async\" alt=\"\" src=\"https:\/\/www.radial.com\/wp-content\/uploads\/2022\/08\/09\/values-sustainability-mission-values-aspect-ratio-469-646-469x646.jpg\" loading=\"lazy\">\r\n<\/picture>\t\t\t<\/div>\n\t\t\t\t\t\t\t<div class=\"featured-highlight__container animate\">\n\t\t\t\t\t\t\t\t\t\t\t\t\t\t\t\t\t\t\t\t\t\t<div class=\"featured-highlight__element\">\n\t\t\t\t\t\t\t\t\t\t\t\t\t\t\t\t\t<h3 class=\"featured-highlight__element-heading\">\n\t\t\t\t\t\t\t\t\t\t\t\t\t\t\t\t\t\t\t\t\t\t\t\t\t\t\t\t\t\t<span>\n\t\t\t\t\t\t\t\t\t\t\tCuriosit\u00e0\t\t\t\t\t\t\t\t\t\t<\/span>\n\t\t\t\t\t\t\t\t\t<\/h3>\n\t\t\t\t\t\t\t\t\t\t\t\t\t\t\t\t\t\t\t\t\t\t\t\t\t<div class=\"featured-highlight__content\">\n\t\t\t\t\t\t\t\t\t\t<p><span class=\"NormalTextRun SCXW256849379 BCX0\">Crediamo che la curiosit\u00e0 sia il fondamento dell<\/span><span class=\"NormalTextRun SCXW256849379 BCX0\">\u2019<\/span><span class=\"NormalTextRun SCXW256849379 BCX0\">innovazione. Coltiviamo la curiosit\u00e0 ogni giorno incoraggiando l<\/span><span class=\"NormalTextRun SCXW256849379 BCX0\">\u2019<\/span><span class=\"NormalTextRun SCXW256849379 BCX0\">ideazione creativa, <\/span><span class=\"NormalTextRun SCXW256849379 BCX0\">le <\/span><span class=\"NormalTextRun SCXW256849379 BCX0\">discussione aperte, e la formazione continua.\u00a0<\/span><\/p>\n\t\t\t\t\t\t\t\t\t<\/div>\n\t\t\t\t\t\t\t\t\n\t\t\t\t\t\t\t\t\t\t\t\t\t\t\t<\/div>\n\t\t\t\t\t\t\t\t\t\t\t\t\t\t\t\t\t\t\t\t\t\t\t\t\t\t\t\t\t\t\t\t\t\t<div class=\"featured-highlight__element\">\n\t\t\t\t\t\t\t\t\t\t\t\t\t\t\t\t\t<h3 class=\"featured-highlight__element-heading\">\n\t\t\t\t\t\t\t\t\t\t\t\t\t\t\t\t\t\t\t\t\t\t\t\t\t\t\t\t\t\t<span>\n\t\t\t\t\t\t\t\t\t\t\tCollaborazione\t\t\t\t\t\t\t\t\t\t<\/span>\n\t\t\t\t\t\t\t\t\t<\/h3>\n\t\t\t\t\t\t\t\t\t\t\t\t\t\t\t\t\t\t\t\t\t\t\t\t\t<div class=\"featured-highlight__content\">\n\t\t\t\t\t\t\t\t\t\t<p><span class=\"TextRun SCXW159691779 BCX0\" lang=\"IT-IT\" xml:lang=\"IT-IT\" data-contrast=\"auto\"><span class=\"NormalTextRun SCXW159691779 BCX0\">Sappiamo che il lavoro migliore lo si fa tutti insieme, in un ambiente in cui la voce di ognuno viene adeguatamente ascoltata. Il lavoro di squadra \u00e8 fondamentale per il nostro successo.<\/span><\/span><\/p>\n\t\t\t\t\t\t\t\t\t<\/div>\n\t\t\t\t\t\t\t\t\n\t\t\t\t\t\t\t\t\t\t\t\t\t\t\t<\/div>\n\t\t\t\t\t\t\t\t\t\t\t\t\t\t\t\t\t\t\t\t\t\t\t\t\t\t\t\t\t\t\t\t\t\t<div class=\"featured-highlight__element\">\n\t\t\t\t\t\t\t\t\t\t\t\t\t\t\t\t\t<h3 class=\"featured-highlight__element-heading\">\n\t\t\t\t\t\t\t\t\t\t\t\t\t\t\t\t\t\t\t\t\t\t\t\t\t\t\t\t\t\t<span>\n\t\t\t\t\t\t\t\t\t\t\tPassione\t\t\t\t\t\t\t\t\t\t<\/span>\n\t\t\t\t\t\t\t\t\t<\/h3>\n\t\t\t\t\t\t\t\t\t\t\t\t\t\t\t\t\t\t\t\t\t\t\t\t\t<div class=\"featured-highlight__content\">\n\t\t\t\t\t\t\t\t\t\t<p><span class=\"NormalTextRun SCXW68117918 BCX0\">Le nostre persone portano passione e dedizione al lavoro tutti i giorni. Ed \u00e8 proprio questo<\/span><span class=\"NormalTextRun SCXW68117918 BCX0\">, almeno<\/span><span class=\"NormalTextRun SCXW68117918 BCX0\"> in parte<\/span><span class=\"NormalTextRun SCXW68117918 BCX0\">,<\/span><span class=\"NormalTextRun SCXW68117918 BCX0\"> a renderci <\/span><span class=\"NormalTextRun SCXW68117918 BCX0\">cos\u00ec <\/span><span class=\"NormalTextRun SCXW68117918 BCX0\">diversi dagli altri.\u00a0<\/span><\/p>\n\t\t\t\t\t\t\t\t\t<\/div>\n\t\t\t\t\t\t\t\t\n\t\t\t\t\t\t\t\t\t\t\t\t\t\t\t<\/div>\n\t\t\t\t\t\t\t\t\t\t\t\t\t\t\t\t\t\t\t\t\t\t\t\t\t\t\t\t\t\t\t\t\t\t<div class=\"featured-highlight__element\">\n\t\t\t\t\t\t\t\t\t\t\t\t\t\t\t\t\t<h3 class=\"featured-highlight__element-heading\">\n\t\t\t\t\t\t\t\t\t\t\t\t\t\t\t\t\t\t\t\t\t\t\t\t\t\t\t\t\t\t<span>\n\t\t\t\t\t\t\t\t\t\t\tRispetto\t\t\t\t\t\t\t\t\t\t<\/span>\n\t\t\t\t\t\t\t\t\t<\/h3>\n\t\t\t\t\t\t\t\t\t\t\t\t\t\t\t\t\t\t\t\t\t\t\t\t\t<div class=\"featured-highlight__content\">\n\t\t\t\t\t\t\t\t\t\t<p><span class=\"TextRun SCXW67679290 BCX0\" lang=\"IT-IT\" xml:lang=\"IT-IT\" data-contrast=\"auto\"><span class=\"NormalTextRun SCXW67679290 BCX0\">Il rispetto per noi \u00e8 fondamentale, punto e basta. In concreto, ci\u00f2 significa rispettare le idee, le differenze, i valori, le origini e i punti di vista unici altrui. Sempre.\u00a0<\/span><\/span><\/p>\n\t\t\t\t\t\t\t\t\t<\/div>\n\t\t\t\t\t\t\t\t\n\t\t\t\t\t\t\t\t\t\t\t\t\t\t\t<\/div>\n\t\t\t\t\t\t\t\t\t\t\t\t\t\t\t\t\t\t\t\t\t\t\t\t\t\t\t\t\t\t\t\t\t\t<div class=\"featured-highlight__element\">\n\t\t\t\t\t\t\t\t\t\t\t\t\t\t\t\t\t<h3 class=\"featured-highlight__element-heading\">\n\t\t\t\t\t\t\t\t\t\t\t\t\t\t\t\t\t\t\t\t\t\t\t\t\t\t\t\t\t\t<span>\n\t\t\t\t\t\t\t\t\t\t\tDivertimento\t\t\t\t\t\t\t\t\t\t<\/span>\n\t\t\t\t\t\t\t\t\t<\/h3>\n\t\t\t\t\t\t\t\t\t\t\t\t\t\t\t\t\t\t\t\t\t\t\t\t\t<div class=\"featured-highlight__content\">\n\t\t\t\t\t\t\t\t\t\t<p><span class=\"NormalTextRun SCXW218724781 BCX0\"> Facciamo un lavoro molto serio, ma allo stesso tempo ci divertiamo tanto. Il nostro business prospera quando procede di pari passo con la nostra cultura, e ci\u00f2 significa godersi il luogo di lavoro in cui lavoriamo.<\/span><span class=\"NormalTextRun SCXW218724781 BCX0\">\u00a0<\/span><\/p>\n\t\t\t\t\t\t\t\t\t<\/div>\n\t\t\t\t\t\t\t\t\n\t\t\t\t\t\t\t\t\t\t\t\t\t\t\t<\/div>\n\t\t\t\t\t\t\t\t\t\t\t\t\t\t\t\t\t\t\t<\/div>\n\t\t\t<\/div>\n<\/section>\n\n\n<div class=\"switchback-block left\">\n\t\t\t\t\t\t\t\t\t            <div class=\"switchback-block__outer dark\">\n                <div class=\"switchback-block__inner\">\n                    <div class=\"switchback-block__left animate\">\n\t\t\t\t\t\t\t\t\t\t\t\t\t<picture>\r\n<source data-image-size=\"switchback_small\" srcset=\"https:\/\/www.radial.com\/wp-content\/uploads\/2022\/08\/09\/values-sustainabilty-employee-wellbeing-aspect-ratio-1-1-350x350.jpg, https:\/\/www.radial.com\/wp-content\/uploads\/2022\/08\/09\/values-sustainabilty-employee-wellbeing-aspect-ratio-1-1-700x700.jpg 2x\" media=\"(max-width: 1280px)\" type=\"image\/jpeg\">\r\n<source data-image-size=\"switchback_large\" srcset=\"https:\/\/www.radial.com\/wp-content\/uploads\/2022\/08\/09\/values-sustainabilty-employee-wellbeing-aspect-ratio-1-1-518x518.jpg, https:\/\/www.radial.com\/wp-content\/uploads\/2022\/08\/09\/values-sustainabilty-employee-wellbeing-aspect-ratio-1-1-1036x1036.jpg 2x\" type=\"image\/jpeg\">\r\n<img decoding=\"async\" alt=\"\" src=\"https:\/\/www.radial.com\/wp-content\/uploads\/2022\/08\/09\/values-sustainabilty-employee-wellbeing-aspect-ratio-1-1-518x518.jpg\" loading=\"lazy\">\r\n<\/picture>\t\t\t\t\t\t                    <\/div>\n\n                    <div class=\"switchback-block__right animate\">\n\t\t\t\t\t\t                            <label class=\"switchback-block__eyebrow\">Benessere dei dipendenti<\/label>\n\t\t\t\t\t\t\t\t\t\t\t\t                            <h2 class=\"switchback-block__title\">Salute e sicurezza per tutti qui alla Radial<\/h2>\n\t\t\t\t\t\t\t\t\t\t\t\t\t\t\t\t\t\t                            <div class=\"switchback-block__summary paragraph-block\"><p><span class=\"NormalTextRun SCXW226906737 BCX0\">La salute e la sicurezza dei dipendenti sono una delle nostre priorit\u00e0 principali. Continuiamo a implementare le nostre procedure di sicurezza al loro massimo livello per garantire la salute, la sicurezza e il benessere di ciascun dipendente; e in ci\u00f2 ricomprendiamo la mente, il corpo e lo spirito. Ci impegniamo a valutare e migliorare le misure di sicurezza all<\/span><span class=\"NormalTextRun SCXW226906737 BCX0\">\u2019<\/span><span class=\"NormalTextRun SCXW226906737 BCX0\">interno dei nostri magazzini, e a conformarci celermente alle raccomandazioni di natura sanitari<\/span><span class=\"NormalTextRun SCXW226906737 BCX0\">a<\/span><span class=\"NormalTextRun SCXW226906737 BCX0\"> sia locali sia nazionali. I nostri dipendenti possono anche beneficiare di benefit <\/span><span class=\"NormalTextRun SCXW226906737 BCX0\">consistenti in pacchetti <\/span><span class=\"NormalTextRun SCXW226906737 BCX0\">sanitari completi, oltre a godere di generosi permessi retribuiti e, naturalmente, dei congedi parentali.<\/span><\/p>\n<\/div>\n\t\t\t\t\t\t\n\t\t\t\t\t\t                    <\/div>\n                <\/div>\n            <\/div>\n\t\t\t\t\t\t\t\t            <div class=\"switchback-block__outer light\">\n                <div class=\"switchback-block__inner\">\n                    <div class=\"switchback-block__left animate\">\n\t\t\t\t\t\t\t\t\t\t\t\t\t<picture>\r\n<source data-image-size=\"switchback_small\" srcset=\"https:\/\/www.radial.com\/wp-content\/uploads\/2022\/09\/06\/values-sustainability-protecting-planet-aspect-ratio-1-1-350x350.jpg, https:\/\/www.radial.com\/wp-content\/uploads\/2022\/09\/06\/values-sustainability-protecting-planet-aspect-ratio-1-1-700x700.jpg 2x\" media=\"(max-width: 1280px)\" type=\"image\/jpeg\">\r\n<source data-image-size=\"switchback_large\" srcset=\"https:\/\/www.radial.com\/wp-content\/uploads\/2022\/09\/06\/values-sustainability-protecting-planet-aspect-ratio-1-1-518x518.jpg, https:\/\/www.radial.com\/wp-content\/uploads\/2022\/09\/06\/values-sustainability-protecting-planet-aspect-ratio-1-1-1036x1036.jpg 2x\" type=\"image\/jpeg\">\r\n<img decoding=\"async\" alt=\"\" src=\"https:\/\/www.radial.com\/wp-content\/uploads\/2022\/09\/06\/values-sustainability-protecting-planet-aspect-ratio-1-1-518x518.jpg\" loading=\"lazy\">\r\n<\/picture>\t\t\t\t\t\t                    <\/div>\n\n                    <div class=\"switchback-block__right animate\">\n\t\t\t\t\t\t                            <label class=\"switchback-block__eyebrow\">La sostenibilit\u00e0 ambientale<\/label>\n\t\t\t\t\t\t\t\t\t\t\t\t                            <h2 class=\"switchback-block__title\">Proteggere il nostro pianeta<\/h2>\n\t\t\t\t\t\t\t\t\t\t\t\t\t\t\t\t\t\t                            <div class=\"switchback-block__summary paragraph-block\"><p><span class=\"NormalTextRun SCXW163331973 BCX0\">In quanto societ\u00e0 bnode, la Radial \u00e8 profondamente impegnata nella sostenibilit\u00e0 e nella tutela dell<\/span><span class=\"NormalTextRun SCXW163331973 BCX0\">\u2019<\/span><span class=\"NormalTextRun SCXW163331973 BCX0\">ambiente, e la nostra priorit\u00e0 numero uno al riguardo \u00e8 ridurre la nostra impronta ambientale. Grazie alle iniziative intraprese in tal senso, stiamo <\/span><span class=\"NormalTextRun SCXW163331973 BCX0\">tuttora <\/span><span class=\"NormalTextRun SCXW163331973 BCX0\">lavorando per limitare le emissioni di carbonio, il consumo di energia, nonch\u00e9 il volume dei rifiuti in tutta la Radial e <\/span><span class=\"NormalTextRun SCXW163331973 BCX0\">nel<\/span><span class=\"NormalTextRun SCXW163331973 BCX0\">le <\/span><span class=\"NormalTextRun SCXW163331973 BCX0\">altre <\/span><span class=\"NormalTextRun SCXW163331973 BCX0\">societ\u00e0 <\/span><span class=\"NormalTextRun SCXW163331973 BCX0\">di bnode<\/span><span class=\"NormalTextRun SCXW163331973 BCX0\">.<\/span><\/p>\n<\/div>\n\t\t\t\t\t\t\n\t\t\t\t\t\t                            <div class=\"switchback-block__cta-container\">\n\t\t\t\t\t\t\t\t\t\t\t\t\t\t\t\t\t\t\t\t\t\t\t\t\t\t\t<a class=\"switchback-block__cta button-primary dark-b\" href=\"https:\/\/bnode.com\/sustainability\/environmental-value\" target=\"_blank\">Scopri la sostenibilit\u00e0 delle societ\u00e0 bnode<\/a>\t\t\t\t\t\t\t\t\t\t\t\t\t\t\t\t\t                            <\/div>\n\t\t\t\t\t\t                    <\/div>\n                <\/div>\n            <\/div>\n\t\t\t<\/div>\n\n\n<div class=\"switchback-block left\">\n\t\t\t\t\t\t\t\t\t            <div class=\"switchback-block__outer dark\">\n                <div class=\"switchback-block__inner\">\n                    <div class=\"switchback-block__left animate\">\n\t\t\t\t\t\t\t\t\t\t\t\t\t<picture>\r\n<source data-image-size=\"switchback_small\" srcset=\"https:\/\/www.radial.com\/wp-content\/uploads\/2022\/08\/09\/diversity-equity-inclusion-aspect-ratio-1-1-1-350x350.jpg, https:\/\/www.radial.com\/wp-content\/uploads\/2022\/08\/09\/diversity-equity-inclusion-aspect-ratio-1-1-1-700x700.jpg 2x\" media=\"(max-width: 1280px)\" type=\"image\/jpeg\">\r\n<source data-image-size=\"switchback_large\" srcset=\"https:\/\/www.radial.com\/wp-content\/uploads\/2022\/08\/09\/diversity-equity-inclusion-aspect-ratio-1-1-1-518x518.jpg, https:\/\/www.radial.com\/wp-content\/uploads\/2022\/08\/09\/diversity-equity-inclusion-aspect-ratio-1-1-1-1036x1036.jpg 2x\" type=\"image\/jpeg\">\r\n<img decoding=\"async\" alt=\"\" src=\"https:\/\/www.radial.com\/wp-content\/uploads\/2022\/08\/09\/diversity-equity-inclusion-aspect-ratio-1-1-1-518x518.jpg\" loading=\"lazy\">\r\n<\/picture>\t\t\t\t\t\t                    <\/div>\n\n                    <div class=\"switchback-block__right animate\">\n\t\t\t\t\t\t                            <label class=\"switchback-block__eyebrow\">La nostra cultura<\/label>\n\t\t\t\t\t\t\t\t\t\t\t\t                            <h2 class=\"switchback-block__title\">Diversit\u00e0, equit\u00e0 e inclusione<\/h2>\n\t\t\t\t\t\t\t\t\t\t\t\t\t\t\t\t\t\t                            <div class=\"switchback-block__summary paragraph-block\"><p><span data-contrast=\"auto\">Come brand globale, ci impegniamo a migliorare continuamente i nostri sforzi in materia di diversit\u00e0, equit\u00e0 e inclusione. Crediamo che una forza lavoro diversificata e inclusiva sia essenziale per il successo, ed \u00e8 un valore che viviamo quotidianamente e su cui investiamo molto. Per saperne di pi\u00f9 su come alimentiamo una cultura dell\u2019inclusione.<\/span><span data-ccp-props=\"{&quot;201341983&quot;:0,&quot;335559740&quot;:276}\">\u00a0<\/span><\/p>\n<\/div>\n\t\t\t\t\t\t\n\t\t\t\t\t\t                            <div class=\"switchback-block__cta-container\">\n\t\t\t\t\t\t\t\t\t\t\t\t\t\t\t\t\t\t\t\t\t\t\t\t\t\t\t<a class=\"switchback-block__cta button-primary light-b\" href=\"https:\/\/www.radial.com\/it\/carriere\/diversita-equita-e-inclusione\" target=\"_self\">I nostri impegni in materia di DE&amp;I\u00a0<\/a>\t\t\t\t\t\t\t\t\t\t\t\t\t\t\t\t\t                            <\/div>\n\t\t\t\t\t\t                    <\/div>\n                <\/div>\n            <\/div>\n\t\t\t<\/div>\n\n<div class=\"call-to-action-block animate light\" is=\"call-to-action-block\">\n\t<div class=\"call-to-action-block__inner\">\n\n\t\t<div class=\"call-to-action-block__left\">\n            <div class=\"inner animate\">\n\t                                <h2 class=\"call-to-action-block__title\">Lavorare alla Radial<\/h2>\n\t            \n\t                                <h3 class=\"call-to-action-block__subtitle\">Entra a far parte della nostra mission<\/h3>\n\t                        <\/div>\n\t\t<\/div>\n\n\t\t<div class=\"call-to-action-block__right\">\n            <div class=\"inner animate animate\">\n\t                                <div class=\"call-to-action-block__summary\">\n\t\t\t            <p><span class=\"NormalTextRun SCXW91626346 BCX0\">Unisciti al nostro team in crescita di persone dedicate e appassionate che condividono i nostri valori aziendali. Siamo alla ricerca di talenti per un<\/span><span class=\"NormalTextRun SCXW91626346 BCX0\">\u2019<\/span><span class=\"NormalTextRun SCXW91626346 BCX0\">ampia serie di ruoli, e saremo entusiasti di accogliere nuove voci all<\/span><span class=\"NormalTextRun SCXW91626346 BCX0\">\u2019<\/span><span class=\"NormalTextRun SCXW91626346 BCX0\">interno della nostra rete globale di talenti.\u00a0<\/span><\/p>\n                    <\/div>\n\t            \n\t                                <div class=\"call-to-action-block__cta\">\n\t\t\t            \t\t\t\t            <a class=\"button-primary dark-b\" href=\"https:\/\/radial.my.salesforce-sites.com\/careers\" target=\"_self\">Tutte le posizioni aperte<\/a>\t\t\t            \n                    <\/div>\n\t                        <\/div>\n\t\t<\/div>\n\t<\/div>\n<\/div>\n\n\n\n<div class=\"info-cta\">\n    <div class=\"info-cta__inner\">\n        <div class=\"info-cta__left\">\n            <div class=\"info-cta__summary\">\n\t\t\t\t\t\t\t\t\t<p><span class=\"TextRun SCXW82133278 BCX0\" lang=\"IT-IT\" xml:lang=\"IT-IT\" data-contrast=\"auto\"><span class=\"NormalTextRun SCXW82133278 BCX0\">Siamo qui per aiutarti<\/span><\/span><\/p>\n\t\t\t\t            <\/div>\n        <\/div>\n\n                    <div class=\"info-cta__right\">\n                <a class=\"info-cta__cta button-primary light\" \n                href=\" https:\/\/www.radial.com\/it\/mettiti-in-contatto \"\n                    >\n                                            Contattaci                                    <\/a>\n            <\/div>\n            <\/div>\n<\/div>\n\n<\/div>\n<\/div>\n<\/div>","protected":false},"excerpt":{"rendered":"","protected":false},"author":1,"featured_media":0,"parent":28060,"menu_order":0,"comment_status":"closed","ping_status":"closed","template":"","meta":{"_acf_changed":false,"inline_featured_image":false,"footnotes":""},"class_list":["post-30670","page","type-page","status-publish","hentry"],"acf":[],"_links":{"self":[{"href":"https:\/\/www.radial.com\/it\/wp-json\/wp\/v2\/pages\/30670","targetHints":{"allow":["GET"]}}],"collection":[{"href":"https:\/\/www.radial.com\/it\/wp-json\/wp\/v2\/pages"}],"about":[{"href":"https:\/\/www.radial.com\/it\/wp-json\/wp\/v2\/types\/page"}],"author":[{"embeddable":true,"href":"https:\/\/www.radial.com\/it\/wp-json\/wp\/v2\/users\/1"}],"replies":[{"embeddable":true,"href":"https:\/\/www.radial.com\/it\/wp-json\/wp\/v2\/comments?post=30670"}],"version-history":[{"count":9,"href":"https:\/\/www.radial.com\/it\/wp-json\/wp\/v2\/pages\/30670\/revisions"}],"predecessor-version":[{"id":78781,"href":"https:\/\/www.radial.com\/it\/wp-json\/wp\/v2\/pages\/30670\/revisions\/78781"}],"up":[{"embeddable":true,"href":"https:\/\/www.radial.com\/it\/wp-json\/wp\/v2\/pages\/28060"}],"wp:attachment":[{"href":"https:\/\/www.radial.com\/it\/wp-json\/wp\/v2\/media?parent=30670"}],"curies":[{"name":"wp","href":"https:\/\/api.w.org\/{rel}","templated":true}]}}