{"id":28987,"date":"2022-08-04T13:59:53","date_gmt":"2022-08-04T17:59:53","guid":{"rendered":"https:\/\/www.radial.com\/legal\/website-legal-notices"},"modified":"2022-09-12T12:02:40","modified_gmt":"2022-09-12T16:02:40","slug":"avvertenze-legali-del-sito-web","status":"publish","type":"page","link":"https:\/\/www.radial.com\/it\/legale\/avvertenze-legali-del-sito-web","title":{"rendered":"Avvertenze legali del sito web"},"content":{"rendered":"\n<div class=\"page-wrapper\">\n\t\n\n<div class=\"interior-page\">\n\t\n\n\n<div class=\"interior-hero\">\n\t<div class=\"interior-hero__inner\">\n\t\t\t\t\t<h1 class=\"interior-hero__title\">Avvertenze legali del sito web<\/h1>\n\t\t\t\t\t<\/div>\n<\/div>\n\n\n<div class=\"interior-page-block-area\">\n\t\n<div class=\"core-paragraph-block\">\n<p>LEGGERE ATTENTAMENTE I TERMINI E LE CONDIZIONI PRIMA DI UTILIZZARE IL SITO WEB. L&#8217;UTILIZZO DEL SITO WEB INDICA L&#8217;ACCETTAZIONE DEI SEGUENTI TERMINI E CONDIZIONI. SE NON ACCETTI I TERMINI E LE CONDIZIONI, NON UTILIZZARE IL SITO WEB.&nbsp;<\/p>\n<\/div>\n\n<div class=\"core-paragraph-block\">\n<p>Uso del sito&nbsp;<\/p>\n<\/div>\n\n<div class=\"core-paragraph-block\">\n<p>A condizione che il sito venga utilizzato in conformit\u00e0 con i termini e le condizioni (&#8220;Termini e condizioni&#8221;), Radial ti autorizza a visualizzare e ad accedere ai materiali di questo sito Web (&#8220;Sito Web&#8221;) esclusivamente per uso personale e non commerciale. Radial si riserva il diritto di modificare alcune o tutte le funzionalit\u00e0, i contenuti, le informazioni o altri aspetti di questo sito Web in qualsiasi momento e occasionalmente senza preavviso. Tutti i marchi, nomi commerciali, loghi e marchi di servizio utilizzati nel sito Web (&#8220;Marchi&#8221;) sono marchi dei rispettivi proprietari. Nulla di quanto contenuto in questo sito Web concede o pu\u00f2 essere interpretato come una concessione, per implicazione, preclusione o in altro modo, di qualsiasi licenza o diritto d&#8217;uso dei marchi registrati su questo sito Web senza il previo consenso scritto di Radial o del proprietario del rispettivo marchio. \u00c8 consentito copiare i materiali del sito Web soltanto se si riportano tutti i diritti d&#8217;autore e gli altri avvisi di propriet\u00e0 contenuti nei materiali originali su tutte le copie dei materiali. Non puoi modificare in alcun modo i materiali presenti sul sito Web n\u00e9 riprodurli o mostrarli pubblicamente, rappresentarli, distribuirli o altrimenti utilizzarli per scopi pubblici o commerciali. Ai fini dei presenti Termini e condizioni, \u00e8 vietato qualsiasi uso di questi materiali su qualsiasi altro sito Web o ambiente di computer in rete per qualsiasi scopo. I materiali del presente sito Web sono protetti da copyright e qualsiasi uso non autorizzato del materiale contenuto in questo sito Web pu\u00f2 costituire una violazione del copyright, marchi di fabbrica e altre leggi. In caso di violazione di una qualsiasi delle clausole dei Termini e Condizioni, la tua autorizzazione all&#8217;uso del sito Web termina automaticamente e dovrai distruggere immediatamente qualsiasi materiale stampato o copiato. Nonostante quanto sopra, Radial e ciascuna delle sue affiliate si riservano tutti i diritti legali e le eventuali soluzioni in relazione a qualsiasi uso non autorizzato del Sito Web o dei materiali o dei marchi ivi contenuti.&nbsp;<\/p>\n<\/div>\n\n<div class=\"core-paragraph-block\">\n<p>Comunicazioni dell&#8217;utente&nbsp;<\/p>\n<\/div>\n\n<div class=\"core-paragraph-block\">\n<p>Ad eccezione dei dati identificativi personali, vincolati dall&#8217;Informativa sulla privacy di questo sito Web, qualsiasi materiale, informazione, suggerimento, idea, concetto, know-how, tecnica, domanda, commento o comunicazione di altro tipo trasmessa o pubblicata su questo sito Web in qualsiasi modo \u00e8 e sar\u00e0 considerata non confidenziale e non proprietaria (&#8220;Comunicazioni dell&#8217;utente&#8221;). Radial, ciascuna delle sue affiliate e\/o i loro designati possono utilizzare alcune o tutte le Comunicazioni dell&#8217;utente per qualsiasi scopo, inclusi, senza limitazioni, riproduzione, trasmissione, divulgazione, pubblicazione, inoltro, sviluppo, produzione e\/o attivit\u00e0 di marketing in qualsiasi modo per alcuni o tutti gli scopi commerciali o non commerciali. Radial pu\u00f2 monitorare o rivedere le Comunicazioni dell&#8217;utente, senza alcun obbligo. Radial non si assume alcun obbligo di utilizzare, restituire, rivedere o rispondere a qualsiasi Comunicazione dell&#8217;utente. \u00c8 vietato pubblicare o trasmettere da o verso questo sito Web qualsiasi materiale illegale, minaccioso, calunnioso, diffamatorio, osceno, offensivo, pornografico o di altro tipo che violerebbe la legge. Radial declina qualunque responsabilit\u00e0 in relazione al contenuto di tali Comunicazioni dell&#8217;utente, indipendentemente dal fatto che derivino dalle leggi sul copyright, sulla diffamazione, sulla privacy, sull&#8217;oscenit\u00e0 o altro. Radial si riserva il diritto di rimuovere eventuali o tutte le Comunicazioni dell&#8217;utente che includono qualsiasi materiale che Radial ritenga inappropriato o inaccettabile.&nbsp;<\/p>\n<\/div>\n\n<div class=\"core-paragraph-block\">\n<p>Collegamenti ad altri siti Web&nbsp;<\/p>\n<\/div>\n\n<div class=\"core-paragraph-block\">\n<p>Occasionalmente questo Sito Web pu\u00f2 contenere collegamenti ad altri siti Web. Tutti i collegamenti sono forniti esclusivamente per comodit\u00e0 dell&#8217;utente. Seguendo i collegamenti, esci da questo sito Web. N\u00e9 Radial n\u00e9 alcuna delle sue affiliate \u00e8 responsabile di qualsiasi contenuto, materiale o di altre informazioni presenti o accessibili da tali siti Web. N\u00e9 Radial n\u00e9 alcuna delle sue affiliate sostiene, garantisce o rilascia dichiarazioni o garanzie in merito a qualsiasi altro sito Web, o qualsiasi contenuto, materiale o altra informazione presente o accessibile da tali siti Web, n\u00e9 dei risultati che puoi ottenere dall&#8217;utilizzo di tali siti Web. Accedi agli altri siti Web collegati o da questo sito Web esclusivamente a tuo rischio e pericolo.&nbsp;<\/p>\n<\/div>\n\n<div class=\"core-paragraph-block\">\n<p>Collegamenti a questo sito Web&nbsp;<\/p>\n<\/div>\n\n<div class=\"core-paragraph-block\">\n<p>\u00c8 vietato creare o aggiungere qualsiasi collegamento da un altro sito Web a una qualsiasi pagina di questo sito Web senza il previo consenso scritto di Radial. \u00c8 vietato utilizzare o visualizzare questo sito Web o qualsiasi materiale visualizzato in esso da questo sito Web in fotogrammi o con mezzi simili su un altro sito Web senza il previo consenso scritto di Radial. Tutti i collegamenti consentiti al sito Web devono essere conformi a tutte le leggi applicabili.&nbsp;<\/p>\n<\/div>\n\n<div class=\"core-paragraph-block\">\n<p>DISCLAIMER. I MATERIALI E I SERVIZI FORNITI IN RELAZIONE A QUESTO SITO WEB SONO FORNITI &#8220;COS\u00cc COME SONO&#8221;, SENZA ALCUN TIPO DI GARANZIA, COMPRESE GARANZIE DI COMMERCIABILIT\u00c0, IDONEIT\u00c0 PER UNO SCOPO PARTICOLARE O NON VIOLAZIONE DELLA PROPRIET\u00c0 INTELLETTUALE. N\u00c9 RADIAL N\u00c9 NESSUNA DELLE SUE AFFILIATE GARANTISCE L&#8217;ACCURATEZZA O LA COMPLETEZZA DEI MATERIALI O DEI SERVIZI PRESENTI IN QUESTO SITO WEB. I MATERIALI E I SERVIZI PRESENTI IN QUESTO SITO WEB POSSONO ESSERE AGGIORNATI E N\u00c9 RADIAL N\u00c9 NESSUNA DELLE SUE AFFILIATE SI ASSUME ALCUN IMPEGNO O ALCUN OBBLIGO DI AGGIORNARE I MATERIALI O SERVIZI DISPONIBILI ATTRAVERSO QUESTO SITO WEB. LE PRECEDENTI ESCLUSIONI DI GARANZIE IMPLICITE NON SI APPLICANO NELLA MISURA VIETATA DALLA LEGGE. IN TALI CASI, LA RESPONSABILIT\u00c0 DI RADIAL SAR\u00c0 LIMITATA IN BASE A QUANTO STABILITO NELLA SEGUENTE SEZIONE &#8220;LIMITAZIONE DI RESPONSABILIT\u00c0&#8221;. FARE RIFERIMENTO ALLE LEGGI LOCALI PER TALI DIVIETI.&nbsp;<\/p>\n<\/div>\n\n<div class=\"core-paragraph-block\">\n<p>LIMITAZIONE DI RESPONSABILIT\u00c0. IN NESSUN CASO RADIAL, I SUOI FUNZIONARI, AMMINISTRATORI, DIPENDENTI, AZIONISTI, AFFILIATI, AGENTI, SUCCESSORI, ASSEGNATORI, PARTNER COMMERCIALI N\u00c9 ALTRI COINVOLTI NELLA CREAZIONE, PRODUZIONE O TRASMISSIONE DI QUESTO SITO WEB SARANNO RESPONSABILI VERSO ALTRI PER QUALSIASI DANNO DIRETTO, INDIRETTO, SPECIALE, PUNITIVO, ACCIDENTALE O CONSEQUENZIALE (INCLUSI, A TITOLO ESEMPLIFICATIVO, I DANNI DERIVANTI DA PERDITA DI PROFITTI, PERDITA DI DATI O INTERRUZIONE DELL&#8217;ATTIVIT\u00c0) DERIVANTE DA UN USO IMPROPRIO, UTILIZZO, IMPOSSIBILIT\u00c0 DI UTILIZZO O DAI RISULTATI DELL&#8217;UTILIZZO DI QUESTO SITO WEB, DEI SITI WEB COLLEGATI A QUESTO SITO WEB, O MATERIALI, INFORMAZIONI O SERVIZI CONTENUTI IN ALCUNI O TUTTI TALI SITI, CHE AVVENGA IN BASE A GARANZIA, CONTRATTO, ILLECITO O QUALSIASI ALTRA TEORIA LEGALE, A PRESCINDERE DAL FATTO CHE L&#8217;UTENTE SIA INFORMATO DELLA POSSIBILIT\u00c0 DI TALI DANNI. LE PRECEDENTI ESCLUSIONI DI GARANZIE IMPLICITE NON SI APPLICANO NELLA MISURA VIETATA DALLA LEGGE. FARE RIFERIMENTO ALLE LEGGI LOCALI PER TALI DIVIETI. QUALORA RADIAL SIA RESPONSABILE PER EVENTUALI DANNI, LA SUA RESPONSABILIT\u00c0 SAR\u00c0 LIMITATA ALL&#8217;IMPORTO MAGGIORE TRA (A) $ 50,00 E (B) L&#8217;IMPORTO PAGATO PER ACCEDERE AL SITO DURANTE UN PERIODO DI TRE (3) MESI PRECEDENTE ALL&#8217;EVENTUALE INSORGENZA DEL DANNO. NEL CASO IN CUI LE PRECEDENTI LIMITAZIONI NON SIANO AMMESSE, LA RESPONSABILIT\u00c0 DI RADIAL SAR\u00c0 LIMITATA ALLA MISURA MASSIMA CONSENTITA DALLA LEGGE APPLICABILE. LA PRECEDENTE LIMITAZIONE DI RESPONSABILIT\u00c0 NON SI APPLICA ALLA NEGLIGENZA PROPRIA O ALLA CONDOTTA INTENZIONALE DI RADIAL.&nbsp;<\/p>\n<\/div>\n\n<div class=\"core-paragraph-block\">\n<p>Controversie e arbitrato&nbsp;<\/p>\n<\/div>\n\n<div class=\"core-paragraph-block\">\n<p>Eventuali controversie o reclami relativo in qualsiasi modo al sito Web e ai servizi di Radial, qualsiasi trattativa con gli agenti dell&#8217;assistenza clienti di Radial, qualsiasi dichiarazione resa da Radial e\/o l&#8217;utilizzo del nostro sito Web da parte dell&#8217;utente (inclusi, a titolo esemplificativo, reclami relativi alla violazione del Termini e condizioni, Informativa sulla privacy o divulgazione non autorizzata di dati identificativi personali) saranno risolti mediante arbitrato vincolante, anzich\u00e9 in tribunale, ad eccezione del caso in cui l&#8217;utente possa rivolgersi al tribunale per le controversie di modesta entit\u00e0 se qualificato e fintanto che la questione rimane all&#8217;interno del tribunale e procede solo su base individuale.\u202f Ci\u00f2 include qualsiasi controversia o reclamo presentato dall&#8217;utente nei confronti delle sussidiarie, affiliate e cessionari di Radial. Ci\u00f2 include anche qualsiasi controversia o reclamo sorto prima dell&#8217;accettazione dei presenti Termini e condizioni, indipendentemente dal fatto che le versioni precedenti dei Termini e condizioni richiedessero l&#8217;arbitrato.&nbsp;<\/p>\n<\/div>\n\n<div class=\"core-paragraph-block\">\n<p>A meno che non si proceda con un&#8217;azione per controversie di modesta entit\u00e0, si applicheranno la legge federale sull&#8217;arbitrato e la legge federale sull&#8217;arbitrato. Nell&#8217;arbitrato non c&#8217;\u00e8 giudice o giuria e il controllo del tribunale su un lodo arbitrale \u00e8 limitato. Tuttavia, un arbitro pu\u00f2 assegnare su base individuale gli stessi danni e risarcimenti di un tribunale (inclusi provvedimenti ingiuntivi e dichiarativi o danni legali) e deve attenersi ai termini di questi Termini e condizioni come farebbe un tribunale.&nbsp;<\/p>\n<\/div>\n\n<div class=\"core-paragraph-block\">\n<p>Se per qualsiasi motivo un reclamo procede in tribunale anzich\u00e9 in arbitrato, L&#8217;UTENTE E RADIAL RINUNCIANO A QUALSIASI DIRITTO A UN PROCESSO CON GIURIA.&nbsp;<\/p>\n<\/div>\n\n<div class=\"core-paragraph-block\">\n<p>EVENTUALI PROCEDURE DI RISOLUZIONE DELLE CONTROVERSIE SARANNO CONDOTTE SOLO SU BASE INDIVIDUALE E NON COME QUERELANTE O MEMBRO DELLA CLASSE IN ALCUNA AZIONE DI CLASSE, CONSOLIDATA O RAPPRESENTATIVA. A meno che tu e Radial non concordiate diversamente, l&#8217;arbitro non pu\u00f2 consolidare pi\u00f9 di una persona con le tue rivendicazioni e non pu\u00f2 altrimenti presiedere qualsiasi forma di procedimento rappresentativo, consolidato o collettivo. Se i requisiti di questo paragrafo sono ritenuti inapplicabili, la totalit\u00e0 della presente disposizione arbitrale sar\u00e0 nulla e senza effetto, salvo la rinuncia a qualsiasi diritto a un processo con giuria descritto nel paragrafo precedente.&nbsp;<\/p>\n<\/div>\n\n<div class=\"core-paragraph-block\">\n<p>Il pagamento di tutte le spese legali, amministrative e di arbitrato sar\u00e0 disciplinato dalle regole dell&#8217;American Arbitration Association (&#8220;AAA&#8221;), ad eccezione di quanto previsto in questa sezione.\u202f Se le tue richieste totali sono inferiori a $ 10.000, ti rimborseremo le spese legali versate all&#8217;AAA e pagheremo la parcella dell&#8217;arbitro, a meno che l&#8217;arbitro non stabilisca che le richieste di risarcimento sono futili.\u202f Puoi scegliere di far condurre l&#8217;arbitrato per telefono, sulla base di comunicazioni scritte o di persona.\u202f Il lodo arbitrale sar\u00e0 definitivo e vincolante e potr\u00e0 essere inserito come sentenza in qualsiasi tribunale della giurisdizione competente.&nbsp;<\/p>\n<\/div>\n\n<div class=\"core-paragraph-block\">\n<p>In caso di controversia, Radial ti esorta a contattarla prima di avviare l&#8217;arbitrato o di presentare un reclamo presso un tribunale per le controversie di modesta entit\u00e0. Radial ha a cuore le relazioni con i suoi clienti e cercher\u00e0 di risolvere i tuoi reclami in modo informale e rapido.&nbsp;<br>Se la controversia non viene risolta prima dell&#8217;inizio dell&#8217;arbitrato, ti preghiamo di inviare una comunicazione scritta descrivendo il reclamo all&#8217;Ufficio del Consiglio Generale al seguente indirizzo:&nbsp;<\/p>\n<\/div>\n\n<div class=\"core-paragraph-block\">\n<p>Radial&nbsp;<br>Attn: Legal Counsel&nbsp;<br>935 First Avenue&nbsp;<br>King of Prussia, PA 19406&nbsp;<\/p>\n<\/div>\n\n<div class=\"core-paragraph-block\">\n<p>Per telefono: (610) 491-7000&nbsp;<\/p>\n<\/div>\n\n<div class=\"core-paragraph-block\">\n<p>Via fax: (610) 265-1730&nbsp;<\/p>\n<\/div>\n\n<div class=\"core-paragraph-block\">\n<p>Per e-mail:\u202f<a href=\"mailto:copyright@radial.com\" target=\"_blank\" rel=\"noreferrer noopener\">copyright@radial.com<\/a>&nbsp;<\/p>\n<\/div>\n\n<div class=\"core-paragraph-block\">\n<p>Se il reclamo non viene risolto entro trenta (30) giorni dall&#8217;invio della notifica, \u00e8 possibile avviare un procedimento arbitrale. L&#8217;arbitrato sar\u00e0 condotto dall&#8217;AAA in base alle sue regole, comprese le procedure supplementari dell&#8217;AAA per le controversie relative ai consumatori. Le regole e i moduli dell&#8217;AAA sono disponibili all&#8217;indirizzo\u202f<a href=\"http:\/\/www.adr.org\/\" target=\"_blank\" rel=\"noreferrer noopener\">www.adr.org<\/a>\u202fo al numero di telefono 877-495-4185.&nbsp;<\/p>\n<\/div>\n\n<div class=\"core-paragraph-block\">\n<p>Limitazione della prescrizione&nbsp;<\/p>\n<\/div>\n\n<div class=\"core-paragraph-block\">\n<p>Nella misura consentita dalla legge, l&#8217;utente accetta che qualsiasi causa legale che l&#8217;utente potrebbe desiderare di intentare derivante da o correlata ai presenti Termini e condizioni e\/o a questo Sito Web debba iniziare entro un (1) anno dal verificarsi o dalla scoperta della causa legale dopo ragionevole diligenza; in caso contrario, tale causa legale sar\u00e0 permanentemente preclusa.&nbsp;<\/p>\n<\/div>\n\n<div class=\"core-paragraph-block\">\n<p>Leggi applicabili e giurisdizione&nbsp;<\/p>\n<\/div>\n\n<div class=\"core-paragraph-block\">\n<p>Questo sito Web \u00e8 amministrato da Radial dai suoi uffici a King of Prussia, Pennsylvania. I presenti Termini e condizioni saranno regolati e interpretati in conformit\u00e0 con le leggi del Commonwealth della Pennsylvania, senza dare applicazione ad alcun principio di conflitto di leggi. Qualsiasi azione che richieda un risarcimento legale o equo derivante da o relativa a questo sito Web deve essere intentata solo nei tribunali del Commonwealth della Pennsylvania o del tribunale distrettuale della Pennsylvania degli Stati Uniti.&nbsp;<\/p>\n<\/div>\n\n<div class=\"core-paragraph-block\">\n<p>Avviso per denunce di violazione della propriet\u00e0 intellettuale e agente per la notifica&nbsp;<\/p>\n<\/div>\n\n<div class=\"core-paragraph-block\">\n<p>Se ritieni in buona fede che il tuo lavoro sia stato copiato in un modo che costituisce una violazione del copyright, o che i tuoi diritti di propriet\u00e0 intellettuale siano stati violati in altro modo, fornisci all&#8217;agente designato di Radial le seguenti informazioni:&nbsp;<\/p>\n<\/div>\n\n<div class=\"core-list-block\">\n<ol class=\"wp-block-list\"><li>una firma fisica o elettronica della persona autorizzata ad agire per conto del titolare del diritto d&#8217;autore o di altri interessi di propriet\u00e0 intellettuale presumibilmente violati;&nbsp;<\/li><\/ol>\n<\/div>\n\n<div class=\"core-list-block\">\n<ol class=\"wp-block-list\" start=\"2\"><li>identificazione o descrizione dell&#8217;opera protetta da copyright o altra propriet\u00e0 intellettuale che si ritiene sia stata violata. Se sostieni che sia stato violato un diritto di propriet\u00e0 intellettuale diverso dal diritto d&#8217;autore, specifica il diritto di propriet\u00e0 intellettuale in questione (ad esempio, marchio o brevetto);&nbsp;<\/li><\/ol>\n<\/div>\n\n<div class=\"core-list-block\">\n<ol class=\"wp-block-list\" start=\"3\"><li>l&#8217;identificazione o la descrizione della parte del sito di Radial in cui si trova il materiale che ritieni violi i diritti, con dettagli sufficienti per poterlo trovare sul sito Web di Radial;&nbsp;<\/li><\/ol>\n<\/div>\n\n<div class=\"core-list-block\">\n<ol class=\"wp-block-list\" start=\"4\"><li>il tuo indirizzo, numero di telefono e indirizzo email;&nbsp;<\/li><\/ol>\n<\/div>\n\n<div class=\"core-list-block\">\n<ol class=\"wp-block-list\" start=\"5\"><li>una dichiarazione in cui affermi di ritenere in buona fede che l&#8217;uso del materiale non sia autorizzato dal titolare del diritto di copyright o di propriet\u00e0 intellettuale, dal suo agente o dalla legge;&nbsp;<\/li><\/ol>\n<\/div>\n\n<div class=\"core-list-block\">\n<ol class=\"wp-block-list\" start=\"6\"><li>una dichiarazione, resa sotto pena di falsa testimonianza, che le informazioni nella tua denuncia sono accurate e che sei il titolare del diritto di copyright o di propriet\u00e0 intellettuale o sei autorizzato ad agire per conto del titolare del diritto di copyright o di propriet\u00e0 intellettuale.&nbsp;<\/li><\/ol>\n<\/div>\n\n<div class=\"core-paragraph-block\">\n<p>L&#8217;agente di Radial addetto alle denunce relative ai diritti di copyright o ad altre violazioni della propriet\u00e0 intellettuale pu\u00f2 essere contattato come segue:&nbsp;<\/p>\n<\/div>\n\n<div class=\"core-paragraph-block\">\n<p>Per posta&nbsp;<br>Attn: Radial Registered Agent&nbsp;<br>Radial&nbsp;<br>935 First Avenue&nbsp;<br>King of Prussia, PA 19406&nbsp;<\/p>\n<\/div>\n\n<div class=\"core-paragraph-block\">\n<p>Per telefono: (610) 491-7000&nbsp;<\/p>\n<\/div>\n\n<div class=\"core-paragraph-block\">\n<p>Via fax: (610) 265-1730&nbsp;<\/p>\n<\/div>\n\n<div class=\"core-paragraph-block\">\n<p>Per e-mail:\u202f<a href=\"mailto:copyright@radial.com\" target=\"_blank\" rel=\"noreferrer noopener\">copyright@radial.com<\/a>&nbsp;<\/p>\n<\/div>\n\n<div class=\"core-paragraph-block\">\n<p>Radial ha adottato e attua una politica che prevede la chiusura, in circostanze appropriate, degli account degli utenti che violano ripetutamente i diritti d&#8217;autore o altri diritti di propriet\u00e0 intellettuale di Radial e\/o di altri.&nbsp;<\/p>\n<\/div>\n\n<div class=\"core-paragraph-block\">\n<p>Revisioni dei Termini e condizioni. Radial pu\u00f2 rivedere questi Termini e condizioni in qualsiasi momento e occasionalmente, aggiornando questo messaggio. Dovresti visitare occasionalmente questa pagina per rivedere i Termini e condizioni in vigore, perch\u00e9 sono vincolanti per te. Alcune disposizioni dei presenti Termini e condizioni possono essere sostituite da note legali o termini espressamente designati che si trovano su pagine particolari di questo Sito Web.&nbsp;<\/p>\n<\/div>\n\n<div class=\"core-paragraph-block\">\n<p>Ultima revisione: 26 settembre 2016&nbsp;<\/p>\n<\/div>\n<\/div>\n<\/div>\n<\/div>","protected":false},"excerpt":{"rendered":"","protected":false},"author":2,"featured_media":0,"parent":28958,"menu_order":0,"comment_status":"closed","ping_status":"closed","template":"","meta":{"_acf_changed":false,"inline_featured_image":false,"footnotes":""},"class_list":["post-28987","page","type-page","status-publish","hentry"],"acf":[],"_links":{"self":[{"href":"https:\/\/www.radial.com\/it\/wp-json\/wp\/v2\/pages\/28987","targetHints":{"allow":["GET"]}}],"collection":[{"href":"https:\/\/www.radial.com\/it\/wp-json\/wp\/v2\/pages"}],"about":[{"href":"https:\/\/www.radial.com\/it\/wp-json\/wp\/v2\/types\/page"}],"author":[{"embeddable":true,"href":"https:\/\/www.radial.com\/it\/wp-json\/wp\/v2\/users\/2"}],"replies":[{"embeddable":true,"href":"https:\/\/www.radial.com\/it\/wp-json\/wp\/v2\/comments?post=28987"}],"version-history":[{"count":2,"href":"https:\/\/www.radial.com\/it\/wp-json\/wp\/v2\/pages\/28987\/revisions"}],"predecessor-version":[{"id":30283,"href":"https:\/\/www.radial.com\/it\/wp-json\/wp\/v2\/pages\/28987\/revisions\/30283"}],"up":[{"embeddable":true,"href":"https:\/\/www.radial.com\/it\/wp-json\/wp\/v2\/pages\/28958"}],"wp:attachment":[{"href":"https:\/\/www.radial.com\/it\/wp-json\/wp\/v2\/media?parent=28987"}],"curies":[{"name":"wp","href":"https:\/\/api.w.org\/{rel}","templated":true}]}}