{"id":59241,"date":"2022-06-13T18:17:41","date_gmt":"2022-06-13T22:17:41","guid":{"rendered":"https:\/\/www.radial.com\/?page_id=59241"},"modified":"2024-05-09T10:48:10","modified_gmt":"2024-05-09T14:48:10","slug":"news-room","status":"publish","type":"page","link":"https:\/\/www.radial.com\/eur\/resources\/press-room\/news-room","title":{"rendered":"News Room"},"content":{"rendered":"\n<div class=\"page-wrapper\">\n\t\n\n<div class=\"interior-page\">\n\t\n\n\n<div class=\"interior-hero\">\n\t<div class=\"interior-hero__inner\">\n\t\t\t\t\t<h1 class=\"interior-hero__title\">News Room<\/h1>\n\t\t\t\t\t<\/div>\n<\/div>\n\n\n<div class=\"interior-page-block-area\">\n\t\n\n<div class=\"news-landing-page-list\">\n\t\n<div\n\tclass=\"news-landing-page-list__list\"\n\tis=\"post-list-news-landing-page-list\"\n\tdata-post-list=\"news-landing-page-list\"\n>\n\t\n\n\t<div data-post-list-template=\"results\" class=\"news-landing-page-list__results\">\n\t\t\n\t\t\t\n\t\t\t<article class=\"news-landing-page-list__news-item\" itemtype=\"https:\/\/schema.org\/NewsArticle\">\n\n                <span class=\"news-landing-page-list__publication\"><span itemprop=\"citation\" content=\"Logistiek\">Logistiek<\/span> &bull; <time itemprop=\"datePublished\" content=\"04\/09\/2024\">September 04, 2024<\/time><\/span>\n\t\t\t\t<a class=\"news-landing-page-list__title-link\" title=\"Foodello kiest voor gerobotiseerd dc van Radial in Groningen\" href=\"https:\/\/www.logistiek.nl\/198844\/foodello-kiest-voor-gerobotiseerd-dc-van-radial-in-groningen\" target=\"_blank\">\n\t\t\t\t\t<h2 itemprop=\"name\" class=\"news-landing-page-list__title\">Foodello kiest voor gerobotiseerd dc van Radial in Groningen<\/h2>\n\t\t\t\t<\/a>\n\n\t\t\t\t\t\t\t\t\t<a aria-label=\"This link redirects to Foodello kiest voor gerobotiseerd dc van Radial in Groningen\" title=\"This link redirects to Foodello kiest voor gerobotiseerd dc van Radial in Groningen\" class=\"news-landing-page-list__read-more\" href=\"https:\/\/www.logistiek.nl\/198844\/foodello-kiest-voor-gerobotiseerd-dc-van-radial-in-groningen\" target=\"_blank\">Read More<\/a>\n\t\t\t\t\n\t\t\t<\/article>\n\n\t\t\n\t\t\t\n\t\t\t<article class=\"news-landing-page-list__news-item\" itemtype=\"https:\/\/schema.org\/NewsArticle\">\n\n                <span class=\"news-landing-page-list__publication\"><span itemprop=\"citation\" content=\"Parcel and Postal Technology International\">Parcel and Postal Technology International<\/span> &bull; <time itemprop=\"datePublished\" content=\"09\/04\/2024\">April 09, 2024<\/time><\/span>\n\t\t\t\t<a class=\"news-landing-page-list__title-link\" title=\"bpostgroup acquires 3PL company Staci\" href=\"https:\/\/www.parcelandpostaltechnologyinternational.com\/news\/operations\/bpostgroup-to-acquire-third-party-logistics-company-staci.html\" target=\"_blank\">\n\t\t\t\t\t<h2 itemprop=\"name\" class=\"news-landing-page-list__title\">bpostgroup acquires 3PL company Staci<\/h2>\n\t\t\t\t<\/a>\n\n\t\t\t\t\t\t\t\t\t<a aria-label=\"This link redirects to bpostgroup acquires 3PL company Staci\" title=\"This link redirects to bpostgroup acquires 3PL company Staci\" class=\"news-landing-page-list__read-more\" href=\"https:\/\/www.parcelandpostaltechnologyinternational.com\/news\/operations\/bpostgroup-to-acquire-third-party-logistics-company-staci.html\" target=\"_blank\">Read More<\/a>\n\t\t\t\t\n\t\t\t<\/article>\n\n\t\t\n\t\t\t\n\t\t\t<article class=\"news-landing-page-list__news-item\" itemtype=\"https:\/\/schema.org\/NewsArticle\">\n\n                <span class=\"news-landing-page-list__publication\"><span itemprop=\"citation\" content=\"Beauty Packaging\">Beauty Packaging<\/span> &bull; <time itemprop=\"datePublished\" content=\"15\/01\/2024\">January 15, 2024<\/time><\/span>\n\t\t\t\t<a class=\"news-landing-page-list__title-link\" title=\"Beauty Brands\u2019 Dilemma: To Sell or Not to Sell on TikTok?\" href=\"https:\/\/www.beautypackaging.com\/contents\/view_experts-opinion\/2024-01-15\/beauty-brands-dilemma-to-sell-or-not-to-sell-on-tiktok\/\" target=\"_blank\">\n\t\t\t\t\t<h2 itemprop=\"name\" class=\"news-landing-page-list__title\">Beauty Brands\u2019 Dilemma: To Sell or Not to Sell on TikTok?<\/h2>\n\t\t\t\t<\/a>\n\n\t\t\t\t\t\t\t\t\t<a aria-label=\"This link redirects to Beauty Brands\u2019 Dilemma: To Sell or Not to Sell on TikTok?\" title=\"This link redirects to Beauty Brands\u2019 Dilemma: To Sell or Not to Sell on TikTok?\" class=\"news-landing-page-list__read-more\" href=\"https:\/\/www.beautypackaging.com\/contents\/view_experts-opinion\/2024-01-15\/beauty-brands-dilemma-to-sell-or-not-to-sell-on-tiktok\/\" target=\"_blank\">Read More<\/a>\n\t\t\t\t\n\t\t\t<\/article>\n\n\t\t\n\t\t\t\n\t\t\t<article class=\"news-landing-page-list__news-item\" itemtype=\"https:\/\/schema.org\/NewsArticle\">\n\n                <span class=\"news-landing-page-list__publication\"><span itemprop=\"citation\" content=\"MarketScreener\">MarketScreener<\/span> &bull; <time itemprop=\"datePublished\" content=\"23\/06\/2023\">June 23, 2023<\/time><\/span>\n\t\t\t\t<a class=\"news-landing-page-list__title-link\" title=\"Radial is opening a new cutting-edge fulfilment centre in Groningen, the Netherlands\" href=\"https:\/\/www.marketscreener.com\/quote\/stock\/BPOST-SA-NV-16193932\/news\/Bpost-Radial-is-opening-a-new-cutting-edge-fulfilment-centre-in-Groningen-the-Netherlands-44176817\/#:~:text=Radial%20is%20opening%20a%20new%20cutting-edge%20fulfilment%20centre%20in%20Groningen,\" target=\"_blank\">\n\t\t\t\t\t<h2 itemprop=\"name\" class=\"news-landing-page-list__title\">Radial is opening a new cutting-edge fulfilment centre in Groningen, the Netherlands<\/h2>\n\t\t\t\t<\/a>\n\n\t\t\t\t\t\t\t\t\t<a aria-label=\"This link redirects to Radial is opening a new cutting-edge fulfilment centre in Groningen, the Netherlands\" title=\"This link redirects to Radial is opening a new cutting-edge fulfilment centre in Groningen, the Netherlands\" class=\"news-landing-page-list__read-more\" href=\"https:\/\/www.marketscreener.com\/quote\/stock\/BPOST-SA-NV-16193932\/news\/Bpost-Radial-is-opening-a-new-cutting-edge-fulfilment-centre-in-Groningen-the-Netherlands-44176817\/#:~:text=Radial%20is%20opening%20a%20new%20cutting-edge%20fulfilment%20centre%20in%20Groningen,\" target=\"_blank\">Read More<\/a>\n\t\t\t\t\n\t\t\t<\/article>\n\n\t\t\n\t\t\t\n\t\t\t<article class=\"news-landing-page-list__news-item\" itemtype=\"https:\/\/schema.org\/NewsArticle\">\n\n                <span class=\"news-landing-page-list__publication\"><span itemprop=\"citation\" content=\"Omnichannel News\">Omnichannel News<\/span> &bull; <time itemprop=\"datePublished\" content=\"09\/06\/2023\">June 09, 2023<\/time><\/span>\n\t\t\t\t<a class=\"news-landing-page-list__title-link\" title=\"Radial: magazyn i sztuczna inteligencja w zam\u00f3wieniach e-commerce\" href=\"https:\/\/omnichannelnews.pl\/2023\/06\/09\/radial-magazyn-i-sztuczna-inteligencja-w-zamowieniach-e-commerce\/#:~:text=Radial,%20czo%C5%82owy%20dostawca%20rozwi%C4%85za%C5%84%20w%20zakresie%20realizacji%20zam%C3%B3wie%C5%84%20e-commerce%20B2C,\" target=\"_blank\">\n\t\t\t\t\t<h2 itemprop=\"name\" class=\"news-landing-page-list__title\">Radial: magazyn i sztuczna inteligencja w zam\u00f3wieniach e-commerce<\/h2>\n\t\t\t\t<\/a>\n\n\t\t\t\t\t\t\t\t\t<a aria-label=\"This link redirects to Radial: magazyn i sztuczna inteligencja w zam\u00f3wieniach e-commerce\" title=\"This link redirects to Radial: magazyn i sztuczna inteligencja w zam\u00f3wieniach e-commerce\" class=\"news-landing-page-list__read-more\" href=\"https:\/\/omnichannelnews.pl\/2023\/06\/09\/radial-magazyn-i-sztuczna-inteligencja-w-zamowieniach-e-commerce\/#:~:text=Radial,%20czo%C5%82owy%20dostawca%20rozwi%C4%85za%C5%84%20w%20zakresie%20realizacji%20zam%C3%B3wie%C5%84%20e-commerce%20B2C,\" target=\"_blank\">Read More<\/a>\n\t\t\t\t\n\t\t\t<\/article>\n\n\t\t\n\t\t\t\n\t\t\t<article class=\"news-landing-page-list__news-item\" itemtype=\"https:\/\/schema.org\/NewsArticle\">\n\n                <span class=\"news-landing-page-list__publication\"><span itemprop=\"citation\" content=\"WarehouseTotaal\">WarehouseTotaal<\/span> &bull; <time itemprop=\"datePublished\" content=\"08\/06\/2022\">June 08, 2022<\/time><\/span>\n\t\t\t\t<a class=\"news-landing-page-list__title-link\" title=\"Radial rust warehouse in Groningen uit met 299 robots\" href=\"https:\/\/www.warehousetotaal.nl\/nieuws\/radial-rust-warehouse-in-groningen-uit-met-299-robots\/123860\/#:~:text=Radial%20gaat%20zijn%20warehouse%20in%20Groningen%20fors%20robotiseren.%20De%20e-tailer\" target=\"_blank\">\n\t\t\t\t\t<h2 itemprop=\"name\" class=\"news-landing-page-list__title\">Radial rust warehouse in Groningen uit met 299 robots<\/h2>\n\t\t\t\t<\/a>\n\n\t\t\t\t\t\t\t\t\t<a aria-label=\"This link redirects to Radial rust warehouse in Groningen uit met 299 robots\" title=\"This link redirects to Radial rust warehouse in Groningen uit met 299 robots\" class=\"news-landing-page-list__read-more\" href=\"https:\/\/www.warehousetotaal.nl\/nieuws\/radial-rust-warehouse-in-groningen-uit-met-299-robots\/123860\/#:~:text=Radial%20gaat%20zijn%20warehouse%20in%20Groningen%20fors%20robotiseren.%20De%20e-tailer\" target=\"_blank\">Read More<\/a>\n\t\t\t\t\n\t\t\t<\/article>\n\n\t\t\n\t\t\t\n\t\t\t<article class=\"news-landing-page-list__news-item\" itemtype=\"https:\/\/schema.org\/NewsArticle\">\n\n                <span class=\"news-landing-page-list__publication\"><span itemprop=\"citation\" content=\"TSL Biznes\">TSL Biznes<\/span> &bull; <time itemprop=\"datePublished\" content=\"15\/09\/2020\">September 15, 2020<\/time><\/span>\n\t\t\t\t<a class=\"news-landing-page-list__title-link\" title=\"Radial rozpoczyna dzia\u0142alno\u015b\u0107 w Polsce\" href=\"https:\/\/tsl-biznes.pl\/newsy\/radial-rozpoczyna-dzialalnosc-w-polsce\/#:~:text=Radial,%20specjalista%20w%20obs%C5%82udze%20technologiczno%20%E2%80%93%20operacyjnej%20handlu%20wielokana%C5%82owego%20e-commerce,\" target=\"_blank\">\n\t\t\t\t\t<h2 itemprop=\"name\" class=\"news-landing-page-list__title\">Radial rozpoczyna dzia\u0142alno\u015b\u0107 w Polsce<\/h2>\n\t\t\t\t<\/a>\n\n\t\t\t\t\t\t\t\t\t<a aria-label=\"This link redirects to Radial rozpoczyna dzia\u0142alno\u015b\u0107 w Polsce\" title=\"This link redirects to Radial rozpoczyna dzia\u0142alno\u015b\u0107 w Polsce\" class=\"news-landing-page-list__read-more\" href=\"https:\/\/tsl-biznes.pl\/newsy\/radial-rozpoczyna-dzialalnosc-w-polsce\/#:~:text=Radial,%20specjalista%20w%20obs%C5%82udze%20technologiczno%20%E2%80%93%20operacyjnej%20handlu%20wielokana%C5%82owego%20e-commerce,\" target=\"_blank\">Read More<\/a>\n\t\t\t\t\n\t\t\t<\/article>\n\n\t\t\t<\/div>\n\t\n\n<div data-post-list-template=\"pagination\" class=\"news-landing-page-list__pagination\">\n\n\t\n\t\n\t\n<\/div><\/div>\n<\/div>\n\n<\/div>\n<\/div>\n<\/div>","protected":false},"excerpt":{"rendered":"","protected":false},"author":2,"featured_media":0,"parent":43864,"menu_order":0,"comment_status":"closed","ping_status":"closed","template":"","meta":{"_acf_changed":false,"inline_featured_image":false,"footnotes":""},"class_list":["post-59241","page","type-page","status-publish","hentry"],"acf":[],"_links":{"self":[{"href":"https:\/\/www.radial.com\/eur\/wp-json\/wp\/v2\/pages\/59241","targetHints":{"allow":["GET"]}}],"collection":[{"href":"https:\/\/www.radial.com\/eur\/wp-json\/wp\/v2\/pages"}],"about":[{"href":"https:\/\/www.radial.com\/eur\/wp-json\/wp\/v2\/types\/page"}],"author":[{"embeddable":true,"href":"https:\/\/www.radial.com\/eur\/wp-json\/wp\/v2\/users\/2"}],"replies":[{"embeddable":true,"href":"https:\/\/www.radial.com\/eur\/wp-json\/wp\/v2\/comments?post=59241"}],"version-history":[{"count":2,"href":"https:\/\/www.radial.com\/eur\/wp-json\/wp\/v2\/pages\/59241\/revisions"}],"predecessor-version":[{"id":65409,"href":"https:\/\/www.radial.com\/eur\/wp-json\/wp\/v2\/pages\/59241\/revisions\/65409"}],"up":[{"embeddable":true,"href":"https:\/\/www.radial.com\/eur\/wp-json\/wp\/v2\/pages\/43864"}],"wp:attachment":[{"href":"https:\/\/www.radial.com\/eur\/wp-json\/wp\/v2\/media?parent=59241"}],"curies":[{"name":"wp","href":"https:\/\/api.w.org\/{rel}","templated":true}]}}