{"id":66909,"date":"2024-11-04T08:42:54","date_gmt":"2024-11-04T13:42:54","guid":{"rendered":"https:\/\/www.radial.com\/?page_id=66909"},"modified":"2024-11-04T11:24:39","modified_gmt":"2024-11-04T16:24:39","slug":"manchester","status":"publish","type":"page","link":"https:\/\/www.radial.com\/de\/manchester","title":{"rendered":"Manchester"},"content":{"rendered":"\n<div class=\"page-wrapper\">\n\t\n\n<div class=\"landing-page\">\n\t\n\n<div class=\"landing-page-hero-area\" id=\"landing-page-hero-area\">\n\t\n\n\n<div class=\"hero-landing-block\">\n\t<div class=\"hero-landing-block__inner\">\n\t\t<div class=\"hero-landing-block__info\">\n\t\t\t<div class=\"hero-landing-block__info--inner\">\n\t\t\t<h1 class=\"hero-landing-block__title\">Manchester Fulfillment Zentrum<\/h1>\n                            <h2 class=\"hero-landing-block__subtitle\">Vereinigtes K\u00f6nigreich<\/h2>\n            \t\t\t\t\t\t\t\t\t\t<a class=\"hero-landing-block__cta button-primary light\" href=\"https:\/\/maps.app.goo.gl\/A8Ph9gq1fe8HfYGP8\" target=\"_self\">Finden<\/a>\t\t\t\t\t\t<\/div>\n\t\t<\/div>\n\t\t<div class=\"hero-landing-block__image\">\n\t\t\t<picture>\r\n<source data-image-size=\"hero_landing_small\" srcset=\"https:\/\/www.radial.com\/wp-content\/uploads\/2024\/03\/29\/locations_manchester_small-342x228.jpg, https:\/\/www.radial.com\/wp-content\/uploads\/2024\/03\/29\/locations_manchester_small-684x456.jpg 2x\" media=\"(max-width: 350px)\" type=\"image\/jpeg\">\r\n<source data-image-size=\"hero_landing_medium\" srcset=\"https:\/\/www.radial.com\/wp-content\/uploads\/2024\/03\/29\/locations_manchester_small-705x470.jpg, https:\/\/www.radial.com\/wp-content\/uploads\/2024\/03\/29\/locations_manchester_small.jpg 2x\" media=\"(max-width: 715px)\" type=\"image\/jpeg\">\r\n<source data-image-size=\"hero_landing_medium_large\" srcset=\"https:\/\/www.radial.com\/wp-content\/uploads\/2024\/03\/29\/locations_manchester_small-960x640.jpg\" media=\"(max-width: 1023px)\" type=\"image\/jpeg\">\r\n<source data-image-size=\"hero_landing_large\" srcset=\"https:\/\/www.radial.com\/wp-content\/uploads\/2024\/11\/locations_manchester-aspect-ratio-22-25-704x800.jpg, https:\/\/www.radial.com\/wp-content\/uploads\/2024\/11\/locations_manchester-aspect-ratio-22-25-1408x1600.jpg 2x\" media=\"(max-width: 1440px)\" type=\"image\/jpeg\">\r\n<source data-image-size=\"hero_landing_huge\" srcset=\"https:\/\/www.radial.com\/wp-content\/uploads\/2024\/11\/locations_manchester-aspect-ratio-22-25-946x1075.jpg, https:\/\/www.radial.com\/wp-content\/uploads\/2024\/11\/locations_manchester-aspect-ratio-22-25.jpg 2x\" type=\"image\/jpeg\">\r\n<img decoding=\"async\" alt=\"\" src=\"https:\/\/www.radial.com\/wp-content\/uploads\/2024\/11\/locations_manchester-aspect-ratio-22-25-704x800.jpg\">\r\n<\/picture>\t\t<\/div>\n\t<\/div>\n<\/div>\n\n<\/div>\n\n\n<div class=\"landing-page-block-area\">\n\t\n<div class=\"core-heading-block\" data-heading-level=\"2\">\n<h2 class=\"wp-block-heading\">Erobern Sie die Ecommerce-Landschaft im Vereinigten K\u00f6nigreich mit Radial Europa Manchester.<\/h2>\n<\/div>\n\n<div class=\"core-paragraph-block\">\n<p>Im Herzen von Greater Manchester, der zweitgr\u00f6\u00dften st\u00e4dtischen Region des Vereinigten K\u00f6nigreichs, bietet das Fulfillment-Zentrum von Radial Europa in Manchester einen strategischen Vorteil f\u00fcr Ihr Ecommerce-Gesch\u00e4ft:<\/p>\n<\/div>\n\n\n\n<div class=\"statistics statistics__4\">\n    <span class=\"statistics__elipse-right\">\n    <\/span>\n    <div class=\"statistics--inner\">\n        <div class=\"statistics__info animate\">\n\t\t                    <h2 class=\"statistics__title\">\n\t\t\t\t    Die wichtigsten Punkte                <\/h2>\n\t\t    \t\t            <\/div>\n\t                <ul class=\"statistics__content statistics__content__4 animate\">\n\t\t\t                        <li class=\"statistics__element\">\n\t\t\t\t\t                            <div class=\"statistics__number\">\n\t\t\t\t\t\t                            <\/div>\n\n\t\t\t\t\t                                <div class=\"statistics__number-text\">\n\t\t\t\t\t\t\t    Zentraler Knotenpunkt f\u00fcr die Zustellung in Gro\u00dfbritannien                            <\/div>\n\t\t\t\t\t                        <\/li>\n\t\t\t                        <li class=\"statistics__element\">\n\t\t\t\t\t                            <div class=\"statistics__number\">\n\t\t\t\t\t\t                            <\/div>\n\n\t\t\t\t\t                                <div class=\"statistics__number-text\">\n\t\t\t\t\t\t\t    Sp\u00e4te Annahmeschlusszeiten                            <\/div>\n\t\t\t\t\t                        <\/li>\n\t\t\t                        <li class=\"statistics__element\">\n\t\t\t\t\t                            <div class=\"statistics__number\">\n\t\t\t\t\t\t                            <\/div>\n\n\t\t\t\t\t                                <div class=\"statistics__number-text\">\n\t\t\t\t\t\t\t    Landesweite Reichweite                            <\/div>\n\t\t\t\t\t                        <\/li>\n\t\t\t                        <li class=\"statistics__element\">\n\t\t\t\t\t                            <div class=\"statistics__number\">\n\t\t\t\t\t\t                            <\/div>\n\n\t\t\t\t\t                                <div class=\"statistics__number-text\">\n\t\t\t\t\t\t\t    Erfahrenes Team                            <\/div>\n\t\t\t\t\t                        <\/li>\n\t\t\t                <\/ul>\n\t        <\/div>\n    <span class=\"statistics__elipse-left\">\n    <\/span>\n<\/div>\n\n\n<div class=\"switchback-block left\">\n\t\t\t\t\t\t\t\t\t            <div class=\"switchback-block__outer light\">\n                <div class=\"switchback-block__inner\">\n                    <div class=\"switchback-block__left animate\">\n\t\t\t\t\t\t\t\t\t\t\t\t\t<picture>\r\n<source data-image-size=\"switchback_small\" srcset=\"https:\/\/www.radial.com\/wp-content\/uploads\/2024\/03\/29\/manchester_conveyor_switch-350x350.jpg, https:\/\/www.radial.com\/wp-content\/uploads\/2024\/03\/29\/manchester_conveyor_switch-700x700.jpg 2x\" media=\"(max-width: 1280px)\" type=\"image\/jpeg\">\r\n<source data-image-size=\"switchback_large\" srcset=\"https:\/\/www.radial.com\/wp-content\/uploads\/2024\/03\/29\/manchester_conveyor_switch-518x518.jpg, https:\/\/www.radial.com\/wp-content\/uploads\/2024\/03\/29\/manchester_conveyor_switch.jpg 2x\" type=\"image\/jpeg\">\r\n<img decoding=\"async\" alt=\"\" src=\"https:\/\/www.radial.com\/wp-content\/uploads\/2024\/03\/29\/manchester_conveyor_switch-518x518.jpg\" loading=\"lazy\">\r\n<\/picture>\t\t\t\t\t\t                    <\/div>\n\n                    <div class=\"switchback-block__right animate\">\n\t\t\t\t\t\t                            <label class=\"switchback-block__eyebrow\">Lieferung im Vereinigten K\u00f6nigreich<\/label>\n\t\t\t\t\t\t\t\t\t\t\t\t                            <h2 class=\"switchback-block__title\">Zentraler Knotenpunkt<\/h2>\n\t\t\t\t\t\t\t\t\t\t\t\t\t\t\t\t\t\t                            <div class=\"switchback-block__summary paragraph-block\"><p>Profitieren Sie von sofortigem Zugang zu allen gro\u00dfen Versandnetzwerken, die nur wenige Minuten entfernt sind. Dies gew\u00e4hrleistet eine nahtlose Abholung von Paketen und schnelle Lieferungen, sodass Ihre Kunden im Vereinigten K\u00f6nigreich z\u00fcgig und effizient erreicht werden.<\/p>\n<\/div>\n\t\t\t\t\t\t\n\t\t\t\t\t\t                    <\/div>\n                <\/div>\n            <\/div>\n\t\t\t\t\t\t\t\t            <div class=\"switchback-block__outer light\">\n                <div class=\"switchback-block__inner\">\n                    <div class=\"switchback-block__left animate\">\n\t\t\t\t\t\t                    <\/div>\n\n                    <div class=\"switchback-block__right animate\">\n\t\t\t\t\t\t\t\t\t\t\t\t\t\t\t\t\t\t\t\t\t\t\t\t\n\t\t\t\t\t\t                    <\/div>\n                <\/div>\n            <\/div>\n\t\t\t<\/div>\n\n\n<div class=\"switchback-block right\">\n\t\t\t\t\t\t\t\t\t            <div class=\"switchback-block__outer dark\">\n                <div class=\"switchback-block__inner\">\n                    <div class=\"switchback-block__left animate\">\n\t\t\t\t\t\t\t\t\t\t\t\t\t<picture>\r\n<source data-image-size=\"switchback_small\" srcset=\"https:\/\/www.radial.com\/wp-content\/uploads\/2024\/03\/29\/manchester_storage_switch-350x350.jpg, https:\/\/www.radial.com\/wp-content\/uploads\/2024\/03\/29\/manchester_storage_switch-700x700.jpg 2x\" media=\"(max-width: 1280px)\" type=\"image\/jpeg\">\r\n<source data-image-size=\"switchback_large\" srcset=\"https:\/\/www.radial.com\/wp-content\/uploads\/2024\/03\/29\/manchester_storage_switch-518x518.jpg, https:\/\/www.radial.com\/wp-content\/uploads\/2024\/03\/29\/manchester_storage_switch.jpg 2x\" type=\"image\/jpeg\">\r\n<img decoding=\"async\" alt=\"\" src=\"https:\/\/www.radial.com\/wp-content\/uploads\/2024\/03\/29\/manchester_storage_switch-518x518.jpg\" loading=\"lazy\">\r\n<\/picture>\t\t\t\t\t\t                    <\/div>\n\n                    <div class=\"switchback-block__right animate\">\n\t\t\t\t\t\t                            <label class=\"switchback-block__eyebrow\">Ma\u00dfgeschneiderte Lagerl\u00f6sungen<\/label>\n\t\t\t\t\t\t\t\t\t\t\t\t                            <h2 class=\"switchback-block__title\">Flexibilit\u00e4t<\/h2>\n\t\t\t\t\t\t\t\t\t\t\t\t\t\t\t\t\t\t                            <div class=\"switchback-block__summary paragraph-block\"><p><strong>Un\u00fcbertroffene Flexibilit\u00e4t und Skalierbarkeit<\/strong>: Radial Europa Manchester richtet sich nach Ihren spezifischen Anforderungen. Das Team arbeitet eng mit jedem Kunden zusammen, um einen individuellen Fulfillment-Prozess zu entwickeln, der sich anpasst und mit Ihrem Unternehmen w\u00e4chst.<\/p>\n<p><strong>Lagerl\u00f6sungen, die auf Sie zugeschnitten sind:<\/strong> Egal, ob Sie Lagerung f\u00fcr Kleidungsst\u00fccke auf B\u00fcgeln (GOH), Verwaltung gefalteter Artikel, Handhabung von hochwertigen Produkten oder L\u00f6sungen f\u00fcr verpackte Waren ben\u00f6tigen, Radial Europa Manchester bietet die Flexibilit\u00e4t, um Ihr vielf\u00e4ltiges Inventar zu ber\u00fccksichtigen.<\/p>\n<\/div>\n\t\t\t\t\t\t\n\t\t\t\t\t\t                    <\/div>\n                <\/div>\n            <\/div>\n\t\t\t<\/div>\n\n\n<div class=\"switchback-block left\">\n\t\t\t\t\t\t\t\t\t            <div class=\"switchback-block__outer light\">\n                <div class=\"switchback-block__inner\">\n                    <div class=\"switchback-block__left animate\">\n\t\t\t\t\t\t\t\t\t\t\t\t\t<picture>\r\n<source data-image-size=\"switchback_small\" srcset=\"https:\/\/www.radial.com\/wp-content\/uploads\/2024\/03\/29\/manchester_vas_switch-350x350.jpg, https:\/\/www.radial.com\/wp-content\/uploads\/2024\/03\/29\/manchester_vas_switch-700x700.jpg 2x\" media=\"(max-width: 1280px)\" type=\"image\/jpeg\">\r\n<source data-image-size=\"switchback_large\" srcset=\"https:\/\/www.radial.com\/wp-content\/uploads\/2024\/03\/29\/manchester_vas_switch-518x518.jpg, https:\/\/www.radial.com\/wp-content\/uploads\/2024\/03\/29\/manchester_vas_switch.jpg 2x\" type=\"image\/jpeg\">\r\n<img decoding=\"async\" alt=\"\" src=\"https:\/\/www.radial.com\/wp-content\/uploads\/2024\/03\/29\/manchester_vas_switch-518x518.jpg\" loading=\"lazy\">\r\n<\/picture>\t\t\t\t\t\t                    <\/div>\n\n                    <div class=\"switchback-block__right animate\">\n\t\t\t\t\t\t                            <label class=\"switchback-block__eyebrow\">Expertise<\/label>\n\t\t\t\t\t\t\t\t\t\t\t\t                            <h2 class=\"switchback-block__title\">Mehrwertdienste<\/h2>\n\t\t\t\t\t\t\t\t\t\t\t\t\t\t\t\t\t\t                            <div class=\"switchback-block__summary paragraph-block\"><p>Expertise mit Zusatzleistungen: Gehen Sie mit dem erfahrenen Team von Radial Europa \u00fcber das Wesentliche hinaus. Dank jahrzehntelanger Erfahrung im Ecommerce-Fulfillment und in der Zustellung auf der letzten Meile erreichen Ihre Produkte die Kunden einwandfrei. Zu den Mehrwertdiensten geh\u00f6ren Gravieren, B\u00fcgeln und Spezialverpackungen, mit denen Sie Ihr Markenerlebnis und die Kundenzufriedenheit steigern k\u00f6nnen.<\/p>\n<\/div>\n\t\t\t\t\t\t\n\t\t\t\t\t\t                    <\/div>\n                <\/div>\n            <\/div>\n\t\t\t<\/div>\n\n\n<div class=\"switchback-block right\">\n\t\t\t\t\t\t\t\t\t            <div class=\"switchback-block__outer dark\">\n                <div class=\"switchback-block__inner\">\n                    <div class=\"switchback-block__left animate\">\n\t\t\t\t\t\t\t\t\t\t\t\t\t<picture>\r\n<source data-image-size=\"switchback_small\" srcset=\"https:\/\/www.radial.com\/wp-content\/uploads\/2024\/03\/29\/manchester_people_switch-350x350.jpg, https:\/\/www.radial.com\/wp-content\/uploads\/2024\/03\/29\/manchester_people_switch-700x700.jpg 2x\" media=\"(max-width: 1280px)\" type=\"image\/jpeg\">\r\n<source data-image-size=\"switchback_large\" srcset=\"https:\/\/www.radial.com\/wp-content\/uploads\/2024\/03\/29\/manchester_people_switch-518x518.jpg, https:\/\/www.radial.com\/wp-content\/uploads\/2024\/03\/29\/manchester_people_switch.jpg 2x\" type=\"image\/jpeg\">\r\n<img decoding=\"async\" alt=\"\" src=\"https:\/\/www.radial.com\/wp-content\/uploads\/2024\/03\/29\/manchester_people_switch-518x518.jpg\" loading=\"lazy\">\r\n<\/picture>\t\t\t\t\t\t                    <\/div>\n\n                    <div class=\"switchback-block__right animate\">\n\t\t\t\t\t\t                            <label class=\"switchback-block__eyebrow\">Neue M\u00e4rkte<\/label>\n\t\t\t\t\t\t\t\t\t\t\t\t                            <h2 class=\"switchback-block__title\">US-Marken-Champions<\/h2>\n\t\t\t\t\t\t\t\t\t\t\t\t\t\t\t\t\t\t                            <div class=\"switchback-block__summary paragraph-block\"><p>Radial Europa Manchester vereint jahrzehntelange Erfahrung im Ecommerce-Fulfillment mit einem tiefen Verst\u00e4ndnis f\u00fcr die Handhabung von Sch\u00f6nheitsprodukten. Dieses engagierte Team unterst\u00fctzt US-Marken durch ma\u00dfgeschneiderte L\u00f6sungen und strategische Erkenntnisse dabei, auf dem britischen und europ\u00e4ischen Markt erfolgreich zu sein.<\/p>\n<\/div>\n\t\t\t\t\t\t\n\t\t\t\t\t\t                    <\/div>\n                <\/div>\n            <\/div>\n\t\t\t<\/div>\n\n<div class=\"core-paragraph-block\">\n<p>Wenn Sie einen <strong>Fulfillment-Partner<\/strong> suchen, der die Feinheiten von Sch\u00f6nheits- und Modeprodukten versteht, sind Sie bei Radial Europa Manchester genau richtig.<\/p>\n<\/div>\n\n<div class=\"core-heading-block\" data-heading-level=\"2\">\n<h2 class=\"wp-block-heading\">Strategischer Standort, \u00fcberlegene Leistung<\/h2>\n<\/div>\n\n<div class=\"core-paragraph-block\">\n<p>Im Herzen von Greater Manchester, der zweitgr\u00f6\u00dften st\u00e4dtischen Region des Vereinigten K\u00f6nigreichs, bietet Radial Europa Manchester:<\/p>\n<\/div>\n\n<div class=\"core-list-block\">\n<ul class=\"wp-block-list\">\n<li><strong>Zentraler Knotenpunkt:<\/strong> Sofortiger Zugang zu gro\u00dfen Versandnetzwerken gew\u00e4hrleistet eine schnelle Abholung und z\u00fcgige Lieferungen, sodass Ihre Kunden im Vereinigten K\u00f6nigreich schnell erreicht werden.<\/li>\n\n\n\n<li><strong>Sp\u00e4te Auftragsannahme:<\/strong> Erfassen Sie Last-Minute-Bestellungen und liefern Sie dennoch innerhalb erstklassiger Zeitrahmen.<\/li>\n\n\n\n<li><strong>Landesweite Reichweite:<\/strong> Minimieren Sie die Lieferzeiten und \u00fcbertreffen Sie die Erwartungen der Kunden durch die zentrale Lage Manchesters und hervorragende Autobahnverbindungen.<\/li>\n\n\n\n<li><strong>Un\u00fcbertroffene Expertise<\/strong><\/li>\n<\/ul>\n<\/div>\n\n\n\n<div class=\"image\">\n\t\t\t<picture>\r\n<source data-image-size=\"image_block_small\" srcset=\"https:\/\/www.radial.com\/wp-content\/uploads\/2024\/11\/Manchester-Warehouse-Conveyor-aspect-ratio-47-30-564x360.jpg, https:\/\/www.radial.com\/wp-content\/uploads\/2024\/11\/Manchester-Warehouse-Conveyor-aspect-ratio-47-30-1128x720.jpg 2x\" media=\"(max-width: 600px)\" type=\"image\/jpeg\">\r\n<source data-image-size=\"image_block_large\" srcset=\"https:\/\/www.radial.com\/wp-content\/uploads\/2024\/11\/Manchester-Warehouse-Conveyor-aspect-ratio-47-30-940x600.jpg, https:\/\/www.radial.com\/wp-content\/uploads\/2024\/11\/Manchester-Warehouse-Conveyor-aspect-ratio-47-30.jpg 2x\" type=\"image\/jpeg\">\r\n<img decoding=\"async\" alt=\"\" src=\"https:\/\/www.radial.com\/wp-content\/uploads\/2024\/11\/Manchester-Warehouse-Conveyor-aspect-ratio-47-30-940x600.jpg\">\r\n<\/picture>\t\t\t<\/div>\n\n<div class=\"core-paragraph-block\">\n<p>Ihr Erfolg ist unsere Mission. Radial Europa Manchester hebt sich ab durch:<\/p>\n<\/div>\n\n<div class=\"core-list-block\">\n<ul class=\"wp-block-list\">\n<li><strong>Jahrzehntelange Ecommerce-Erfahrung:<\/strong> Unser Team, darunter erfahrene Betriebs- und Standortleiter, verf\u00fcgt \u00fcber jahrzehntelange Expertise im Ecommerce-Fulfillment.<\/li>\n\n\n\n<li><strong>Expertise im Bereich Sch\u00f6nheitsprodukte:<\/strong> Wir verstehen die speziellen Handhabungs- und Lagerbed\u00fcrfnisse von Kosmetikprodukten und sorgen daf\u00fcr, dass deren Qualit\u00e4t w\u00e4hrend des gesamten Fulfillment-Prozesses erhalten bleibt.<\/li>\n\n\n\n<li><strong>F\u00f6rderer der US-Markenexpansion:<\/strong> Mit Leidenschaft helfen wir US-Marken, in den M\u00e4rkten des Vereinigten K\u00f6nigreichs und Europas zu wachsen, indem wir ma\u00dfgeschneiderte L\u00f6sungen und strategische Einblicke bieten.<\/li>\n\n\n\n<li><strong>Skalierbare und flexible Abl\u00e4ufe:<\/strong> Wir arbeiten eng mit Ihnen zusammen, um einen individuell angepassten Fulfillment-Prozess zu gestalten, der sich anpasst und mit Ihrem Unternehmen w\u00e4chst.<\/li>\n\n\n\n<li><strong>Vielf\u00e4ltige Lagerl\u00f6sungen:<\/strong> Egal, ob Sie Lagerung f\u00fcr Kleidungsst\u00fccke auf B\u00fcgeln, Verwaltung gefalteter Artikel, Handhabung von hochwertigen Produkten oder L\u00f6sungen f\u00fcr verpackte Waren ben\u00f6tigen, wir k\u00f6nnen Ihr Inventar unterbringen.<\/li>\n<\/ul>\n<\/div>\n\n<div class=\"core-paragraph-block\">\n<p>Partnern Sie mit Radial Europa Manchester und erschlie\u00dfen Sie das volle Potenzial Ihrer Ecommerce-Reise im Vereinigten K\u00f6nigreich und Europa.<\/p>\n<\/div>\n\n<div class=\"core-paragraph-block\">\n<p>Setzen Sie sich mit uns in Verbindung, und wir stellen Ihnen alle Informationen zur Verf\u00fcgung, die Sie ben\u00f6tigen, um Ihr Gesch\u00e4ft zu vergr\u00f6\u00dfern.<\/p>\n<\/div>\n\n<div class=\"core-heading-block\" data-heading-level=\"2\">\n<h2 class=\"wp-block-heading\">Kontakt<\/h2>\n<\/div>\n\n\n<\/div>\n<\/div>\n<\/div>","protected":false},"excerpt":{"rendered":"","protected":false},"author":2,"featured_media":0,"parent":0,"menu_order":0,"comment_status":"closed","ping_status":"closed","template":"","meta":{"_acf_changed":false,"inline_featured_image":false,"footnotes":""},"class_list":["post-66909","page","type-page","status-publish","hentry"],"acf":[],"_links":{"self":[{"href":"https:\/\/www.radial.com\/de\/wp-json\/wp\/v2\/pages\/66909","targetHints":{"allow":["GET"]}}],"collection":[{"href":"https:\/\/www.radial.com\/de\/wp-json\/wp\/v2\/pages"}],"about":[{"href":"https:\/\/www.radial.com\/de\/wp-json\/wp\/v2\/types\/page"}],"author":[{"embeddable":true,"href":"https:\/\/www.radial.com\/de\/wp-json\/wp\/v2\/users\/2"}],"replies":[{"embeddable":true,"href":"https:\/\/www.radial.com\/de\/wp-json\/wp\/v2\/comments?post=66909"}],"version-history":[{"count":3,"href":"https:\/\/www.radial.com\/de\/wp-json\/wp\/v2\/pages\/66909\/revisions"}],"predecessor-version":[{"id":66957,"href":"https:\/\/www.radial.com\/de\/wp-json\/wp\/v2\/pages\/66909\/revisions\/66957"}],"wp:attachment":[{"href":"https:\/\/www.radial.com\/de\/wp-json\/wp\/v2\/media?parent=66909"}],"curies":[{"name":"wp","href":"https:\/\/api.w.org\/{rel}","templated":true}]}}