{"id":66865,"date":"2024-11-04T08:43:53","date_gmt":"2024-11-04T13:43:53","guid":{"rendered":"https:\/\/www.radial.com\/?page_id=66865"},"modified":"2024-11-04T08:43:56","modified_gmt":"2024-11-04T13:43:56","slug":"warschau","status":"publish","type":"page","link":"https:\/\/www.radial.com\/de\/warschau","title":{"rendered":"Warschau"},"content":{"rendered":"\n<div class=\"page-wrapper\">\n\t\n\n<div class=\"landing-page\">\n\t\n\n<div class=\"landing-page-hero-area\" id=\"landing-page-hero-area\">\n\t\n\n\n<div class=\"hero-landing-block\">\n\t<div class=\"hero-landing-block__inner\">\n\t\t<div class=\"hero-landing-block__info\">\n\t\t\t<div class=\"hero-landing-block__info--inner\">\n\t\t\t<h1 class=\"hero-landing-block__title\">Warschau Fulfillment Zentrum<\/h1>\n                            <h2 class=\"hero-landing-block__subtitle\">Polen<\/h2>\n            \t\t\t\t\t\t\t\t\t\t<a class=\"hero-landing-block__cta button-primary light\" href=\"https:\/\/www.google.com\/maps\/place\/Radial+Poland\/@52.1735029,20.7376715,17z\/data=!3m1!4b1!4m6!3m5!1s0x47193551af47581b:0xe66529d8035f2bfa!8m2!3d52.1734996!4d20.7402464!16s%2Fg%2F11hc32fwnr?entry=tts\" target=\"_self\">auf Google Maps finden<\/a>\t\t\t\t\t\t<\/div>\n\t\t<\/div>\n\t\t<div class=\"hero-landing-block__image\">\n\t\t\t<picture>\r\n<source data-image-size=\"hero_landing_small\" srcset=\"https:\/\/www.radial.com\/wp-content\/uploads\/2024\/03\/19\/locations_warsaw_small-342x228.jpg, https:\/\/www.radial.com\/wp-content\/uploads\/2024\/03\/19\/locations_warsaw_small-684x456.jpg 2x\" media=\"(max-width: 350px)\" type=\"image\/jpeg\">\r\n<source data-image-size=\"hero_landing_medium\" srcset=\"https:\/\/www.radial.com\/wp-content\/uploads\/2024\/03\/19\/locations_warsaw_small-705x470.jpg, https:\/\/www.radial.com\/wp-content\/uploads\/2024\/03\/19\/locations_warsaw_small.jpg 2x\" media=\"(max-width: 715px)\" type=\"image\/jpeg\">\r\n<source data-image-size=\"hero_landing_medium_large\" srcset=\"https:\/\/www.radial.com\/wp-content\/uploads\/2024\/03\/19\/locations_warsaw_small-960x640.jpg\" media=\"(max-width: 1023px)\" type=\"image\/jpeg\">\r\n<source data-image-size=\"hero_landing_large\" srcset=\"https:\/\/www.radial.com\/wp-content\/uploads\/2024\/11\/locations_warsaw-aspect-ratio-22-25-704x800.jpg, https:\/\/www.radial.com\/wp-content\/uploads\/2024\/11\/locations_warsaw-aspect-ratio-22-25-1408x1600.jpg 2x\" media=\"(max-width: 1440px)\" type=\"image\/jpeg\">\r\n<source data-image-size=\"hero_landing_huge\" srcset=\"https:\/\/www.radial.com\/wp-content\/uploads\/2024\/11\/locations_warsaw-aspect-ratio-22-25-946x1075.jpg, https:\/\/www.radial.com\/wp-content\/uploads\/2024\/11\/locations_warsaw-aspect-ratio-22-25.jpg 2x\" type=\"image\/jpeg\">\r\n<img decoding=\"async\" alt=\"\" src=\"https:\/\/www.radial.com\/wp-content\/uploads\/2024\/11\/locations_warsaw-aspect-ratio-22-25-704x800.jpg\">\r\n<\/picture>\t\t<\/div>\n\t<\/div>\n<\/div>\n\n<\/div>\n\n\n<div class=\"landing-page-block-area\">\n\t\n<div class=\"core-paragraph-block\">\n<p>Das Fulfillment-Zentrum von Radial in Polen befindet sich in <a href=\"https:\/\/maps.app.goo.gl\/UFHUb37xCFHjrNqd9\">Brwin\u00f3w, nahe Warschau<\/a>, in einem der gr\u00f6\u00dften Logistikparks Zentralpolens und in unmittelbarer N\u00e4he zum Flughafen, wichtigen Autobahnen und den meisten Kurierunternehmen.<\/p>\n<\/div>\n\n<div class=\"core-paragraph-block\">\n<p>Diese erstklassige Lage gew\u00e4hrleistet hervorragenden Zugang zu anderen Regionen im Inland und zu M\u00e4rkten in ganz Europa. Die moderne Anlage wurde speziell errichtet und ausgestattet, um den Anforderungen von Ecommerce-Unternehmen an die Auftragsabwicklung gerecht zu werden.<\/p>\n<\/div>\n\n\n\n<div class=\"image\">\n\t\t\t<picture>\r\n<source data-image-size=\"image_block_small\" srcset=\"https:\/\/www.radial.com\/wp-content\/uploads\/2024\/11\/BM_8767_co_pm_r-aspect-ratio-47-30-564x360.jpg, https:\/\/www.radial.com\/wp-content\/uploads\/2024\/11\/BM_8767_co_pm_r-aspect-ratio-47-30-1128x720.jpg 2x\" media=\"(max-width: 600px)\" type=\"image\/jpeg\">\r\n<source data-image-size=\"image_block_large\" srcset=\"https:\/\/www.radial.com\/wp-content\/uploads\/2024\/11\/BM_8767_co_pm_r-aspect-ratio-47-30-940x600.jpg, https:\/\/www.radial.com\/wp-content\/uploads\/2024\/11\/BM_8767_co_pm_r-aspect-ratio-47-30-1880x1200.jpg 2x\" type=\"image\/jpeg\">\r\n<img decoding=\"async\" alt=\"\" src=\"https:\/\/www.radial.com\/wp-content\/uploads\/2024\/11\/BM_8767_co_pm_r-aspect-ratio-47-30-940x600.jpg\">\r\n<\/picture>\t\t\t<\/div>\n\n\n\n<div class=\"image\">\n\t\t\t<picture>\r\n<source data-image-size=\"image_block_small\" srcset=\"https:\/\/www.radial.com\/wp-content\/uploads\/2024\/11\/BM_8764-Pano-aspect-ratio-47-30-564x360.jpg, https:\/\/www.radial.com\/wp-content\/uploads\/2024\/11\/BM_8764-Pano-aspect-ratio-47-30-1128x720.jpg 2x\" media=\"(max-width: 600px)\" type=\"image\/jpeg\">\r\n<source data-image-size=\"image_block_large\" srcset=\"https:\/\/www.radial.com\/wp-content\/uploads\/2024\/11\/BM_8764-Pano-aspect-ratio-47-30-940x600.jpg, https:\/\/www.radial.com\/wp-content\/uploads\/2024\/11\/BM_8764-Pano-aspect-ratio-47-30-1880x1200.jpg 2x\" type=\"image\/jpeg\">\r\n<img decoding=\"async\" alt=\"\" src=\"https:\/\/www.radial.com\/wp-content\/uploads\/2024\/11\/BM_8764-Pano-aspect-ratio-47-30-940x600.jpg\">\r\n<\/picture>\t\t\t<\/div>\n\n\n\n<div class=\"statistics statistics__4\">\n    <span class=\"statistics__elipse-right\">\n    <\/span>\n    <div class=\"statistics--inner\">\n        <div class=\"statistics__info animate\">\n\t\t                    <h2 class=\"statistics__title\">\n\t\t\t\t    Hauptmerkmale                <\/h2>\n\t\t    \t\t            <\/div>\n\t                <ul class=\"statistics__content statistics__content__4 animate\">\n\t\t\t                        <li class=\"statistics__element\">\n\t\t\t\t\t                            <div class=\"statistics__number\">\n\t\t\t\t\t\t                            <\/div>\n\n\t\t\t\t\t                                <div class=\"statistics__number-text\">\n\t\t\t\t\t\t\t    17 000 m\u00b2                            <\/div>\n\t\t\t\t\t                        <\/li>\n\t\t\t                        <li class=\"statistics__element\">\n\t\t\t\t\t                            <div class=\"statistics__number\">\n\t\t\t\t\t\t                            <\/div>\n\n\t\t\t\t\t                                <div class=\"statistics__number-text\">\n\t\t\t\t\t\t\t    200 Frachtf\u00fchrer                            <\/div>\n\t\t\t\t\t                        <\/li>\n\t\t\t                        <li class=\"statistics__element\">\n\t\t\t\t\t                            <div class=\"statistics__number\">\n\t\t\t\t\t\t                            <\/div>\n\n\t\t\t\t\t                                <div class=\"statistics__number-text\">\n\t\t\t\t\t\t\t    350 Dienstleistungsoptionen                            <\/div>\n\t\t\t\t\t                        <\/li>\n\t\t\t                        <li class=\"statistics__element\">\n\t\t\t\t\t                            <div class=\"statistics__number\">\n\t\t\t\t\t\t                            <\/div>\n\n\t\t\t\t\t                                <div class=\"statistics__number-text\">\n\t\t\t\t\t\t\t    19:00 Uhr Annahmeschluss                            <\/div>\n\t\t\t\t\t                        <\/li>\n\t\t\t                <\/ul>\n\t        <\/div>\n    <span class=\"statistics__elipse-left\">\n    <\/span>\n<\/div>\n\n\n<div class=\"switchback-block left\">\n\t\t\t\t\t\t\t\t\t            <div class=\"switchback-block__outer light\">\n                <div class=\"switchback-block__inner\">\n                    <div class=\"switchback-block__left animate\">\n\t\t\t\t\t\t\t\t\t\t\t\t\t<picture>\r\n<source data-image-size=\"switchback_small\" srcset=\"https:\/\/www.radial.com\/wp-content\/uploads\/2024\/11\/BM_6759_com_r-aspect-ratio-1-1-350x350.jpg, https:\/\/www.radial.com\/wp-content\/uploads\/2024\/11\/BM_6759_com_r-aspect-ratio-1-1-700x700.jpg 2x\" media=\"(max-width: 1280px)\" type=\"image\/jpeg\">\r\n<source data-image-size=\"switchback_large\" srcset=\"https:\/\/www.radial.com\/wp-content\/uploads\/2024\/11\/BM_6759_com_r-aspect-ratio-1-1-518x518.jpg, https:\/\/www.radial.com\/wp-content\/uploads\/2024\/11\/BM_6759_com_r-aspect-ratio-1-1-1036x1036.jpg 2x\" type=\"image\/jpeg\">\r\n<img decoding=\"async\" alt=\"\" src=\"https:\/\/www.radial.com\/wp-content\/uploads\/2024\/11\/BM_6759_com_r-aspect-ratio-1-1-518x518.jpg\" loading=\"lazy\">\r\n<\/picture>\t\t\t\t\t\t                    <\/div>\n\n                    <div class=\"switchback-block__right animate\">\n\t\t\t\t\t\t                            <label class=\"switchback-block__eyebrow\">Automatisch+Manuell <\/label>\n\t\t\t\t\t\t\t\t\t\t\t\t                            <h2 class=\"switchback-block__title\">17 000 m\u00b2<\/h2>\n\t\t\t\t\t\t\t\t\t\t\t\t\t\t\t\t\t\t                            <div class=\"switchback-block__summary paragraph-block\"><p>Mit einer Fl\u00e4che von etwa 17.000 Quadratmetern ist das Lager in automatisierte und manuelle Bereiche unterteilt.<\/p>\n<\/div>\n\t\t\t\t\t\t\n\t\t\t\t\t\t                            <div class=\"switchback-block__cta-container\">\n\t\t\t\t\t\t\t\t\t\t\t\t\t\t\t\t\t\t\t\t\t\t\t\t\t\t\t<a class=\"switchback-block__cta button-primary dark-b\" href=\"https:\/\/www.radial.com\/eur\/ecommerce-fufillment-site-in-poland-video-tour\" target=\"_self\">Sehen<\/a>\t\t\t\t\t\t\t\t\t\t\t\t\t\t\t\t\t                            <\/div>\n\t\t\t\t\t\t                    <\/div>\n                <\/div>\n            <\/div>\n\t\t\t<\/div>\n\n\n<div class=\"switchback-block right\">\n\t\t\t\t\t\t\t\t\t            <div class=\"switchback-block__outer dark\">\n                <div class=\"switchback-block__inner\">\n                    <div class=\"switchback-block__left animate\">\n\t\t\t\t\t\t\t\t\t\t\t\t\t<picture>\r\n<source data-image-size=\"switchback_small\" srcset=\"https:\/\/www.radial.com\/wp-content\/uploads\/2024\/11\/BM_6557_co_r-aspect-ratio-1-1-350x350.jpg, https:\/\/www.radial.com\/wp-content\/uploads\/2024\/11\/BM_6557_co_r-aspect-ratio-1-1-700x700.jpg 2x\" media=\"(max-width: 1280px)\" type=\"image\/jpeg\">\r\n<source data-image-size=\"switchback_large\" srcset=\"https:\/\/www.radial.com\/wp-content\/uploads\/2024\/11\/BM_6557_co_r-aspect-ratio-1-1-518x518.jpg, https:\/\/www.radial.com\/wp-content\/uploads\/2024\/11\/BM_6557_co_r-aspect-ratio-1-1-1036x1036.jpg 2x\" type=\"image\/jpeg\">\r\n<img decoding=\"async\" alt=\"\" src=\"https:\/\/www.radial.com\/wp-content\/uploads\/2024\/11\/BM_6557_co_r-aspect-ratio-1-1-518x518.jpg\" loading=\"lazy\">\r\n<\/picture>\t\t\t\t\t\t                    <\/div>\n\n                    <div class=\"switchback-block__right animate\">\n\t\t\t\t\t\t                            <label class=\"switchback-block__eyebrow\">Knapp-Automatisierung <\/label>\n\t\t\t\t\t\t\t\t\t\t\t\t                            <h2 class=\"switchback-block__title\">A-Frame<\/h2>\n\t\t\t\t\t\t\t\t\t\t\t\t\t\t\t\t\t\t                            <div class=\"switchback-block__summary paragraph-block\"><p>Der automatisierte Bereich ist mit einem A-Frame-System, Pick-to-Light-Technologie, Sortierern und F\u00f6rderb\u00e4ndern von Knapp ausgestattet, was eine Verdopplung des Versands von Bestellungen am selben Tag erm\u00f6glicht.<\/p>\n<\/div>\n\t\t\t\t\t\t\n\t\t\t\t\t\t                    <\/div>\n                <\/div>\n            <\/div>\n\t\t\t<\/div>\n\n\n<div class=\"switchback-block left\">\n\t\t\t\t\t\t\t\t\t            <div class=\"switchback-block__outer light\">\n                <div class=\"switchback-block__inner\">\n                    <div class=\"switchback-block__left animate\">\n\t\t\t\t\t\t\t\t\t\t\t\t\t<picture>\r\n<source data-image-size=\"switchback_small\" srcset=\"https:\/\/www.radial.com\/wp-content\/uploads\/2024\/11\/BM_6452_co_r-aspect-ratio-1-1-350x350.jpg, https:\/\/www.radial.com\/wp-content\/uploads\/2024\/11\/BM_6452_co_r-aspect-ratio-1-1-700x700.jpg 2x\" media=\"(max-width: 1280px)\" type=\"image\/jpeg\">\r\n<source data-image-size=\"switchback_large\" srcset=\"https:\/\/www.radial.com\/wp-content\/uploads\/2024\/11\/BM_6452_co_r-aspect-ratio-1-1-518x518.jpg, https:\/\/www.radial.com\/wp-content\/uploads\/2024\/11\/BM_6452_co_r-aspect-ratio-1-1-1036x1036.jpg 2x\" type=\"image\/jpeg\">\r\n<img decoding=\"async\" alt=\"\" src=\"https:\/\/www.radial.com\/wp-content\/uploads\/2024\/11\/BM_6452_co_r-aspect-ratio-1-1-518x518.jpg\" loading=\"lazy\">\r\n<\/picture>\t\t\t\t\t\t                    <\/div>\n\n                    <div class=\"switchback-block__right animate\">\n\t\t\t\t\t\t                            <label class=\"switchback-block__eyebrow\">Lagerprozesse<\/label>\n\t\t\t\t\t\t\t\t\t\t\t\t                            <h2 class=\"switchback-block__title\">Auftragsmanagement<\/h2>\n\t\t\t\t\t\t\t\t\t\t\t\t\t\t\t\t\t\t                            <div class=\"switchback-block__summary paragraph-block\"><p>Das neueste Lagerverwaltungssystem (WMS) und das Transportverwaltungssystem (TMS), einschlie\u00dflich des renommierten Manhattan, dem weltweit besten System zur Verwaltung von Lagerprozessen, werden f\u00fcr den Kundenservice, die Liefer\u00fcberwachung, die Bestandsverwaltung und die Sendungsverfolgung eingesetzt.<\/p>\n<p>Das Lager ist so ausgestattet, dass Zehntausende von Bestellungen pro Tag bearbeitet werden k\u00f6nnen.<\/p>\n<\/div>\n\t\t\t\t\t\t\n\t\t\t\t\t\t                    <\/div>\n                <\/div>\n            <\/div>\n\t\t\t<\/div>\n\n\n<div class=\"switchback-block right\">\n\t\t\t\t\t\t\t\t\t            <div class=\"switchback-block__outer dark\">\n                <div class=\"switchback-block__inner\">\n                    <div class=\"switchback-block__left animate\">\n\t\t\t\t\t\t\t\t\t\t\t\t\t<picture>\r\n<source data-image-size=\"switchback_small\" srcset=\"https:\/\/www.radial.com\/wp-content\/uploads\/2024\/11\/warsaw_BM_7003_co-aspect-ratio-1-1-350x350.jpg, https:\/\/www.radial.com\/wp-content\/uploads\/2024\/11\/warsaw_BM_7003_co-aspect-ratio-1-1-700x700.jpg 2x\" media=\"(max-width: 1280px)\" type=\"image\/jpeg\">\r\n<source data-image-size=\"switchback_large\" srcset=\"https:\/\/www.radial.com\/wp-content\/uploads\/2024\/11\/warsaw_BM_7003_co-aspect-ratio-1-1-518x518.jpg, https:\/\/www.radial.com\/wp-content\/uploads\/2024\/11\/warsaw_BM_7003_co-aspect-ratio-1-1-1036x1036.jpg 2x\" type=\"image\/jpeg\">\r\n<img decoding=\"async\" alt=\"\" src=\"https:\/\/www.radial.com\/wp-content\/uploads\/2024\/11\/warsaw_BM_7003_co-aspect-ratio-1-1-518x518.jpg\" loading=\"lazy\">\r\n<\/picture>\t\t\t\t\t\t                    <\/div>\n\n                    <div class=\"switchback-block__right animate\">\n\t\t\t\t\t\t                            <label class=\"switchback-block__eyebrow\">Regalsysteme<\/label>\n\t\t\t\t\t\t\t\t\t\t\t\t                            <h2 class=\"switchback-block__title\">Infrastruktur<\/h2>\n\t\t\t\t\t\t\t\t\t\t\t\t\t\t\t\t\t\t                            <div class=\"switchback-block__summary paragraph-block\"><p>Die Infrastruktur umfasst ein Regalsystem, das speziell f\u00fcr Ecommerce-Kunden konzipiert wurde, mit einer Betriebs-H\u00f6he von 10 Metern. Es verf\u00fcgt \u00fcber Entlade-Rampen, Null-Rampen und Kombi-Rampen, die das Entladen verschiedener Fahrzeugtypen erm\u00f6glichen, darunter Anh\u00e4nger, Container und Lieferwagen.<\/p>\n<\/div>\n\t\t\t\t\t\t\n\t\t\t\t\t\t                    <\/div>\n                <\/div>\n            <\/div>\n\t\t\t<\/div>\n\n\n<div class=\"switchback-block left\">\n\t\t\t\t\t\t\t\t\t            <div class=\"switchback-block__outer light\">\n                <div class=\"switchback-block__inner\">\n                    <div class=\"switchback-block__left animate\">\n\t\t\t\t\t\t\t\t\t\t\t\t\t<picture>\r\n<source data-image-size=\"switchback_small\" srcset=\"https:\/\/www.radial.com\/wp-content\/uploads\/2024\/11\/locations_halle_de-aspect-ratio-1-1-350x350.jpg, https:\/\/www.radial.com\/wp-content\/uploads\/2024\/11\/locations_halle_de-aspect-ratio-1-1-700x700.jpg 2x\" media=\"(max-width: 1280px)\" type=\"image\/jpeg\">\r\n<source data-image-size=\"switchback_large\" srcset=\"https:\/\/www.radial.com\/wp-content\/uploads\/2024\/11\/locations_halle_de-aspect-ratio-1-1-518x518.jpg\" type=\"image\/jpeg\">\r\n<img decoding=\"async\" alt=\"\" src=\"https:\/\/www.radial.com\/wp-content\/uploads\/2024\/11\/locations_halle_de-aspect-ratio-1-1-518x518.jpg\" loading=\"lazy\">\r\n<\/picture>\t\t\t\t\t\t                    <\/div>\n\n                    <div class=\"switchback-block__right animate\">\n\t\t\t\t\t\t                            <label class=\"switchback-block__eyebrow\">Neueste Entwicklungen<\/label>\n\t\t\t\t\t\t\t\t\t\t\t\t                            <h2 class=\"switchback-block__title\">Nachhaltigkeit<\/h2>\n\t\t\t\t\t\t\t\t\t\t\t\t\t\t\t\t\t\t                            <div class=\"switchback-block__summary paragraph-block\"><p>Nachhaltigkeit ist ein wichtiger Aspekt der Fulfillment-Operationen von Radial Polen. Es werden energieeffiziente Beleuchtungssysteme und intelligente Heizsysteme eingesetzt, um Emissionen zu kontrollieren und die Temperatur zu regulieren. Abfalltrennung und elektronische Abfalldokumentationen werden praktiziert. Das Lager verf\u00fcgt \u00fcber die Zertifizierungen Breeam In-Use und FSC CoC. Zudem ist es darauf ausgelegt, umweltfreundliche Produkte zu handhaben.<\/p>\n<\/div>\n\t\t\t\t\t\t\n\t\t\t\t\t\t                    <\/div>\n                <\/div>\n            <\/div>\n\t\t\t<\/div>\n\n\n<div class=\"switchback-block right\">\n\t\t\t\t\t\t\t\t\t            <div class=\"switchback-block__outer dark\">\n                <div class=\"switchback-block__inner\">\n                    <div class=\"switchback-block__left animate\">\n\t\t\t\t\t\t\t\t\t\t\t\t\t<picture>\r\n<source data-image-size=\"switchback_small\" srcset=\"https:\/\/www.radial.com\/wp-content\/uploads\/2024\/11\/warsaw01-aspect-ratio-1-1-350x350.jpg\" media=\"(max-width: 1280px)\" type=\"image\/jpeg\">\r\n<source data-image-size=\"switchback_large\" srcset=\"https:\/\/www.radial.com\/wp-content\/uploads\/2024\/11\/warsaw01-aspect-ratio-1-1-518x518.jpg\" type=\"image\/jpeg\">\r\n<img decoding=\"async\" alt=\"\" src=\"https:\/\/www.radial.com\/wp-content\/uploads\/2024\/11\/warsaw01-aspect-ratio-1-1-518x518.jpg\" loading=\"lazy\">\r\n<\/picture>\t\t\t\t\t\t                    <\/div>\n\n                    <div class=\"switchback-block__right animate\">\n\t\t\t\t\t\t                            <label class=\"switchback-block__eyebrow\">Spezialisiertes Team<\/label>\n\t\t\t\t\t\t\t\t\t\t\t\t                            <h2 class=\"switchback-block__title\">Menschen<\/h2>\n\t\t\t\t\t\t\t\t\t\t\t\t\t\t\t\t\t\t                            <div class=\"switchback-block__summary paragraph-block\"><div class=\"flex max-w-full flex-col flex-grow\">\n<div class=\"min-h-8 text-message flex w-full flex-col items-end gap-2 whitespace-normal break-words [.text-message+&amp;]:mt-5\" dir=\"auto\" data-message-author-role=\"assistant\" data-message-id=\"fcaf1eca-11fc-4dbb-bf63-54a043e19bf5\" data-message-model-slug=\"gpt-4o-mini\">\n<div class=\"flex w-full flex-col gap-1 empty:hidden first:pt-[3px]\">\n<div class=\"markdown prose w-full break-words dark:prose-invert dark\">\n<p>Das Lager besch\u00e4ftigt durchschnittlich 50 bis 80 Mitarbeiter in einer Schicht, w\u00e4hrend der saisonalen Verkaufsspitzen steigt diese Zahl auf etwa 100. Das Team wird von qualifizierten Managern und Kundendienstspezialisten unterst\u00fctzt. Mit der Implementierung von Automatisierung und modernen Lagerverwaltungssystemen stellt das Unternehmen weitere Ingenieure und Fachkr\u00e4fte ein, um den h\u00f6chsten Servicelevel f\u00fcr die Kunden sicherzustellen.<\/p>\n<\/div>\n<\/div>\n<\/div>\n<\/div>\n<div class=\"mb-2 flex gap-3 empty:hidden -ml-2\">\n<div class=\"items-center justify-start rounded-xl p-1 flex\">\n<div class=\"flex items-center\"><\/div>\n<\/div>\n<\/div>\n<\/div>\n\t\t\t\t\t\t\n\t\t\t\t\t\t                    <\/div>\n                <\/div>\n            <\/div>\n\t\t\t<\/div>\n\n<div class=\"core-paragraph-block\">\n<p>Das Lager ist w\u00e4hrend der kundenorientierten Betriebszeiten von Montag bis Freitag ge\u00f6ffnet. Derzeit gibt es zwei Schichten: von 6:00 Uhr bis 14:00 Uhr und von 14:00 Uhr bis 22:00 Uhr. Die Abholung und der Versand von Paketen erfolgen zwischen 7:00 Uhr und 21:00 Uhr.<\/p>\n<\/div>\n\n\n\n<div class=\"image\">\n\t\t\t<picture>\r\n<source data-image-size=\"image_block_small\" srcset=\"https:\/\/www.radial.com\/wp-content\/uploads\/2024\/11\/warsaw_google_location-aspect-ratio-47-30-564x360.jpg, https:\/\/www.radial.com\/wp-content\/uploads\/2024\/11\/warsaw_google_location-aspect-ratio-47-30.jpg 2x\" media=\"(max-width: 600px)\" type=\"image\/jpeg\">\r\n<source data-image-size=\"image_block_large\" srcset=\"https:\/\/www.radial.com\/wp-content\/uploads\/2024\/11\/warsaw_google_location-aspect-ratio-47-30-940x600.jpg\" type=\"image\/jpeg\">\r\n<img decoding=\"async\" alt=\"\" src=\"https:\/\/www.radial.com\/wp-content\/uploads\/2024\/11\/warsaw_google_location-aspect-ratio-47-30-940x600.jpg\">\r\n<\/picture>\t\t\t<\/div>\n\n<div class=\"core-paragraph-block\">\n<p><a href=\"https:\/\/www.google.com\/maps\/place\/Radial+Poland\/@52.1966893,20.7295767,11.01z\/data=!4m6!3m5!1s0x47193551af47581b:0xe66529d8035f2bfa!8m2!3d52.1734996!4d20.7402464!16s%2Fg%2F11hc32fwnr?entry=ttu\">Radial Poland<br>Moszna Parcela 29<br>Budynek C3<br>05-840 Brwin\u00f3w<\/a><\/p>\n<\/div>\n\n<div class=\"core-paragraph-block\">\n<p><strong>Setzen Sie sich mit uns in Verbindung<\/strong>, wir werden Ihnen alle Informationen zur Verf\u00fcgung stellen, die Sie ben\u00f6tigen, um Ihr Unternehmen auszubauen.<\/p>\n<\/div>\n\n\n<\/div>\n<\/div>\n<\/div>","protected":false},"excerpt":{"rendered":"","protected":false},"author":2,"featured_media":0,"parent":0,"menu_order":0,"comment_status":"closed","ping_status":"closed","template":"","meta":{"_acf_changed":false,"inline_featured_image":false,"footnotes":""},"class_list":["post-66865","page","type-page","status-publish","hentry"],"acf":[],"_links":{"self":[{"href":"https:\/\/www.radial.com\/de\/wp-json\/wp\/v2\/pages\/66865","targetHints":{"allow":["GET"]}}],"collection":[{"href":"https:\/\/www.radial.com\/de\/wp-json\/wp\/v2\/pages"}],"about":[{"href":"https:\/\/www.radial.com\/de\/wp-json\/wp\/v2\/types\/page"}],"author":[{"embeddable":true,"href":"https:\/\/www.radial.com\/de\/wp-json\/wp\/v2\/users\/2"}],"replies":[{"embeddable":true,"href":"https:\/\/www.radial.com\/de\/wp-json\/wp\/v2\/comments?post=66865"}],"version-history":[{"count":3,"href":"https:\/\/www.radial.com\/de\/wp-json\/wp\/v2\/pages\/66865\/revisions"}],"predecessor-version":[{"id":66908,"href":"https:\/\/www.radial.com\/de\/wp-json\/wp\/v2\/pages\/66865\/revisions\/66908"}],"wp:attachment":[{"href":"https:\/\/www.radial.com\/de\/wp-json\/wp\/v2\/media?parent=66865"}],"curies":[{"name":"wp","href":"https:\/\/api.w.org\/{rel}","templated":true}]}}