{"id":66842,"date":"2024-11-04T11:02:26","date_gmt":"2024-11-04T16:02:26","guid":{"rendered":"https:\/\/www.radial.com\/?page_id=66842"},"modified":"2024-11-04T11:02:28","modified_gmt":"2024-11-04T16:02:28","slug":"mailand","status":"publish","type":"page","link":"https:\/\/www.radial.com\/de\/mailand","title":{"rendered":"Mailand"},"content":{"rendered":"\n<div class=\"page-wrapper\">\n\t\n\n<div class=\"landing-page\">\n\t\n\n<div class=\"landing-page-hero-area\" id=\"landing-page-hero-area\">\n\t\n\n\n<div class=\"hero-landing-block\">\n\t<div class=\"hero-landing-block__inner\">\n\t\t<div class=\"hero-landing-block__info\">\n\t\t\t<div class=\"hero-landing-block__info--inner\">\n\t\t\t<h1 class=\"hero-landing-block__title\">Mailand Fulfillment Zentrum<\/h1>\n                            <h2 class=\"hero-landing-block__subtitle\">Italien<\/h2>\n            \t\t\t\t\t\t\t\t\t\t<a class=\"hero-landing-block__cta button-primary light\" href=\"https:\/\/www.google.com\/maps\/place\/Radial+Italy\/@45.4433185,9.0411569,17z\/data=!3m1!4b1!4m6!3m5!1s0x4786e98f4368cd3d:0x21558e670e29d952!8m2!3d45.4433185!4d9.0437318!16s%2Fg%2F11j0chzqjw?entry=tts\" target=\"_self\">auf Google Maps finden<\/a>\t\t\t\t\t\t<\/div>\n\t\t<\/div>\n\t\t<div class=\"hero-landing-block__image\">\n\t\t\t<picture>\r\n<source data-image-size=\"hero_landing_small\" srcset=\"https:\/\/www.radial.com\/wp-content\/uploads\/2024\/03\/29\/locations_milan_small-1-342x228.jpg, https:\/\/www.radial.com\/wp-content\/uploads\/2024\/03\/29\/locations_milan_small-1-684x456.jpg 2x\" media=\"(max-width: 350px)\" type=\"image\/jpeg\">\r\n<source data-image-size=\"hero_landing_medium\" srcset=\"https:\/\/www.radial.com\/wp-content\/uploads\/2024\/03\/29\/locations_milan_small-1-705x470.jpg, https:\/\/www.radial.com\/wp-content\/uploads\/2024\/03\/29\/locations_milan_small-1.jpg 2x\" media=\"(max-width: 715px)\" type=\"image\/jpeg\">\r\n<source data-image-size=\"hero_landing_medium_large\" srcset=\"https:\/\/www.radial.com\/wp-content\/uploads\/2024\/03\/29\/locations_milan_small-1-960x640.jpg\" media=\"(max-width: 1023px)\" type=\"image\/jpeg\">\r\n<source data-image-size=\"hero_landing_large\" srcset=\"https:\/\/www.radial.com\/wp-content\/uploads\/2024\/11\/locations_milan-aspect-ratio-22-25-704x800.jpg, https:\/\/www.radial.com\/wp-content\/uploads\/2024\/11\/locations_milan-aspect-ratio-22-25-1408x1600.jpg 2x\" media=\"(max-width: 1440px)\" type=\"image\/jpeg\">\r\n<source data-image-size=\"hero_landing_huge\" srcset=\"https:\/\/www.radial.com\/wp-content\/uploads\/2024\/11\/locations_milan-aspect-ratio-22-25-946x1075.jpg, https:\/\/www.radial.com\/wp-content\/uploads\/2024\/11\/locations_milan-aspect-ratio-22-25.jpg 2x\" type=\"image\/jpeg\">\r\n<img decoding=\"async\" alt=\"\" src=\"https:\/\/www.radial.com\/wp-content\/uploads\/2024\/11\/locations_milan-aspect-ratio-22-25-704x800.jpg\">\r\n<\/picture>\t\t<\/div>\n\t<\/div>\n<\/div>\n\n<\/div>\n\n\n<div class=\"landing-page-block-area\">\n\t\n<div class=\"core-paragraph-block\">\n<p>Ideal in der N\u00e4he von Mailand gelegen, bietet das Fulfillment-Zentrum von Radial Europa einen strategischen Vorteil f\u00fcr Ihr Ecommerce-Gesch\u00e4ft. Dieser erstklassige Standort kombiniert optimale Faktoren, um Ihre Abl\u00e4ufe zu optimieren und Lieferungen zu beschleunigen.<\/p>\n<\/div>\n\n\n\n<div class=\"statistics statistics__4\">\n    <span class=\"statistics__elipse-right\">\n    <\/span>\n    <div class=\"statistics--inner\">\n        <div class=\"statistics__info animate\">\n\t\t                    <h2 class=\"statistics__title\">\n\t\t\t\t    Hauptmerkmale                <\/h2>\n\t\t    \t\t            <\/div>\n\t                <ul class=\"statistics__content statistics__content__4 animate\">\n\t\t\t                        <li class=\"statistics__element\">\n\t\t\t\t\t                            <div class=\"statistics__number\">\n\t\t\t\t\t\t                            <\/div>\n\n\t\t\t\t\t                                <div class=\"statistics__number-text\">\n\t\t\t\t\t\t\t    Schwerpunkt auf die Branchen Gesundheit und Kosmetik                            <\/div>\n\t\t\t\t\t                        <\/li>\n\t\t\t                        <li class=\"statistics__element\">\n\t\t\t\t\t                            <div class=\"statistics__number\">\n\t\t\t\t\t\t                            <\/div>\n\n\t\t\t\t\t                                <div class=\"statistics__number-text\">\n\t\t\t\t\t\t\t    Schnittstelle zu Europa und der Schweiz                            <\/div>\n\t\t\t\t\t                        <\/li>\n\t\t\t                        <li class=\"statistics__element\">\n\t\t\t\t\t                            <div class=\"statistics__number\">\n\t\t\t\t\t\t                            <\/div>\n\n\t\t\t\t\t                                <div class=\"statistics__number-text\">\n\t\t\t\t\t\t\t    Flexible Arbeitskr\u00e4fte                            <\/div>\n\t\t\t\t\t                        <\/li>\n\t\t\t                        <li class=\"statistics__element\">\n\t\t\t\t\t                            <div class=\"statistics__number\">\n\t\t\t\t\t\t                            <\/div>\n\n\t\t\t\t\t                                <div class=\"statistics__number-text\">\n\t\t\t\t\t\t\t    N\u00e4he zu Modezentren                            <\/div>\n\t\t\t\t\t                        <\/li>\n\t\t\t                <\/ul>\n\t        <\/div>\n    <span class=\"statistics__elipse-left\">\n    <\/span>\n<\/div>\n\n<div class=\"core-paragraph-block\">\n<p>Durch die Partnerschaft mit Radial Europa in Mailand profitieren Sie von einem Standort, der die N\u00e4he zur Modebranche mit einer effizienten Fulfillment-Infrastruktur perfekt vereint. Erleben Sie die Vorteile schneller Lieferungen, flexibler Auftragsabwicklung und einer strategischen Position im Zentrum des italienischen Ecommerce.<\/p>\n<\/div>\n\n\n<div class=\"switchback-block left\">\n\t\t\t\t\t\t\t\t\t            <div class=\"switchback-block__outer light\">\n                <div class=\"switchback-block__inner\">\n                    <div class=\"switchback-block__left animate\">\n\t\t\t\t\t\t\t\t\t\t\t\t\t<picture>\r\n<source data-image-size=\"switchback_small\" srcset=\"https:\/\/www.radial.com\/wp-content\/uploads\/2024\/11\/doterra-case-study-1-aspect-ratio-1-1-350x350.jpg, https:\/\/www.radial.com\/wp-content\/uploads\/2024\/11\/doterra-case-study-1-aspect-ratio-1-1-700x700.jpg 2x\" media=\"(max-width: 1280px)\" type=\"image\/jpeg\">\r\n<source data-image-size=\"switchback_large\" srcset=\"https:\/\/www.radial.com\/wp-content\/uploads\/2024\/11\/doterra-case-study-1-aspect-ratio-1-1-518x518.jpg, https:\/\/www.radial.com\/wp-content\/uploads\/2024\/11\/doterra-case-study-1-aspect-ratio-1-1-1036x1036.jpg 2x\" type=\"image\/jpeg\">\r\n<img decoding=\"async\" alt=\"\" src=\"https:\/\/www.radial.com\/wp-content\/uploads\/2024\/11\/doterra-case-study-1-aspect-ratio-1-1-518x518.jpg\" loading=\"lazy\">\r\n<\/picture>\t\t\t\t\t\t                    <\/div>\n\n                    <div class=\"switchback-block__right animate\">\n\t\t\t\t\t\t                            <label class=\"switchback-block__eyebrow\">Mehrwertdienste<\/label>\n\t\t\t\t\t\t\t\t\t\t\t\t                            <h2 class=\"switchback-block__title\">Gesundheit und Kosmetik<\/h2>\n\t\t\t\t\t\t\t\t\t\t\t\t\t\t\t\t\t\t                            <div class=\"switchback-block__summary paragraph-block\"><div class=\"flex max-w-full flex-col flex-grow\">\n<div class=\"min-h-8 text-message flex w-full flex-col items-end gap-2 whitespace-normal break-words [.text-message+&amp;]:mt-5\" dir=\"auto\" data-message-author-role=\"assistant\" data-message-id=\"7e04c08e-5a0c-4e31-afe3-acee595c69dc\" data-message-model-slug=\"gpt-4o\">\n<div class=\"flex w-full flex-col gap-1 empty:hidden first:pt-[3px]\">\n<div class=\"markdown prose w-full break-words dark:prose-invert dark\">\n<p>Unser Team in Mailand ist speziell geschult, um die besonderen Anforderungen von Gesundheits- und Kosmetikprodukten zu erf\u00fcllen, wobei eine fachgerechte Lagerung, Handhabung und Einhaltung von Vorschriften sichergestellt wird. Gehen Sie \u00fcber einfaches Fulfillment hinaus und nutzen Sie unser umfassendes Serviceangebot: Wir k\u00fcmmern uns um die Zusammenstellung von Geschenksets, um individuelle Verpackungen, die Ihr Markenerlebnis verbessern, und sogar um die Abwicklung von Abonnements, damit Ihre Kunden immer wieder gerne zur\u00fcckkommen.<\/p>\n<\/div>\n<\/div>\n<\/div>\n<\/div>\n<div class=\"mb-2 flex gap-3 empty:hidden -ml-2\">\n<div class=\"items-center justify-start rounded-xl p-1 flex\">\n<div class=\"flex items-center\"><\/div>\n<\/div>\n<\/div>\n<\/div>\n\t\t\t\t\t\t\n\t\t\t\t\t\t                    <\/div>\n                <\/div>\n            <\/div>\n\t\t\t<\/div>\n\n\n<div class=\"switchback-block right\">\n\t\t\t\t\t\t\t\t\t            <div class=\"switchback-block__outer dark\">\n                <div class=\"switchback-block__inner\">\n                    <div class=\"switchback-block__left animate\">\n\t\t\t\t\t\t\t\t\t\t\t\t\t<picture>\r\n<source data-image-size=\"switchback_small\" srcset=\"https:\/\/www.radial.com\/wp-content\/uploads\/2024\/03\/29\/milan_team_switch-350x350.jpg, https:\/\/www.radial.com\/wp-content\/uploads\/2024\/03\/29\/milan_team_switch-700x700.jpg 2x\" media=\"(max-width: 1280px)\" type=\"image\/jpeg\">\r\n<source data-image-size=\"switchback_large\" srcset=\"https:\/\/www.radial.com\/wp-content\/uploads\/2024\/03\/29\/milan_team_switch-518x518.jpg, https:\/\/www.radial.com\/wp-content\/uploads\/2024\/03\/29\/milan_team_switch.jpg 2x\" type=\"image\/jpeg\">\r\n<img decoding=\"async\" alt=\"\" src=\"https:\/\/www.radial.com\/wp-content\/uploads\/2024\/03\/29\/milan_team_switch-518x518.jpg\" loading=\"lazy\">\r\n<\/picture>\t\t\t\t\t\t                    <\/div>\n\n                    <div class=\"switchback-block__right animate\">\n\t\t\t\t\t\t                            <label class=\"switchback-block__eyebrow\">Flexibilit\u00e4t<\/label>\n\t\t\t\t\t\t\t\t\t\t\t\t                            <h2 class=\"switchback-block__title\">Menschen<\/h2>\n\t\t\t\t\t\t\t\t\t\t\t\t\t\t\t\t\t\t                            <div class=\"switchback-block__summary paragraph-block\"><p>Unser Team bietet exzellenten Kundenservice und verf\u00fcgt \u00fcber umfassende Erfahrung im Ecommerce. Es arbeitet unerm\u00fcdlich daran, einen reibungslosen Fulfillment-Prozess zu gew\u00e4hrleisten. Bei saisonalen Nachfragespitzen zeigt sich unser hochproduktives Team \u00e4u\u00dferst flexibel und passt sich an die Spitzenzeiten jeder Branche an, damit Ihr Gesch\u00e4ft m\u00fchelos skalieren und die steigende Kundennachfrage bedienen kann.<\/p>\n<\/div>\n\t\t\t\t\t\t\n\t\t\t\t\t\t                    <\/div>\n                <\/div>\n            <\/div>\n\t\t\t<\/div>\n\n\n<div class=\"switchback-block left\">\n\t\t\t\t\t\t\t\t\t            <div class=\"switchback-block__outer light\">\n                <div class=\"switchback-block__inner\">\n                    <div class=\"switchback-block__left animate\">\n\t\t\t\t\t\t\t\t\t\t\t\t\t<picture>\r\n<source data-image-size=\"switchback_small\" srcset=\"https:\/\/www.radial.com\/wp-content\/uploads\/2024\/03\/29\/milan_location_switch-350x350.jpg, https:\/\/www.radial.com\/wp-content\/uploads\/2024\/03\/29\/milan_location_switch-700x700.jpg 2x\" media=\"(max-width: 1280px)\" type=\"image\/jpeg\">\r\n<source data-image-size=\"switchback_large\" srcset=\"https:\/\/www.radial.com\/wp-content\/uploads\/2024\/03\/29\/milan_location_switch-518x518.jpg, https:\/\/www.radial.com\/wp-content\/uploads\/2024\/03\/29\/milan_location_switch.jpg 2x\" type=\"image\/jpeg\">\r\n<img decoding=\"async\" alt=\"\" src=\"https:\/\/www.radial.com\/wp-content\/uploads\/2024\/03\/29\/milan_location_switch-518x518.jpg\" loading=\"lazy\">\r\n<\/picture>\t\t\t\t\t\t                    <\/div>\n\n                    <div class=\"switchback-block__right animate\">\n\t\t\t\t\t\t                            <label class=\"switchback-block__eyebrow\">Standort<\/label>\n\t\t\t\t\t\t\t\t\t\t\t\t                            <h2 class=\"switchback-block__title\">Das Tor zu Europa<\/h2>\n\t\t\t\t\t\t\t\t\t\t\t\t\t\t\t\t\t\t                            <div class=\"switchback-block__summary paragraph-block\"><p>Nur wenige Kilometer vom Stadtzentrum Mailands entfernt, bietet das Fulfillment-Zentrum von Radial Europe ideale Voraussetzungen, um Ihre Abl\u00e4ufe zu optimieren und Lieferungen zu beschleunigen:<\/p>\n<p><strong>Nahtlose Anbindung<\/strong> \u2013 Mit allen gro\u00dfen Versanddienstleistern im Umkreis von 30-40 km profitieren Sie von reibungslosem Abholservice und schnellen Lieferungen, damit Ihre Produkte rasch bei den Kunden ankommen.<\/p>\n<p><strong>Tor zu S\u00fcdeuropa<\/strong> \u2013 Zwei internationale Flugh\u00e4fen und Autobahnnetze befinden sich in unmittelbarer N\u00e4he. Zudem gew\u00e4hrleisten spezielle Direktverbindungen eine kosteneffiziente Verteilung an Kunden in S\u00fcdeuropa.<\/p>\n<\/div>\n\t\t\t\t\t\t\n\t\t\t\t\t\t                            <div class=\"switchback-block__cta-container\">\n\t\t\t\t\t\t\t\t\t\t\t\t\t\t\t\t\t\t\t\t\t\t\t\t\t\t\t<a class=\"switchback-block__cta button-primary dark-b\" href=\"https:\/\/www.radial.com\/de\/resources\/press-room\/radial-stellt-sein-lager-vor-und-eroertert-die-rolle-von-automatisierung-und-kuenstlicher-intelligenz-bei-der-auftragsabwicklung-im-ecommerce\" target=\"_self\">Finden<\/a>\t\t\t\t\t\t\t\t\t\t\t\t\t\t\t\t\t                            <\/div>\n\t\t\t\t\t\t                    <\/div>\n                <\/div>\n            <\/div>\n\t\t\t<\/div>\n\n\n<div class=\"switchback-block right\">\n\t\t\t\t\t\t\t\t\t            <div class=\"switchback-block__outer dark\">\n                <div class=\"switchback-block__inner\">\n                    <div class=\"switchback-block__left animate\">\n\t\t\t\t\t\t\t\t\t\t\t\t\t<picture>\r\n<source data-image-size=\"switchback_small\" srcset=\"https:\/\/www.radial.com\/wp-content\/uploads\/2024\/03\/29\/milan_laposta_switch-350x350.jpg, https:\/\/www.radial.com\/wp-content\/uploads\/2024\/03\/29\/milan_laposta_switch-700x700.jpg 2x\" media=\"(max-width: 1280px)\" type=\"image\/jpeg\">\r\n<source data-image-size=\"switchback_large\" srcset=\"https:\/\/www.radial.com\/wp-content\/uploads\/2024\/03\/29\/milan_laposta_switch-518x518.jpg, https:\/\/www.radial.com\/wp-content\/uploads\/2024\/03\/29\/milan_laposta_switch.jpg 2x\" type=\"image\/jpeg\">\r\n<img decoding=\"async\" alt=\"\" src=\"https:\/\/www.radial.com\/wp-content\/uploads\/2024\/03\/29\/milan_laposta_switch-518x518.jpg\" loading=\"lazy\">\r\n<\/picture>\t\t\t\t\t\t                    <\/div>\n\n                    <div class=\"switchback-block__right animate\">\n\t\t\t\t\t\t                            <label class=\"switchback-block__eyebrow\">Direktverbindungen<\/label>\n\t\t\t\t\t\t\t\t\t\t\t\t                            <h2 class=\"switchback-block__title\">Schweiz<\/h2>\n\t\t\t\t\t\t\t\t\t\t\t\t\t\t\t\t\t\t                            <div class=\"switchback-block__summary paragraph-block\"><p>F\u00fcr italienische Marken dient das Fulfillment-Zentrum von Radial Europa in Mailand nicht nur als Tor zum italienischen Markt, sondern auch zur lukrativen Ecommerce-Landschaft in der Schweiz. Das macht diesen Standort besonders attraktiv:<\/p>\n<ul>\n<li><strong>Schnelle Lieferung f\u00fcr Schweizer Kunden:<\/strong> Unser Standort in Mailand bietet eine eint\u00e4gige Verbindung in die Schweiz \u00fcber La Posta, sodass Ihre Produkte schnell und effizient bei Ihren Schweizer Kunden ankommen. Dadurch entf\u00e4llt der Bedarf an einem separaten Schweizer Fulfillment-Zentrum, was Zeit und Kosten spart.<\/li>\n<li><strong>Weniger Zollprobleme:<\/strong> Die Abwicklung von grenz\u00fcberschreitenden Sendungen kann komplex sein. Dank der Expertise und bew\u00e4hrten Infrastruktur von Radial Europa k\u00f6nnen Sie den Prozess optimieren und sicherstellen, dass Ihre Produkte den Schweizer Vorschriften entsprechen, was Verz\u00f6gerungen und Komplikationen minimiert.<\/li>\n<li><strong>Verbesserte Kundenerfahrung:<\/strong> Schweizer Kunden erwarten schnelle und zuverl\u00e4ssige Lieferungen. Mit Radial Europa in Mailand k\u00f6nnen Sie Ihren Schweizer Kunden die gleichen herausragenden Lieferzeiten bieten, die sie von inl\u00e4ndischen Anbietern gewohnt sind \u2013 ein wichtiger Faktor f\u00fcr Markentreue und Kundenzufriedenheit.<\/li>\n<\/ul>\n<\/div>\n\t\t\t\t\t\t\n\t\t\t\t\t\t                    <\/div>\n                <\/div>\n            <\/div>\n\t\t\t<\/div>\n\n\n<div class=\"switchback-block left\">\n\t\t\t\t\t\t\t\t\t            <div class=\"switchback-block__outer light\">\n                <div class=\"switchback-block__inner\">\n                    <div class=\"switchback-block__left animate\">\n\t\t\t\t\t\t\t\t\t\t\t\t\t<picture>\r\n<source data-image-size=\"switchback_small\" srcset=\"https:\/\/www.radial.com\/wp-content\/uploads\/2024\/03\/29\/milan_moda_switch-350x350.jpg, https:\/\/www.radial.com\/wp-content\/uploads\/2024\/03\/29\/milan_moda_switch-700x700.jpg 2x\" media=\"(max-width: 1280px)\" type=\"image\/jpeg\">\r\n<source data-image-size=\"switchback_large\" srcset=\"https:\/\/www.radial.com\/wp-content\/uploads\/2024\/03\/29\/milan_moda_switch-518x518.jpg, https:\/\/www.radial.com\/wp-content\/uploads\/2024\/03\/29\/milan_moda_switch.jpg 2x\" type=\"image\/jpeg\">\r\n<img decoding=\"async\" alt=\"\" src=\"https:\/\/www.radial.com\/wp-content\/uploads\/2024\/03\/29\/milan_moda_switch-518x518.jpg\" loading=\"lazy\">\r\n<\/picture>\t\t\t\t\t\t                    <\/div>\n\n                    <div class=\"switchback-block__right animate\">\n\t\t\t\t\t\t                            <label class=\"switchback-block__eyebrow\">Branchenkenntnis<\/label>\n\t\t\t\t\t\t\t\t\t\t\t\t                            <h2 class=\"switchback-block__title\">Kraftwerk der Mode<\/h2>\n\t\t\t\t\t\t\t\t\t\t\t\t\t\t\t\t\t\t                            <div class=\"switchback-block__summary paragraph-block\"><div class=\"flex max-w-full flex-col flex-grow\">\n<div class=\"min-h-8 text-message flex w-full flex-col items-end gap-2 whitespace-normal break-words [.text-message+&amp;]:mt-5\" dir=\"auto\" data-message-author-role=\"assistant\" data-message-id=\"c3af6efd-b266-42ac-9716-36982aee05a4\" data-message-model-slug=\"gpt-4o\">\n<div class=\"flex w-full flex-col gap-1 empty:hidden first:pt-[3px]\">\n<div class=\"markdown prose w-full break-words dark:prose-invert dark\">\n<p>Radial Europa Mailand ist der perfekte Partner f\u00fcr Mode- und Schuhmarken:<\/p>\n<ul>\n<li><strong>Branchenkenntnis:<\/strong> Nahe Mailand gelegen, versteht Radial das schnelle Tempo und die saisonalen Anforderungen der Modeindustrie.<\/li>\n<li><strong>Flexibles Fulfillment:<\/strong> Anpassungsf\u00e4hige Auftragsbearbeitung f\u00fcr Produkteinf\u00fchrungen und Nachfrage-Schwankungen.<\/li>\n<li><strong>Mehrwertdienste:<\/strong> Steigern Sie Ihr Markenerlebnis durch Konfektionierung, Montage und kundenspezifischen Verpackungen.<\/li>\n<\/ul>\n<p>Profitieren Sie von professioneller Handhabung, Unterst\u00fctzung in Spitzenzeiten und einer Infrastruktur, die f\u00fcr den Erfolg im Mode- und Schuh-Ecommerce ausgelegt ist.<\/p>\n<\/div>\n<\/div>\n<\/div>\n<\/div>\n<div class=\"mb-2 flex gap-3 empty:hidden -ml-2\">\n<div class=\"items-center justify-start rounded-xl p-1 flex\">\n<div class=\"flex items-center\"><\/div>\n<\/div>\n<\/div>\n<\/div>\n\t\t\t\t\t\t\n\t\t\t\t\t\t                    <\/div>\n                <\/div>\n            <\/div>\n\t\t\t<\/div>\n\n\n\n<div class=\"image\">\n\t\t\t<picture>\r\n<source data-image-size=\"image_block_small\" srcset=\"https:\/\/www.radial.com\/wp-content\/uploads\/2024\/11\/milan_internal_switch-aspect-ratio-47-30-564x360.jpg\" media=\"(max-width: 600px)\" type=\"image\/jpeg\">\r\n<source data-image-size=\"image_block_large\" srcset=\"https:\/\/www.radial.com\/wp-content\/uploads\/2024\/11\/milan_internal_switch-aspect-ratio-47-30-940x600.jpg\" type=\"image\/jpeg\">\r\n<img decoding=\"async\" alt=\"\" src=\"https:\/\/www.radial.com\/wp-content\/uploads\/2024\/11\/milan_internal_switch-aspect-ratio-47-30-940x600.jpg\">\r\n<\/picture>\t\t\t<\/div>\n\n\n\n<div class=\"image\">\n\t\t\t<picture>\r\n<source data-image-size=\"image_block_small\" srcset=\"https:\/\/www.radial.com\/wp-content\/uploads\/2024\/11\/Milan_warehouse-5-aspect-ratio-47-30-564x360.jpg, https:\/\/www.radial.com\/wp-content\/uploads\/2024\/11\/Milan_warehouse-5-aspect-ratio-47-30-1128x720.jpg 2x\" media=\"(max-width: 600px)\" type=\"image\/jpeg\">\r\n<source data-image-size=\"image_block_large\" srcset=\"https:\/\/www.radial.com\/wp-content\/uploads\/2024\/11\/Milan_warehouse-5-aspect-ratio-47-30-940x600.jpg, https:\/\/www.radial.com\/wp-content\/uploads\/2024\/11\/Milan_warehouse-5-aspect-ratio-47-30-1880x1200.jpg 2x\" type=\"image\/jpeg\">\r\n<img decoding=\"async\" alt=\"\" src=\"https:\/\/www.radial.com\/wp-content\/uploads\/2024\/11\/Milan_warehouse-5-aspect-ratio-47-30-940x600.jpg\">\r\n<\/picture>\t\t\t<\/div>\n\n\n<div class=\"switchback-block right\">\n\t\t\t\t\t\t\t\t\t            <div class=\"switchback-block__outer light\">\n                <div class=\"switchback-block__inner\">\n                    <div class=\"switchback-block__left animate\">\n\t\t\t\t\t\t\t\t\t\t\t\t\t<picture>\r\n<source data-image-size=\"switchback_small\" srcset=\"https:\/\/www.radial.com\/wp-content\/uploads\/2024\/03\/29\/milan_matteo2_switch-350x350.jpg, https:\/\/www.radial.com\/wp-content\/uploads\/2024\/03\/29\/milan_matteo2_switch-700x700.jpg 2x\" media=\"(max-width: 1280px)\" type=\"image\/jpeg\">\r\n<source data-image-size=\"switchback_large\" srcset=\"https:\/\/www.radial.com\/wp-content\/uploads\/2024\/03\/29\/milan_matteo2_switch-518x518.jpg, https:\/\/www.radial.com\/wp-content\/uploads\/2024\/03\/29\/milan_matteo2_switch.jpg 2x\" type=\"image\/jpeg\">\r\n<img decoding=\"async\" alt=\"\" src=\"https:\/\/www.radial.com\/wp-content\/uploads\/2024\/03\/29\/milan_matteo2_switch-518x518.jpg\" loading=\"lazy\">\r\n<\/picture>\t\t\t\t\t\t                    <\/div>\n\n                    <div class=\"switchback-block__right animate\">\n\t\t\t\t\t\t                            <label class=\"switchback-block__eyebrow\">Kontakt<\/label>\n\t\t\t\t\t\t\t\t\t\t\t\t                            <h2 class=\"switchback-block__title\">Kontakt aufnehmen<\/h2>\n\t\t\t\t\t\t\t\t\t\t\t\t\t\t\t\t\t\t                            <div class=\"switchback-block__summary paragraph-block\"><div class=\"switchback-block__summary paragraph-block\">\n<p><a href=\"https:\/\/www.linkedin.com\/in\/petruzzellis\/\"><strong>Matteo Petruzzellis<\/strong><\/a><br \/>\nMarketing &amp; Sales Director<br \/>\n<a href=\"mailto:mpetruzzellis@radial.com\">mpetruzzellis@radial.com<\/a><br \/>\n<a href=\"https:\/\/wa.me\/393450681136\">+393450681136<\/a><\/p>\n<\/div>\n<\/div>\n\t\t\t\t\t\t\n\t\t\t\t\t\t                            <div class=\"switchback-block__cta-container\">\n\t\t\t\t\t\t\t\t\t\t\t\t\t\t\t\t\t\t\t\t\t\t\t\t\t\t\t<a class=\"switchback-block__cta button-primary dark-b\" href=\"https:\/\/www.linkedin.com\/in\/petruzzellis\/\" target=\"_self\">Erreichen Sie uns<\/a>\t\t\t\t\t\t\t\t\t\t\t\t\t\t\t\t\t                            <\/div>\n\t\t\t\t\t\t                    <\/div>\n                <\/div>\n            <\/div>\n\t\t\t<\/div>\n<\/div>\n<\/div>\n<\/div>","protected":false},"excerpt":{"rendered":"","protected":false},"author":2,"featured_media":0,"parent":0,"menu_order":0,"comment_status":"closed","ping_status":"closed","template":"","meta":{"_acf_changed":false,"inline_featured_image":false,"footnotes":""},"class_list":["post-66842","page","type-page","status-publish","hentry"],"acf":[],"_links":{"self":[{"href":"https:\/\/www.radial.com\/de\/wp-json\/wp\/v2\/pages\/66842","targetHints":{"allow":["GET"]}}],"collection":[{"href":"https:\/\/www.radial.com\/de\/wp-json\/wp\/v2\/pages"}],"about":[{"href":"https:\/\/www.radial.com\/de\/wp-json\/wp\/v2\/types\/page"}],"author":[{"embeddable":true,"href":"https:\/\/www.radial.com\/de\/wp-json\/wp\/v2\/users\/2"}],"replies":[{"embeddable":true,"href":"https:\/\/www.radial.com\/de\/wp-json\/wp\/v2\/comments?post=66842"}],"version-history":[{"count":2,"href":"https:\/\/www.radial.com\/de\/wp-json\/wp\/v2\/pages\/66842\/revisions"}],"predecessor-version":[{"id":66864,"href":"https:\/\/www.radial.com\/de\/wp-json\/wp\/v2\/pages\/66842\/revisions\/66864"}],"wp:attachment":[{"href":"https:\/\/www.radial.com\/de\/wp-json\/wp\/v2\/media?parent=66842"}],"curies":[{"name":"wp","href":"https:\/\/api.w.org\/{rel}","templated":true}]}}