{"id":66791,"date":"2024-11-04T08:41:31","date_gmt":"2024-11-04T13:41:31","guid":{"rendered":"https:\/\/www.radial.com\/?page_id=66791"},"modified":"2024-11-04T11:18:39","modified_gmt":"2024-11-04T16:18:39","slug":"groningen","status":"publish","type":"page","link":"https:\/\/www.radial.com\/de\/groningen","title":{"rendered":"Groningen"},"content":{"rendered":"\n<div class=\"page-wrapper\">\n\t\n\n<div class=\"landing-page\">\n\t\n\n<div class=\"landing-page-hero-area\" id=\"landing-page-hero-area\">\n\t\n\n\n<div class=\"hero-landing-block\">\n\t<div class=\"hero-landing-block__inner\">\n\t\t<div class=\"hero-landing-block__info\">\n\t\t\t<div class=\"hero-landing-block__info--inner\">\n\t\t\t<h1 class=\"hero-landing-block__title\">Groningen Fulfillment Zentrum<\/h1>\n                            <h2 class=\"hero-landing-block__subtitle\">Niederlande<\/h2>\n            \t\t\t\t\t\t\t\t\t\t<a class=\"hero-landing-block__cta button-primary light\" href=\"https:\/\/maps.app.goo.gl\/MENnbs4rjBwJiLHa8\" target=\"_self\">auf Google Maps finden<\/a>\t\t\t\t\t\t<\/div>\n\t\t<\/div>\n\t\t<div class=\"hero-landing-block__image\">\n\t\t\t<picture>\r\n<source data-image-size=\"hero_landing_small\" srcset=\"https:\/\/www.radial.com\/wp-content\/uploads\/2024\/03\/19\/locations_groningen_small-342x228.jpg, https:\/\/www.radial.com\/wp-content\/uploads\/2024\/03\/19\/locations_groningen_small-684x456.jpg 2x\" media=\"(max-width: 350px)\" type=\"image\/jpeg\">\r\n<source data-image-size=\"hero_landing_medium\" srcset=\"https:\/\/www.radial.com\/wp-content\/uploads\/2024\/03\/19\/locations_groningen_small-705x470.jpg, https:\/\/www.radial.com\/wp-content\/uploads\/2024\/03\/19\/locations_groningen_small.jpg 2x\" media=\"(max-width: 715px)\" type=\"image\/jpeg\">\r\n<source data-image-size=\"hero_landing_medium_large\" srcset=\"https:\/\/www.radial.com\/wp-content\/uploads\/2024\/03\/19\/locations_groningen_small-960x640.jpg\" media=\"(max-width: 1023px)\" type=\"image\/jpeg\">\r\n<source data-image-size=\"hero_landing_large\" srcset=\"https:\/\/www.radial.com\/wp-content\/uploads\/2024\/10\/locations_groningen-aspect-ratio-22-25-704x800.jpg, https:\/\/www.radial.com\/wp-content\/uploads\/2024\/10\/locations_groningen-aspect-ratio-22-25-1408x1600.jpg 2x\" media=\"(max-width: 1440px)\" type=\"image\/jpeg\">\r\n<source data-image-size=\"hero_landing_huge\" srcset=\"https:\/\/www.radial.com\/wp-content\/uploads\/2024\/10\/locations_groningen-aspect-ratio-22-25-946x1075.jpg, https:\/\/www.radial.com\/wp-content\/uploads\/2024\/10\/locations_groningen-aspect-ratio-22-25.jpg 2x\" type=\"image\/jpeg\">\r\n<img decoding=\"async\" alt=\"\" src=\"https:\/\/www.radial.com\/wp-content\/uploads\/2024\/10\/locations_groningen-aspect-ratio-22-25-704x800.jpg\">\r\n<\/picture>\t\t<\/div>\n\t<\/div>\n<\/div>\n\n<\/div>\n\n\n<div class=\"landing-page-block-area\">\n\t\n<div class=\"core-paragraph-block\">\n<p>Eine 26.000 m\u00b2 gro\u00dfe, neu automatisierte Einrichtung, in der Radial mit dem Spezialisten f\u00fcr Lagerautomatisierung <a href=\"https:\/\/www.dematic.com\/\">Dematic<\/a>, einem Teil der <a href=\"https:\/\/www.kiongroup.com\/en\/\">KION Group<\/a>, sowie dessen Partner <a href=\"https:\/\/www.quicktron.com.cn\/\">Quicktron Robotics<\/a>, einem Hersteller autonomer mobiler Roboter, zusammenarbeitet. Gemeinsam wurde eine L\u00f6sung entwickelt, die weniger Lagerfl\u00e4che ben\u00f6tigt, die Durchlaufzeiten verk\u00fcrzt und die Kommissionierproduktivit\u00e4t erh\u00f6ht.<\/p>\n<\/div>\n\n<div class=\"quote-block no-image\">\n\t        <div class=\"quote-block__left animate\">\n\t\t\t<svg width=\"84\" height=\"55\" viewBox=\"0 0 84 55\" fill=\"none\" xmlns=\"http:\/\/www.w3.org\/2000\/svg\">\n<path d=\"M62.0658 55C57.9497 55 54.4023 53.9562 51.4236 51.8686C48.4449 49.7275 46.1431 46.9708 44.5184 43.5985C42.9478 40.2263 42.1625 36.6131 42.1625 32.7591C42.1625 26.0146 44.4642 19.7251 49.0677 13.8905C53.6712 8.05596 59.412 3.42579 66.2901 0L84 10.1168C79.9381 11.9367 76.2553 14.1582 72.9516 16.781C69.648 19.4039 67.2921 22.455 65.8839 25.9343C69.5667 26.6302 72.735 28.1825 75.3888 30.5912C78.0967 32.9465 79.4507 36.0511 79.4507 39.9051C79.4507 44.0803 77.7988 47.6399 74.4952 50.5839C71.1915 53.528 67.0484 55 62.0658 55ZM19.9033 55C15.7872 55 12.2398 53.9562 9.26112 51.8686C6.2824 49.7275 3.98066 46.9708 2.3559 43.5985C0.785299 40.2263 0 36.6131 0 32.7591C0 26.0146 2.30174 19.7251 6.90522 13.8905C11.5087 8.05596 17.2495 3.42579 24.1277 0L41.8375 10.1168C37.7756 11.9367 34.0928 14.1582 30.7892 16.781C27.4855 19.4039 25.1296 22.455 23.7215 25.9343C27.4043 26.6302 30.5725 28.1825 33.2263 30.5912C35.9342 32.9465 37.2882 36.0511 37.2882 39.9051C37.2882 44.0803 35.6364 47.6399 32.3327 50.5839C29.029 53.528 24.8859 55 19.9033 55Z\" fill=\"#0070c0\"\/>\n<\/svg>\n\t\t\t        <\/div>\n\n\n        <div class=\"quote-block__right animate\">\n\t\t\t                <q class=\"quote-block__quote\">\n\t\t\t\t\t<p>\u201eEs ging nicht nur darum, AMRs einzusetzen; sondern um die Konzeption und Umsetzung eines gro\u00df angelegten, integrierten Ware-zur-Person-Systems, bei dem die Roboter nahtlos mit bis zu 200 menschlichen Mitarbeitern zusammenarbeiten.<\/p>\n                <\/q>\n\t\t\t\n\t\t\t\t\t\t\n            <div class=\"quote-block__profesional-title\">\n\t\t\t\tFrancis De Backer, Gesch\u00e4ftsf\u00fchrer, Dematic NV\t\t\t\t\t\t\t\t            <\/div>\n\n\t\t\t        <\/div>\n\t<\/div>\n\n\n\n<div class=\"statistics statistics__4\">\n    <span class=\"statistics__elipse-right\">\n    <\/span>\n    <div class=\"statistics--inner\">\n        <div class=\"statistics__info animate\">\n\t\t                    <h2 class=\"statistics__title\">\n\t\t\t\t    Wichtigste Merkmale                <\/h2>\n\t\t    \t\t            <\/div>\n\t                <ul class=\"statistics__content statistics__content__4 animate\">\n\t\t\t                        <li class=\"statistics__element\">\n\t\t\t\t\t                            <div class=\"statistics__number\">\n\t\t\t\t\t\t                            <\/div>\n\n\t\t\t\t\t                                <div class=\"statistics__number-text\">\n\t\t\t\t\t\t\t    Flexible Arbeitskr\u00e4fte                            <\/div>\n\t\t\t\t\t                        <\/li>\n\t\t\t                        <li class=\"statistics__element\">\n\t\t\t\t\t                            <div class=\"statistics__number\">\n\t\t\t\t\t\t                            <\/div>\n\n\t\t\t\t\t                                <div class=\"statistics__number-text\">\n\t\t\t\t\t\t\t    Hochgradig automatisiert                            <\/div>\n\t\t\t\t\t                        <\/li>\n\t\t\t                        <li class=\"statistics__element\">\n\t\t\t\t\t                            <div class=\"statistics__number\">\n\t\t\t\t\t\t                            <\/div>\n\n\t\t\t\t\t                                <div class=\"statistics__number-text\">\n\t\t\t\t\t\t\t    Erfahrung mit Fashion                            <\/div>\n\t\t\t\t\t                        <\/li>\n\t\t\t                        <li class=\"statistics__element\">\n\t\t\t\t\t                            <div class=\"statistics__number\">\n\t\t\t\t\t\t                            <\/div>\n\n\t\t\t\t\t                                <div class=\"statistics__number-text\">\n\t\t\t\t\t\t\t    Modernes und nachhaltiges Geb\u00e4ude                            <\/div>\n\t\t\t\t\t                        <\/li>\n\t\t\t                <\/ul>\n\t        <\/div>\n    <span class=\"statistics__elipse-left\">\n    <\/span>\n<\/div>\n\n\n\n<div class=\"image\">\n\t\t\t<picture>\r\n<source data-image-size=\"image_block_small\" srcset=\"https:\/\/www.radial.com\/wp-content\/uploads\/2024\/03\/Radial-Groningen-signage-aspect-ratio-47-30-564x360.jpg, https:\/\/www.radial.com\/wp-content\/uploads\/2024\/03\/Radial-Groningen-signage-aspect-ratio-47-30-1128x720.jpg 2x\" media=\"(max-width: 600px)\" type=\"image\/jpeg\">\r\n<source data-image-size=\"image_block_large\" srcset=\"https:\/\/www.radial.com\/wp-content\/uploads\/2024\/03\/Radial-Groningen-signage-aspect-ratio-47-30-940x600.jpg, https:\/\/www.radial.com\/wp-content\/uploads\/2024\/03\/Radial-Groningen-signage-aspect-ratio-47-30-1880x1200.jpg 2x\" type=\"image\/jpeg\">\r\n<img decoding=\"async\" alt=\"\" src=\"https:\/\/www.radial.com\/wp-content\/uploads\/2024\/03\/Radial-Groningen-signage-aspect-ratio-47-30-940x600.jpg\">\r\n<\/picture>\t\t\t<\/div>\n\n<div class=\"core-paragraph-block\">\n<p>Die neue Anlage verf\u00fcgt \u00fcber einen beispiellosen Automatisierungsgrad: 299 AMRs, verteilt auf 45 Kommissionier- und Packstationen.<\/p>\n<\/div>\n\n<div class=\"core-paragraph-block\">\n<p>Anstatt sich wie \u00fcblich auf F\u00f6rderb\u00e4nder und Paletten zu verlassen, <a href=\"https:\/\/www.kiongroup.com\/en\/News-Stories\/Stories\/Automation\/The-KION-Group-modernizes-logistics-thanks-to-AMR-technology.html?storyid=50944\">entschied sich Dematic bei diesem Projekt f\u00fcr einen anderen Ansatz<\/a>.<\/p>\n<\/div>\n\n\n<div class=\"switchback-block left\">\n\t\t\t\t\t\t\t\t\t            <div class=\"switchback-block__outer light\">\n                <div class=\"switchback-block__inner\">\n                    <div class=\"switchback-block__left animate\">\n\t\t\t\t\t\t\t\t\t\t\t\t\t<picture>\r\n<source data-image-size=\"switchback_small\" srcset=\"https:\/\/www.radial.com\/wp-content\/uploads\/2024\/03\/27\/groningen_google_switch-350x350.jpg, https:\/\/www.radial.com\/wp-content\/uploads\/2024\/03\/27\/groningen_google_switch-700x700.jpg 2x\" media=\"(max-width: 1280px)\" type=\"image\/jpeg\">\r\n<source data-image-size=\"switchback_large\" srcset=\"https:\/\/www.radial.com\/wp-content\/uploads\/2024\/03\/27\/groningen_google_switch-518x518.jpg, https:\/\/www.radial.com\/wp-content\/uploads\/2024\/03\/27\/groningen_google_switch.jpg 2x\" type=\"image\/jpeg\">\r\n<img decoding=\"async\" alt=\"\" src=\"https:\/\/www.radial.com\/wp-content\/uploads\/2024\/03\/27\/groningen_google_switch-518x518.jpg\" loading=\"lazy\">\r\n<\/picture>\t\t\t\t\t\t                    <\/div>\n\n                    <div class=\"switchback-block__right animate\">\n\t\t\t\t\t\t                            <label class=\"switchback-block__eyebrow\">Groningen<\/label>\n\t\t\t\t\t\t\t\t\t\t\t\t                            <h2 class=\"switchback-block__title\">Das Tor zu Europa<\/h2>\n\t\t\t\t\t\t\t\t\t\t\t\t\t\t\t\t\t\t                            <div class=\"switchback-block__summary paragraph-block\"><p>Dieser Standort ist ein wichtiger Zugangspunkt f\u00fcr den europ\u00e4ischen grenz\u00fcberschreitenden Handel und bietet eine N\u00e4he zu internationalen H\u00e4fen und Flugh\u00e4fen (innerhalb von 2 Stunden) f\u00fcr schnelle Importe und Exporte. Hervorragende Verkehrsanbindungen mit speziellen Linienverbindungen zu Nachbarl\u00e4ndern sowie bestehenden Routen f\u00fcr nationale und internationale Versandl\u00f6sungen, die besonders gut f\u00fcr US-Importe geeignet sind, machen ihn ideal f\u00fcr Unternehmen, die in ganz Europa importieren und verkaufen m\u00f6chten.<\/p>\n<\/div>\n\t\t\t\t\t\t\n\t\t\t\t\t\t                            <div class=\"switchback-block__cta-container\">\n\t\t\t\t\t\t\t\t\t\t\t\t\t\t\t\t\t\t\t\t\t\t\t\t\t\t\t<a class=\"switchback-block__cta button-primary dark-b\" href=\"https:\/\/maps.app.goo.gl\/MENnbs4rjBwJiLHa8\" target=\"_self\">Finden<\/a>\t\t\t\t\t\t\t\t\t\t\t\t\t\t\t\t\t                            <\/div>\n\t\t\t\t\t\t                    <\/div>\n                <\/div>\n            <\/div>\n\t\t\t<\/div>\n\n\n<div class=\"switchback-block right\">\n\t\t\t\t\t\t\t\t\t            <div class=\"switchback-block__outer dark\">\n                <div class=\"switchback-block__inner\">\n                    <div class=\"switchback-block__left animate\">\n\t\t\t\t\t\t\t\t\t\t\t\t\t<picture>\r\n<source data-image-size=\"switchback_small\" srcset=\"https:\/\/www.radial.com\/wp-content\/uploads\/2024\/03\/27\/groningen_automation_switch-350x350.jpg, https:\/\/www.radial.com\/wp-content\/uploads\/2024\/03\/27\/groningen_automation_switch-700x700.jpg 2x\" media=\"(max-width: 1280px)\" type=\"image\/jpeg\">\r\n<source data-image-size=\"switchback_large\" srcset=\"https:\/\/www.radial.com\/wp-content\/uploads\/2024\/03\/27\/groningen_automation_switch-518x518.jpg, https:\/\/www.radial.com\/wp-content\/uploads\/2024\/03\/27\/groningen_automation_switch.jpg 2x\" type=\"image\/jpeg\">\r\n<img decoding=\"async\" alt=\"\" src=\"https:\/\/www.radial.com\/wp-content\/uploads\/2024\/03\/27\/groningen_automation_switch-518x518.jpg\" loading=\"lazy\">\r\n<\/picture>\t\t\t\t\t\t                    <\/div>\n\n                    <div class=\"switchback-block__right animate\">\n\t\t\t\t\t\t                            <label class=\"switchback-block__eyebrow\">299 Roboter<\/label>\n\t\t\t\t\t\t\t\t\t\t\t\t                            <h2 class=\"switchback-block__title\">Automatisierung<\/h2>\n\t\t\t\t\t\t\t\t\t\t\t\t\t\t\t\t\t\t                            <div class=\"switchback-block__summary paragraph-block\"><p>Diese Einrichtung, die seit Mai 2023 in Betrieb ist, verf\u00fcgt \u00fcber zwei Lagerbereiche, die mit modernster Technologie ausgestattet sind. Besonders hervorzuheben sind die 299 autonomen mobilen Roboter (AMRs), die nahtlos mit menschlichen Mitarbeitern zusammenarbeiten und die Abl\u00e4ufe von Beh\u00e4lter zu Mensch, Palette zu Mensch und den Warentransport erleichtern.<\/p>\n<\/div>\n\t\t\t\t\t\t\n\t\t\t\t\t\t                            <div class=\"switchback-block__cta-container\">\n\t\t\t\t\t\t\t\t\t\t\t\t\t\t\t\t\t\t\t\t\t\t\t\t\t\t\t<a class=\"switchback-block__cta button-primary light-b\" href=\"https:\/\/www.radial.com\/eur\/insights\/299-robots-to-amplify-the-human-potential\" target=\"_self\">Mehr erfahren<\/a>\t\t\t\t\t\t\t\t\t\t\t\t\t\t\t\t\t                            <\/div>\n\t\t\t\t\t\t                    <\/div>\n                <\/div>\n            <\/div>\n\t\t\t<\/div>\n\n\n<div class=\"switchback-block left\">\n\t\t\t\t\t\t\t\t\t            <div class=\"switchback-block__outer light\">\n                <div class=\"switchback-block__inner\">\n                    <div class=\"switchback-block__left animate\">\n\t\t\t\t\t\t\t\t\t\t\t\t\t<picture>\r\n<source data-image-size=\"switchback_small\" srcset=\"https:\/\/www.radial.com\/wp-content\/uploads\/2024\/03\/27\/groningen_automation2_switch-350x350.jpg, https:\/\/www.radial.com\/wp-content\/uploads\/2024\/03\/27\/groningen_automation2_switch-700x700.jpg 2x\" media=\"(max-width: 1280px)\" type=\"image\/jpeg\">\r\n<source data-image-size=\"switchback_large\" srcset=\"https:\/\/www.radial.com\/wp-content\/uploads\/2024\/03\/27\/groningen_automation2_switch-518x518.jpg, https:\/\/www.radial.com\/wp-content\/uploads\/2024\/03\/27\/groningen_automation2_switch.jpg 2x\" type=\"image\/jpeg\">\r\n<img decoding=\"async\" alt=\"\" src=\"https:\/\/www.radial.com\/wp-content\/uploads\/2024\/03\/27\/groningen_automation2_switch-518x518.jpg\" loading=\"lazy\">\r\n<\/picture>\t\t\t\t\t\t                    <\/div>\n\n                    <div class=\"switchback-block__right animate\">\n\t\t\t\t\t\t                            <label class=\"switchback-block__eyebrow\">Radial + Dematic + Quicktron<\/label>\n\t\t\t\t\t\t\t\t\t\t\t\t                            <h2 class=\"switchback-block__title\">Zusammenarbeit<\/h2>\n\t\t\t\t\t\t\t\t\t\t\t\t\t\t\t\t\t\t                            <div class=\"switchback-block__summary paragraph-block\"><p>Erfahren Sie mehr \u00fcber die Zusammenarbeit zwischen Radial Europa, dem Spezialisten f\u00fcr Lagerautomatisierung <a href=\"https:\/\/www.linkedin.com\/company\/dematic\/\">Dematic<\/a> und seinem Partner <a href=\"https:\/\/www.linkedin.com\/company\/quicktronrobotics\/\">Quicktron Robotics<\/a>, dem Hersteller autonomer mobiler Roboter.<\/p>\n<\/div>\n\t\t\t\t\t\t\n\t\t\t\t\t\t                            <div class=\"switchback-block__cta-container\">\n\t\t\t\t\t\t\t\t\t\t\t\t\t\t\t\t\t\t\t\t\t\t\t\t\t\t\t<a class=\"switchback-block__cta button-primary dark-b\" href=\"https:\/\/www.radial.com\/de\/resources\/press-room\/radial-staerkt-seine-position-als-bevorzugter-partner-fuer-ecommerce-fulfillment-in-polen\" target=\"_self\">Mehr erfahren<\/a>\t\t\t\t\t\t\t\t\t\t\t\t\t\t\t\t\t                            <\/div>\n\t\t\t\t\t\t                    <\/div>\n                <\/div>\n            <\/div>\n\t\t\t<\/div>\n\n<div class=\"quote-block no-image\">\n\t        <div class=\"quote-block__left animate\">\n\t\t\t<svg width=\"84\" height=\"55\" viewBox=\"0 0 84 55\" fill=\"none\" xmlns=\"http:\/\/www.w3.org\/2000\/svg\">\n<path d=\"M62.0658 55C57.9497 55 54.4023 53.9562 51.4236 51.8686C48.4449 49.7275 46.1431 46.9708 44.5184 43.5985C42.9478 40.2263 42.1625 36.6131 42.1625 32.7591C42.1625 26.0146 44.4642 19.7251 49.0677 13.8905C53.6712 8.05596 59.412 3.42579 66.2901 0L84 10.1168C79.9381 11.9367 76.2553 14.1582 72.9516 16.781C69.648 19.4039 67.2921 22.455 65.8839 25.9343C69.5667 26.6302 72.735 28.1825 75.3888 30.5912C78.0967 32.9465 79.4507 36.0511 79.4507 39.9051C79.4507 44.0803 77.7988 47.6399 74.4952 50.5839C71.1915 53.528 67.0484 55 62.0658 55ZM19.9033 55C15.7872 55 12.2398 53.9562 9.26112 51.8686C6.2824 49.7275 3.98066 46.9708 2.3559 43.5985C0.785299 40.2263 0 36.6131 0 32.7591C0 26.0146 2.30174 19.7251 6.90522 13.8905C11.5087 8.05596 17.2495 3.42579 24.1277 0L41.8375 10.1168C37.7756 11.9367 34.0928 14.1582 30.7892 16.781C27.4855 19.4039 25.1296 22.455 23.7215 25.9343C27.4043 26.6302 30.5725 28.1825 33.2263 30.5912C35.9342 32.9465 37.2882 36.0511 37.2882 39.9051C37.2882 44.0803 35.6364 47.6399 32.3327 50.5839C29.029 53.528 24.8859 55 19.9033 55Z\" fill=\"#0070c0\"\/>\n<\/svg>\n\t\t\t        <\/div>\n\n\n        <div class=\"quote-block__right animate\">\n\t\t\t                <q class=\"quote-block__quote\">\n\t\t\t\t\t<p>\u201c Diese L\u00f6sung f\u00fchrt zu h\u00f6herer Effizienz, besserem Kundenservice, niedrigeren Kosten und einem sichereren, ergonomischeren Arbeitsumfeld f\u00fcr unsere Mitarbeiter. Alles in allem ist es eine Win-Win-Situation f\u00fcr alle. \u201c<\/p>\n                <\/q>\n\t\t\t\n\t\t\t\t\t\t\n            <div class=\"quote-block__profesional-title\">\n\t\t\t\tDries De Love\t\t\t\t\t\t\t\t            <\/div>\n\n\t\t\t        <\/div>\n\t<\/div>\n\n\n<div class=\"switchback-block left\">\n\t\t\t\t\t\t\t\t\t            <div class=\"switchback-block__outer light\">\n                <div class=\"switchback-block__inner\">\n                    <div class=\"switchback-block__left animate\">\n\t\t\t\t\t\t\t\t\t\t\t\t\t<picture>\r\n<source data-image-size=\"switchback_small\" srcset=\"https:\/\/www.radial.com\/wp-content\/uploads\/2024\/03\/27\/groningen_team_switch-350x350.jpg, https:\/\/www.radial.com\/wp-content\/uploads\/2024\/03\/27\/groningen_team_switch-700x700.jpg 2x\" media=\"(max-width: 1280px)\" type=\"image\/jpeg\">\r\n<source data-image-size=\"switchback_large\" srcset=\"https:\/\/www.radial.com\/wp-content\/uploads\/2024\/03\/27\/groningen_team_switch-518x518.jpg, https:\/\/www.radial.com\/wp-content\/uploads\/2024\/03\/27\/groningen_team_switch.jpg 2x\" type=\"image\/jpeg\">\r\n<img decoding=\"async\" alt=\"\" src=\"https:\/\/www.radial.com\/wp-content\/uploads\/2024\/03\/27\/groningen_team_switch-518x518.jpg\" loading=\"lazy\">\r\n<\/picture>\t\t\t\t\t\t                    <\/div>\n\n                    <div class=\"switchback-block__right animate\">\n\t\t\t\t\t\t                            <label class=\"switchback-block__eyebrow\">Fachwissen im Bereich Mode<\/label>\n\t\t\t\t\t\t\t\t\t\t\t\t                            <h2 class=\"switchback-block__title\">Team<\/h2>\n\t\t\t\t\t\t\t\t\t\t\t\t\t\t\t\t\t\t                            <div class=\"switchback-block__summary paragraph-block\"><p><strong>Ein hochqualifiziertes Team<\/strong> bietet kosteneffizientes und qualitativ hochwertiges Ecommerce-Fulfillment.<\/p>\n<div class=\"flex max-w-full flex-col flex-grow\">\n<div class=\"min-h-8 text-message flex w-full flex-col items-end gap-2 whitespace-normal break-words [.text-message+&amp;]:mt-5\" dir=\"auto\" data-message-author-role=\"assistant\" data-message-id=\"ca7d3c19-9c92-4a20-a887-b920c32f6e09\" data-message-model-slug=\"gpt-4o-mini\">\n<div class=\"flex w-full flex-col gap-1 empty:hidden first:pt-[3px]\">\n<div class=\"markdown prose w-full break-words dark:prose-invert dark\">\n<p>Der Standort eignet sich hervorragend f\u00fcr Einzelh\u00e4ndler, Marken und Webshops mit Anforderungen wie Konfektionierung, B\u00fcndelung und Umetikettierung.<\/p>\n<\/div>\n<\/div>\n<\/div>\n<\/div>\n<\/div>\n\t\t\t\t\t\t\n\t\t\t\t\t\t                    <\/div>\n                <\/div>\n            <\/div>\n\t\t\t<\/div>\n\n\n\n<div class=\"statistics statistics__4\">\n    <span class=\"statistics__elipse-right\">\n    <\/span>\n    <div class=\"statistics--inner\">\n        <div class=\"statistics__info animate\">\n\t\t                    <h2 class=\"statistics__title\">\n\t\t\t\t    In Zahlen                <\/h2>\n\t\t    \t\t            <\/div>\n\t                <ul class=\"statistics__content statistics__content__4 animate\">\n\t\t\t                        <li class=\"statistics__element\">\n\t\t\t\t\t                            <div class=\"statistics__number\">\n\t\t\t\t\t\t                                    \t\t\t\t\t\t\t    26,000 m\u00b2\t\t\t\t\t\t                            <\/div>\n\n\t\t\t\t\t                        <\/li>\n\t\t\t                        <li class=\"statistics__element\">\n\t\t\t\t\t                            <div class=\"statistics__number\">\n\t\t\t\t\t\t                                    \t\t\t\t\t\t\t    299 AMRs\t\t\t\t\t\t                            <\/div>\n\n\t\t\t\t\t                        <\/li>\n\t\t\t                        <li class=\"statistics__element\">\n\t\t\t\t\t                            <div class=\"statistics__number\">\n\t\t\t\t\t\t                                    \t\t\t\t\t\t\t    45 P&amp;P-Stationen\t\t\t\t\t\t                            <\/div>\n\n\t\t\t\t\t                        <\/li>\n\t\t\t                        <li class=\"statistics__element\">\n\t\t\t\t\t                            <div class=\"statistics__number\">\n\t\t\t\t\t\t                                    \t\t\t\t\t\t\t    32 R\u00fcckgabetische\t\t\t\t\t\t                            <\/div>\n\n\t\t\t\t\t                        <\/li>\n\t\t\t                <\/ul>\n\t        <\/div>\n    <span class=\"statistics__elipse-left\">\n    <\/span>\n<\/div>\n\n\n\n<div class=\"image\">\n\t\t\t<picture>\r\n<source data-image-size=\"image_block_small\" srcset=\"https:\/\/www.radial.com\/wp-content\/uploads\/2024\/03\/5039_AMR_Bin_Mover_min-aspect-ratio-47-30-564x360.jpg, https:\/\/www.radial.com\/wp-content\/uploads\/2024\/03\/5039_AMR_Bin_Mover_min-aspect-ratio-47-30-1128x720.jpg 2x\" media=\"(max-width: 600px)\" type=\"image\/jpeg\">\r\n<source data-image-size=\"image_block_large\" srcset=\"https:\/\/www.radial.com\/wp-content\/uploads\/2024\/03\/5039_AMR_Bin_Mover_min-aspect-ratio-47-30-940x600.jpg, https:\/\/www.radial.com\/wp-content\/uploads\/2024\/03\/5039_AMR_Bin_Mover_min-aspect-ratio-47-30-1880x1200.jpg 2x\" type=\"image\/jpeg\">\r\n<img decoding=\"async\" alt=\"\" src=\"https:\/\/www.radial.com\/wp-content\/uploads\/2024\/03\/5039_AMR_Bin_Mover_min-aspect-ratio-47-30-940x600.jpg\">\r\n<\/picture>\t\t\t<\/div>\n\n<div class=\"core-paragraph-block\">\n<p><a href=\"https:\/\/www.google.com\/maps\/place\/Radial+Netherlands+B.V.\/@53.2096756,6.5352127,12z\/data=!4m6!3m5!1s0x47c834a33fc09481:0xb41d7b38e61f44c9!8m2!3d53.2042738!4d6.4756395!16s%2Fg%2F11mr2_sgqg?entry=ttu\">Radial Netherlands B.V.<br>Cardiffweg 8, 9744 VA Groningen, Netherlands<\/a><\/p>\n<\/div>\n\n<div class=\"core-paragraph-block\">\n<p><strong>Setzen Sie sich mit uns in Verbindung<\/strong>, wir werden Ihnen alle Informationen zur Verf\u00fcgung stellen, die Sie ben\u00f6tigen, um Ihr Unternehmen auszubauen.<\/p>\n<\/div>\n\n<div class=\"core-heading-block\" data-heading-level=\"2\">\n<h2 class=\"wp-block-heading\">Kontakt<\/h2>\n<\/div>\n\n\n<\/div>\n<\/div>\n<\/div>","protected":false},"excerpt":{"rendered":"","protected":false},"author":2,"featured_media":0,"parent":0,"menu_order":0,"comment_status":"closed","ping_status":"closed","template":"","meta":{"_acf_changed":false,"inline_featured_image":false,"footnotes":""},"class_list":["post-66791","page","type-page","status-publish","hentry"],"acf":[],"_links":{"self":[{"href":"https:\/\/www.radial.com\/de\/wp-json\/wp\/v2\/pages\/66791","targetHints":{"allow":["GET"]}}],"collection":[{"href":"https:\/\/www.radial.com\/de\/wp-json\/wp\/v2\/pages"}],"about":[{"href":"https:\/\/www.radial.com\/de\/wp-json\/wp\/v2\/types\/page"}],"author":[{"embeddable":true,"href":"https:\/\/www.radial.com\/de\/wp-json\/wp\/v2\/users\/2"}],"replies":[{"embeddable":true,"href":"https:\/\/www.radial.com\/de\/wp-json\/wp\/v2\/comments?post=66791"}],"version-history":[{"count":6,"href":"https:\/\/www.radial.com\/de\/wp-json\/wp\/v2\/pages\/66791\/revisions"}],"predecessor-version":[{"id":66955,"href":"https:\/\/www.radial.com\/de\/wp-json\/wp\/v2\/pages\/66791\/revisions\/66955"}],"wp:attachment":[{"href":"https:\/\/www.radial.com\/de\/wp-json\/wp\/v2\/media?parent=66791"}],"curies":[{"name":"wp","href":"https:\/\/api.w.org\/{rel}","templated":true}]}}