{"id":52220,"date":"2022-06-13T14:04:26","date_gmt":"2022-06-13T18:04:26","guid":{"rendered":"https:\/\/www.radial.com\/uber-uns\/case-studies"},"modified":"2024-09-19T10:28:03","modified_gmt":"2024-09-19T14:28:03","slug":"case-studies","status":"publish","type":"page","link":"https:\/\/www.radial.com\/de\/why-radial\/fallstudien","title":{"rendered":"Fallstudien"},"content":{"rendered":"\n<div class=\"page-wrapper\">\n\t\n\n<div class=\"interior-page\">\n\t\n\n\n<div class=\"interior-hero\">\n\t<div class=\"interior-hero__inner\">\n\t\t\t\t\t<h1 class=\"interior-hero__title\">Fallstudien<\/h1>\n\t\t\t\t\t<\/div>\n<\/div>\n\n\n<div class=\"interior-page-block-area\">\n\t\n\n\n<section class=\"case-study\">\n\t<div class=\"case-study__inner\">\n\t\t\t\t\t<article class=\"case-study__left\">\n\t\t\t\t<h2 class=\"case-study__title\">Radial&#8217;s Automatisierungspartnerschaft mit doTERRA<\/h2>\n\t\t\t\t\t\t\t\t\t<div class=\"case-study__summary\">\n\t\t\t\t\t\t<p>doTERRA, das weltweit gr\u00f6\u00dfte Unternehmen f\u00fcr \u00e4therische \u00d6le, hat sich lange Zeit dem Ziel verschrieben, die reinsten und potentesten \u00e4therischen \u00d6le sowie Wellness-Produkte anzubieten. Die Unternehmensmission basiert darauf, Kunden und Mitglieder zu bef\u00e4higen, die Botschaft des Wohlbefindens zu teilen und damit nicht nur sich selbst, sondern auch ihre Familien und Gemeinschaften zu unterst\u00fctzen. Mit \u00e4therischen \u00d6len im Zentrum ihres Angebots hat doTERRAs Hingabe an Qualit\u00e4t und Wohlbefinden sie zu einem Branchenf\u00fchrer gemacht.<\/p>\n\t\t\t\t\t<\/div>\n\t\t\t\t\t\t\t\t\t\t\t\t<a class=\"button-primary dark-b\" title=\"Redirects to Radial's Automatisierungspartnerschaft mit doTERRA\" href=\"https:\/\/www.radial.com\/de\/case-study\/radials-automatisierungspartnerschaft-mit-doterra\">Read More<\/a>\n\t\t\t<\/article>\n\t\t\t<aside class=\"case-study__right\">\n\t\t\t\t<picture>\r\n<source data-image-size=\"case_study_small\" srcset=\"https:\/\/www.radial.com\/wp-content\/uploads\/2023\/10\/10\/doterra-case-study-1-aspect-ratio-47-30-470x300.jpg, https:\/\/www.radial.com\/wp-content\/uploads\/2023\/10\/10\/doterra-case-study-1-aspect-ratio-47-30-940x600.jpg 2x\" media=\"(max-width: 470px)\" type=\"image\/jpeg\">\r\n<source data-image-size=\"case_study_medium\" srcset=\"https:\/\/www.radial.com\/wp-content\/uploads\/2023\/10\/10\/doterra-case-study-1-aspect-ratio-47-30-705x450.jpg, https:\/\/www.radial.com\/wp-content\/uploads\/2023\/10\/10\/doterra-case-study-1-aspect-ratio-47-30-1410x900.jpg 2x\" media=\"(max-width: 905px)\" type=\"image\/jpeg\">\r\n<source data-image-size=\"case_study_large\" srcset=\"https:\/\/www.radial.com\/wp-content\/uploads\/2023\/10\/10\/doterra-case-study-1-aspect-ratio-47-30-940x600.jpg, https:\/\/www.radial.com\/wp-content\/uploads\/2023\/10\/10\/doterra-case-study-1-aspect-ratio-47-30-1880x1200.jpg 2x\" media=\"(max-width: 1023px)\" type=\"image\/jpeg\">\r\n<source data-image-size=\"case_study_teaser\" srcset=\"https:\/\/www.radial.com\/wp-content\/uploads\/2023\/10\/10\/doterra-case-study-1-aspect-ratio-387-440-387x440.jpg, https:\/\/www.radial.com\/wp-content\/uploads\/2023\/10\/10\/doterra-case-study-1-aspect-ratio-387-440-774x880.jpg 2x\" type=\"image\/jpeg\">\r\n<img decoding=\"async\" alt=\"\" src=\"https:\/\/www.radial.com\/wp-content\/uploads\/2023\/10\/10\/doterra-case-study-1-aspect-ratio-387-440-387x440.jpg\">\r\n<\/picture>\t\t\t<\/aside>\n\t\t\t<\/div>\n<\/section>\n\n\n\n<section class=\"case-study\">\n\t<div class=\"case-study__inner\">\n\t\t\t\t\t<article class=\"case-study__left\">\n\t\t\t\t<h2 class=\"case-study__title\">Umsetzung von AMR: eine der gr\u00f6\u00dften in Europa<\/h2>\n\t\t\t\t\t\t\t\t\t<div class=\"case-study__summary\">\n\t\t\t\t\t\t<p>Radial ging eine strategische Partnerschaft mit Dematic, einem f\u00fchrenden Anbieter intelligenter Automatisierungstechnologien, ein. Ziel war es, Effizienzgewinne zu erzielen, Flexibilit\u00e4t zu erh\u00f6hen und zuk\u00fcnftige Skalierbarkeit sicherzustellen, um sowohl die Kunden- als auch die Mitarbeitererfahrungen zu optimieren. Durch den Einsatz einer Mischung aus Robotik, KI-Technologien und menschlicher Expertise in der Radial-Anlage in Groningen konnte das Unternehmen die Kommissionierleistung vervierfachen und die Verpackungsleistung um das 1,5-fache steigern. Es ist nun in der Lage, Ver\u00e4nderungen im Bestellvolumen schnell zu antizipieren und agil zu reagieren.<\/p>\n\t\t\t\t\t<\/div>\n\t\t\t\t\t\t\t\t\t\t\t\t<a class=\"button-primary dark-b\" title=\"Redirects to Umsetzung von AMR: eine der gr\u00f6\u00dften in Europa\" href=\"https:\/\/www.radial.com\/de\/case-study\/umsetzung-von-amr-eine-der-groessten-in-europa\">Read More<\/a>\n\t\t\t<\/article>\n\t\t\t<aside class=\"case-study__right\">\n\t\t\t\t<picture>\r\n<source data-image-size=\"case_study_small\" srcset=\"https:\/\/www.radial.com\/wp-content\/uploads\/2024\/08\/5039_AMR_Bin_Mover_min-aspect-ratio-47-30-2-470x300.jpg, https:\/\/www.radial.com\/wp-content\/uploads\/2024\/08\/5039_AMR_Bin_Mover_min-aspect-ratio-47-30-2-940x600.jpg 2x\" media=\"(max-width: 470px)\" type=\"image\/jpeg\">\r\n<source data-image-size=\"case_study_medium\" srcset=\"https:\/\/www.radial.com\/wp-content\/uploads\/2024\/08\/5039_AMR_Bin_Mover_min-aspect-ratio-47-30-2-705x450.jpg, https:\/\/www.radial.com\/wp-content\/uploads\/2024\/08\/5039_AMR_Bin_Mover_min-aspect-ratio-47-30-2-1410x900.jpg 2x\" media=\"(max-width: 905px)\" type=\"image\/jpeg\">\r\n<source data-image-size=\"case_study_large\" srcset=\"https:\/\/www.radial.com\/wp-content\/uploads\/2024\/08\/5039_AMR_Bin_Mover_min-aspect-ratio-47-30-2-940x600.jpg, https:\/\/www.radial.com\/wp-content\/uploads\/2024\/08\/5039_AMR_Bin_Mover_min-aspect-ratio-47-30-2-1880x1200.jpg 2x\" media=\"(max-width: 1023px)\" type=\"image\/jpeg\">\r\n<source data-image-size=\"case_study_teaser\" srcset=\"https:\/\/www.radial.com\/wp-content\/uploads\/2024\/08\/5045_Groningen_AMR_Bin_Mover_cut_2-aspect-ratio-387-440-3-387x440.jpg, https:\/\/www.radial.com\/wp-content\/uploads\/2024\/08\/5045_Groningen_AMR_Bin_Mover_cut_2-aspect-ratio-387-440-3-774x880.jpg 2x\" type=\"image\/jpeg\">\r\n<img decoding=\"async\" alt=\"\" src=\"https:\/\/www.radial.com\/wp-content\/uploads\/2024\/08\/5045_Groningen_AMR_Bin_Mover_cut_2-aspect-ratio-387-440-3-387x440.jpg\">\r\n<\/picture>\t\t\t<\/aside>\n\t\t\t<\/div>\n<\/section>\n\n<div class=\"core-paragraph-block\">\n<p><\/p>\n<\/div>\n\n\n\ndiv &gt; div.page-wrapper &gt; div &gt; div.interior-page-block-area &gt; section:nth-child(odd) {\n\tbackground-color:#eff1f5 !important;\n}\n \n\n<\/div>\n<\/div>\n<\/div>","protected":false},"excerpt":{"rendered":"","protected":false},"author":1,"featured_media":0,"parent":33556,"menu_order":0,"comment_status":"closed","ping_status":"closed","template":"","meta":{"_acf_changed":false,"inline_featured_image":false,"footnotes":""},"class_list":["post-52220","page","type-page","status-publish","hentry"],"acf":[],"_links":{"self":[{"href":"https:\/\/www.radial.com\/de\/wp-json\/wp\/v2\/pages\/52220","targetHints":{"allow":["GET"]}}],"collection":[{"href":"https:\/\/www.radial.com\/de\/wp-json\/wp\/v2\/pages"}],"about":[{"href":"https:\/\/www.radial.com\/de\/wp-json\/wp\/v2\/types\/page"}],"author":[{"embeddable":true,"href":"https:\/\/www.radial.com\/de\/wp-json\/wp\/v2\/users\/1"}],"replies":[{"embeddable":true,"href":"https:\/\/www.radial.com\/de\/wp-json\/wp\/v2\/comments?post=52220"}],"version-history":[{"count":9,"href":"https:\/\/www.radial.com\/de\/wp-json\/wp\/v2\/pages\/52220\/revisions"}],"predecessor-version":[{"id":64711,"href":"https:\/\/www.radial.com\/de\/wp-json\/wp\/v2\/pages\/52220\/revisions\/64711"}],"up":[{"embeddable":true,"href":"https:\/\/www.radial.com\/de\/wp-json\/wp\/v2\/pages\/33556"}],"wp:attachment":[{"href":"https:\/\/www.radial.com\/de\/wp-json\/wp\/v2\/media?parent=52220"}],"curies":[{"name":"wp","href":"https:\/\/api.w.org\/{rel}","templated":true}]}}