{"id":33556,"date":"2022-05-24T10:10:46","date_gmt":"2022-05-24T14:10:46","guid":{"rendered":"https:\/\/www.radial.com\/resources"},"modified":"2024-09-19T11:17:16","modified_gmt":"2024-09-19T15:17:16","slug":"ressourcenuebersicht","status":"publish","type":"page","link":"https:\/\/www.radial.com\/de\/ressourcen","title":{"rendered":"Ressourcen"},"content":{"rendered":"\n<div class=\"page-wrapper\">\n\t\n\n<div class=\"landing-page\">\n\t\n\n<div class=\"landing-page-hero-area\" id=\"landing-page-hero-area\">\n\t\n\n\n<div class=\"hero-landing-block\">\n\t<div class=\"hero-landing-block__inner\">\n\t\t<div class=\"hero-landing-block__info\">\n\t\t\t<div class=\"hero-landing-block__info--inner\">\n\t\t\t<h1 class=\"hero-landing-block__title\">Ressourcen und Einblicke<\/h1>\n            \t\t\t\t\t\t\t<div class=\"hero-landing-block__summary\">\n\t\t\t\t\t<p><span class=\"TextRun SCXW187935525 BCX0\" lang=\"DE-DE\" xml:lang=\"DE-DE\" data-contrast=\"auto\"><span class=\"NormalTextRun SCXW187935525 BCX0\">Mit unseren Brancheneinblicken, Webinaren, Fallstudien und anderen Ressourcen f\u00fcr f\u00fchrende Unternehmen der eCommerce-Branche bist du deiner Konkurrenz immer einen Schritt voraus.<\/span><\/span><\/p>\n\t\t\t\t<\/div>\n\t\t\t\t\t\t\t\t\t<\/div>\n\t\t<\/div>\n\t\t<div class=\"hero-landing-block__image\">\n\t\t\t<picture>\r\n<source data-image-size=\"hero_landing_small\" srcset=\"https:\/\/www.radial.com\/wp-content\/uploads\/2022\/08\/09\/resources-aspect-ratio-3-2-1-342x228.jpg, https:\/\/www.radial.com\/wp-content\/uploads\/2022\/08\/09\/resources-aspect-ratio-3-2-1-684x456.jpg 2x\" media=\"(max-width: 350px)\" type=\"image\/jpeg\">\r\n<source data-image-size=\"hero_landing_medium\" srcset=\"https:\/\/www.radial.com\/wp-content\/uploads\/2022\/08\/09\/resources-aspect-ratio-3-2-1-705x470.jpg, https:\/\/www.radial.com\/wp-content\/uploads\/2022\/08\/09\/resources-aspect-ratio-3-2-1-1410x940.jpg 2x\" media=\"(max-width: 715px)\" type=\"image\/jpeg\">\r\n<source data-image-size=\"hero_landing_medium_large\" srcset=\"https:\/\/www.radial.com\/wp-content\/uploads\/2022\/08\/09\/resources-aspect-ratio-3-2-1-960x640.jpg, https:\/\/www.radial.com\/wp-content\/uploads\/2022\/08\/09\/resources-aspect-ratio-3-2-1-1920x1280.jpg 2x\" media=\"(max-width: 1023px)\" type=\"image\/jpeg\">\r\n<source data-image-size=\"hero_landing_large\" srcset=\"https:\/\/www.radial.com\/wp-content\/uploads\/2022\/08\/09\/resources-aspect-ratio-22-25-704x800.jpg, https:\/\/www.radial.com\/wp-content\/uploads\/2022\/08\/09\/resources-aspect-ratio-22-25-1408x1600.jpg 2x\" media=\"(max-width: 1440px)\" type=\"image\/jpeg\">\r\n<source data-image-size=\"hero_landing_huge\" srcset=\"https:\/\/www.radial.com\/wp-content\/uploads\/2022\/08\/09\/resources-aspect-ratio-22-25-946x1075.jpg\" type=\"image\/jpeg\">\r\n<img decoding=\"async\" alt=\"\" src=\"https:\/\/www.radial.com\/wp-content\/uploads\/2022\/08\/09\/resources-aspect-ratio-22-25-704x800.jpg\">\r\n<\/picture>\t\t<\/div>\n\t<\/div>\n<\/div>\n\n<\/div>\n\n\n<div class=\"landing-page-block-area\">\n\t\n\n\n<section class=\"featured-insight-block light\">\n\t<div class=\"featured-insight-block__inner\">\n\t\t\n\t\t\t\n\t\t\t<div class=\"featured-insight-block__image light\">\n\t\t\t\t<picture>\r\n<source data-image-size=\"featured_insight_small\" srcset=\"https:\/\/www.radial.com\/wp-content\/uploads\/2025\/10\/02\/product-packing-2-390x260.jpg, https:\/\/www.radial.com\/wp-content\/uploads\/2025\/10\/02\/product-packing-2-780x520.jpg 2x\" media=\"(max-width: 390px)\" type=\"image\/jpeg\">\r\n<source data-image-size=\"featured_insight_large\" srcset=\"https:\/\/www.radial.com\/wp-content\/uploads\/2025\/10\/02\/product-packing-2-696x464.jpg, https:\/\/www.radial.com\/wp-content\/uploads\/2025\/10\/02\/product-packing-2-1392x928.jpg 2x\" media=\"(max-width: 1440px)\" type=\"image\/jpeg\">\r\n<source data-image-size=\"featured_insight_huge\" srcset=\"https:\/\/www.radial.com\/wp-content\/uploads\/2025\/10\/02\/product-packing-2-978x652.jpg, https:\/\/www.radial.com\/wp-content\/uploads\/2025\/10\/02\/product-packing-2-1956x1304.jpg 2x\" type=\"image\/jpeg\">\r\n<img decoding=\"async\" alt=\"\" src=\"https:\/\/www.radial.com\/wp-content\/uploads\/2025\/10\/02\/product-packing-2-696x464.jpg\" loading=\"lazy\">\r\n<\/picture>\t\t\t<\/div>\n\n\t\t\t<div class=\"featured-insight-block__right\">\n\n\t\t\t\t\t\t\t\t\t<div class=\"featured-insight-block__type\">\n\t\t\t\t\t\t\t\t\t\t\t\t\tBlogeintrag\t\t\t\t\t\t\t\t\t\t\t\t\t\t\t\t\t\t\t<span class=\"featured-insight-block__dot light\"><\/span>\n\t\t\t\t\t\t\t\t\t\t\t\t\t\t\t\t\t\t\tOctober 21, 2025\t\t\t\t\t\t          <\/div>\n\t\t\t\t\n\t\t\t\t<h2 class=\"featured-insight-block__title\"><a href=\"https:\/\/www.radial.com\/de\/insights\/skalierung-von-beauty-marken-durch-intelligente-fulfillment-loesungen\" title=\"Skalierung von Beauty-Marken durch intelligente Fulfillment-L\u00f6sungen\">Skalierung von Beauty-Marken durch intelligente Fulfillment-L\u00f6sungen<\/a><\/h2>\n\n\t\t\t\t<div class=\"featured-insight-block__summary\">\n\t\t\t\t\t\t\t\t\t\t\t<article class=\"text-token-text-primary w-full focus:outline-none scroll-mt-[calc(var(--header-height)+min(200px,max(70px,20svh)))]\" dir=\"auto\" data-turn-id=\"request-WEB:f58e84f6-b1fb-4eba-a405-71b349e3565c-17\" data-testid=\"conversation-turn-36\" data-scroll-anchor=\"true\" data-turn=\"assistant\">\n<div class=\"text-base my-auto mx-auto pb-10 [--thread-content-margin:--spacing(4)] thread-sm:[--thread-content-margin:--spacing(6)] thread-lg:[--thread-content-margin:--spacing(16)] px-(--thread-content-margin)\">\n<div class=\"[--thread-content-max-width:40rem] thread-lg:[--thread-content-max-width:48rem] mx-auto max-w-(--thread-content-max-width) flex-1 group\/turn-messages focus-visible:outline-hidden relative flex w-full min-w-0 flex-col agent-turn\">\n<div class=\"flex max-w-full flex-col grow\">\n<div class=\"min-h-8 text-message relative flex w-full flex-col items-end gap-2 text-start break-words whitespace-normal [.text-message+&amp;]:mt-5\" dir=\"auto\" data-message-author-role=\"assistant\" data-message-id=\"dbb8f1d1-df4c-4c68-a2c3-f5ae8aa34a10\" data-message-model-slug=\"gpt-5\">\n<div class=\"flex w-full flex-col gap-1 empty:hidden first:pt-[1px]\">\n<div class=\"markdown prose dark:prose-invert w-full break-words light markdown-new-styling\">\n<p data-start=\"0\" data-end=\"376\" data-is-last-node=\"\" data-is-only-node=\"\">Die Beauty-Branche erlebt ein rasantes E-Commerce-Wachstum: Bis 2029 sollen die Online-Ums\u00e4tze 338,9 Milliarden US-Dollar erreichen. Dieses Wachstum bringt neue Fulfillment-Herausforderungen mit sich \u2013 von komplexen SKU-Strukturen und saisonaler Volatilit\u00e4t \u00fcber hohe Retourenquoten und empfindliche Produkte bis hin zur steigenden Nachfrage nach personalisierten Erlebnissen.<\/p>\n<\/div>\n<\/div>\n<\/div>\n<\/div>\n<\/div>\n<\/div>\n<\/article>\n\t\t\t\t\t\t\t\t\t<\/div>\n\n\t\t\t\t<a class=\"link-button featured-insight-block__cta light\"\n\t\t\t\ttitle=\"Skalierung von Beauty-Marken durch intelligente Fulfillment-L\u00f6sungen\"\n\t\t\t\thref=\"https:\/\/www.radial.com\/de\/insights\/skalierung-von-beauty-marken-durch-intelligente-fulfillment-loesungen\">\n\t\t\t\t\tLEARN MORE<svg width=\"12\" height=\"8\" viewBox=\"0 0 12 8\" fill=\"none\" xmlns=\"http:\/\/www.w3.org\/2000\/svg\">\n<path d=\"M11.3536 4.35355C11.5488 4.15829 11.5488 3.84171 11.3536 3.64645L8.17157 0.464467C7.97631 0.269205 7.65973 0.269205 7.46447 0.464467C7.2692 0.659729 7.2692 0.976311 7.46447 1.17157L10.2929 4L7.46447 6.82843C7.2692 7.02369 7.2692 7.34027 7.46447 7.53553C7.65973 7.7308 7.97631 7.7308 8.17157 7.53553L11.3536 4.35355ZM-4.37114e-08 4.5L11 4.5L11 3.5L4.37114e-08 3.5L-4.37114e-08 4.5Z\" fill=\"#171F27\"\/>\n<\/svg>\n\t\t\t\t<\/a>\n\n\t\t\t<\/div>\n\n\t\t\t<\/div>\n<\/section>\n\n\n\n<div class=\"switchback-block left\">\n\t\t\t\t\t\t\t\t\t            <div class=\"switchback-block__outer dark\">\n                <div class=\"switchback-block__inner\">\n                    <div class=\"switchback-block__left animate\">\n\t\t\t\t\t\t\t\t\t\t\t\t\t<picture>\r\n<source data-image-size=\"switchback_small\" srcset=\"https:\/\/www.radial.com\/wp-content\/uploads\/2022\/08\/09\/resources-insights-aspect-ratio-1-1-350x350.jpg, https:\/\/www.radial.com\/wp-content\/uploads\/2022\/08\/09\/resources-insights-aspect-ratio-1-1-700x700.jpg 2x\" media=\"(max-width: 1280px)\" type=\"image\/jpeg\">\r\n<source data-image-size=\"switchback_large\" srcset=\"https:\/\/www.radial.com\/wp-content\/uploads\/2022\/08\/09\/resources-insights-aspect-ratio-1-1-518x518.jpg, https:\/\/www.radial.com\/wp-content\/uploads\/2022\/08\/09\/resources-insights-aspect-ratio-1-1-1036x1036.jpg 2x\" type=\"image\/jpeg\">\r\n<img decoding=\"async\" alt=\"\" src=\"https:\/\/www.radial.com\/wp-content\/uploads\/2022\/08\/09\/resources-insights-aspect-ratio-1-1-518x518.jpg\" loading=\"lazy\">\r\n<\/picture>\t\t\t\t\t\t                    <\/div>\n\n                    <div class=\"switchback-block__right animate\">\n\t\t\t\t\t\t\t\t\t\t\t\t                            <h2 class=\"switchback-block__title\">Einblicke<\/h2>\n\t\t\t\t\t\t\t\t\t\t\t\t\t\t\t\t\t\t                            <div class=\"switchback-block__summary paragraph-block\"><p><span class=\"NormalTextRun SCXW4700146 BCX0\"> Sei der Konkurrenz mit Einblicken einen Schritt voraus, umsetzbaren Anleitungen und praktischen Tipps f\u00fcr dein eCommerce-Gesch\u00e4ft. Zu den Themen geh\u00f6ren Gesch\u00e4ftsstrategie, Kundenbetreuung,<\/span><span class=\"NormalTextRun SCXW4700146 BCX0\"> Planung der Hochsaison und vieles mehr.<\/span><\/p>\n<\/div>\n\t\t\t\t\t\t\n\t\t\t\t\t\t                            <div class=\"switchback-block__cta-container\">\n\t\t\t\t\t\t\t\t\t\t\t\t\t\t\t\t\t\t\t\t\t\t\t\t\t\t\t<a class=\"switchback-block__cta button-primary light-b\" href=\"\/de\/einblicke\" target=\"_self\">Lies die neuesten Einblicke<\/a>\t\t\t\t\t\t\t\t\t\t\t\t\t\t\t\t\t                            <\/div>\n\t\t\t\t\t\t                    <\/div>\n                <\/div>\n            <\/div>\n\t\t\t<\/div>\n\n\n<div class=\"switchback-block right\">\n\t\t\t\t\t\t\t\t\t            <div class=\"switchback-block__outer light\">\n                <div class=\"switchback-block__inner\">\n                    <div class=\"switchback-block__left animate\">\n\t\t\t\t\t\t\t\t\t\t\t\t\t<picture>\r\n<source data-image-size=\"switchback_small\" srcset=\"https:\/\/www.radial.com\/wp-content\/uploads\/resources-case-studies-aspect-ratio-1-1-350x350.jpg, https:\/\/www.radial.com\/wp-content\/uploads\/resources-case-studies-aspect-ratio-1-1-700x700.jpg 2x\" media=\"(max-width: 1280px)\" type=\"image\/jpeg\">\r\n<source data-image-size=\"switchback_large\" srcset=\"https:\/\/www.radial.com\/wp-content\/uploads\/resources-case-studies-aspect-ratio-1-1-518x518.jpg, https:\/\/www.radial.com\/wp-content\/uploads\/resources-case-studies-aspect-ratio-1-1-1036x1036.jpg 2x\" type=\"image\/jpeg\">\r\n<img decoding=\"async\" alt=\"\" src=\"https:\/\/www.radial.com\/wp-content\/uploads\/resources-case-studies-aspect-ratio-1-1-518x518.jpg\" loading=\"lazy\">\r\n<\/picture>\t\t\t\t\t\t                    <\/div>\n\n                    <div class=\"switchback-block__right animate\">\n\t\t\t\t\t\t\t\t\t\t\t\t                            <h2 class=\"switchback-block__title\">Fallstudien <\/h2>\n\t\t\t\t\t\t\t\t\t\t\t\t\t\t\t\t\t\t                            <div class=\"switchback-block__summary paragraph-block\"><p><span class=\"TextRun SCXW112117861 BCX0\" lang=\"DE-DE\" xml:lang=\"DE-DE\" data-contrast=\"auto\"><span class=\"NormalTextRun SCXW112117861 BCX0\">M\u00f6chten Sie sehen, wie andere eCommerce-F\u00fchrungskr\u00e4fte ihr Gesch\u00e4ft ausbauen? Erfahren Sie die Hintergrundgeschichte mit unseren ausf\u00fchrlichen Fallstudien von Kunden aus jeder Branche, einschlie\u00dflich Bekleidung, Accessoires, Schuhe und Gesundheit und <\/span><span class=\"NormalTextRun SCXW112117861 BCX0\">Beauty \/ Kosmetik<\/span><span class=\"NormalTextRun SCXW112117861 BCX0\">.<\/span><\/span><span class=\"EOP SCXW112117861 BCX0\" data-ccp-props=\"{&quot;201341983&quot;:0,&quot;335559739&quot;:160,&quot;335559740&quot;:259}\">\u00a0<\/span><\/p>\n<\/div>\n\t\t\t\t\t\t\n\t\t\t\t\t\t                            <div class=\"switchback-block__cta-container\">\n\t\t\t\t\t\t\t\t\t\t\t\t\t\t\t\t\t\t\t\t\t\t\t\t\t\t\t<a class=\"switchback-block__cta button-primary dark-b\" href=\"\/de\/why-radial\/fallstudien\" target=\"_self\">FALLSTUDIEN ERKUNDEN <\/a>\t\t\t\t\t\t\t\t\t\t\t\t\t\t\t\t\t                            <\/div>\n\t\t\t\t\t\t                    <\/div>\n                <\/div>\n            <\/div>\n\t\t\t<\/div>\n\n\n\n<div class=\"info-cta\">\n    <div class=\"info-cta__inner\">\n        <div class=\"info-cta__left\">\n            <div class=\"info-cta__summary\">\n\t\t\t\t\t\t\t\t\t<p><span class=\"TextRun SCXW203279164 BCX0\" lang=\"DE-DE\" xml:lang=\"DE-DE\" data-contrast=\"auto\"><span class=\"NormalTextRun SCXW203279164 BCX0\">Kontakt aufnehmen<\/span><\/span><\/p>\n\t\t\t\t            <\/div>\n        <\/div>\n\n                    <div class=\"info-cta__right\">\n                <a class=\"info-cta__cta button-primary light\" \n                href=\" https:\/\/www.radial.com\/de\/kontakt \"\n                    >\n                                            Sprich mit einem Experten                                    <\/a>\n            <\/div>\n            <\/div>\n<\/div>\n\n<\/div>\n<\/div>\n<\/div>","protected":false},"excerpt":{"rendered":"","protected":false},"author":1,"featured_media":33589,"parent":0,"menu_order":0,"comment_status":"closed","ping_status":"closed","template":"","meta":{"_acf_changed":false,"inline_featured_image":false,"footnotes":""},"class_list":["post-33556","page","type-page","status-publish","has-post-thumbnail","hentry"],"acf":[],"_links":{"self":[{"href":"https:\/\/www.radial.com\/de\/wp-json\/wp\/v2\/pages\/33556","targetHints":{"allow":["GET"]}}],"collection":[{"href":"https:\/\/www.radial.com\/de\/wp-json\/wp\/v2\/pages"}],"about":[{"href":"https:\/\/www.radial.com\/de\/wp-json\/wp\/v2\/types\/page"}],"author":[{"embeddable":true,"href":"https:\/\/www.radial.com\/de\/wp-json\/wp\/v2\/users\/1"}],"replies":[{"embeddable":true,"href":"https:\/\/www.radial.com\/de\/wp-json\/wp\/v2\/comments?post=33556"}],"version-history":[{"count":17,"href":"https:\/\/www.radial.com\/de\/wp-json\/wp\/v2\/pages\/33556\/revisions"}],"predecessor-version":[{"id":65467,"href":"https:\/\/www.radial.com\/de\/wp-json\/wp\/v2\/pages\/33556\/revisions\/65467"}],"wp:featuredmedia":[{"embeddable":true,"href":"https:\/\/www.radial.com\/de\/wp-json\/wp\/v2\/media\/33589"}],"wp:attachment":[{"href":"https:\/\/www.radial.com\/de\/wp-json\/wp\/v2\/media?parent=33556"}],"curies":[{"name":"wp","href":"https:\/\/api.w.org\/{rel}","templated":true}]}}