{"id":30669,"date":"2022-05-25T11:04:31","date_gmt":"2022-05-25T15:04:31","guid":{"rendered":"https:\/\/www.radial.com\/karrieren\/values-sustainability"},"modified":"2025-12-09T06:12:37","modified_gmt":"2025-12-09T11:12:37","slug":"werte-nachhaltigkeit","status":"publish","type":"page","link":"https:\/\/www.radial.com\/de\/why-radial\/werte-nachhaltigkeit","title":{"rendered":"Werte &#038; Nachhaltigkeit\u00a0"},"content":{"rendered":"\n<div class=\"page-wrapper\">\n\t\n\n<div class=\"landing-page\">\n\t\n\n<div class=\"landing-page-hero-area\" id=\"landing-page-hero-area\">\n\t\n\n\n<div class=\"hero-landing-block\">\n\t<div class=\"hero-landing-block__inner\">\n\t\t<div class=\"hero-landing-block__info\">\n\t\t\t<div class=\"hero-landing-block__info--inner\">\n\t\t\t<h1 class=\"hero-landing-block__title\">Unser Auftrag, unsere Werte und unsere Initiativen\u00a0<\/h1>\n            \t\t\t\t\t\t\t<div class=\"hero-landing-block__summary\">\n\t\t\t\t\t<p><span class=\"NormalTextRun SCXW204848861 BCX0\">Wir glauben daran, dass die Menschen an erster Stelle stehen und wir die Welt und unsere Gemeinschaften besser hinterlassen sollten, als wir sie vorgefunden haben. So werden wir unseren Werten gere<\/span><span class=\"NormalTextRun SCXW204848861 BCX0\">cht.<\/span><\/p>\n\t\t\t\t<\/div>\n\t\t\t\t\t\t\t\t\t\t<a class=\"hero-landing-block__cta button-primary light\" href=\"https:\/\/radial.my.salesforce-sites.com\/careers\" target=\"_self\">Werde Teil unseres Teams<\/a>\t\t\t\t\t\t<\/div>\n\t\t<\/div>\n\t\t<div class=\"hero-landing-block__image\">\n\t\t\t<picture>\r\n<source data-image-size=\"hero_landing_small\" srcset=\"https:\/\/www.radial.com\/wp-content\/uploads\/2022\/06\/30\/values-sustainability-342x228.jpg, https:\/\/www.radial.com\/wp-content\/uploads\/2022\/06\/30\/values-sustainability-684x456.jpg 2x\" media=\"(max-width: 350px)\" type=\"image\/jpeg\">\r\n<source data-image-size=\"hero_landing_medium\" srcset=\"https:\/\/www.radial.com\/wp-content\/uploads\/2022\/06\/30\/values-sustainability-705x470.jpg, https:\/\/www.radial.com\/wp-content\/uploads\/2022\/06\/30\/values-sustainability-1410x940.jpg 2x\" media=\"(max-width: 715px)\" type=\"image\/jpeg\">\r\n<source data-image-size=\"hero_landing_medium_large\" srcset=\"https:\/\/www.radial.com\/wp-content\/uploads\/2022\/06\/30\/values-sustainability-960x640.jpg, https:\/\/www.radial.com\/wp-content\/uploads\/2022\/06\/30\/values-sustainability-1920x1280.jpg 2x\" media=\"(max-width: 1023px)\" type=\"image\/jpeg\">\r\n<source data-image-size=\"hero_landing_large\" srcset=\"https:\/\/www.radial.com\/wp-content\/uploads\/2022\/08\/09\/values-sustainability-aspect-ratio-22-25-704x800.jpg, https:\/\/www.radial.com\/wp-content\/uploads\/2022\/08\/09\/values-sustainability-aspect-ratio-22-25-1408x1600.jpg 2x\" media=\"(max-width: 1440px)\" type=\"image\/jpeg\">\r\n<source data-image-size=\"hero_landing_huge\" srcset=\"https:\/\/www.radial.com\/wp-content\/uploads\/2022\/08\/09\/values-sustainability-aspect-ratio-22-25-946x1075.jpg\" type=\"image\/jpeg\">\r\n<img decoding=\"async\" alt=\"\" src=\"https:\/\/www.radial.com\/wp-content\/uploads\/2022\/08\/09\/values-sustainability-aspect-ratio-22-25-704x800.jpg\">\r\n<\/picture>\t\t<\/div>\n\t<\/div>\n<\/div>\n\n<\/div>\n\n\n<div class=\"landing-page-block-area\">\n\t\n\n<section class=\"featured-highlight-block featured-highlight\" is=\"featured-highlight-block\">\n    <header class=\"featured-highlight__header animate\">\n\t                <span class=\"featured-highlight__subtitle\">\n\t\t\tMission &amp; Werte\t\t<\/span>\n\t    \t                <h2 class=\"featured-highlight__title\">Unser Auftrag<\/h2>\n\t    \t                <div class=\"featured-highlight__summary\">\n\t\t\t    <p><span class=\"TextRun SCXW201827888 BCX0\" lang=\"DE-DE\" xml:lang=\"DE-DE\" data-contrast=\"auto\"><span class=\"NormalTextRun SCXW201827888 BCX0\">Wir bei Radial haben es uns zur Aufgabe gemacht, unseren Kunden im E-Commerce zum Erfolg zu verhelfen, indem wir mit der Kraft unserer Mitarbeiter und unserer Technologie Werte erschaffen.<\/span><\/span><\/p>\n            <\/div>\n\t        <\/header>\n\t<div class=\"featured-highlight__inner\">\n\t\t\t\t\t<div class=\"featured-highlight__image animate\">\n\t\t\t\t<picture>\r\n<source data-image-size=\"featured_highlight_landscape_small\" srcset=\"https:\/\/www.radial.com\/wp-content\/uploads\/2022\/07\/06\/values-sustainability-mission-values-342x228.jpg, https:\/\/www.radial.com\/wp-content\/uploads\/2022\/07\/06\/values-sustainability-mission-values-684x456.jpg 2x\" media=\"(max-width: 370px)\" type=\"image\/jpeg\">\r\n<source data-image-size=\"featured_highlight_landscape_medium\" srcset=\"https:\/\/www.radial.com\/wp-content\/uploads\/2022\/07\/06\/values-sustainability-mission-values-690x460.jpg, https:\/\/www.radial.com\/wp-content\/uploads\/2022\/07\/06\/values-sustainability-mission-values-1380x920.jpg 2x\" media=\"(max-width: 700px)\" type=\"image\/jpeg\">\r\n<source data-image-size=\"featured_highlight_landscape_large\" srcset=\"https:\/\/www.radial.com\/wp-content\/uploads\/2022\/07\/06\/values-sustainability-mission-values-990x660.jpg, https:\/\/www.radial.com\/wp-content\/uploads\/2022\/07\/06\/values-sustainability-mission-values-1980x1320.jpg 2x\" media=\"(max-width: 1023px)\" type=\"image\/jpeg\">\r\n<source data-image-size=\"featured_highlight_portrait_large\" srcset=\"https:\/\/www.radial.com\/wp-content\/uploads\/2022\/08\/09\/values-sustainability-mission-values-aspect-ratio-469-646-469x646.jpg, https:\/\/www.radial.com\/wp-content\/uploads\/2022\/08\/09\/values-sustainability-mission-values-aspect-ratio-469-646-938x1292.jpg 2x\" type=\"image\/jpeg\">\r\n<img decoding=\"async\" alt=\"\" src=\"https:\/\/www.radial.com\/wp-content\/uploads\/2022\/08\/09\/values-sustainability-mission-values-aspect-ratio-469-646-469x646.jpg\" loading=\"lazy\">\r\n<\/picture>\t\t\t<\/div>\n\t\t\t\t\t\t\t<div class=\"featured-highlight__container animate\">\n\t\t\t\t\t\t\t\t\t\t\t\t\t\t\t\t\t\t\t\t\t\t<div class=\"featured-highlight__element\">\n\t\t\t\t\t\t\t\t\t\t\t\t\t\t\t\t\t<h3 class=\"featured-highlight__element-heading\">\n\t\t\t\t\t\t\t\t\t\t\t\t\t\t\t\t\t\t\t\t\t\t\t\t\t\t\t\t\t\t<span>\n\t\t\t\t\t\t\t\t\t\t\tNeugier\t\t\t\t\t\t\t\t\t\t<\/span>\n\t\t\t\t\t\t\t\t\t<\/h3>\n\t\t\t\t\t\t\t\t\t\t\t\t\t\t\t\t\t\t\t\t\t\t\t\t\t<div class=\"featured-highlight__content\">\n\t\t\t\t\t\t\t\t\t\t<p><span class=\"NormalTextRun SCXW198503947 BCX0\">Wir glauben, dass Neugier die Grundlage f\u00fc<\/span><span class=\"NormalTextRun SCXW198503947 BCX0\">r Innovation ist. Wir f\u00f6rdern die Neugier jeden Tag, indem wir kreative Ideen, offene Diskussionen und Weiterbildungen unterst\u00fctzen.\u00a0<\/span><\/p>\n\t\t\t\t\t\t\t\t\t<\/div>\n\t\t\t\t\t\t\t\t\n\t\t\t\t\t\t\t\t\t\t\t\t\t\t\t<\/div>\n\t\t\t\t\t\t\t\t\t\t\t\t\t\t\t\t\t\t\t\t\t\t\t\t\t\t\t\t\t\t\t\t\t\t<div class=\"featured-highlight__element\">\n\t\t\t\t\t\t\t\t\t\t\t\t\t\t\t\t\t<h3 class=\"featured-highlight__element-heading\">\n\t\t\t\t\t\t\t\t\t\t\t\t\t\t\t\t\t\t\t\t\t\t\t\t\t\t\t\t\t\t<span>\n\t\t\t\t\t\t\t\t\t\t\tZusammenarbeit\t\t\t\t\t\t\t\t\t\t<\/span>\n\t\t\t\t\t\t\t\t\t<\/h3>\n\t\t\t\t\t\t\t\t\t\t\t\t\t\t\t\t\t\t\t\t\t\t\t\t\t<div class=\"featured-highlight__content\">\n\t\t\t\t\t\t\t\t\t\t<p><span class=\"NormalTextRun SCXW116173465 BCX0\">Wir wissen, dass wir unsere beste Arbeit gemeinsam machen, in einem Umfeld, in dem jeder ge<\/span><span class=\"NormalTextRun SCXW116173465 BCX0\">h\u00f6rt wird. Teamarbeit ist die Grundlage f\u00fcr unseren Erfolg.<\/span><\/p>\n\t\t\t\t\t\t\t\t\t<\/div>\n\t\t\t\t\t\t\t\t\n\t\t\t\t\t\t\t\t\t\t\t\t\t\t\t<\/div>\n\t\t\t\t\t\t\t\t\t\t\t\t\t\t\t\t\t\t\t\t\t\t\t\t\t\t\t\t\t\t\t\t\t\t<div class=\"featured-highlight__element\">\n\t\t\t\t\t\t\t\t\t\t\t\t\t\t\t\t\t<h3 class=\"featured-highlight__element-heading\">\n\t\t\t\t\t\t\t\t\t\t\t\t\t\t\t\t\t\t\t\t\t\t\t\t\t\t\t\t\t\t<span>\n\t\t\t\t\t\t\t\t\t\t\tLeidenschaft\t\t\t\t\t\t\t\t\t\t<\/span>\n\t\t\t\t\t\t\t\t\t<\/h3>\n\t\t\t\t\t\t\t\t\t\t\t\t\t\t\t\t\t\t\t\t\t\t\t\t\t<div class=\"featured-highlight__content\">\n\t\t\t\t\t\t\t\t\t\t<p><span class=\"TextRun SCXW105374690 BCX0\" lang=\"DE-DE\" xml:lang=\"DE-DE\" data-contrast=\"auto\"><span class=\"NormalTextRun SCXW105374690 BCX0\">Unsere Mitarbeiter sind jeden Tag mit Leidenschaft und Hingabe bei der Arbeit. Das ist ein Teil dessen, was uns unterscheidet.\u00a0<\/span><\/span><\/p>\n\t\t\t\t\t\t\t\t\t<\/div>\n\t\t\t\t\t\t\t\t\n\t\t\t\t\t\t\t\t\t\t\t\t\t\t\t<\/div>\n\t\t\t\t\t\t\t\t\t\t\t\t\t\t\t\t\t\t\t\t\t\t\t\t\t\t\t\t\t\t\t\t\t\t<div class=\"featured-highlight__element\">\n\t\t\t\t\t\t\t\t\t\t\t\t\t\t\t\t\t<h3 class=\"featured-highlight__element-heading\">\n\t\t\t\t\t\t\t\t\t\t\t\t\t\t\t\t\t\t\t\t\t\t\t\t\t\t\t\t\t\t<span>\n\t\t\t\t\t\t\t\t\t\t\tRespekt\t\t\t\t\t\t\t\t\t\t<\/span>\n\t\t\t\t\t\t\t\t\t<\/h3>\n\t\t\t\t\t\t\t\t\t\t\t\t\t\t\t\t\t\t\t\t\t\t\t\t\t<div class=\"featured-highlight__content\">\n\t\t\t\t\t\t\t\t\t\t<p><span class=\"NormalTextRun SCXW40952574 BCX0\">Wir legen Wert auf Respekt, basta. Das bedeutet, dass wir die Ideen, Unterschiede, Werte, Hintergr\u00fcnde <\/span><span class=\"NormalTextRun SCXW40952574 BCX0\">und einzigartigen Perspektiven der anderen respektieren. Immer.\u00a0<\/span><\/p>\n\t\t\t\t\t\t\t\t\t<\/div>\n\t\t\t\t\t\t\t\t\n\t\t\t\t\t\t\t\t\t\t\t\t\t\t\t<\/div>\n\t\t\t\t\t\t\t\t\t\t\t\t\t\t\t\t\t\t\t\t\t\t\t\t\t\t\t\t\t\t\t\t\t\t<div class=\"featured-highlight__element\">\n\t\t\t\t\t\t\t\t\t\t\t\t\t\t\t\t\t<h3 class=\"featured-highlight__element-heading\">\n\t\t\t\t\t\t\t\t\t\t\t\t\t\t\t\t\t\t\t\t\t\t\t\t\t\t\t\t\t\t<span>\n\t\t\t\t\t\t\t\t\t\t\tSpa\u00df\t\t\t\t\t\t\t\t\t\t<\/span>\n\t\t\t\t\t\t\t\t\t<\/h3>\n\t\t\t\t\t\t\t\t\t\t\t\t\t\t\t\t\t\t\t\t\t\t\t\t\t<div class=\"featured-highlight__content\">\n\t\t\t\t\t\t\t\t\t\t<p><span class=\"NormalTextRun SCXW156989913 BCX0\">Wir leisten ernsthafte Arbeit und haben dabei eine Menge Spa\u00df. Unser Unternehmen floriert, wenn unsere Kultur es tut, und das bedeutet, dass wir gerne dort arbeiten, wo w<\/span><span class=\"NormalTextRun SCXW156989913 BCX0\">ir sind.\u00a0<\/span><\/p>\n\t\t\t\t\t\t\t\t\t<\/div>\n\t\t\t\t\t\t\t\t\n\t\t\t\t\t\t\t\t\t\t\t\t\t\t\t<\/div>\n\t\t\t\t\t\t\t\t\t\t\t\t\t\t\t\t\t\t\t<\/div>\n\t\t\t<\/div>\n<\/section>\n\n\n<div class=\"switchback-block left\">\n\t\t\t\t\t\t\t\t\t            <div class=\"switchback-block__outer dark\">\n                <div class=\"switchback-block__inner\">\n                    <div class=\"switchback-block__left animate\">\n\t\t\t\t\t\t\t\t\t\t\t\t\t<picture>\r\n<source data-image-size=\"switchback_small\" srcset=\"https:\/\/www.radial.com\/wp-content\/uploads\/2022\/08\/09\/values-sustainabilty-employee-wellbeing-aspect-ratio-1-1-350x350.jpg, https:\/\/www.radial.com\/wp-content\/uploads\/2022\/08\/09\/values-sustainabilty-employee-wellbeing-aspect-ratio-1-1-700x700.jpg 2x\" media=\"(max-width: 1280px)\" type=\"image\/jpeg\">\r\n<source data-image-size=\"switchback_large\" srcset=\"https:\/\/www.radial.com\/wp-content\/uploads\/2022\/08\/09\/values-sustainabilty-employee-wellbeing-aspect-ratio-1-1-518x518.jpg, https:\/\/www.radial.com\/wp-content\/uploads\/2022\/08\/09\/values-sustainabilty-employee-wellbeing-aspect-ratio-1-1-1036x1036.jpg 2x\" type=\"image\/jpeg\">\r\n<img decoding=\"async\" alt=\"\" src=\"https:\/\/www.radial.com\/wp-content\/uploads\/2022\/08\/09\/values-sustainabilty-employee-wellbeing-aspect-ratio-1-1-518x518.jpg\" loading=\"lazy\">\r\n<\/picture>\t\t\t\t\t\t                    <\/div>\n\n                    <div class=\"switchback-block__right animate\">\n\t\t\t\t\t\t                            <label class=\"switchback-block__eyebrow\">Wohlbefinden der Besch\u00e4ftigten<\/label>\n\t\t\t\t\t\t\t\t\t\t\t\t                            <h2 class=\"switchback-block__title\">Gesundheit und Sicherheit f\u00fcr alle bei Radial<\/h2>\n\t\t\t\t\t\t\t\t\t\t\t\t\t\t\t\t\t\t                            <div class=\"switchback-block__summary paragraph-block\"><p><span class=\"NormalTextRun SCXW109045815 BCX0\">Die Gesundheit und Sicherheit der Besch\u00e4ftigten ist eine unserer obersten Priorit\u00e4ten. Wir setzen weiterhin die h\u00f6chsten Sicherheitsverfahren ein, um die Gesundheit, die Sicherheit und das Wohlbefinden aller Besch\u00e4ftigten zu gew\u00e4hrleisten &#8211; einschlie\u00dflich<\/span><span class=\"NormalTextRun SCXW109045815 BCX0\"> K\u00f6rper, Geist und Seele. Wir sind bestrebt, die Sicherheitsma\u00dfnahmen in unseren Lagerh\u00e4usern zu bewerten und zu verbessern und uns schnell an lokale und nationale Gesundheitsempfehlungen anzupassen. Die Besch\u00e4ftigten werden au\u00dferdem durch umfassende Gesun<\/span><span class=\"NormalTextRun SCXW109045815 BCX0\">dheitsleistungen sowie gro\u00dfz\u00fcgige bezahlte Freistellungen und Elternzeit unterst\u00fctzt.<\/span><\/p>\n<\/div>\n\t\t\t\t\t\t\n\t\t\t\t\t\t                    <\/div>\n                <\/div>\n            <\/div>\n\t\t\t\t\t\t\t\t            <div class=\"switchback-block__outer light\">\n                <div class=\"switchback-block__inner\">\n                    <div class=\"switchback-block__left animate\">\n\t\t\t\t\t\t\t\t\t\t\t\t\t<picture>\r\n<source data-image-size=\"switchback_small\" srcset=\"https:\/\/www.radial.com\/wp-content\/uploads\/2022\/09\/06\/values-sustainability-protecting-planet-aspect-ratio-1-1-350x350.jpg, https:\/\/www.radial.com\/wp-content\/uploads\/2022\/09\/06\/values-sustainability-protecting-planet-aspect-ratio-1-1-700x700.jpg 2x\" media=\"(max-width: 1280px)\" type=\"image\/jpeg\">\r\n<source data-image-size=\"switchback_large\" srcset=\"https:\/\/www.radial.com\/wp-content\/uploads\/2022\/09\/06\/values-sustainability-protecting-planet-aspect-ratio-1-1-518x518.jpg, https:\/\/www.radial.com\/wp-content\/uploads\/2022\/09\/06\/values-sustainability-protecting-planet-aspect-ratio-1-1-1036x1036.jpg 2x\" type=\"image\/jpeg\">\r\n<img decoding=\"async\" alt=\"\" src=\"https:\/\/www.radial.com\/wp-content\/uploads\/2022\/09\/06\/values-sustainability-protecting-planet-aspect-ratio-1-1-518x518.jpg\" loading=\"lazy\">\r\n<\/picture>\t\t\t\t\t\t                    <\/div>\n\n                    <div class=\"switchback-block__right animate\">\n\t\t\t\t\t\t                            <label class=\"switchback-block__eyebrow\">Nachhaltigkeit<\/label>\n\t\t\t\t\t\t\t\t\t\t\t\t                            <h2 class=\"switchback-block__title\">Unseren Planeten sch\u00fctzen<\/h2>\n\t\t\t\t\t\t\t\t\t\t\t\t\t\t\t\t\t\t                            <div class=\"switchback-block__summary paragraph-block\"><p><span class=\"NormalTextRun SCXW86278717 BCX0\">Als ein bnode <\/span><span class=\"NormalTextRun SCXW86278717 BCX0\">-Unternehmen engagiert sich Radial stark f\u00fcr <\/span><span class=\"NormalTextRun SCXW86278717 BCX0\">Nachhaltigkeit und Umweltschutz, wobei die Reduzierung unseres \u00f6kologischen Fu\u00dfabdrucks oberste Priorit\u00e4t hat. Durch unsere Umweltinitiativen arbeiten wir daran, die Kohlenstoffemissionen, den Energieverbrauch und das Abfallvolumen bei Radial und allen and<\/span><span class=\"NormalTextRun SCXW86278717 BCX0\">eren bnode <\/span><span class=\"NormalTextRun SCXW86278717 BCX0\">-Unternehmen zu reduzieren.<\/span><\/p>\n<\/div>\n\t\t\t\t\t\t\n\t\t\t\t\t\t                            <div class=\"switchback-block__cta-container\">\n\t\t\t\t\t\t\t\t\t\t\t\t\t\t\t\t\t\t\t\t\t\t\t\t\t\t\t<a class=\"switchback-block__cta button-primary dark-b\" href=\"https:\/\/bnode.com\/sustainability\/environmental-value\" target=\"_blank\">Erfahre mehr \u00fcber die Nachhaltigkeit von bnode<\/a>\t\t\t\t\t\t\t\t\t\t\t\t\t\t\t\t\t                            <\/div>\n\t\t\t\t\t\t                    <\/div>\n                <\/div>\n            <\/div>\n\t\t\t<\/div>\n\n\n<div class=\"switchback-block left\">\n\t\t\t\t\t\t\t\t\t            <div class=\"switchback-block__outer dark\">\n                <div class=\"switchback-block__inner\">\n                    <div class=\"switchback-block__left animate\">\n\t\t\t\t\t\t\t\t\t\t\t\t\t<picture>\r\n<source data-image-size=\"switchback_small\" srcset=\"https:\/\/www.radial.com\/wp-content\/uploads\/2022\/08\/09\/diversity-equity-inclusion-aspect-ratio-1-1-1-350x350.jpg, https:\/\/www.radial.com\/wp-content\/uploads\/2022\/08\/09\/diversity-equity-inclusion-aspect-ratio-1-1-1-700x700.jpg 2x\" media=\"(max-width: 1280px)\" type=\"image\/jpeg\">\r\n<source data-image-size=\"switchback_large\" srcset=\"https:\/\/www.radial.com\/wp-content\/uploads\/2022\/08\/09\/diversity-equity-inclusion-aspect-ratio-1-1-1-518x518.jpg, https:\/\/www.radial.com\/wp-content\/uploads\/2022\/08\/09\/diversity-equity-inclusion-aspect-ratio-1-1-1-1036x1036.jpg 2x\" type=\"image\/jpeg\">\r\n<img decoding=\"async\" alt=\"\" src=\"https:\/\/www.radial.com\/wp-content\/uploads\/2022\/08\/09\/diversity-equity-inclusion-aspect-ratio-1-1-1-518x518.jpg\" loading=\"lazy\">\r\n<\/picture>\t\t\t\t\t\t                    <\/div>\n\n                    <div class=\"switchback-block__right animate\">\n\t\t\t\t\t\t                            <label class=\"switchback-block__eyebrow\">Unsere Kultur<\/label>\n\t\t\t\t\t\t\t\t\t\t\t\t                            <h2 class=\"switchback-block__title\">Vielfalt, Gerechtigkeit und Inklusion<\/h2>\n\t\t\t\t\t\t\t\t\t\t\t\t\t\t\t\t\t\t                            <div class=\"switchback-block__summary paragraph-block\"><p><span class=\"NormalTextRun SCXW167819984 BCX0\">Als globale Marke sind wir bestrebt, unsere Bem\u00fchungen um Vielfalt, Gerechtigkeit und Inklusion kontinuierlich zu verbessern. Wir sind davon \u00fcberzeugt, dass eine vielf\u00e4ltige und inkludierte Belegschaft f\u00fcr unser<\/span><span class=\"NormalTextRun SCXW167819984 BCX0\">en Erfolg unerl\u00e4sslich ist, und das ist ein Wert, den wir leben und in den wir investieren. Erfahre mehr dar\u00fcber, wie wir eine Kultur der Inklusion pflegen.<\/span><\/p>\n<\/div>\n\t\t\t\t\t\t\n\t\t\t\t\t\t                            <div class=\"switchback-block__cta-container\">\n\t\t\t\t\t\t\t\t\t\t\t\t\t\t\t\t\t\t\t\t\t\t\t\t\t\t\t<a class=\"switchback-block__cta button-primary light-b\" href=\"\/de\/menschen\/vielfalt-gerechtigkeit-und-inklusion\" target=\"_self\">Unsere DE&amp;I-Verpflichtungen<\/a>\t\t\t\t\t\t\t\t\t\t\t\t\t\t\t\t\t                            <\/div>\n\t\t\t\t\t\t                    <\/div>\n                <\/div>\n            <\/div>\n\t\t\t<\/div>\n\n<div class=\"call-to-action-block animate light\" is=\"call-to-action-block\">\n\t<div class=\"call-to-action-block__inner\">\n\n\t\t<div class=\"call-to-action-block__left\">\n            <div class=\"inner animate\">\n\t                                <h2 class=\"call-to-action-block__title\">Arbeiten bei Radial<\/h2>\n\t            \n\t                                <h3 class=\"call-to-action-block__subtitle\">Sei ein Teil unserer Mission<\/h3>\n\t                        <\/div>\n\t\t<\/div>\n\n\t\t<div class=\"call-to-action-block__right\">\n            <div class=\"inner animate animate\">\n\t                                <div class=\"call-to-action-block__summary\">\n\t\t\t            <p><span class=\"NormalTextRun SCXW169702341 BCX0\">Werde Teil unseres wachsenden Teams aus engagierten, leidenschaftlichen Menschen, die unsere Werte teilen. Wir suche<\/span><span class=\"NormalTextRun SCXW169702341 BCX0\">n nach Talenten f\u00fcr eine Vielzahl von Aufgaben und freuen uns, neue Stimmen in unserem globalen Talentnetzwerk willkommen zu hei\u00dfen.\u00a0<\/span><\/p>\n                    <\/div>\n\t            \n\t                                <div class=\"call-to-action-block__cta\">\n\t\t\t            \t\t\t\t            <a class=\"button-primary dark-b\" href=\"https:\/\/radial.my.salesforce-sites.com\/careers\" target=\"_self\">Alle offenen Stellen<\/a>\t\t\t            \n                    <\/div>\n\t                        <\/div>\n\t\t<\/div>\n\t<\/div>\n<\/div>\n\n\n\n<div class=\"info-cta\">\n    <div class=\"info-cta__inner\">\n        <div class=\"info-cta__left\">\n            <div class=\"info-cta__summary\">\n\t\t\t\t\t\t\t\t\t<p><span class=\"TextRun SCXW129927458 BCX0\" lang=\"DE-DE\" xml:lang=\"DE-DE\" data-contrast=\"auto\"><span class=\"NormalTextRun SCXW129927458 BCX0\">Wir sind hier, um zu helfen.<\/span><\/span><\/p>\n\t\t\t\t            <\/div>\n        <\/div>\n\n                    <div class=\"info-cta__right\">\n                <a class=\"info-cta__cta button-primary light\" \n                href=\" https:\/\/www.radial.com\/de\/kontakt \"\n                    >\n                                            Kontakt aufnehmen                                    <\/a>\n            <\/div>\n            <\/div>\n<\/div>\n\n<\/div>\n<\/div>\n<\/div>","protected":false},"excerpt":{"rendered":"","protected":false},"author":1,"featured_media":0,"parent":28059,"menu_order":0,"comment_status":"closed","ping_status":"closed","template":"","meta":{"_acf_changed":false,"inline_featured_image":false,"footnotes":""},"class_list":["post-30669","page","type-page","status-publish","hentry"],"acf":[],"_links":{"self":[{"href":"https:\/\/www.radial.com\/de\/wp-json\/wp\/v2\/pages\/30669","targetHints":{"allow":["GET"]}}],"collection":[{"href":"https:\/\/www.radial.com\/de\/wp-json\/wp\/v2\/pages"}],"about":[{"href":"https:\/\/www.radial.com\/de\/wp-json\/wp\/v2\/types\/page"}],"author":[{"embeddable":true,"href":"https:\/\/www.radial.com\/de\/wp-json\/wp\/v2\/users\/1"}],"replies":[{"embeddable":true,"href":"https:\/\/www.radial.com\/de\/wp-json\/wp\/v2\/comments?post=30669"}],"version-history":[{"count":11,"href":"https:\/\/www.radial.com\/de\/wp-json\/wp\/v2\/pages\/30669\/revisions"}],"predecessor-version":[{"id":78792,"href":"https:\/\/www.radial.com\/de\/wp-json\/wp\/v2\/pages\/30669\/revisions\/78792"}],"up":[{"embeddable":true,"href":"https:\/\/www.radial.com\/de\/wp-json\/wp\/v2\/pages\/28059"}],"wp:attachment":[{"href":"https:\/\/www.radial.com\/de\/wp-json\/wp\/v2\/media?parent=30669"}],"curies":[{"name":"wp","href":"https:\/\/api.w.org\/{rel}","templated":true}]}}