{"id":30059,"date":"2022-06-28T16:04:07","date_gmt":"2022-06-28T20:04:07","guid":{"rendered":"https:\/\/www.radial.com\/uber-uns\/locations"},"modified":"2025-07-14T09:27:24","modified_gmt":"2025-07-14T13:27:24","slug":"locations","status":"publish","type":"page","link":"https:\/\/www.radial.com\/de\/why-radial\/standorte","title":{"rendered":"Standorte"},"content":{"rendered":"\n<div class=\"page-wrapper\">\n\t\n\n<div class=\"interior-page\">\n\t\n\n\n<div class=\"interior-hero\">\n\t<div class=\"interior-hero__inner\">\n\t\t\t\t\t<h1 class=\"interior-hero__title\">Standorte<\/h1>\n\t\t\t\t\t<\/div>\n<\/div>\n\n\n<div class=\"interior-page-block-area\">\n\t\n\n\n<section class=\"map-block\" data-has-above-text=\"false\">\n\t<div class=\"map-block__inner\">\n\n\t\n\t\n\t\t\n\t\t\n\t<div class=\"map-block__map-area  no-sidebar \">\n\n\t\t<article class=\"map-block__map\">\n\t\t\t\t\t\t\t<div class=\"map_wrapper\" id=\"map_wrapper_29788\">\n<div class=\"map_box\" style=\"max-width:2000px\">\n<div class=\"map_aspect_ratio\" style=\"padding-top:56%\" data-padding-top=\"56%\" data-padding-top-mobile=\"0%\">\n<div class=\"map_container\">\n<div class=\"map_render map_loading\" id=\"map_29788\"><\/div>\n<\/div>\n<\/div>\n<\/div>\n<\/div>\t\t\t\t\t\t\t\t\t<\/article>\n\n\t\t\n\t<\/div>\n\n\t\n\t\t\n\t\t<section class=\"map-block__below\">\n\n\t\t\t\t\t\t\t<h3 class=\"map-block__below-heading\">Standorte in Europa<\/h3>\n\t\t\t\n\t\t\t\t\t\t\t<ul class=\"map-block__below-items\">\n\t\t\t\t\t\t\t\t\t\t\t\t\t\t\t\t\t\t<li class=\"map-block__below-item\">\n\t\t\t\t\t\t\t\t<p><a href=\"https:\/\/www.radial.com\/de\/halle\"><strong>Halle Fulfillment Center<\/strong><\/a><br \/>\nSiriusstrasse 3<br \/>\nHalle (Saale), 06116<br \/>\nDeutschland<\/p>\n\t\t\t\t\t\t\t<\/li>\n\t\t\t\t\t\t\t\t\t\t\t\t\t\t\t\t\t\t\t\t\t\t\t\t<li class=\"map-block__below-item\">\n\t\t\t\t\t\t\t\t<p><strong>Fulfillment Center<\/strong><br \/>\nHeinrich-Hertz-Stra\u00dfe 47<br \/>\nKassel, 34123<br \/>\nDeutschland<\/p>\n\t\t\t\t\t\t\t<\/li>\n\t\t\t\t\t\t\t\t\t\t\t\t\t\t\t\t\t\t\t\t\t\t\t\t<li class=\"map-block__below-item\">\n\t\t\t\t\t\t\t\t<p><a href=\"https:\/\/www.radial.com\/de\/mailand\"><strong>Milan Fulfillment Center<\/strong><\/a><br \/>\nVia Leonardo da Vinci 4-8<br \/>\nCusago, Mailand, 20047<br \/>\nItalien<\/p>\n\t\t\t\t\t\t\t<\/li>\n\t\t\t\t\t\t\t\t\t\t\t\t\t\t\t\t\t\t\t\t\t\t\t\t<li class=\"map-block__below-item\">\n\t\t\t\t\t\t\t\t<p><a href=\"https:\/\/www.radial.com\/de\/groningen\"><strong>Groningen Fulfillment Center<\/strong><\/a><br \/>\nCardiffweg 8<br \/>\n9744 VA Groningen<br \/>\nNiederlande<\/p>\n\t\t\t\t\t\t\t<\/li>\n\t\t\t\t\t\t\t\t\t\t\t\t\t\t\t\t\t\t\t\t\t\t\t\t<li class=\"map-block__below-item\">\n\t\t\t\t\t\t\t\t<p><a href=\"https:\/\/www.radial.com\/de\/warschau\"><strong>Warschau Fulfillment Center<\/strong><\/a><br \/>\nMoszna Parcela 29, building C3<br \/>\nBrwin\u00f3w, 05-840<br \/>\nPolen<\/p>\n\t\t\t\t\t\t\t<\/li>\n\t\t\t\t\t\t\t\t\t\t\t\t\t\t\t\t\t\t\t\t\t\t\t\t<li class=\"map-block__below-item\">\n\t\t\t\t\t\t\t\t<p><a href=\"https:\/\/www.radial.com\/de\/manchester\"><strong>Manchester Fulfillment Center<\/strong><\/a><br \/>\nBroadway Business Park, Unit 26<br \/>\nBroadgate, Chadderton, OL9 9XA<br \/>\nVereinigtes K\u00f6nigreich<\/p>\n\t\t\t\t\t\t\t<\/li>\n\t\t\t\t\t\t\t\t\t\t\t\t\t\t\t<\/ul>\n\t\t\t\n\t\t<\/section>\n\n\t\n\t<\/div>\n<\/section>\n\n\n<div class=\"switchback-block left\">\n\t\t\t\t\t\t\t\t\t            <div class=\"switchback-block__outer light\">\n                <div class=\"switchback-block__inner\">\n                    <div class=\"switchback-block__left animate\">\n\t\t\t\t\t\t\t\t\t\t\t\t\t<picture>\r\n<source data-image-size=\"switchback_small\" srcset=\"https:\/\/www.radial.com\/wp-content\/uploads\/2024\/10\/Warsaw_cosmetics_women-aspect-ratio-1-1-350x350.jpg, https:\/\/www.radial.com\/wp-content\/uploads\/2024\/10\/Warsaw_cosmetics_women-aspect-ratio-1-1-700x700.jpg 2x\" media=\"(max-width: 1280px)\" type=\"image\/jpeg\">\r\n<source data-image-size=\"switchback_large\" srcset=\"https:\/\/www.radial.com\/wp-content\/uploads\/2024\/10\/Warsaw_cosmetics_women-aspect-ratio-1-1-518x518.jpg, https:\/\/www.radial.com\/wp-content\/uploads\/2024\/10\/Warsaw_cosmetics_women-aspect-ratio-1-1-1036x1036.jpg 2x\" type=\"image\/jpeg\">\r\n<img decoding=\"async\" alt=\"\" src=\"https:\/\/www.radial.com\/wp-content\/uploads\/2024\/10\/Warsaw_cosmetics_women-aspect-ratio-1-1-518x518.jpg\" loading=\"lazy\">\r\n<\/picture>\t\t\t\t\t\t                    <\/div>\n\n                    <div class=\"switchback-block__right animate\">\n\t\t\t\t\t\t                            <label class=\"switchback-block__eyebrow\">Warschau<\/label>\n\t\t\t\t\t\t\t\t\t\t\t\t                            <h2 class=\"switchback-block__title\">Polen<\/h2>\n\t\t\t\t\t\t\t\t\t\t\t\t\t\t\t\t\t\t                            <div class=\"switchback-block__summary paragraph-block\"><p>Das Fulfillment-Center von Radial in Polen befindet sich in <a href=\"https:\/\/www.google.com\/maps\/place\/Radial+Poland\/@52.1735029,20.7376715,17z\/data=!3m1!4b1!4m6!3m5!1s0x47193551af47581b:0xe66529d8035f2bfa!8m2!3d52.1734996!4d20.7402464!16s%2Fg%2F11hc32fwnr?entry=tts\">Brwin\u00f3w, nahe Warschau<\/a>, in einem der gr\u00f6\u00dften Logistikparks Zentralpolens. Die Lage bietet eine optimale Anbindung an den Flughafen, wichtige Autobahnen sowie die meisten Kurierdienste.<\/p>\n<\/div>\n\t\t\t\t\t\t\n\t\t\t\t\t\t                            <div class=\"switchback-block__cta-container\">\n\t\t\t\t\t\t\t\t\t\t\t\t\t\t\t\t\t\t\t\t\t\t\t\t\t\t\t<a class=\"switchback-block__cta button-primary dark-b\" href=\"https:\/\/www.radial.com\/eur\/warsaw\" target=\"_self\">Mehr erfahren<\/a>\t\t\t\t\t\t\t\t\t\t\t\t\t\t\t\t\t                            <\/div>\n\t\t\t\t\t\t                    <\/div>\n                <\/div>\n            <\/div>\n\t\t\t<\/div>\n\n\n<div class=\"switchback-block right\">\n\t\t\t\t\t\t\t\t\t            <div class=\"switchback-block__outer dark\">\n                <div class=\"switchback-block__inner\">\n                    <div class=\"switchback-block__left animate\">\n\t\t\t\t\t\t\t\t\t\t\t\t\t<picture>\r\n<source data-image-size=\"switchback_small\" srcset=\"https:\/\/www.radial.com\/wp-content\/uploads\/2024\/10\/Halle_map-aspect-ratio-1-1-350x350.png, https:\/\/www.radial.com\/wp-content\/uploads\/2024\/10\/Halle_map-aspect-ratio-1-1-700x700.png 2x\" media=\"(max-width: 1280px)\" type=\"image\/png\">\r\n<source data-image-size=\"switchback_large\" srcset=\"https:\/\/www.radial.com\/wp-content\/uploads\/2024\/10\/Halle_map-aspect-ratio-1-1-518x518.png\" type=\"image\/png\">\r\n<img decoding=\"async\" alt=\"\" src=\"https:\/\/www.radial.com\/wp-content\/uploads\/2024\/10\/Halle_map-aspect-ratio-1-1-518x518.png\" loading=\"lazy\">\r\n<\/picture>\t\t\t\t\t\t                    <\/div>\n\n                    <div class=\"switchback-block__right animate\">\n\t\t\t\t\t\t                            <label class=\"switchback-block__eyebrow\">Halle<\/label>\n\t\t\t\t\t\t\t\t\t\t\t\t                            <h2 class=\"switchback-block__title\">Deutschland<\/h2>\n\t\t\t\t\t\t\t\t\t\t\t\t\t\t\t\t\t\t                            <div class=\"switchback-block__summary paragraph-block\"><p>Das Lager in <strong>Halle, Deutschland<\/strong>, ist strategisch positioniert, um exzellenten Service f\u00fcr Kunden in ganz Deutschland und Osteuropa zu gew\u00e4hrleisten.<\/p>\n<p>Es handelt sich um einen automatisierten gemeinschaftlich genutzten Standort, der durch flexible Immobilienoptionen f\u00fcr zuk\u00fcnftiges Wachstum ausgelegt ist. Zudem kann das Lager sowohl manuelle als auch gr\u00f6\u00dfere Anforderungen problemlos unterst\u00fctzen.<\/p>\n<\/div>\n\t\t\t\t\t\t\n\t\t\t\t\t\t                            <div class=\"switchback-block__cta-container\">\n\t\t\t\t\t\t\t\t\t\t\t\t\t\t\t\t\t\t\t\t\t\t\t\t\t\t\t<a class=\"switchback-block__cta button-primary light-b\" href=\"https:\/\/www.radial.com\/eur\/halle\" target=\"_self\">Mehr erfahren<\/a>\t\t\t\t\t\t\t\t\t\t\t\t\t\t\t\t\t                            <\/div>\n\t\t\t\t\t\t                    <\/div>\n                <\/div>\n            <\/div>\n\t\t\t<\/div>\n\n\n<div class=\"switchback-block left\">\n\t\t\t\t\t\t\t\t\t            <div class=\"switchback-block__outer light\">\n                <div class=\"switchback-block__inner\">\n                    <div class=\"switchback-block__left animate\">\n\t\t\t\t\t\t\t\t\t\t\t\t\t<picture>\r\n<source data-image-size=\"switchback_small\" srcset=\"https:\/\/www.radial.com\/wp-content\/uploads\/2024\/10\/5066_AMR_Bin_Mover_min-aspect-ratio-1-1-350x350.jpg, https:\/\/www.radial.com\/wp-content\/uploads\/2024\/10\/5066_AMR_Bin_Mover_min-aspect-ratio-1-1-700x700.jpg 2x\" media=\"(max-width: 1280px)\" type=\"image\/jpeg\">\r\n<source data-image-size=\"switchback_large\" srcset=\"https:\/\/www.radial.com\/wp-content\/uploads\/2024\/10\/5066_AMR_Bin_Mover_min-aspect-ratio-1-1-518x518.jpg, https:\/\/www.radial.com\/wp-content\/uploads\/2024\/10\/5066_AMR_Bin_Mover_min-aspect-ratio-1-1-1036x1036.jpg 2x\" type=\"image\/jpeg\">\r\n<img decoding=\"async\" alt=\"\" src=\"https:\/\/www.radial.com\/wp-content\/uploads\/2024\/10\/5066_AMR_Bin_Mover_min-aspect-ratio-1-1-518x518.jpg\" loading=\"lazy\">\r\n<\/picture>\t\t\t\t\t\t                    <\/div>\n\n                    <div class=\"switchback-block__right animate\">\n\t\t\t\t\t\t                            <label class=\"switchback-block__eyebrow\">Groningen<\/label>\n\t\t\t\t\t\t\t\t\t\t\t\t                            <h2 class=\"switchback-block__title\">Niederlande<\/h2>\n\t\t\t\t\t\t\t\t\t\t\t\t\t\t\t\t\t\t                            <div class=\"switchback-block__summary paragraph-block\"><p>Radial Europa in Groningen, Niederlande, setzt auf modernste Technologie und nutzt 299 Roboter, um effiziente und skalierbare Fulfillment-L\u00f6sungen zu bieten. Dieses strategisch gelegene Zentrum verf\u00fcgt \u00fcber umfassende Expertise im Umgang mit Mode- und Kosmetikprodukten und bietet eine hervorragende Anbindung an wichtige europ\u00e4ische Verkehrswege und Logistikpartner. Dank flexibler Fulfillment-Optionen passt sich das Lager den individuellen Bed\u00fcrfnissen an und gew\u00e4hrleistet w\u00e4hrend Spitzenzeiten sowie bei Produkteinf\u00fchrungen stets schnelle und hochwertige Lieferungen.<\/p>\n<\/div>\n\t\t\t\t\t\t\n\t\t\t\t\t\t                            <div class=\"switchback-block__cta-container\">\n\t\t\t\t\t\t\t\t\t\t\t\t\t\t\t\t\t\t\t\t\t\t\t\t\t\t\t<a class=\"switchback-block__cta button-primary dark-b\" href=\"https:\/\/www.radial.com\/eur\/groningen\" target=\"_self\">Mehr erfahren<\/a>\t\t\t\t\t\t\t\t\t\t\t\t\t\t\t\t\t                            <\/div>\n\t\t\t\t\t\t                    <\/div>\n                <\/div>\n            <\/div>\n\t\t\t<\/div>\n\n\n<div class=\"switchback-block right\">\n\t\t\t\t\t\t\t\t\t            <div class=\"switchback-block__outer dark\">\n                <div class=\"switchback-block__inner\">\n                    <div class=\"switchback-block__left animate\">\n\t\t\t\t\t\t\t\t\t\t\t\t\t<picture>\r\n<source data-image-size=\"switchback_small\" srcset=\"https:\/\/www.radial.com\/wp-content\/uploads\/2024\/03\/29\/milan_team_switch-350x350.jpg, https:\/\/www.radial.com\/wp-content\/uploads\/2024\/03\/29\/milan_team_switch-700x700.jpg 2x\" media=\"(max-width: 1280px)\" type=\"image\/jpeg\">\r\n<source data-image-size=\"switchback_large\" srcset=\"https:\/\/www.radial.com\/wp-content\/uploads\/2024\/03\/29\/milan_team_switch-518x518.jpg, https:\/\/www.radial.com\/wp-content\/uploads\/2024\/03\/29\/milan_team_switch.jpg 2x\" type=\"image\/jpeg\">\r\n<img decoding=\"async\" alt=\"\" src=\"https:\/\/www.radial.com\/wp-content\/uploads\/2024\/03\/29\/milan_team_switch-518x518.jpg\" loading=\"lazy\">\r\n<\/picture>\t\t\t\t\t\t                    <\/div>\n\n                    <div class=\"switchback-block__right animate\">\n\t\t\t\t\t\t                            <label class=\"switchback-block__eyebrow\">Mailand<\/label>\n\t\t\t\t\t\t\t\t\t\t\t\t                            <h2 class=\"switchback-block__title\">Italien<\/h2>\n\t\t\t\t\t\t\t\t\t\t\t\t\t\t\t\t\t\t                            <div class=\"switchback-block__summary paragraph-block\"><p>Radial Europa in Mailand ist ein echtes Powerhouse f\u00fcr Mode- und Kosmetikmarken und bietet folgende Vorteile:<\/p>\n<ul>\n<li>Strategische Lage in der N\u00e4he von Mailand f\u00fcr schnelle Lieferungen in Italien und eine unkomplizierte Anbindung an die Schweiz.<\/li>\n<li>Expertise im Umgang mit empfindlichen Modeartikeln und Kosmetikprodukten.<\/li>\n<li>Flexibles Fulfillment, um die Anforderungen der Hochsaison und die Einf\u00fchrung neuer Produkte zu erf\u00fcllen.<\/li>\n<li>Mehrwertdienste wie Konfektionierung und Verpackung, um Ihr Markenerlebnis zu verbessern.<\/li>\n<\/ul>\n<\/div>\n\t\t\t\t\t\t\n\t\t\t\t\t\t                            <div class=\"switchback-block__cta-container\">\n\t\t\t\t\t\t\t\t\t\t\t\t\t\t\t\t\t\t\t\t\t\t\t\t\t\t\t<a class=\"switchback-block__cta button-primary light-b\" href=\"https:\/\/www.radial.com\/eur\/milan\" target=\"_self\">Entdecken<\/a>\t\t\t\t\t\t\t\t\t\t\t\t\t\t\t\t\t                            <\/div>\n\t\t\t\t\t\t                    <\/div>\n                <\/div>\n            <\/div>\n\t\t\t<\/div>\n\n\n<div class=\"switchback-block left\">\n\t\t\t\t\t\t\t\t\t            <div class=\"switchback-block__outer light\">\n                <div class=\"switchback-block__inner\">\n                    <div class=\"switchback-block__left animate\">\n\t\t\t\t\t\t\t\t\t\t\t\t\t<picture>\r\n<source data-image-size=\"switchback_small\" srcset=\"https:\/\/www.radial.com\/wp-content\/uploads\/2024\/10\/locations_manchester-aspect-ratio-1-1-350x350.jpg, https:\/\/www.radial.com\/wp-content\/uploads\/2024\/10\/locations_manchester-aspect-ratio-1-1-700x700.jpg 2x\" media=\"(max-width: 1280px)\" type=\"image\/jpeg\">\r\n<source data-image-size=\"switchback_large\" srcset=\"https:\/\/www.radial.com\/wp-content\/uploads\/2024\/10\/locations_manchester-aspect-ratio-1-1-518x518.jpg, https:\/\/www.radial.com\/wp-content\/uploads\/2024\/10\/locations_manchester-aspect-ratio-1-1-1036x1036.jpg 2x\" type=\"image\/jpeg\">\r\n<img decoding=\"async\" alt=\"\" src=\"https:\/\/www.radial.com\/wp-content\/uploads\/2024\/10\/locations_manchester-aspect-ratio-1-1-518x518.jpg\" loading=\"lazy\">\r\n<\/picture>\t\t\t\t\t\t                    <\/div>\n\n                    <div class=\"switchback-block__right animate\">\n\t\t\t\t\t\t                            <label class=\"switchback-block__eyebrow\">Manchester<\/label>\n\t\t\t\t\t\t\t\t\t\t\t\t                            <h2 class=\"switchback-block__title\">Vereinigtes K\u00f6nigreich<\/h2>\n\t\t\t\t\t\t\t\t\t\t\t\t\t\t\t\t\t\t                            <div class=\"switchback-block__summary paragraph-block\"><p>Erobern Sie den britischen Ecommerce-Markt mit Radial Manchester: Dank der zentralen Lage erm\u00f6glicht das Fulfillment-Center schnelle Lieferungen und sp\u00e4te Annahmeschlusszeiten. Ein erfahrenes Team, das sich auf Kosmetikprodukte spezialisiert hat, unterst\u00fctzt US-Marken in Europa mit ma\u00dfgeschneiderten L\u00f6sungen, um erfolgreich zu expandieren.<\/p>\n<\/div>\n\t\t\t\t\t\t\n\t\t\t\t\t\t                            <div class=\"switchback-block__cta-container\">\n\t\t\t\t\t\t\t\t\t\t\t\t\t\t\t\t\t\t\t\t\t\t\t\t\t\t\t\t\t\t\t\t\t\t\t\t\t\t\t\t\t\t\t\t                            <\/div>\n\t\t\t\t\t\t                    <\/div>\n                <\/div>\n            <\/div>\n\t\t\t<\/div>\n\n<div class=\"core-paragraph-block\">\n<p>Setzen Sie sich mit uns in Verbindung, wir werden Ihnen alle Informationen zur Verf\u00fcgung stellen, die Sie ben\u00f6tigen, um Ihr Unternehmen auszubauen.<\/p>\n<\/div>\n\n\n<\/div>\n<\/div>\n<\/div>","protected":false},"excerpt":{"rendered":"","protected":false},"author":1,"featured_media":0,"parent":28059,"menu_order":0,"comment_status":"closed","ping_status":"closed","template":"","meta":{"_acf_changed":false,"inline_featured_image":false,"footnotes":"[]"},"class_list":["post-30059","page","type-page","status-publish","hentry"],"acf":[],"_links":{"self":[{"href":"https:\/\/www.radial.com\/de\/wp-json\/wp\/v2\/pages\/30059","targetHints":{"allow":["GET"]}}],"collection":[{"href":"https:\/\/www.radial.com\/de\/wp-json\/wp\/v2\/pages"}],"about":[{"href":"https:\/\/www.radial.com\/de\/wp-json\/wp\/v2\/types\/page"}],"author":[{"embeddable":true,"href":"https:\/\/www.radial.com\/de\/wp-json\/wp\/v2\/users\/1"}],"replies":[{"embeddable":true,"href":"https:\/\/www.radial.com\/de\/wp-json\/wp\/v2\/comments?post=30059"}],"version-history":[{"count":43,"href":"https:\/\/www.radial.com\/de\/wp-json\/wp\/v2\/pages\/30059\/revisions"}],"predecessor-version":[{"id":76699,"href":"https:\/\/www.radial.com\/de\/wp-json\/wp\/v2\/pages\/30059\/revisions\/76699"}],"up":[{"embeddable":true,"href":"https:\/\/www.radial.com\/de\/wp-json\/wp\/v2\/pages\/28059"}],"wp:attachment":[{"href":"https:\/\/www.radial.com\/de\/wp-json\/wp\/v2\/media?parent=30059"}],"curies":[{"name":"wp","href":"https:\/\/api.w.org\/{rel}","templated":true}]}}