{"id":29265,"date":"2022-06-13T14:21:34","date_gmt":"2022-06-13T18:21:34","guid":{"rendered":"https:\/\/www.radial.com\/uber-uns\/our-team"},"modified":"2024-10-10T05:26:27","modified_gmt":"2024-10-10T09:26:27","slug":"unser-team","status":"publish","type":"page","link":"https:\/\/www.radial.com\/de\/why-radial\/unser-team","title":{"rendered":"Unser Team"},"content":{"rendered":"\n<div class=\"page-wrapper\">\n\t\n\n<div class=\"interior-page\">\n\t\n\n\n<div class=\"interior-hero\">\n\t<div class=\"interior-hero__inner\">\n\t\t\t\t\t<h1 class=\"interior-hero__title\">Unser Team<\/h1>\n\t\t\t\t\t\t\t<div class=\"interior-hero__summary\">\n\t\t\t\t<p>Lernen Sie das F\u00fchrungsteam von Radial kennen.<\/p>\n\t\t\t<\/div>\n\t\t\t<\/div>\n<\/div>\n\n\n<div class=\"interior-page-block-area\">\n\t\n\n<div class=\"switchback-block left\">\n\t\t\t\t\t\t\t\t\t            <div class=\"switchback-block__outer light\">\n                <div class=\"switchback-block__inner\">\n                    <div class=\"switchback-block__left animate\">\n\t\t\t\t\t\t\t\t\t\t\t\t\t<picture>\r\n<source data-image-size=\"switchback_small\" srcset=\"https:\/\/www.radial.com\/wp-content\/uploads\/2024\/10\/Dries_event-aspect-ratio-1-1-350x350.jpg, https:\/\/www.radial.com\/wp-content\/uploads\/2024\/10\/Dries_event-aspect-ratio-1-1-700x700.jpg 2x\" media=\"(max-width: 1280px)\" type=\"image\/jpeg\">\r\n<source data-image-size=\"switchback_large\" srcset=\"https:\/\/www.radial.com\/wp-content\/uploads\/2024\/10\/Dries_event-aspect-ratio-1-1-518x518.jpg, https:\/\/www.radial.com\/wp-content\/uploads\/2024\/10\/Dries_event-aspect-ratio-1-1-1036x1036.jpg 2x\" type=\"image\/jpeg\">\r\n<img decoding=\"async\" alt=\"\" src=\"https:\/\/www.radial.com\/wp-content\/uploads\/2024\/10\/Dries_event-aspect-ratio-1-1-518x518.jpg\" loading=\"lazy\">\r\n<\/picture>\t\t\t\t\t\t                    <\/div>\n\n                    <div class=\"switchback-block__right animate\">\n\t\t\t\t\t\t                            <label class=\"switchback-block__eyebrow\">Gesch\u00e4ftsf\u00fchrer Europa<\/label>\n\t\t\t\t\t\t\t\t\t\t\t\t                            <h2 class=\"switchback-block__title\">Dries De Love<\/h2>\n\t\t\t\t\t\t\t\t\t\t\t\t\t\t\t\t\t\t                            <div class=\"switchback-block__summary paragraph-block\"><p>Dries leitet die europ\u00e4ischen Gesch\u00e4fte von Radial und ist verantwortlich f\u00fcr die Bereiche Fulfillment, Transport, Kundenbetreuung und Omnichannel-Technologie. Bevor er zu Radial kam, f\u00fchrte Dries sein eigenes Beratungsunternehmen und unterst\u00fctzte f\u00fchrende europ\u00e4ische Einzelh\u00e4ndler bei ihren Logistikanforderungen. Mit einer F\u00fclle von Fulfillment-Erfahrungen war Dries auch in leitenden Positionen beim globalen Logistik- und Hafenbetreiber Katoen Natie t\u00e4tig. Dries hat einen Master in Wirtschaftswissenschaften von der EHSAL Management School und einen Master in General Management von der Vlerick Business School erworben.<\/p>\n<\/div>\n\t\t\t\t\t\t\n\t\t\t\t\t\t                            <div class=\"switchback-block__cta-container\">\n\t\t\t\t\t\t\t\t\t\t\t\t\t\t\t\t\t\t\t\t\t\t\t\t\t\t\t<a class=\"switchback-block__cta button-primary dark-b\" href=\"https:\/\/www.linkedin.com\/in\/dries-de-love\/\" target=\"_self\">Dries kennenlernen<\/a>\t\t\t\t\t\t\t\t\t\t\t\t\t\t\t\t\t                            <\/div>\n\t\t\t\t\t\t                    <\/div>\n                <\/div>\n            <\/div>\n\t\t\t<\/div>\n\n\n<div class=\"switchback-block right\">\n\t\t\t\t\t\t\t\t\t            <div class=\"switchback-block__outer dark\">\n                <div class=\"switchback-block__inner\">\n                    <div class=\"switchback-block__left animate\">\n\t\t\t\t\t\t\t\t\t\t\t\t\t<picture>\r\n<source data-image-size=\"switchback_small\" srcset=\"https:\/\/www.radial.com\/wp-content\/uploads\/2024\/05\/Domien-Pieters-aspect-ratio-1-1-350x350.jpg, https:\/\/www.radial.com\/wp-content\/uploads\/2024\/05\/Domien-Pieters-aspect-ratio-1-1-700x700.jpg 2x\" media=\"(max-width: 1280px)\" type=\"image\/jpeg\">\r\n<source data-image-size=\"switchback_large\" srcset=\"https:\/\/www.radial.com\/wp-content\/uploads\/2024\/05\/Domien-Pieters-aspect-ratio-1-1-518x518.jpg, https:\/\/www.radial.com\/wp-content\/uploads\/2024\/05\/Domien-Pieters-aspect-ratio-1-1-1036x1036.jpg 2x\" type=\"image\/jpeg\">\r\n<img decoding=\"async\" alt=\"\" src=\"https:\/\/www.radial.com\/wp-content\/uploads\/2024\/05\/Domien-Pieters-aspect-ratio-1-1-518x518.jpg\" loading=\"lazy\">\r\n<\/picture>\t\t\t\t\t\t                    <\/div>\n\n                    <div class=\"switchback-block__right animate\">\n\t\t\t\t\t\t                            <label class=\"switchback-block__eyebrow\">CFO<\/label>\n\t\t\t\t\t\t\t\t\t\t\t\t                            <h2 class=\"switchback-block__title\">Domien Pieters<\/h2>\n\t\t\t\t\t\t\t\t\t\t\t\t\t\t\t\t\t\t                            <div class=\"switchback-block__summary paragraph-block\"><p>St\u00e4ndig auf der Suche nach M\u00f6glichkeiten zur Verbesserung Ihrer Liefer- und Wertsch\u00f6pfungskette.<\/p>\n<p>Zertifizierter Supply Chain Professional mit mehr als 10 Jahren internationaler LSP-Erfahrung in den Bereichen B2C, Chemie, Konsumg\u00fcter und Automotive.\u00a0Verantwortungsbewusste F\u00fchrungspers\u00f6nlichkeit mit kundenorientierter Einstellung, fortgeschrittenem analytischen und finanziellen Verst\u00e4ndnis Nachgewiesene Erfolgsbilanz in den Bereichen Strategie, Management, Logistik und Lagerhaltung, Gesch\u00e4ftsentwicklung und Kundenbetreuung.<\/p>\n<\/div>\n\t\t\t\t\t\t\n\t\t\t\t\t\t                            <div class=\"switchback-block__cta-container\">\n\t\t\t\t\t\t\t\t\t\t\t\t\t\t\t\t\t\t\t\t\t\t\t\t\t\t\t<a class=\"switchback-block__cta button-primary light-b\" href=\"https:\/\/www.linkedin.com\/in\/domienpieters\/\" target=\"_self\">Connect with Domien<\/a>\t\t\t\t\t\t\t\t\t\t\t\t\t\t\t\t\t                            <\/div>\n\t\t\t\t\t\t                    <\/div>\n                <\/div>\n            <\/div>\n\t\t\t<\/div>\n\n\n<div class=\"switchback-block left\">\n\t\t\t\t\t\t\t\t\t            <div class=\"switchback-block__outer light\">\n                <div class=\"switchback-block__inner\">\n                    <div class=\"switchback-block__left animate\">\n\t\t\t\t\t\t\t\t\t\t\t\t\t<picture>\r\n<source data-image-size=\"switchback_small\" srcset=\"https:\/\/www.radial.com\/wp-content\/uploads\/2024\/05\/29\/Jan_Dierckx_CTO_518-350x350.jpg\" media=\"(max-width: 1280px)\" type=\"image\/jpeg\">\r\n<source data-image-size=\"switchback_large\" srcset=\"https:\/\/www.radial.com\/wp-content\/uploads\/2024\/05\/29\/Jan_Dierckx_CTO_518.jpg\" type=\"image\/jpeg\">\r\n<img decoding=\"async\" alt=\"\" src=\"https:\/\/www.radial.com\/wp-content\/uploads\/2024\/05\/29\/Jan_Dierckx_CTO_518.jpg\" loading=\"lazy\">\r\n<\/picture>\t\t\t\t\t\t                    <\/div>\n\n                    <div class=\"switchback-block__right animate\">\n\t\t\t\t\t\t                            <label class=\"switchback-block__eyebrow\">Technischer Leiter<\/label>\n\t\t\t\t\t\t\t\t\t\t\t\t                            <h2 class=\"switchback-block__title\">Jan Dierckx<\/h2>\n\t\t\t\t\t\t\t\t\t\t\t\t\t\t\t\t\t\t                            <div class=\"switchback-block__summary paragraph-block\"><p>Jan verf\u00fcgt \u00fcber zwei Jahrzehnte IT-Erfahrung. Er hat an einer Vielzahl von Projekten gearbeitet, darunter E-Commerce-L\u00f6sungen, CRM-Systeme (Customer Relationship Management) und ERP-Systeme (Enterprise Resource Planning). Er ist Experte f\u00fcr Cloud Computing und Big-Data-Analysen und ein Verfechter des Einsatzes von Technologie zur Verbesserung der Unternehmensleistung und der Kundenerfahrung.<\/p>\n<\/div>\n\t\t\t\t\t\t\n\t\t\t\t\t\t                            <div class=\"switchback-block__cta-container\">\n\t\t\t\t\t\t\t\t\t\t\t\t\t\t\t\t\t\t\t\t\t\t\t\t\t\t\t<a class=\"switchback-block__cta button-primary dark-b\" href=\"https:\/\/www.linkedin.com\/in\/jan-dierckx-55a3062\/\" target=\"_self\">Jan kennenlernen<\/a>\t\t\t\t\t\t\t\t\t\t\t\t\t\t\t\t\t                            <\/div>\n\t\t\t\t\t\t                    <\/div>\n                <\/div>\n            <\/div>\n\t\t\t<\/div>\n<\/div>\n<\/div>\n<\/div>","protected":false},"excerpt":{"rendered":"","protected":false},"author":1,"featured_media":0,"parent":28059,"menu_order":0,"comment_status":"closed","ping_status":"closed","template":"","meta":{"_acf_changed":false,"inline_featured_image":false,"footnotes":""},"class_list":["post-29265","page","type-page","status-publish","hentry"],"acf":[],"_links":{"self":[{"href":"https:\/\/www.radial.com\/de\/wp-json\/wp\/v2\/pages\/29265","targetHints":{"allow":["GET"]}}],"collection":[{"href":"https:\/\/www.radial.com\/de\/wp-json\/wp\/v2\/pages"}],"about":[{"href":"https:\/\/www.radial.com\/de\/wp-json\/wp\/v2\/types\/page"}],"author":[{"embeddable":true,"href":"https:\/\/www.radial.com\/de\/wp-json\/wp\/v2\/users\/1"}],"replies":[{"embeddable":true,"href":"https:\/\/www.radial.com\/de\/wp-json\/wp\/v2\/comments?post=29265"}],"version-history":[{"count":6,"href":"https:\/\/www.radial.com\/de\/wp-json\/wp\/v2\/pages\/29265\/revisions"}],"predecessor-version":[{"id":66110,"href":"https:\/\/www.radial.com\/de\/wp-json\/wp\/v2\/pages\/29265\/revisions\/66110"}],"up":[{"embeddable":true,"href":"https:\/\/www.radial.com\/de\/wp-json\/wp\/v2\/pages\/28059"}],"wp:attachment":[{"href":"https:\/\/www.radial.com\/de\/wp-json\/wp\/v2\/media?parent=29265"}],"curies":[{"name":"wp","href":"https:\/\/api.w.org\/{rel}","templated":true}]}}