{"id":28986,"date":"2022-08-04T13:59:53","date_gmt":"2022-08-04T17:59:53","guid":{"rendered":"https:\/\/www.radial.com\/legal\/website-legal-notices"},"modified":"2022-09-12T12:08:15","modified_gmt":"2022-09-12T16:08:15","slug":"rechtliche-hinweise-zur-website","status":"publish","type":"page","link":"https:\/\/www.radial.com\/de\/legal\/rechtliche-hinweise-zur-website","title":{"rendered":"Rechtliche Hinweise zur Website"},"content":{"rendered":"\n<div class=\"page-wrapper\">\n\t\n\n<div class=\"interior-page\">\n\t\n\n\n<div class=\"interior-hero\">\n\t<div class=\"interior-hero__inner\">\n\t\t\t\t\t<h1 class=\"interior-hero__title\">Rechtliche Hinweise zur Website<\/h1>\n\t\t\t\t\t<\/div>\n<\/div>\n\n\n<div class=\"interior-page-block-area\">\n\t\n<div class=\"core-paragraph-block\">\n<p>BITTE LESEN SIE SICH DIESE GESCH\u00c4FTSBEDINGUNGEN VOR DER NUTZUNG DIESER WEBSITE SORGF\u00c4LTIG DURCH. DURCH IHRE NUTZUNG DIESER WEBSITE ERKL\u00c4REN SIE IHR EINVERST\u00c4NDNIS MIT DEN FOLGENDEN GESCH\u00c4FTSBEDINGUNGEN. WENN SIE MIT DIESEN GESCH\u00c4FTSBEDINGUNGEN NICHT EINVERSTANDEN SIND, D\u00dcRFEN SIE DIESE WEBSITE NICHT BENUTZEN.<\/p>\n<\/div>\n\n<div class=\"core-heading-block\" data-heading-level=\"2\">\n<h2 class=\"wp-block-heading\" id=\"h-nutzung-der-website\">Nutzung der Website<\/h2>\n<\/div>\n\n<div class=\"core-paragraph-block\">\n<p>Unter der Voraussetzung, dass Sie diese Website gem\u00e4\u00df diesen Gesch\u00e4ftsbedingungen (\u201eGesch\u00e4ftsbedingungen\u201c) benutzen, gestattet Ihnen Radial hiermit \u2013 und zwar ausschlie\u00dflich zu Ihrem pers\u00f6nlichen und nicht gewerblichen Gebrauch \u2013 sich die Materialien auf dieser Website (\u201eWebsite\u201c) anzusehen und auf diese zuzugreifen. Radial beh\u00e4lt sich das Recht vor, beliebige oder alle Funktionen, Inhalte, Informationen oder anderen Aspekte dieser Website jederzeit und gelegentlich ohne Vorank\u00fcndigung zu \u00e4ndern. Alle auf dieser Website verwendeten Marken, Handelsnamen, Logos und Dienstleistungsmarken (\u201eMarken\u201c) sind Marken ihrer jeweiligen Eigent\u00fcmer. Nichts auf dieser Website gew\u00e4hrt eine Lizenz oder das Recht zur Nutzung solcher auf dieser Website dargestellten Marken ohne die vorherige schriftliche Genehmigung von Radial oder dem jeweiligen Dritteigent\u00fcmer, und nichts darf so ausgelegt werden, als ob es durch Implizierung, Verwirkung (\u201eEstoppel\u201c) oder anderweitig eine solche Lizenz oder ein solches Nutzungsrecht einr\u00e4umt. Sie d\u00fcrfen die auf dieser Website enthaltenen Materialien nur kopieren, wenn Sie alle in den Originalmaterialien enthaltenen Urheberrechte und sonstigen eigentumsrechtlichen Hinweise auf allen Kopien der Materialien beibehalten. Es ist Ihnen nicht gestattet, die auf dieser Website befindlichen Materialien auf irgendeine Weise zu \u00e4ndern oder diese zu vervielf\u00e4ltigen oder \u00f6ffentlich darzustellen, aufzuf\u00fchren oder zu verbreiten oder anderweitig zu \u00f6ffentlichen oder gewerblichen Zwecken zu nutzen. F\u00fcr die Zwecke dieser Gesch\u00e4ftsbedingungen ist jegliche Nutzung dieser Materialien auf einer anderen Website oder innerhalb eines Computernetzwerks (egal zu welchem Zweck) verboten. Die Materialien auf dieser Website sind urheberrechtlich gesch\u00fctzt, und jegliche unbefugte Verwendung von Materialien auf dieser Website kann Urheberrechts-, Marken- und andere Gesetze verletzen. Wenn Sie gegen diese Gesch\u00e4ftsbedingungen versto\u00dfen, erlischt Ihre Genehmigung zur Nutzung dieser Website automatisch und Sie sind verpflichtet, in diesem Fall alle ausgedruckten oder kopierten Materialien umgehend zu vernichten. Ungeachtet des Vorstehenden behalten sich Radial und jedes ihrer verbundenen Unternehmen alle gesetzlichen Rechte und Rechtsmittel vor, die sie ggf. in Verbindung mit einer unbefugten Nutzung dieser Website oder der auf dieser befindlichen Materialien oder Marken haben.<\/p>\n<\/div>\n\n<div class=\"core-heading-block\" data-heading-level=\"2\">\n<h2 class=\"wp-block-heading\" id=\"h-benutzermitteilungen\">Benutzermitteilungen<\/h2>\n<\/div>\n\n<div class=\"core-paragraph-block\">\n<p>Abgesehen von personenbezogenen Informationen, die der Datenschutzerkl\u00e4rung f\u00fcr diese Website unterliegen, gilt f\u00fcr alle Materialien, Informationen, Vorschl\u00e4ge, Ideen, Konzepte, Know-how, Techniken, Fragen, Kommentare oder sonstigen Mitteilungen, die Sie in irgendeiner Weise an diese Website \u00fcbermitteln oder auf dieser posten, dass sie nicht vertraulich oder eigentumsrechtlich gesch\u00fctzt sind und nicht als solche angesehen werden (\u201eBenutzermitteilungen\u201c). Radial sowie jedes ihrer verbundenen Unternehmen und\/oder deren Beauftragte k\u00f6nnen s\u00e4mtliche Benutzermitteilungen zu beliebigen Zwecken verwenden, u.&nbsp;a. Vervielf\u00e4ltigung, \u00dcbermittlung, Offenlegung, Ver\u00f6ffentlichung, Ausstrahlung, Entwicklung, Herstellung und\/oder Vermarktung in beliebiger Weise zu beliebigen kommerziellen oder nicht kommerziellen Zwecken. Radial kann Benutzermitteilungen \u00fcberwachen oder \u00fcberpr\u00fcfen, ist jedoch nicht dazu verpflichtet. Radial ist nicht dazu verpflichtet, Benutzermitteilungen zu nutzen, zur\u00fcckzugeben, zu \u00fcberpr\u00fcfen oder auf diese zu antworten. Es ist Ihnen untersagt, Material auf dieser Website zu posten bzw. an diese oder von dieser Website aus zu \u00fcbermitteln, das gesetzwidrig, bedrohlich, ehrenr\u00fchrig, verleumderisch, obsz\u00f6n, beleidigend, pornographisch ist oder gegen ein Gesetz verst\u00f6\u00dft. Radial haftet in keiner Weise im Zusammenhang mit dem Inhalt dieser Benutzermitteilungen, unabh\u00e4ngig davon, ob diese Haftung aufgrund von Gesetzen bez\u00fcglich Urheberrecht, Verleumdung, Datenschutz, Obsz\u00f6nit\u00e4t oder anderweitig entsteht. Radial beh\u00e4lt sich das Recht vor, alle Benutzermitteilungen zu entfernen, die Material enthalten, das Radial als unangemessen oder inakzeptabel erachtet.<\/p>\n<\/div>\n\n<div class=\"core-heading-block\" data-heading-level=\"2\">\n<h2 class=\"wp-block-heading\" id=\"h-links-zu-anderen-websites\">Links zu anderen Websites<\/h2>\n<\/div>\n\n<div class=\"core-paragraph-block\">\n<p>Diese Website kann ggf. Links zu anderen Websites enthalten. All diese Links werden nur als Zusatzserviceleistung f\u00fcr Sie angeboten. Wenn Sie diese Links verwenden, verlassen Sie diese Website. Weder Radial noch ihre verbundenen Unternehmen sind f\u00fcr Inhalte, Materialien oder sonstige Informationen verantwortlich, die sich auf einer solchen Website befinden oder auf die von der betreffenden Website aus zugegriffen werden kann. Weder Radial noch ihre verbundenen Unternehmen bef\u00fcrworten, garantieren oder geben irgendwelche Zusicherungen oder Gew\u00e4hrleistungen bez\u00fcglich einer anderen Website oder Inhalten, Materialien oder sonstigen Informationen, die sich auf solchen Websites befinden oder auf die von diesen Websites aus zugegriffen werden kann, bzw. der Ergebnisse, die Sie durch die Benutzung dieser Websites erhalten k\u00f6nnen. Wenn Sie sich dazu entscheiden, eine andere Website aufzurufen, die mit dieser Website verlinkt ist oder zu der diese Website einen Link enth\u00e4lt, tun Sie dies vollst\u00e4ndig auf eigene Gefahr.<\/p>\n<\/div>\n\n<div class=\"core-heading-block\" data-heading-level=\"2\">\n<h2 class=\"wp-block-heading\" id=\"h-links-zu-dieser-website\">Links zu dieser Website<\/h2>\n<\/div>\n\n<div class=\"core-paragraph-block\">\n<p>Die Erstellung oder Aufrechterhaltung eines Links von einer anderen Website auf eine Seite dieser Website ist ohne die vorherige schriftliche Genehmigung von Radial verboten. Die Ausf\u00fchrung oder Anzeige dieser Website oder auf dieser Website dargestelltes Material in Frames oder durch \u00e4hnliche Mittel auf einer anderen Website ist ohne vorherige schriftliche Genehmigung von Radial untersagt. Alle genehmigten Links zu dieser Website m\u00fcssen den geltenden Gesetzen entsprechen.<\/p>\n<\/div>\n\n<div class=\"core-paragraph-block\">\n<p>HAFTUNGSAUSSCHLUSS. DIE IN VERBINDUNG MIT DIESER WEBSITE BEREITGESTELLTEN MATERIALIEN UND DIENSTLEISTUNGEN WERDEN OHNE M\u00c4NGELGEW\u00c4HR, OHNE JEGLICHE GEW\u00c4HRLEISTUNG WIE ETWA GEW\u00c4HRLEISTUNGEN HINSICHTLICH DER MARKTG\u00c4NGIGKEIT, EIGNUNG F\u00dcR EINEN BESTIMMTEN ZWECK ODER NICHTVERLETZUNG GEISTIGEN EIGENTUMS, BEREITGESTELLT. WEDER RADIAL NOCH IHRE VERBUNDENEN UNTERNEHMEN GEW\u00c4HRLEISTEN DIE KORREKTHEIT ODER VOLLST\u00c4NDIGKEIT DER MATERIALIEN ODER DIENSTLEISTUNGEN AUF DIESER WEBSITE. DIE MATERIALIEN UND DIENSTLEISTUNGEN AUF DIESER WEBSITE K\u00d6NNEN \u00dcBERHOLT SEIN, UND WEDER RADIAL NOCH IHRE VERBUNDENEN UNTERNEHMEN SAGEN ZU ODER VERPFLICHTEN SICH DAZU, DIE \u00dcBER DIESE WEBSITE VERF\u00dcGBAREN MATERIALIEN ODER DIENSTLEISTUNGEN ZU AKTUALISIEREN. DIE VORSTEHENDEN AUSSCHL\u00dcSSE STILLSCHWEIGENDER GEW\u00c4HRLEISTUNGEN GELTEN NICHT, SOWEIT SIE GESETZLICH VERBOTEN SIND. IN DERARTIGEN F\u00c4LLEN IST DIE HAFTUNG VON RADIAL GEM\u00c4SS NACHSTEHENDEM ABSCHNITT \u201eHAFTUNGSBESCHR\u00c4NKUNG\u201c BESCHR\u00c4NKT. DIE GGF. BESTEHENDEN VERBOTE FINDEN SIE IN IHREN LOKALEN GESETZEN.<\/p>\n<\/div>\n\n<div class=\"core-paragraph-block\">\n<p>HAFTUNGSBESCHR\u00c4NKUNG. UNTER KEINEN UMST\u00c4NDEN HAFTEN RADIAL, IHRE LEITENDEN ANGESTELLTEN, VORSTANDSMITGLIEDER, MITARBEITER, ANTEILSEIGNER, VERBUNDENEN UNTERNEHMEN, BEAUFTRAGTEN, RECHTSNACHFOLGER, ABTRETUNGSEMPF\u00c4NGER, EINZELHANDELSPARTNER ODER IRGENDEINE PARTEI, DIE AN DER GESTALTUNG, HERSTELLUNG ODER \u00dcBERTRAGUNG DIESER WEBSITE BETEILIGT IST, GEGEN\u00dcBER IRGENDEINER PARTEI F\u00dcR DIREKTE, KONKRETE, BEIL\u00c4UFIGE ODER FOLGESCH\u00c4DEN (U.&nbsp;A. SOLCHE, DIE AUF ENTGANGENEN GEWINNEN, VERLORENEN DATEN ODER EINER BETRIEBSUNTERBRECHUNG BERUHEN) ODER SCHADENERSATZ MIT STRAFCHARAKTER AUFGRUND IHRER MISSBR\u00c4UCHLICHEN NUTZUNG, NUTZUNG, UNM\u00d6GLICHKEIT DER NUTZUNG ODER DER ERGEBNISSE DER NUTZUNG DIESER WEBSITE ODER VON WEBSITES, DIE MIT DIESER WEBSITE VERLINKT SIND, ODER AUFGRUND DER MATERIALIEN, INFORMATIONEN ODER DIENSTLEISTUNGEN, DIE AUF DIESEN WEBSITES ENTHALTEN SIND, UNABH\u00c4NGIG DAVON, OB DIE HAFTUNG AUF EINER GEW\u00c4HRLEISTUNG, EINEM VERTRAG, UNERLAUBTER HANDLUNG ODER EINER ANDEREN RECHTLICHEN GRUNDLAGE BERUHT ODER OB AUF DIE M\u00d6GLICHKEIT SOLCHER SCH\u00c4DEN HINGEWIESEN WURDE. DIE VORSTEHENDEN AUSSCHL\u00dcSSE STILLSCHWEIGENDER GEW\u00c4HRLEISTUNGEN GELTEN NICHT, SOWEIT SIE GESETZLICH VERBOTEN SIND. DIE GGF. BESTEHENDEN VERBOTE FINDEN SIE IN IHREN LOKALEN GESETZEN. FALLS RADIAL F\u00dcR IRGENDWELCHE SCH\u00c4DEN HAFTBAR IST, BESCHR\u00c4NKT SICH SEINE HAFTUNG AUF ENTWEDER (A) USD&nbsp;50,00 ODER (B) DEN VON IHNEN GEZAHLTEN BETRAG F\u00dcR DEN ZUGRIFF AUF DIE WEBSITE W\u00c4HREND DES DREI(3)-MONATS-ZEITRAUMS VOR ENTSTEHUNG DES ANSPRUCHS, SOWEIT VORHANDEN, JE NACHDEM, WELCHER H\u00d6HER IST. FALLS DIE VORSTEHENDEN BESCHR\u00c4NKUNGEN NICHT ZUL\u00c4SSIG SIND, IST DIE HAFTUNG VON RADIAL AUF DEN GR\u00d6SSTM\u00d6GLICHEN NACH GELTENDEN GESETZEN ZUL\u00c4SSIGEN UMFANG BESCHR\u00c4NKT. DIE VORSTEHENDE HAFTUNGSBESCHR\u00c4NKUNG GILT NICHT BEI EIGENER FAHRL\u00c4SSIGKEIT ODER VORSATZ VON RADIAL.<\/p>\n<\/div>\n\n<div class=\"core-heading-block\" data-heading-level=\"2\">\n<h2 class=\"wp-block-heading\" id=\"h-streitigkeiten-und-schiedsvereinbarung\">Streitigkeiten und Schiedsvereinbarung<\/h2>\n<\/div>\n\n<div class=\"core-paragraph-block\">\n<p>Alle Streitigkeiten oder Anspr\u00fcche, die in irgendeiner Form mit der Website und den Dienstleistungen von Radial, gesch\u00e4ftlichen Transaktionen mit Radial und den Kundendienstmitarbeitern von Radial, von Radial abgegebenen Erkl\u00e4rungen und\/oder Ihrer Nutzung unserer Website in Zusammenhang stehen (einschlie\u00dflich, ohne darauf beschr\u00e4nkt zu sein, Anspr\u00fcche in Zusammenhang mit Verst\u00f6\u00dfen gegen die Gesch\u00e4ftsbedingungen, die Datenschutzrichtlinie oder die ungenehmigte Offenlegung personenbezogener Informationen), werden durch ein verbindliches Schiedsverfahren statt vor Gericht gel\u00f6st, mit der Ausnahme, dass Sie einzelne Anspr\u00fcche bei einem Bagatellgericht geltend machen k\u00f6nnen, falls Ihre Anspr\u00fcche sich qualifizieren und sofern die Sache bei einem derartigen Gericht bleibt und auf Einzelbasis vorangetrieben wird. Dies schlie\u00dft alle Streitigkeiten oder Anspr\u00fcche ein, die Sie gegen Tochtergesellschaften, verbundene Unternehmen und Rechtsnachfolger von Radial geltend machen. Dies schlie\u00dft ebenfalls alle vor Ihrer Annahme dieser Gesch\u00e4ftsbedingungen entstandenen Streitigkeiten oder Anspr\u00fcche ein, unabh\u00e4ngig davon, ob in fr\u00fcheren Fassungen der Gesch\u00e4ftsbedingungen ein Schiedsverfahren vorgeschrieben war.<\/p>\n<\/div>\n\n<div class=\"core-paragraph-block\">\n<p>Sofern Sie keine Bagatellklage einleiten, gelten der Federal Arbitration Act (f\u00fcr Schiedssachen geltendes US-Bundesgesetz) und die Schiedsgerichtsbarkeit auf Bundesebene. Bei einem Schiedsverfahren gibt es keinen Richter oder Geschworene (Jury), und die gerichtliche \u00dcberpr\u00fcfung eines Schiedsspruchs ist begrenzt. Der Schiedsrichter kann jedoch auf Einzelbasis den gleichen Schadensersatz und die Rechtsmittel zusprechen wie ein Gericht (einschlie\u00dflich einer einstweiligen und Feststellungsverf\u00fcgung bzw. gesetzlichen Schadensersatz), und muss die Bedingungen dieser Gesch\u00e4ftsbedingungen genauso befolgen wie ein Gericht.<\/p>\n<\/div>\n\n<div class=\"core-paragraph-block\">\n<p>Falls aus welchem Grund auch immer ein Anspruch vor Gericht statt in einem Schiedsverfahren verhandelt wird, VERZICHTEN SOWOHL SIE ALS AUCH RADIAL HIERMIT AUF DAS RECHT EINES GESCHWORENENVERFAHRENS.<\/p>\n<\/div>\n\n<div class=\"core-paragraph-block\">\n<p>ALLE STREITBEILEGUNGSVERFAHREN WERDEN AUSSCHLIESSLICH AUF EINZELBASIS UND NICHT ALS KL\u00c4GER ODER GRUPPENMITGLIED IN EINER NOCH NICHT ZUGELASSENEN SAMMEL-, KONSOLIDIERTEN ODER VERBANDSKLAGE DURCHGEF\u00dcHRT. Au\u00dfer wenn sowohl Sie als auch Radial etwas anderes vereinbaren, darf der Schiedsrichter nicht mehr als die Anspr\u00fcche einer weiteren Person mit Ihren Anspr\u00fcchen zusammenlegen, und ansonsten kein Verbands-, konsolidiertes oder Sammelverfahren in irgendeiner Form leiten. Falls sich die Bestimmungen dieses Absatzes als undurchsetzbar herausstellen, ist die Schiedsbestimmung in ihrer Gesamtheit ung\u00fcltig, au\u00dfer dem Verzicht auf das im vorherigen Absatz beschriebene Recht auf ein Geschworenenverfahren.<\/p>\n<\/div>\n\n<div class=\"core-paragraph-block\">\n<p>Die Zahlung aller Anmelde- und Verwaltungsgeb\u00fchren und die Verg\u00fctung des Schiedsrichters unterliegen den Regeln der American Arbitration Association (\u201eAAA\u201c), mit Ausnahme der in diesem Abschnitt vorgesehenen Bedingungen. Falls Sie mit Ihren Gesamtanspr\u00fcchen weniger als 10.000&nbsp;USD geltend machen, erstatten wir Ihnen die Anmeldegeb\u00fchren, die Sie an AAA gezahlt haben, und zahlen die Verg\u00fctung des Schiedsrichters, au\u00dfer wenn der Schiedsrichter entscheidet, dass Ihre Anspr\u00fcche unbegr\u00fcndet sind. Sie k\u00f6nnen ausw\u00e4hlen, ob das Schiedsverfahren auf der Basis von schriftlichen Stellungnahmen oder in eigener Person durchgef\u00fchrt wird. Der Schiedsspruch ist endg\u00fcltig und verbindlich und kann bei jedem zust\u00e4ndigen Gericht als Urteil eingetragen werden.<\/p>\n<\/div>\n\n<div class=\"core-paragraph-block\">\n<p>Wenn eine Streitigkeit entsteht, fordert Sie Radial nachdr\u00fccklich dazu auf, zuerst Radial anzusprechen, bevor Sie ein Schiedsverfahren beginnen oder eine Klage beim Bagatellgericht einreichen. Radial legt Wert auf seine Kundenbeziehungen und wird versuchen, Ihre Anspr\u00fcche informell und schnell beizulegen.<\/p>\n<\/div>\n\n<div class=\"core-paragraph-block\">\n<p>Falls Ihre Streitigkeit nicht vor Beginn des Schiedsverfahrens beigelegt wurde, schicken Sie bitte eine schriftliche Mitteilung mit einer Beschreibung des Anspruchs an die Rechtsabteilung, unter folgender Anschrift:<\/p>\n<\/div>\n\n<div class=\"core-paragraph-block\">\n<p>Radial<br>Attn: Legal Counsel<br>935 First Avenue<br>King of Prussia, PA 19406<\/p>\n<\/div>\n\n<div class=\"core-paragraph-block\">\n<p>Telefonisch: +1 (610) 491-7000<br>Per Fax: +1 (610) 265-1730<br>Per E-Mail:&nbsp;<a href=\"mailto:copyright@radial.com\">copyright@radial.com<\/a><\/p>\n<\/div>\n\n<div class=\"core-paragraph-block\">\n<p>Falls der Anspruch nicht innerhalb von drei\u00dfig (30) Tagen ab Versand der Mitteilung gekl\u00e4rt wurde, k\u00f6nnen Sie anschlie\u00dfend ein Schiedsgerichtsverfahren einleiten. Das Schiedsverfahren wird von AAA gem\u00e4\u00df deren Regeln, einschlie\u00dflich der erg\u00e4nzenden Verfahren f\u00fcr verbraucherbezogene Streitigkeiten von der AAA, durchgef\u00fchrt. Die Regeln und Vordrucke der AAA sind unter&nbsp;<a href=\"http:\/\/www.adr.org\/\">www.adr.org<\/a>&nbsp;verf\u00fcgbar, oder indem Sie 877-495-4185 anrufen.<\/p>\n<\/div>\n\n<div class=\"core-heading-block\" data-heading-level=\"2\">\n<h2 class=\"wp-block-heading\" id=\"h-begrenzung-der-verjahrungsfrist\">Begrenzung der Verj\u00e4hrungsfrist<\/h2>\n<\/div>\n\n<div class=\"core-paragraph-block\">\n<p>Im gesetzlich zul\u00e4ssigen Umfang erkl\u00e4ren Sie sich damit einverstanden, dass jeglicher Klageanspruch, den Sie gerne vorbringen m\u00f6chten und der aus oder in Zusammenhang mit diesen Gesch\u00e4ftsbedingungen und\/oder dieser Website entsteht, innerhalb eines (1) Jahres nach Entstehen des Klageanspruchs oder nachdem der Klageanspruch nach zumutbarer Sorgfalt entdeckt wurde, beginnen muss; ansonsten ist ein derartiger Klageanspruch f\u00fcr immer verj\u00e4hrt.<\/p>\n<\/div>\n\n<div class=\"core-heading-block\" data-heading-level=\"2\">\n<h2 class=\"wp-block-heading\" id=\"h-geltendes-recht-gerichtsstand\">Geltendes Recht; Gerichtsstand<\/h2>\n<\/div>\n\n<div class=\"core-paragraph-block\">\n<p>Diese Website wird von Radial vom Gesch\u00e4ftssitz des Unternehmens in King of Prussia, Pennsylvania, USA aus verwaltet. Diese Gesch\u00e4ftsbedingungen unterliegen den Gesetzen des Commonwealth of Pennsylvania und sind nach diesen auszulegen, unter Ausschluss etwaiger kollisionsrechtlicher Bestimmungen. Alle Klagen, mit denen eine Abhilfe per Gesetz oder gem\u00e4\u00df dem Billigkeitsrecht beantragt wird, die sich aus oder in Verbindung mit dieser Website ergeben, d\u00fcrfen nur in den Gerichten des Commonwealth of Pennsylvania oder im US-Bezirksgericht von Pennsylvania angestrengt werden.<\/p>\n<\/div>\n\n<div class=\"core-heading-block\" data-heading-level=\"2\">\n<h2 class=\"wp-block-heading\" id=\"h-mitteilung-bei-anspruchen-wegen-verstossen-gegen-das-geistige-eigentum-und-bevollmachtigter-fur-die-mitteilung\">Mitteilung bei Anspr\u00fcchen wegen Verst\u00f6\u00dfen gegen das geistige Eigentum und Bevollm\u00e4chtigter f\u00fcr die Mitteilung<\/h2>\n<\/div>\n\n<div class=\"core-paragraph-block\">\n<p>Wenn Sie in gutem Glauben der Ansicht sind, dass Ihr Werk in einer Art und Weise kopiert wurde, die eine Urheberrechtsverletzung darstellt, oder dass Ihre geistigen Eigentumsrechte anderweitig verletzt wurden, stellen Sie bitte dem benannten Bevollm\u00e4chtigten von Radial die folgenden Informationen zur Verf\u00fcgung:<\/p>\n<\/div>\n\n<div class=\"core-list-block\">\n<ol class=\"wp-block-list\" type=\"1\"><li>eine physische oder elektronische Unterschrift der Person, die dazu erm\u00e4chtigt ist, im Namen des Eigent\u00fcmers des Urheberrechts oder sonstigen geistigen Eigentumsrechts, das angeblich verletzt wird, zu handeln;<\/li><li>die Identifizierung oder Beschreibung des urheberrechtlich gesch\u00fctzten Werkes oder sonstigen geistigen Eigentums, bzgl. dessen Sie eine Verletzung geltend machen; Wenn Sie die Verletzung eines geistigen Eigentumsrechts geltend machen, bei dem es sich nicht um ein Urheberrecht handelt, geben Sie bitte das betreffende geistige Eigentumsrecht an (z.&nbsp;B. Marke oder Patent);<\/li><li>die Identifizierung oder Beschreibung des Ortes, an dem sich das angeblich rechtsverletzende Material auf der Website von Radial befindet, mit genug Einzelheiten, damit wir es auf der Website von Radial finden k\u00f6nnen;<\/li><li>Ihre Anschrift, Telefonnummer und E-Mail-Adresse;<\/li><li>eine Erkl\u00e4rung, dass Sie in gutem Glauben der Ansicht sind, dass die beanstandete Nutzung des Materials nicht vom Eigent\u00fcmer des Urheberrechts oder geistigen Eigentums oder seinem Vertreter genehmigt wurde oder gesetzlich erlaubt ist;<\/li><li>eine Erkl\u00e4rung, im Bewusstsein der Strafbarkeit einer Falschaussage, dass die Informationen in Ihrer Benachrichtigung korrekt sind und dass Sie der Eigent\u00fcmer des Urheberrechts oder geistigen Eigentums oder dazu befugt sind, im Namen des Eigent\u00fcmers des Urheberrechts oder geistigen Eigentums zu handeln.<\/li><\/ol>\n<\/div>\n\n<div class=\"core-paragraph-block\">\n<p>Der von Radial zum Erhalt von Behauptungen der Verletzung von Urheberrechten oder sonstigen geistigen Eigentumsrechten benannte Bevollm\u00e4chtigte kann wie folgt kontaktiert werden:<\/p>\n<\/div>\n\n<div class=\"core-paragraph-block\">\n<p>Per Post<br>Attn: Radial Registered Agent<br>Radial<br>935 First Avenue<br>King of Prussia, PA 19406 USA<\/p>\n<\/div>\n\n<div class=\"core-paragraph-block\">\n<p>Telefonisch: +1 (610) 491-7000<br>Per Fax: +1 (610) 265-1730<br>Per E-Mail:&nbsp;<a href=\"mailto:copyright@radial.com\">copyright@radial.com<\/a><\/p>\n<\/div>\n\n<div class=\"core-paragraph-block\">\n<p>Radial hat eine Richtlinie verabschiedet und implementiert, in der vorgesehen ist, dass unter den entsprechenden Umst\u00e4nden die Konten von Benutzern gek\u00fcndigt werden, die wiederholt Urheberrechte oder sonstige geistige Eigentumsrechte von Radial und\/oder anderen verletzen.<\/p>\n<\/div>\n\n<div class=\"core-paragraph-block\">\n<p>\u00dcberarbeitung dieser Gesch\u00e4ftsbedingungen. Radial kann diese Gesch\u00e4ftsbedingungen jederzeit und von Zeit zu Zeit durch eine Aktualisierung dieser Bekanntmachung \u00fcberarbeiten. Sie sollten diese Seite von Zeit zu Zeit besuchen, um sich die jeweils aktuellen Gesch\u00e4ftsbedingungen durchzulesen, da diese f\u00fcr Sie verbindlich gelten. Bestimmte Bestimmungen dieser Gesch\u00e4ftsbedingungen k\u00f6nnen durch ausdr\u00fccklich entsprechend bezeichnete Rechtshinweise oder Bedingungen verdr\u00e4ngt werden, die auf bestimmten Seiten dieser Website angegeben sind.<\/p>\n<\/div>\n\n<div class=\"core-paragraph-block\">\n<p>Letzte \u00dcberarbeitung: 26. September 2016<\/p>\n<\/div>\n\n<div class=\"core-paragraph-block\">\n<p><a href=\"https:\/\/de.radial.com\/\"><\/a><\/p>\n<\/div>\n<\/div>\n<\/div>\n<\/div>","protected":false},"excerpt":{"rendered":"","protected":false},"author":2,"featured_media":0,"parent":28957,"menu_order":0,"comment_status":"closed","ping_status":"closed","template":"","meta":{"_acf_changed":false,"inline_featured_image":false,"footnotes":""},"class_list":["post-28986","page","type-page","status-publish","hentry"],"acf":[],"_links":{"self":[{"href":"https:\/\/www.radial.com\/de\/wp-json\/wp\/v2\/pages\/28986","targetHints":{"allow":["GET"]}}],"collection":[{"href":"https:\/\/www.radial.com\/de\/wp-json\/wp\/v2\/pages"}],"about":[{"href":"https:\/\/www.radial.com\/de\/wp-json\/wp\/v2\/types\/page"}],"author":[{"embeddable":true,"href":"https:\/\/www.radial.com\/de\/wp-json\/wp\/v2\/users\/2"}],"replies":[{"embeddable":true,"href":"https:\/\/www.radial.com\/de\/wp-json\/wp\/v2\/comments?post=28986"}],"version-history":[{"count":3,"href":"https:\/\/www.radial.com\/de\/wp-json\/wp\/v2\/pages\/28986\/revisions"}],"predecessor-version":[{"id":30292,"href":"https:\/\/www.radial.com\/de\/wp-json\/wp\/v2\/pages\/28986\/revisions\/30292"}],"up":[{"embeddable":true,"href":"https:\/\/www.radial.com\/de\/wp-json\/wp\/v2\/pages\/28957"}],"wp:attachment":[{"href":"https:\/\/www.radial.com\/de\/wp-json\/wp\/v2\/media?parent=28986"}],"curies":[{"name":"wp","href":"https:\/\/api.w.org\/{rel}","templated":true}]}}