{"id":28972,"date":"2022-08-10T12:52:24","date_gmt":"2022-08-10T16:52:24","guid":{"rendered":"https:\/\/www.radial.com\/legal\/radial-cookie-policy"},"modified":"2025-05-16T10:53:09","modified_gmt":"2025-05-16T14:53:09","slug":"radial-cookiebestimmungen","status":"publish","type":"page","link":"https:\/\/www.radial.com\/de\/legal\/radial-cookiebestimmungen","title":{"rendered":"Radial Cookiebestimmungen"},"content":{"rendered":"\n<div class=\"page-wrapper\">\n\t\n\n<div class=\"interior-page\">\n\t\n\n\n<div class=\"interior-hero\">\n\t<div class=\"interior-hero__inner\">\n\t\t\t\t\t<h1 class=\"interior-hero__title\">Radial Cookiebestimmungen<\/h1>\n\t\t\t\t\t<\/div>\n<\/div>\n\n\n<div class=\"interior-page-block-area\">\n\t\n<div class=\"core-paragraph-block\">\n<p>Zuletzt ge\u00e4ndert: 14. Mai 2025<\/p>\n<\/div>\n\n<div class=\"core-paragraph-block\">\n<p>Unsere Website verwendet Cookies, um Sie von anderen Nutzern unserer Website zu unterscheiden. Dank Cookies k\u00f6nnen wir Ihnen eine gut funktionierende Website bereitstellen und unsere Website ebenfalls optimieren.<\/p>\n<\/div>\n\n<div class=\"core-paragraph-block\">\n<p>Ein Cookie ist eine kleine Datei aus Buchstaben und Ziffern, die wir in Ihrem Browser oder auf der Festplatte Ihres Computers speichern. Cookies enthalten Informationen, die auf die Festplatte Ihres Computers \u00fcbertragen werden. Die von Ihnen besuchte Website kann direkt Cookies setzen, so genannte Erstanbieter-Cookies, oder sie kann Cookies ausl\u00f6sen, die von anderen Dom\u00e4nennamen gesetzt werden, so genannte Drittanbieter-Cookies.<\/p>\n<\/div>\n\n<div class=\"core-paragraph-block\">\n<p>Unsere&nbsp;<a href=\"https:\/\/de.radial.com\/legal\/datenschutzhinweis\">Website-Datenschutzerkl\u00e4rung<\/a>&nbsp; beschreibt unsere Praktiken f\u00fcr alle personenbezogenen Daten, die unsere Erstanbieter-Cookies sammeln, speichern oder verwenden.<\/p>\n<\/div>\n\n<div class=\"core-paragraph-block\">\n<p>Die meisten Webbrowser erm\u00f6glichen es Ihnen, alle Cookies oder nur die Cookies von Drittanbietern \u00fcber Ihre Browsereinstellungen direkt zu blockieren. Wenn Sie Ihren Browser jedoch so einstellen, dass alle Cookies (einschlie\u00dflich wesentlicher Cookies) blockiert werden, k\u00f6nnen Sie m\u00f6glicherweise nur Teile unserer Website aufrufen, da diese Einstellung den normalen Betrieb der Website beeintr\u00e4chtigen kann.<\/p>\n<\/div>\n\n<div class=\"core-paragraph-block\">\n<p>Mit Ausnahme der wesentlichen Cookies verfallen alle Cookies nach der in der nachstehenden Tabelle angegebenen Dauer. Die Verfallszeiten f\u00fcr Cookies von Drittanbietern werden von deren jeweiligen Eigent\u00fcmern festgelegt.<\/p>\n<\/div>\n\n<div class=\"core-paragraph-block\">\n<p>Grenz\u00fcberschreitende Daten\u00fcbertragungen<\/p>\n<\/div>\n\n<div class=\"core-paragraph-block\">\n<p>Die von uns verwendeten Cookies k\u00f6nnen personenbezogene Daten in einem Land verarbeiten und speichern sowie an ein Land \u00fcbertragen, das ein anderes Land ist als Ihr eigenes und in dem andere, m\u00f6glicherweise weniger strenge Datenschutzgesetze gelten. Sie stimmen dieser \u00dcbertragung, Speicherung oder Verarbeitung zu, wenn Sie unserer Cookie-Nutzung zustimmen. Wir sind in den Vereinigten Staaten ans\u00e4ssig. Bitte lesen Sie die Richtlinien der einzelnen Drittanbieter von Cookies, um mehr \u00fcber deren Standort zu erfahren.<\/p>\n<\/div>\n\n<div class=\"core-paragraph-block\">\n<p>\u00c4nderungen unserer Cookie-Nutzungsbestimmungen<\/p>\n<\/div>\n\n<div class=\"core-paragraph-block\">\n<p>Wir werden alle \u00c4nderungen an der Art und Weise, wie wir Cookies nutzen, auf dieser Seite ver\u00f6ffentlichen. Wenn es sich um eine grundlegende \u00c4nderung Cookie-Nutzung handelt, ver\u00f6ffentlichen wir einen Hinweis auf unserer Website. Bitte besuchen Sie diese Seite regelm\u00e4\u00dfig, um sich \u00fcber Aktualisierungen oder \u00c4nderungen unserer Cookie-Nutzungsbestimmungen zu informieren.<\/p>\n<\/div>\n\n<div class=\"core-paragraph-block\">\n<p>Wir verwenden folgende Cookies:<\/p>\n<\/div>\n\n<div class=\"core-list-block\">\n<ul class=\"wp-block-list\">\n<li><strong>Unbedingt erforderliche Cookies.<\/strong>&nbsp;Diese Cookies sind f\u00fcr den Betrieb unserer Website erforderlich. Dazu geh\u00f6ren z. B. Cookies, die es Ihnen erm\u00f6glichen, sich in sichere Bereiche unserer Website einzuloggen, z. B. bei der Nutzung von E-Billing-Diensten. Es handelt sich um tempor\u00e4re und dauerhafte Cookies, wobei die tempor\u00e4ren Cookies aktiv bleiben, bis Sie Ihren Browser schlie\u00dfen, w\u00e4hrend dauerhafte Cookies auf Ihrem Ger\u00e4t so lange bleiben, bis Sie sie l\u00f6schen.<\/li>\n\n\n\n<li><strong>Analytische oder leistungsbezogene Cookies.<\/strong>&nbsp;Sie erm\u00f6glichen es uns und unseren Drittanbietern, die Anzahl der Besucher zu erkennen, sie zu z\u00e4hlen und ihre Bewegungen und Verhaltensweisen auf unserer Website zu sehen. Dadurch k\u00f6nnen wir die Funktionsweise unserer Website verbessern, z. B. indem wir sicherstellen, dass die Nutzer leicht finden, wonach sie suchen. Diese Cookies erstellen aggregierte Statistiken, die nicht mit einem individuellen Profil verkn\u00fcpft sind. Es handelt sich um dauerhafte Cookies, die in der Regel bis zu 2 Jahre aktiv bleiben.<\/li>\n\n\n\n<li><strong>Funktionale Cookies.<\/strong>&nbsp;Diese Cookies erm\u00f6glichen hilfreiche, aber nicht unbedingt erforderliche Funktionen f\u00fcr Ihr Website-Erlebnis. Sie werden verwendet, um Sie zu erkennen, wenn Sie auf unsere Website zur\u00fcckkehren. Dank dieser Cookies k\u00f6nnen wir unsere Inhalte personalisieren, Sie mit Ihrem Namen begr\u00fc\u00dfen und Ihre Pr\u00e4ferenzen speichern (z. B. die Wahl Ihrer Sprache oder Region).<\/li>\n\n\n\n<li><strong>Werbecookies.<\/strong>&nbsp;Diese Cookies speichern Ihren Besuch auf unserer Website, die Webseiten, die Sie besucht haben und die Links, denen Sie gefolgt sind. Wir verwenden diese Daten, um unsere Website und die darauf angezeigte Werbung besser auf Ihre Interessen abzustimmen. Wir k\u00f6nnen diese Daten zu diesem Zweck auch an Dritte weitergeben.<a><\/a><\/li>\n\n\n\n<li><strong>Dritte.<\/strong>&nbsp;Unsere Website kann hilfreiche, aber nicht unbedingt wichtige Funktionen oder Plug-ins enthalten, die Dienste von Drittanbietern erm\u00f6glichen, die Cookies verwenden, wie z. B. Verbindungen zu sozialen Netzwerken, Karten, Anzeigennetzwerke oder Dienste zur Analyse des Webverkehrs. Diese Cookies k\u00f6nnen die Identifizierung von Besuchern auf verschiedenen Websites und \u00fcber einen l\u00e4ngeren Zeitraum hinweg erm\u00f6glichen. Wir haben keine Kontrolle \u00fcber die Verwendung dieser Cookies durch Dritte, ihre Dauer oder ihre F\u00e4higkeit, Daten mit anderen Dritten zu teilen. Bitte beachten Sie, dass einige der folgenden Drittanbieter Cookies verwenden k\u00f6nnen und dass es sich bei diesen Drittanbieter-Cookies wahrscheinlich um analytische Cookies oder Werbe-Cookies handelt. Wir empfehlen Ihnen, die Cookie-Offenlegung bzw. die Cookie-Richtlinie des jeweiligen Anbieters zu lesen, wenn Sie Bedenken hinsichtlich der Verwendung von Cookies haben.<\/li>\n\n\n\n<li>Weitere Informationen zu den einzelnen Cookies, die wir verwenden, und ihren Einsatzzweck finden Sie in der nachstehenden Tabelle:<\/li>\n<\/ul>\n<\/div>\n\n<div class=\"core-heading-block\" data-heading-level=\"2\">\n<h2 class=\"wp-block-heading\" id=\"h-erforderlich\">Erforderlich<\/h2>\n<\/div>\n\n\n<figure class=\"wp-block-table\"><table class=\"has-fixed-layout\"><tbody><tr><td><strong>Id<\/strong><\/td><td><strong>Duration<\/strong><\/td><td class=\"has-text-align-left\" data-align=\"left\"><strong>Description<\/strong><\/td><\/tr><tr><td>wt_consent<\/td><td>1 Jahr<\/td><td class=\"has-text-align-left\" data-align=\"left\">Wird verwendet, um die Einwilligungseinstellungen des Benutzers zu speichern und diese bei sp\u00e4teren Besuchen der Website zu ber\u00fccksichtigen. Es werden keine personenbezogenen Daten der Website-Besucher erfasst oder gespeichert.<\/td><\/tr><\/tbody><\/table><\/figure>\n\n\n<div class=\"core-heading-block\" data-heading-level=\"2\">\n<h2 class=\"wp-block-heading\" id=\"h-funktional\">Funktional<\/h2>\n<\/div>\n\n\n<figure class=\"wp-block-table\"><table class=\"has-fixed-layout\"><tbody><tr><td><strong>Id<\/strong><\/td><td><strong>Speicherdauer<\/strong><\/td><td><strong>Beschreibung<\/strong><\/td><\/tr><tr><td>__cf_bm<\/td><td>30 Minuten<\/td><td>Dieses von Cloudflare gesetzte Cookie wird verwendet, um Cloudflare Bot Management zu unterst\u00fctzen.<\/td><\/tr><tr><td>_li_id<\/td><td>2 Jahre<\/td><td>Leadinfo setzt zwei 1st-Party-Cookies, die nur Radial Einblick in das Verhalten auf der Website geben. Diese Cookies werden nicht an andere Parteien weitergegeben.<\/td><\/tr><tr><td>_li_ses<\/td><td>Sitzung<\/td><td>Leadinfo setzt zwei 1st-Party-Cookies, die nur Radial Einblick in das Verhalten auf der Website geben. Diese Cookies werden nicht an andere Parteien weitergegeben.<\/td><\/tr><tr><td>lpv138061<\/td><td>30 Minuten<\/td><td>Dieses LPV-Cookie wird gesetzt, um Pardot daran zu hindern, mehrere Seitenaufrufe auf ein einzelnes Asset innerhalb einer 30-min\u00fctigen Sitzung zu verfolgen. Wenn ein Besucher beispielsweise eine Landing Page innerhalb von 30 Minuten mehrmals aufruft, verhindert dieses Cookie, dass jede Seitenaktualisierung als Seitenaufruf gewertet wird.<\/td><\/tr><tr><td>visitor_id138061<\/td><td>1 Jahr<\/td><td>Das Pardot-Besucher-Cookie enth\u00e4lt eine eindeutige Besucher-ID und die eindeutige Kennung f\u00fcr das Pardot-Konto. Der Cookie-Name visitor_id12345 speichert zum Beispiel die Besucher-ID 1010101010. Die Kontokennung 12345 stellt sicher, dass der Besucher \u00fcber das richtige Pardot-Konto verfolgt wird. Der Besucherwert ist die visitor_id im Pardot-Konto. Dieses Cookie wird f\u00fcr Besucher durch den Pardot-Tracking-Code gesetzt.<\/td><\/tr><tr><td>visitor_id138061-hash<\/td><td>1 Jahr<\/td><td>Das Pardot Besucher-Hash-Cookie enth\u00e4lt die Konto-ID und speichert einen eindeutigen Hash. Zum Beispiel speichert der Cookie-Name visitor_id12345-855c3697d9979e78ac404c4ba2c66533 den Hash 855c3697d9979e78ac404c4ba2c66533 und die Konto-ID lautet 12345. Dieses Cookie ist eine Sicherheitsma\u00dfnahme, um sicherzustellen, dass ein b\u00f6swilliger Nutzer keinen Besucher von Pardot vort\u00e4uschen und auf die entsprechenden Kundeninformationen zugreifen kann.<\/td><\/tr><\/tbody><\/table><\/figure>\n\n\n<div class=\"core-heading-block\" data-heading-level=\"2\">\n<h2 class=\"wp-block-heading\" id=\"h-analyse\">Analyse<\/h2>\n<\/div>\n\n\n<figure class=\"wp-block-table\"><table class=\"has-fixed-layout\"><tbody><tr><td><strong>Id<\/strong><\/td><td><strong>Speicherdauer<\/strong><\/td><td><strong>Beschreibung<\/strong><\/td><\/tr><tr><td>_cfuvid<\/td><td>1 Jahr<\/td><td>Im Zusammenhang mit der Cloudflare-Rate-Limitierung.<\/td><\/tr><tr><td>_ga<\/td><td>2 Jahre<\/td><td>Das _ga-Cookie, das von Google Analytics installiert wird, berechnet Besucher-, Sitzungs- und Kampagnendaten und verfolgt auch die Nutzung der Website f\u00fcr den Analysebericht der Website. Das Cookie speichert Informationen anonym und weist eine zuf\u00e4llig generierte Nummer zu, um eindeutige Besucher zu erkennen.<\/td><\/tr><tr><td>_ga_X5L4QD6SPV<\/td><td>2 Jahre<\/td><td>Dieses Cookie wird von Google Analytics installiert.<\/td><\/tr><tr><td>_zitok<\/td><td>1 Jahr<\/td><td>Dies ist ein First-Party-Cookie zur Verwaltung einer eindeutigen Besucherkennung. Es wird f\u00fcr WebSights, FormComplete, Chat und Schedule verwendet. Es enth\u00e4lt eine undurchsichtige GUID zur Darstellung des aktuellen Besuchers.<\/td><\/tr><tr><td>pardot_utm_campaign<\/td><td>1 Monat<\/td><td>Dieses Cookie wird von Radial gesetzt, um den urspr\u00fcnglichen utm_campaign-Wert eines Besuchers zu verfolgen.<\/td><\/tr><tr><td>pardot_utm_content<\/td><td>1 Monat<\/td><td>Dieses Cookie wird von Radial gesetzt, um den urspr\u00fcnglichen utm_content-Wert eines Besuchers zu verfolgen.<\/td><\/tr><tr><td>pardot_utm_medium<\/td><td>1 Monat<\/td><td>Dieses Cookie wird von Radial gesetzt, um den urspr\u00fcnglichen utm_medium-Wert eines Besuchers zu verfolgen.<\/td><\/tr><tr><td>pardot_utm_source<\/td><td>1 Monat<\/td><td>Dieses Cookie wird von Radial gesetzt, um den urspr\u00fcnglichen utm_source-Wert eines Besuchers zu verfolgen.<\/td><\/tr><tr><td>pardot_utm_term<\/td><td>1 Monat<\/td><td>Dieses Cookie wird von Radial gesetzt, um den urspr\u00fcnglichen utm_term-Wert eines Besuchers zu verfolgen.<\/td><\/tr><\/tbody><\/table><\/figure>\n\n\n<div class=\"core-heading-block\" data-heading-level=\"2\">\n<h2 class=\"wp-block-heading\" id=\"h-werbung\">Werbung<\/h2>\n<\/div>\n\n\n<figure class=\"wp-block-table\"><table class=\"has-fixed-layout\"><tbody><tr><td><strong>Id<\/strong><\/td><td><strong>Speicherdauer<\/strong><\/td><td><strong>Beschreibung<\/strong><\/td><\/tr><tr><td>_gcl_au<\/td><td>1 Jahr<\/td><td>Dieses Cookie wird von Google Adsense gesetzt, um Conversions zu speichern und zu verfolgen.<\/td><\/tr><tr><td>_gcl_aw<\/td><td>90 Tage<\/td><td>Wird von Google Ads verwendet, um Klickinformationen f\u00fcr Conversion-Tracking zu speichern.<\/td><\/tr><tr><td>_gcl_gs<\/td><td>90 Tage<\/td><td>Hilft bei der Verfolgung von Conversions aus Google Ads-Kampagnen.<\/td><\/tr><tr><td>_fbp<\/td><td>3 Monate<\/td><td>Dieses Cookie wird von Facebook gesetzt, um nach dem Besuch der Website entweder auf Facebook oder auf einer digitalen Plattform, die von Facebook-Werbung unterst\u00fctzt wird, Werbung anzuzeigen.<\/td><\/tr><tr><td>AEC<\/td><td>6 Monate<\/td><td>Stellt sicher, dass Anfragen innerhalb einer Sitzung vom Nutzer stammen.<\/td><\/tr><tr><td>AnalyticsSyncHistory<\/td><td>1 Monat<\/td><td>Wird von LinkedIn verwendet, um Informationen \u00fcber den Zeitpunkt einer Synchronisierung mit dem lms_analytics-Cookie zu speichern.<\/td><\/tr><tr><td>ANID<\/td><td>13 Monate<\/td><td>Dieses Cookie wird verwendet, um Google-Anzeigen auf Nicht-Google-Websites anzuzeigen.<\/td><\/tr><tr><td>bcookie<\/td><td>1 Jahr<\/td><td>LinkedIn setzt dieses Cookie von LinkedIn Share Buttons und Ad Tags, um die Browser-ID zu erkennen.<\/td><\/tr><tr><td>bscookie<\/td><td>1 Jahr<\/td><td>LinkedIn setzt dieses Cookie, um durchgef\u00fchrte Aktionen auf der Website zu speichern.<\/td><\/tr><tr><td>DV<\/td><td>24 Stunden<\/td><td>Wird von Google zur Erhebung personalisierter Werbung und Analysen verwendet.<\/td><\/tr><tr><td>GCL_AW_P<\/td><td>90 Tage<\/td><td>Speichert Klickdaten f\u00fcr die Messung der Kampagnenleistung.<\/td><\/tr><tr><td>fr<\/td><td>3 Monate<\/td><td>Facebook setzt dieses Cookie, um Nutzern relevante Werbung zu zeigen, indem es das Nutzerverhalten im gesamten Web verfolgt, und zwar auf Websites, die \u00fcber das Facebook-Pixel- oder das Facebook-Social-Plugin verf\u00fcgen.<\/td><\/tr><tr><td>IDE<\/td><td>13 Monate<\/td><td>Dieses Cookie wird verwendet, um Google-Anzeigen auf Nicht-Google-Websites anzuzeigen.<\/td><\/tr><tr><td>lang<\/td><td>Sitzung<\/td><td>LinkedIn setzt dieses Cookie, um sich die Spracheinstellung eines Nutzers zu merken.<\/td><\/tr><tr><td>li_gc<\/td><td>2 Jahre<\/td><td>Wird von LinkedIn verwendet, um die Zustimmung von G\u00e4sten zur Verwendung von Cookies f\u00fcr nicht wesentliche Zwecke zu speichern.<\/td><\/tr><tr><td>li_sugr<\/td><td>3 Monate<\/td><td>Wird verwendet, um eine wahrscheinliche \u00dcbereinstimmung mit der Identit\u00e4t eines Benutzers au\u00dferhalb der designierten L\u00e4nder herzustellen<\/td><\/tr><tr><td>lidc<\/td><td>1 Tag<\/td><td>LinkedIn setzt das lidc-Cookie, um die Auswahl des Rechenzentrums zu erleichtern.<\/td><\/tr><tr><td>NID<\/td><td>6 Monate<\/td><td>Speichert Nutzereinstellungen wie bevorzugte Sprache oder Anzahl der Suchergebnisse.<\/td><\/tr><tr><td>Pxrc<\/td><td>2 Monate<\/td><td>Dieses Cookie wird f\u00fcr Analyse- und Orchestrierungszwecke verwendet, die von Demandbase-Produkten bereitgestellt werden. Dieses Cookie wird verwendet, um Werbung zu liefern, die f\u00fcr Sie und Ihre Interessen relevanter ist. Es wird auch verwendet, um die H\u00e4ufigkeit zu begrenzen, mit der Sie eine Werbung sehen, und um die Wirksamkeit der Werbekampagne zu messen<\/td><\/tr><tr><td>Rlas3<\/td><td>1 Jahr<\/td><td>Dieses Cookie wird f\u00fcr Analyse- und Orchestrierungszwecke verwendet, die von Demandbase-Produkten bereitgestellt werden. Dieses Cookie wird verwendet, um Werbung zu liefern, die f\u00fcr Sie und Ihre Interessen relevanter ist. Es wird auch verwendet, um die H\u00e4ufigkeit zu begrenzen, mit der Sie eine Werbung sehen, und um die Wirksamkeit der Werbekampagne zu messen<\/td><\/tr><tr><td>test_cookie<\/td><td>15 Minuten<\/td><td>Wird verwendet, um zu pr\u00fcfen, ob der Browser des Nutzers Cookies unterst\u00fctzt (von DoubleClick gesetzt).<\/td><\/tr><tr><td>tuuid<\/td><td>1 Jahr<\/td><td>Dieses Cookie wird f\u00fcr Analyse- und Werbedienste verwendet, die von Demandbase-Produkten bereitgestellt werden.<\/td><\/tr><tr><td>tuuid_lu<\/td><td>1 Jahr<\/td><td>Dieses Cookie wird f\u00fcr Analyse- und Werbedienste verwendet, die von Demandbase-Produkten bereitgestellt werden.<\/td><\/tr><tr><td>U<\/td><td>3 Monate<\/td><td>LinkedIn verwendet diese Browser-Kennung f\u00fcr Nutzer au\u00dferhalb der designierten L\u00e4nder.<\/td><\/tr><tr><td>UserMatchHistory<\/td><td>1 Monat<\/td><td>LinkedIn setzt dieses Cookie f\u00fcr die Synchronisierung der LinkedIn Ads ID.<\/td><\/tr><tr><td>_gat_UA-8721228-1<\/td><td>1 Minute<\/td><td>Eine Variation des _gat-Cookies, das von Google Analytics und Google Tag Manager gesetzt wird, um es Website-Eigent\u00fcmern zu erm\u00f6glichen, das Besucherverhalten zu verfolgen und die Website-Leistung zu messen. Das Musterelement im Namen enth\u00e4lt die eindeutige Identit\u00e4tsnummer des Kontos oder der Website, auf die es sich bezieht.<\/td><\/tr><tr><td>_gid<\/td><td>1 Tag<\/td><td>Das von Google Analytics installierte _gid-Cookie speichert Informationen dar\u00fcber, wie Besucher eine Website nutzen, und erstellt gleichzeitig einen Analysebericht \u00fcber die Leistung der Website. Einige der gesammelten Daten umfassen die Anzahl der Besucher, ihre Quelle und die Seiten, die sie anonym besuchen.<\/td><\/tr><\/tbody><\/table><\/figure>\n\n\n\n<style>\ntable {\n  width: 100%;\n  table-layout: fixed;\n}\n\ntable td:nth-child(1) {\n  width: 25%;\n}\n\ntable td:nth-child(2) {\n  width: 15%;\n}\n\ntable td:nth-child(3) {\n  width: 60%;\n}\n<\/style>\n\n<\/div>\n<\/div>\n<\/div>","protected":false},"excerpt":{"rendered":"","protected":false},"author":2,"featured_media":0,"parent":28957,"menu_order":0,"comment_status":"closed","ping_status":"closed","template":"","meta":{"_acf_changed":false,"inline_featured_image":false,"footnotes":""},"class_list":["post-28972","page","type-page","status-publish","hentry"],"acf":[],"_links":{"self":[{"href":"https:\/\/www.radial.com\/de\/wp-json\/wp\/v2\/pages\/28972","targetHints":{"allow":["GET"]}}],"collection":[{"href":"https:\/\/www.radial.com\/de\/wp-json\/wp\/v2\/pages"}],"about":[{"href":"https:\/\/www.radial.com\/de\/wp-json\/wp\/v2\/types\/page"}],"author":[{"embeddable":true,"href":"https:\/\/www.radial.com\/de\/wp-json\/wp\/v2\/users\/2"}],"replies":[{"embeddable":true,"href":"https:\/\/www.radial.com\/de\/wp-json\/wp\/v2\/comments?post=28972"}],"version-history":[{"count":24,"href":"https:\/\/www.radial.com\/de\/wp-json\/wp\/v2\/pages\/28972\/revisions"}],"predecessor-version":[{"id":75512,"href":"https:\/\/www.radial.com\/de\/wp-json\/wp\/v2\/pages\/28972\/revisions\/75512"}],"up":[{"embeddable":true,"href":"https:\/\/www.radial.com\/de\/wp-json\/wp\/v2\/pages\/28957"}],"wp:attachment":[{"href":"https:\/\/www.radial.com\/de\/wp-json\/wp\/v2\/media?parent=28972"}],"curies":[{"name":"wp","href":"https:\/\/api.w.org\/{rel}","templated":true}]}}