{"id":28069,"date":"2022-06-24T15:00:38","date_gmt":"2022-06-24T19:00:38","guid":{"rendered":"https:\/\/www.radial.com\/contact-us"},"modified":"2026-02-19T09:00:53","modified_gmt":"2026-02-19T14:00:53","slug":"kontakt-aufnahmen","status":"publish","type":"page","link":"https:\/\/www.radial.com\/de\/kontakt","title":{"rendered":"Kontakt aufnahmen"},"content":{"rendered":"\n<div class=\"page-wrapper\">\n\t\n\n<div class=\"interior-page\">\n\t\n\n\n<div class=\"interior-hero\">\n\t<div class=\"interior-hero__inner\">\n\t\t\t\t\t<h1 class=\"interior-hero__title\">Kontakt aufnahmen<\/h1>\n\t\t\t\t\t\t\t<div class=\"interior-hero__summary\">\n\t\t\t\t<p>M\u00f6chten Sie mehr \u00fcber die eCommerce-Fulfillment-L\u00f6sungen von Radial erfahren?<\/p>\n\t\t\t<\/div>\n\t\t\t<\/div>\n<\/div>\n\n\n<div class=\"interior-page-block-area\">\n\t\n\n<div\n        data-form-id='d62768df-efef-f011-8407-7c1e525a0dd8'\n        data-form-api-url='https:\/\/public-usa.mkt.dynamics.com\/api\/v1.0\/orgs\/992dc936-8646-4187-ba46-984408a7884e\/landingpageforms'\n        data-cached-form-url='https:\/\/assets-usa.mkt.dynamics.com\/992dc936-8646-4187-ba46-984408a7884e\/digitalassets\/forms\/d62768df-efef-f011-8407-7c1e525a0dd8' ><\/div>\n        <script src = 'https:\/\/cxppusa1formui01cdnsa01-endpoint.azureedge.net\/usa\/FormLoader\/FormLoader.bundle.js' ><\/script>\n\n\n<div class=\"core-heading-block\" data-heading-level=\"2\">\n<h2 class=\"wp-block-heading\" id=\"h-haben-sie-fragen-zu-beschaftigungsmoglichkeiten\">Haben Sie Fragen zu Besch\u00e4ftigungsm\u00f6glichkeiten?&nbsp;<\/h2>\n<\/div>\n\n<div class=\"core-paragraph-block\">\n<p>Weitere Informationen finden Sie auf unserer <a href=\"https:\/\/www.radial.com\/de\/karrieren\">Karriereseite<\/a>.&nbsp;<\/p>\n<\/div>\n\n<div class=\"core-paragraph-block\">\n<p>F\u00fcr andere HR-bezogene Anfragen klicken <a href=\"mailto:hrcentral@radial.com\" target=\"_blank\" rel=\"noreferrer noopener\">Sie bitte hier<\/a>.<\/p>\n<\/div>\n\n<div class=\"core-heading-block\" data-heading-level=\"2\">\n<h2 class=\"wp-block-heading\">Andere M\u00f6glichkeiten der Kontaktaufnahme&nbsp;<\/h2>\n<\/div>\n\n<div class=\"core-paragraph-block\">\n<p>Per E-Mail <a href=\"mailto:Saleseurope@radial.com\">Saleseurope@radial.com<\/a><\/p>\n<\/div>\n\n<div class=\"core-paragraph-block\">\n<p>Radial GmbH<br>Siriusstr. 3<br>Reideburg<br>DE 06116 Halle (Saale)<\/p>\n<\/div>\n\n<div class=\"core-paragraph-block\">\n<p>EORI: DE412560944896421<br>VAT number: DE289948267<br>Company registration number: HRB2335<\/p>\n<\/div>\n<\/div>\n<\/div>\n<\/div>","protected":false},"excerpt":{"rendered":"","protected":false},"author":1,"featured_media":0,"parent":0,"menu_order":0,"comment_status":"closed","ping_status":"closed","template":"","meta":{"_acf_changed":false,"inline_featured_image":false,"footnotes":""},"class_list":["post-28069","page","type-page","status-publish","hentry"],"acf":[],"_links":{"self":[{"href":"https:\/\/www.radial.com\/de\/wp-json\/wp\/v2\/pages\/28069","targetHints":{"allow":["GET"]}}],"collection":[{"href":"https:\/\/www.radial.com\/de\/wp-json\/wp\/v2\/pages"}],"about":[{"href":"https:\/\/www.radial.com\/de\/wp-json\/wp\/v2\/types\/page"}],"author":[{"embeddable":true,"href":"https:\/\/www.radial.com\/de\/wp-json\/wp\/v2\/users\/1"}],"replies":[{"embeddable":true,"href":"https:\/\/www.radial.com\/de\/wp-json\/wp\/v2\/comments?post=28069"}],"version-history":[{"count":11,"href":"https:\/\/www.radial.com\/de\/wp-json\/wp\/v2\/pages\/28069\/revisions"}],"predecessor-version":[{"id":79479,"href":"https:\/\/www.radial.com\/de\/wp-json\/wp\/v2\/pages\/28069\/revisions\/79479"}],"wp:attachment":[{"href":"https:\/\/www.radial.com\/de\/wp-json\/wp\/v2\/media?parent=28069"}],"curies":[{"name":"wp","href":"https:\/\/api.w.org\/{rel}","templated":true}]}}