{"id":28054,"date":"2022-05-02T13:57:51","date_gmt":"2022-05-02T17:57:51","guid":{"rendered":"https:\/\/www.radial.com\/ecommerce-fulfillment\/transportation-management"},"modified":"2024-09-19T11:09:49","modified_gmt":"2024-09-19T15:09:49","slug":"ecommerce-fulfillment-transport-management","status":"publish","type":"page","link":"https:\/\/www.radial.com\/de\/losungen\/transport-management","title":{"rendered":"Transport-Management"},"content":{"rendered":"\n<div class=\"page-wrapper\">\n\t\n\n<div class=\"landing-page\">\n\t\n\n<div class=\"landing-page-hero-area\" id=\"landing-page-hero-area\">\n\t\n\n\n<div class=\"hero-landing-block\">\n\t<div class=\"hero-landing-block__inner\">\n\t\t<div class=\"hero-landing-block__info\">\n\t\t\t<div class=\"hero-landing-block__info--inner\">\n\t\t\t<h1 class=\"hero-landing-block__title\">Versenden Sie Bestellungen schneller und einfacher \u00fcberall hin<\/h1>\n            \t\t\t\t\t\t\t<div class=\"hero-landing-block__summary\">\n\t\t\t\t\t<p>Liefern Sie Ihre Auftr\u00e4ge schneller und zu geringeren Kosten \u2013 mit den innovativen Transportl\u00f6sungen von Radial und in der Branche un\u00fcbertroffenem Know-how.<\/p>\n\t\t\t\t<\/div>\n\t\t\t\t\t\t\t\t\t\t<a class=\"hero-landing-block__cta button-primary light\" href=\"https:\/\/www.radial.com\/de\/kontakt\" target=\"_self\">Beginnen Sie heute<\/a>\t\t\t\t\t\t<\/div>\n\t\t<\/div>\n\t\t<div class=\"hero-landing-block__image\">\n\t\t\t<picture>\r\n<source data-image-size=\"hero_landing_small\" srcset=\"https:\/\/www.radial.com\/wp-content\/uploads\/2022\/08\/22\/transportation-management-342x228.jpg, https:\/\/www.radial.com\/wp-content\/uploads\/2022\/08\/22\/transportation-management-684x456.jpg 2x\" media=\"(max-width: 350px)\" type=\"image\/jpeg\">\r\n<source data-image-size=\"hero_landing_medium\" srcset=\"https:\/\/www.radial.com\/wp-content\/uploads\/2022\/08\/22\/transportation-management-705x470.jpg, https:\/\/www.radial.com\/wp-content\/uploads\/2022\/08\/22\/transportation-management-1410x940.jpg 2x\" media=\"(max-width: 715px)\" type=\"image\/jpeg\">\r\n<source data-image-size=\"hero_landing_medium_large\" srcset=\"https:\/\/www.radial.com\/wp-content\/uploads\/2022\/08\/22\/transportation-management-960x640.jpg, https:\/\/www.radial.com\/wp-content\/uploads\/2022\/08\/22\/transportation-management-1920x1280.jpg 2x\" media=\"(max-width: 1023px)\" type=\"image\/jpeg\">\r\n<source data-image-size=\"hero_landing_large\" srcset=\"https:\/\/www.radial.com\/wp-content\/uploads\/2022\/08\/22\/transportation-management-aspect-ratio-22-25-704x800.jpg, https:\/\/www.radial.com\/wp-content\/uploads\/2022\/08\/22\/transportation-management-aspect-ratio-22-25-1408x1600.jpg 2x\" media=\"(max-width: 1440px)\" type=\"image\/jpeg\">\r\n<source data-image-size=\"hero_landing_huge\" srcset=\"https:\/\/www.radial.com\/wp-content\/uploads\/2022\/08\/22\/transportation-management-aspect-ratio-22-25-946x1075.jpg, https:\/\/www.radial.com\/wp-content\/uploads\/2022\/08\/22\/transportation-management-aspect-ratio-22-25-1892x2150.jpg 2x\" type=\"image\/jpeg\">\r\n<img decoding=\"async\" alt=\"\" src=\"https:\/\/www.radial.com\/wp-content\/uploads\/2022\/08\/22\/transportation-management-aspect-ratio-22-25-704x800.jpg\">\r\n<\/picture>\t\t<\/div>\n\t<\/div>\n<\/div>\n\n<\/div>\n\n\n<div class=\"landing-page-block-area\">\n\t\n<div class=\"core-heading-block\" data-heading-level=\"2\">\n<h2 class=\"wp-block-heading\" id=\"h-wir-kummern-uns-um-den-transport-und-um-eine-million-anderer-dinge\">Wir k\u00fcmmern uns um den Transport \u2013 und um eine Million anderer Dinge<\/h2>\n<\/div>\n\n<div class=\"core-paragraph-block\">\n<p>Unser Team von Distributionsspezialisten bezieht Bestellungen und schickt sie mit unvergleichlicher Effizienz an ihren Zielort \u2013 nicht nur im regul\u00e4ren Betrieb, sondern auch zu Hochzeiten wie den Feiertagen oder wenn ein \u201eMust-have\u201c-Artikel auf Instagram im Umlauf ist. Wir bieten umfassende L\u00f6sungen, einschlie\u00dflich Carrier-Management, Transport-Management f\u00fcr kleine Pakete und Versand von kleinen Paketen. Durch eine Partnerschaft mit Radial k\u00f6nnen Sie Ihre Versprechen gegen\u00fcber Ihren Kunden einhalten, immer und immer wieder.<\/p>\n<\/div>\n\n\n\n<div class=\"statistics statistics__2\">\n    <span class=\"statistics__elipse-right\">\n    <\/span>\n    <div class=\"statistics--inner\">\n        <div class=\"statistics__info animate\">\n\t\t                    <h2 class=\"statistics__title\">\n\t\t\t\t    Schneller versenden, mehr verkaufen                <\/h2>\n\t\t    \t\t                    <div class=\"statistics__summary\">\n\t\t\t\t    <p>Ganz gleich, wo Ihre Kunden wohnen oder zu welcher Jahreszeit sie eine Bestellung aufgeben, wir sorgen mit unseren Transportl\u00f6sungen daf\u00fcr, dass Ihr Produkt schneller zu ihnen gelangt.<\/p>\n                <\/div>\n\t\t            <\/div>\n\t                <ul class=\"statistics__content statistics__content__2 animate\">\n\t\t\t                        <li class=\"statistics__element\">\n\t\t\t\t\t                            <div class=\"statistics__number\">\n\t\t\t\t\t\t                                    \t\t\t\t\t\t\t    80M\t\t\t\t\t\t                            <\/div>\n\n\t\t\t\t\t                                <div class=\"statistics__number-text\">\n\t\t\t\t\t\t\t    ausgelieferte pakete pro jahr                            <\/div>\n\t\t\t\t\t                        <\/li>\n\t\t\t                        <li class=\"statistics__element\">\n\t\t\t\t\t                            <div class=\"statistics__number\">\n\t\t\t\t\t\t                                    \t\t\t\t\t\t\t    1,6M\t\t\t\t\t\t                            <\/div>\n\n\t\t\t\t\t                                <div class=\"statistics__number-text\">\n\t\t\t\t\t\t\t    quadratmeter fulfillment-kapazit\u00e4t                            <\/div>\n\t\t\t\t\t                        <\/li>\n\t\t\t                <\/ul>\n\t        <\/div>\n    <span class=\"statistics__elipse-left\">\n    <\/span>\n<\/div>\n\n\n<section class=\"featured-highlight-block featured-highlight\" is=\"featured-highlight-block\">\n    <header class=\"featured-highlight__header animate\">\n\t                <span class=\"featured-highlight__subtitle\">\n\t\t\t Vereinfachen Sie den Versand\t\t<\/span>\n\t    \t                <h2 class=\"featured-highlight__title\">Kundenorientierte Transportfunktionen<\/h2>\n\t    \t                <div class=\"featured-highlight__summary\">\n\t\t\t    <p>Unser Paketdienst ist flexibel, skalierbar und durch eine einzigartige Kombination aus Technologie und Fachexperten f\u00fcr globale eCommerce-Marken konzipiert.<\/p>\n            <\/div>\n\t        <\/header>\n\t<div class=\"featured-highlight__inner\">\n\t\t\t\t\t<div class=\"featured-highlight__image animate\">\n\t\t\t\t<picture>\r\n<source data-image-size=\"featured_highlight_landscape_small\" srcset=\"https:\/\/www.radial.com\/wp-content\/uploads\/2022\/08\/22\/transportation-management-simplify-shipping-2-342x228.jpg, https:\/\/www.radial.com\/wp-content\/uploads\/2022\/08\/22\/transportation-management-simplify-shipping-2-684x456.jpg 2x\" media=\"(max-width: 370px)\" type=\"image\/jpeg\">\r\n<source data-image-size=\"featured_highlight_landscape_medium\" srcset=\"https:\/\/www.radial.com\/wp-content\/uploads\/2022\/08\/22\/transportation-management-simplify-shipping-2-690x460.jpg, https:\/\/www.radial.com\/wp-content\/uploads\/2022\/08\/22\/transportation-management-simplify-shipping-2-1380x920.jpg 2x\" media=\"(max-width: 700px)\" type=\"image\/jpeg\">\r\n<source data-image-size=\"featured_highlight_landscape_large\" srcset=\"https:\/\/www.radial.com\/wp-content\/uploads\/2022\/08\/22\/transportation-management-simplify-shipping-2-990x660.jpg, https:\/\/www.radial.com\/wp-content\/uploads\/2022\/08\/22\/transportation-management-simplify-shipping-2-1980x1320.jpg 2x\" media=\"(max-width: 1023px)\" type=\"image\/jpeg\">\r\n<source data-image-size=\"featured_highlight_portrait_large\" srcset=\"https:\/\/www.radial.com\/wp-content\/uploads\/2022\/08\/22\/transportation-management-simplify-shipping-2-aspect-ratio-469-646-1-469x646.jpg, https:\/\/www.radial.com\/wp-content\/uploads\/2022\/08\/22\/transportation-management-simplify-shipping-2-aspect-ratio-469-646-1-938x1292.jpg 2x\" type=\"image\/jpeg\">\r\n<img decoding=\"async\" alt=\"\" src=\"https:\/\/www.radial.com\/wp-content\/uploads\/2022\/08\/22\/transportation-management-simplify-shipping-2-aspect-ratio-469-646-1-469x646.jpg\" loading=\"lazy\">\r\n<\/picture>\t\t\t<\/div>\n\t\t\t\t\t\t\t<div class=\"featured-highlight__container animate\">\n\t\t\t\t\t\t\t\t\t\t\t\t\t\t\t\t\t\t\t\t\t\t<div class=\"featured-highlight__element\">\n\t\t\t\t\t\t\t\t\t\t\t\t\t\t\t\t\t<h3 class=\"featured-highlight__element-heading\">\n\t\t\t\t\t\t\t\t\t\t\t\t\t\t\t\t\t\t\t\t\t\t\t\t\t\t\t\t\t\t\t<span class=\"featured-highlight__icon\">\n\t\t\t\t\t\t\t\t\t\t\t\t<img decoding=\"async\" alt=\"Shopping Cart\" src=\"https:\/\/www.radial.com\/wp-content\/uploads\/2022\/07\/06\/shopping-cart.svg\" \/>\n\t\t\t\t\t\t\t\t\t\t\t<\/span>\n\t\t\t\t\t\t\t\t\t\t\t\t\t\t\t\t\t\t\t\t<span>\n\t\t\t\t\t\t\t\t\t\t\tPeak Boost Programm\t\t\t\t\t\t\t\t\t\t<\/span>\n\t\t\t\t\t\t\t\t\t<\/h3>\n\t\t\t\t\t\t\t\t\t\t\t\t\t\t\t\t\t\t\t\t\t\t\t\t\t<div class=\"featured-highlight__content\">\n\t\t\t\t\t\t\t\t\t\t<p>Wenden Sie w\u00e4hrend der Hochsaison automatisch die besten Versandoptionen auf der Grundlage des Standorts Ihres Kunden an, so dass Sie die Bestellannahmefristen w\u00e4hrend Hochzeiten verl\u00e4ngern k\u00f6nnen.<\/p>\n\t\t\t\t\t\t\t\t\t<\/div>\n\t\t\t\t\t\t\t\t\n\t\t\t\t\t\t\t\t\t\t\t\t\t\t\t<\/div>\n\t\t\t\t\t\t\t\t\t\t\t\t\t\t\t\t\t\t\t\t\t\t\t\t\t\t\t\t\t\t\t\t\t\t<div class=\"featured-highlight__element\">\n\t\t\t\t\t\t\t\t\t\t\t\t\t\t\t\t\t<h3 class=\"featured-highlight__element-heading\">\n\t\t\t\t\t\t\t\t\t\t\t\t\t\t\t\t\t\t\t\t\t\t\t\t\t\t\t\t\t\t\t<span class=\"featured-highlight__icon\">\n\t\t\t\t\t\t\t\t\t\t\t\t<img decoding=\"async\" alt=\"Truck\" src=\"https:\/\/www.radial.com\/wp-content\/uploads\/2022\/07\/06\/truck.svg\" \/>\n\t\t\t\t\t\t\t\t\t\t\t<\/span>\n\t\t\t\t\t\t\t\t\t\t\t\t\t\t\t\t\t\t\t\t<span>\n\t\t\t\t\t\t\t\t\t\t\tUnterwegs-Benachrichtigungen senden\t\t\t\t\t\t\t\t\t\t<\/span>\n\t\t\t\t\t\t\t\t\t<\/h3>\n\t\t\t\t\t\t\t\t\t\t\t\t\t\t\t\t\t\t\t\t\t\t\t\t\t<div class=\"featured-highlight__content\">\n\t\t\t\t\t\t\t\t\t\t<p>Halten Sie Ihre Kunden bei jedem Schritt auf dem Laufenden &#8211; von den Distributionszentren bis zu ihrer Haust\u00fcr &#8211; mit SMS-Sendungs- und Lieferbenachrichtigungen und -Updates.<\/p>\n\t\t\t\t\t\t\t\t\t<\/div>\n\t\t\t\t\t\t\t\t\n\t\t\t\t\t\t\t\t\t\t\t\t\t\t\t<\/div>\n\t\t\t\t\t\t\t\t\t\t\t\t\t\t\t\t\t\t\t\t\t\t\t\t\t\t\t\t\t\t\t\t\t\t<div class=\"featured-highlight__element\">\n\t\t\t\t\t\t\t\t\t\t\t\t\t\t\t\t\t<h3 class=\"featured-highlight__element-heading\">\n\t\t\t\t\t\t\t\t\t\t\t\t\t\t\t\t\t\t\t\t\t\t\t\t\t\t\t\t\t\t\t<span class=\"featured-highlight__icon\">\n\t\t\t\t\t\t\t\t\t\t\t\t<img decoding=\"async\" alt=\"Plane\" src=\"https:\/\/www.radial.com\/wp-content\/uploads\/2022\/07\/06\/plane.svg\" \/>\n\t\t\t\t\t\t\t\t\t\t\t<\/span>\n\t\t\t\t\t\t\t\t\t\t\t\t\t\t\t\t\t\t\t\t<span>\n\t\t\t\t\t\t\t\t\t\t\tGrenz\u00fcberschreitende Logistik\t\t\t\t\t\t\t\t\t\t<\/span>\n\t\t\t\t\t\t\t\t\t<\/h3>\n\t\t\t\t\t\t\t\t\t\t\t\t\t\t\t\t\t\t\t\t\t\t\t\t\t<div class=\"featured-highlight__content\">\n\t\t\t\t\t\t\t\t\t\t<p>Sorgen Sie f\u00fcr die Nachfrage-Generierung in \u00dcberseem\u00e4rkten und geben Sie die Erledigung aller globalen Logistik- und Frachtl\u00f6sungen, einschlie\u00dflich der Zoll- und Steuerabwicklung mit Delivered Duty Paid (DDP) ab.<\/p>\n\t\t\t\t\t\t\t\t\t<\/div>\n\t\t\t\t\t\t\t\t\n\t\t\t\t\t\t\t\t\t\t\t\t\t\t\t<\/div>\n\t\t\t\t\t\t\t\t\t\t\t\t\t\t\t\t\t\t\t\t\t\t\t\t\t\t\t\t<\/div>\n\t\t\t<\/div>\n<\/section>\n\n\n\n<div class=\"logo-grid\">\n\n\t        <h2 class=\"logo-grid__title\">\n\t\t\tWir betreuen Kunden jeder Gr\u00f6\u00dfe &#8211; \u00fcberall auf der Welt und in einer Vielzahl von Branchen.         <\/h2>\n\t\n    <div class=\"logo-grid__clients animate\">\n\t\t\t\t\t\t\t\t\t\t\t\t\t\t\t\t\t\t                        <a class=\"logo-grid__client\"\n                        aria-label=\"Aeropostale\" href=\"https:\/\/www.aeropostale.com\/\"\n\t\t\t\t\t\ttarget=\"_blank\">\n\t\t\t\t\t\t\t\t\t\t\t<img alt=\"Aeropostale logo\"\n\t\t\t\t\tloading=\"lazy\"\n\t\t\t\t\tsrc=\"https:\/\/www.radial.com\/wp-content\/uploads\/2022\/10\/18\/logo-aeropostale.png\" >\n\t\n\t\t\t\t\t                        <\/a>\n\t\t\t\t\t\t\t\t\t\t\t\t\t\t\t\t\t\t\t\t\t\t\t\t\t                        <a class=\"logo-grid__client\"\n                        aria-label=\"Lucky Brand\" href=\"https:\/\/www.luckybrand.com\/\"\n\t\t\t\t\t\ttarget=\"_blank\">\n\t\t\t\t\t\t\t\t\t\t\t<img alt=\"Lucky Brand logo\"\n\t\t\t\t\tloading=\"lazy\"\n\t\t\t\t\tsrc=\"https:\/\/www.radial.com\/wp-content\/uploads\/2022\/10\/18\/logo-lucky-brand-1.png\" >\n\t\n\t\t\t\t\t                        <\/a>\n\t\t\t\t\t\t\t\t\t\t\t\t\t\t\t\t\t\t\t\t\t\t\t\t\t                        <a class=\"logo-grid__client\"\n                        aria-label=\"sunday\" href=\"https:\/\/www.getsunday.com\/\"\n\t\t\t\t\t\ttarget=\"_blank\">\n\t\t\t\t\t\t\t\t\t\t\t<img alt=\"sunday logo\"\n\t\t\t\t\tloading=\"lazy\"\n\t\t\t\t\tsrc=\"https:\/\/www.radial.com\/wp-content\/uploads\/2022\/07\/27\/logo-sunday.png\" >\n\t\n\t\t\t\t\t                        <\/a>\n\t\t\t\t\t\t\t\t\t\t\t\t\n\t\t\t\t\t    <\/div>\n<\/div>\n\n\n<div class=\"switchback-block left\">\n\t\t\t\t\t\t\t\t\t            <div class=\"switchback-block__outer light\">\n                <div class=\"switchback-block__inner\">\n                    <div class=\"switchback-block__left animate\">\n\t\t\t\t\t\t\t\t\t\t\t\t\t<picture>\r\n<source data-image-size=\"switchback_small\" srcset=\"https:\/\/www.radial.com\/wp-content\/uploads\/2022\/08\/23\/transportation-management-more-solutions-2-aspect-ratio-1-1-350x350.jpg, https:\/\/www.radial.com\/wp-content\/uploads\/2022\/08\/23\/transportation-management-more-solutions-2-aspect-ratio-1-1-700x700.jpg 2x\" media=\"(max-width: 1280px)\" type=\"image\/jpeg\">\r\n<source data-image-size=\"switchback_large\" srcset=\"https:\/\/www.radial.com\/wp-content\/uploads\/2022\/08\/23\/transportation-management-more-solutions-2-aspect-ratio-1-1-518x518.jpg, https:\/\/www.radial.com\/wp-content\/uploads\/2022\/08\/23\/transportation-management-more-solutions-2-aspect-ratio-1-1-1036x1036.jpg 2x\" type=\"image\/jpeg\">\r\n<img decoding=\"async\" alt=\"\" src=\"https:\/\/www.radial.com\/wp-content\/uploads\/2022\/08\/23\/transportation-management-more-solutions-2-aspect-ratio-1-1-518x518.jpg\" loading=\"lazy\">\r\n<\/picture>\t\t\t\t\t\t                    <\/div>\n\n                    <div class=\"switchback-block__right animate\">\n\t\t\t\t\t\t                            <label class=\"switchback-block__eyebrow\"> Mehr L\u00f6sungen<\/label>\n\t\t\t\t\t\t\t\t\t\t\t\t                            <h2 class=\"switchback-block__title\">Partnerschaft mit eCommerce-Experten<\/h2>\n\t\t\t\t\t\t\t\t\t\t\t\t\t\t\t\t\t\t                            <div class=\"switchback-block__summary paragraph-block\"><p>Wir k\u00f6nnen mehr als nur Transport- und Frachtl\u00f6sungen anbieten. Als Partner von Radial erhalten Sie ein komplettes Paket von eCommerce-Fulfillment-L\u00f6sungen. Wir sind hier, um zu helfen.<\/p>\n<\/div>\n\t\t\t\t\t\t\n\t\t\t\t\t\t                            <div class=\"switchback-block__cta-container\">\n\t\t\t\t\t\t\t\t\t\t\t\t\t\t\t\t\t\t\t\t\t\t\t\t\t\t\t<a class=\"switchback-block__cta button-primary dark-b\" href=\"\/de\/losungen\/ecommerce-fulfillment\" target=\"_self\">Alle Fulfillment-L\u00f6sungen <\/a>\t\t\t\t\t\t\t\t\t\t\t\t\t\t\t\t\t\t\t\t\t\t\t\t\t\t\t\t\t\t\t\t\t\t\t\t\t\t\t\t\t\t\t\t\t\t\t\t\t\t\t\t\t                            <\/div>\n\t\t\t\t\t\t                    <\/div>\n                <\/div>\n            <\/div>\n\t\t\t<\/div>\n\n\n\n<div class=\"info-cta\">\n    <div class=\"info-cta__inner\">\n        <div class=\"info-cta__left\">\n            <div class=\"info-cta__summary\">\n\t\t\t\t\t\t\t\t\t<p>Sprechen Sie mit einem Experten<\/p>\n\t\t\t\t            <\/div>\n        <\/div>\n\n                    <div class=\"info-cta__right\">\n                <a class=\"info-cta__cta button-primary light\" \n                href=\" https:\/\/www.radial.com\/de\/kontakt \"\n                    >\n                                            Kontaktieren Sie uns                                    <\/a>\n            <\/div>\n            <\/div>\n<\/div>\n\n<\/div>\n<\/div>\n<\/div>","protected":false},"excerpt":{"rendered":"","protected":false},"author":1,"featured_media":26578,"parent":0,"menu_order":2,"comment_status":"closed","ping_status":"closed","template":"","meta":{"_acf_changed":false,"inline_featured_image":false,"footnotes":""},"class_list":["post-28054","page","type-page","status-publish","has-post-thumbnail","hentry"],"acf":[],"_links":{"self":[{"href":"https:\/\/www.radial.com\/de\/wp-json\/wp\/v2\/pages\/28054","targetHints":{"allow":["GET"]}}],"collection":[{"href":"https:\/\/www.radial.com\/de\/wp-json\/wp\/v2\/pages"}],"about":[{"href":"https:\/\/www.radial.com\/de\/wp-json\/wp\/v2\/types\/page"}],"author":[{"embeddable":true,"href":"https:\/\/www.radial.com\/de\/wp-json\/wp\/v2\/users\/1"}],"replies":[{"embeddable":true,"href":"https:\/\/www.radial.com\/de\/wp-json\/wp\/v2\/comments?post=28054"}],"version-history":[{"count":20,"href":"https:\/\/www.radial.com\/de\/wp-json\/wp\/v2\/pages\/28054\/revisions"}],"predecessor-version":[{"id":65463,"href":"https:\/\/www.radial.com\/de\/wp-json\/wp\/v2\/pages\/28054\/revisions\/65463"}],"wp:featuredmedia":[{"embeddable":true,"href":"https:\/\/www.radial.com\/de\/wp-json\/wp\/v2\/media\/26578"}],"wp:attachment":[{"href":"https:\/\/www.radial.com\/de\/wp-json\/wp\/v2\/media?parent=28054"}],"curies":[{"name":"wp","href":"https:\/\/api.w.org\/{rel}","templated":true}]}}