{"id":28044,"date":"2022-05-02T13:37:08","date_gmt":"2022-05-02T17:37:08","guid":{"rendered":"https:\/\/www.radial.com\/ecommerce-fulfillment\/fulfillment-solutions"},"modified":"2024-09-19T10:47:59","modified_gmt":"2024-09-19T14:47:59","slug":"ecommerce-fulfillment-fulfillment-losungen","status":"publish","type":"page","link":"https:\/\/www.radial.com\/de\/losungen\/ecommerce-fulfillment","title":{"rendered":"Ecommerce Fulfillment"},"content":{"rendered":"\n<div class=\"page-wrapper\">\n\t\n\n<div class=\"landing-page\">\n\t\n\n<div class=\"landing-page-hero-area\" id=\"landing-page-hero-area\">\n\t\n\n\n<div class=\"hero-landing-block\">\n\t<div class=\"hero-landing-block__inner\">\n\t\t<div class=\"hero-landing-block__info\">\n\t\t\t<div class=\"hero-landing-block__info--inner\">\n\t\t\t<h1 class=\"hero-landing-block__title\">Alles, was Sie f\u00fcr ein besseres eCommerce Fulfillment brauchen<\/h1>\n            \t\t\t\t\t\t\t<div class=\"hero-landing-block__summary\">\n\t\t\t\t\t<p>Radial bietet hochmoderne Fulfillment-Technologien und -Dienstleistungen, die Ihr Unternehmen effizienter und profitabler machen und Ihnen helfen, sich von der Masse abzuheben.<\/p>\n\t\t\t\t<\/div>\n\t\t\t\t\t\t\t\t\t\t<a class=\"hero-landing-block__cta button-primary light\" href=\"https:\/\/www.radial.com\/de\/kontakt\" target=\"_self\">Los geht\u2018s<\/a>\t\t\t\t\t\t<\/div>\n\t\t<\/div>\n\t\t<div class=\"hero-landing-block__image\">\n\t\t\t<picture>\r\n<source data-image-size=\"hero_landing_small\" srcset=\"https:\/\/www.radial.com\/wp-content\/uploads\/2022\/06\/30\/fulfillment-solutions-342x228.jpg, https:\/\/www.radial.com\/wp-content\/uploads\/2022\/06\/30\/fulfillment-solutions-684x456.jpg 2x\" media=\"(max-width: 350px)\" type=\"image\/jpeg\">\r\n<source data-image-size=\"hero_landing_medium\" srcset=\"https:\/\/www.radial.com\/wp-content\/uploads\/2022\/06\/30\/fulfillment-solutions-705x470.jpg, https:\/\/www.radial.com\/wp-content\/uploads\/2022\/06\/30\/fulfillment-solutions-1410x940.jpg 2x\" media=\"(max-width: 715px)\" type=\"image\/jpeg\">\r\n<source data-image-size=\"hero_landing_medium_large\" srcset=\"https:\/\/www.radial.com\/wp-content\/uploads\/2022\/06\/30\/fulfillment-solutions-960x640.jpg, https:\/\/www.radial.com\/wp-content\/uploads\/2022\/06\/30\/fulfillment-solutions-1920x1280.jpg 2x\" media=\"(max-width: 1023px)\" type=\"image\/jpeg\">\r\n<source data-image-size=\"hero_landing_large\" srcset=\"https:\/\/www.radial.com\/wp-content\/uploads\/2022\/08\/10\/fulfillment-solutions-aspect-ratio-22-25-704x800.jpg, https:\/\/www.radial.com\/wp-content\/uploads\/2022\/08\/10\/fulfillment-solutions-aspect-ratio-22-25-1408x1600.jpg 2x\" media=\"(max-width: 1440px)\" type=\"image\/jpeg\">\r\n<source data-image-size=\"hero_landing_huge\" srcset=\"https:\/\/www.radial.com\/wp-content\/uploads\/2022\/08\/10\/fulfillment-solutions-aspect-ratio-22-25-946x1075.jpg\" type=\"image\/jpeg\">\r\n<img decoding=\"async\" alt=\"\" src=\"https:\/\/www.radial.com\/wp-content\/uploads\/2022\/08\/10\/fulfillment-solutions-aspect-ratio-22-25-704x800.jpg\">\r\n<\/picture>\t\t<\/div>\n\t<\/div>\n<\/div>\n\n<\/div>\n\n\n<div class=\"landing-page-block-area\">\n\t\n\n<div class=\"switchback-block left\">\n\t\t\t\t\t\t\t\t\t            <div class=\"switchback-block__outer light\">\n                <div class=\"switchback-block__inner\">\n                    <div class=\"switchback-block__left animate\">\n\t\t\t\t\t\t\t\t\t\t\t\t\t<picture>\r\n<source data-image-size=\"switchback_small\" srcset=\"https:\/\/www.radial.com\/wp-content\/uploads\/2022\/08\/10\/fulfillment-solutions-approach-aspect-ratio-1-1-350x350.jpg, https:\/\/www.radial.com\/wp-content\/uploads\/2022\/08\/10\/fulfillment-solutions-approach-aspect-ratio-1-1-700x700.jpg 2x\" media=\"(max-width: 1280px)\" type=\"image\/jpeg\">\r\n<source data-image-size=\"switchback_large\" srcset=\"https:\/\/www.radial.com\/wp-content\/uploads\/2022\/08\/10\/fulfillment-solutions-approach-aspect-ratio-1-1-518x518.jpg, https:\/\/www.radial.com\/wp-content\/uploads\/2022\/08\/10\/fulfillment-solutions-approach-aspect-ratio-1-1-1036x1036.jpg 2x\" type=\"image\/jpeg\">\r\n<img decoding=\"async\" alt=\"\" src=\"https:\/\/www.radial.com\/wp-content\/uploads\/2022\/08\/10\/fulfillment-solutions-approach-aspect-ratio-1-1-518x518.jpg\" loading=\"lazy\">\r\n<\/picture>\t\t\t\t\t\t                    <\/div>\n\n                    <div class=\"switchback-block__right animate\">\n\t\t\t\t\t\t                            <label class=\"switchback-block__eyebrow\"> Unser Ansatz <\/label>\n\t\t\t\t\t\t\t\t\t\t\t\t                            <h2 class=\"switchback-block__title\"> Der Verkaufsabschluss ist nur die halbe Miete<\/h2>\n\t\t\t\t\t\t\t\t\t\t\t\t\t\t\t\t\t\t                            <div class=\"switchback-block__summary paragraph-block\"><p>Wir wissen, dass eCommerce Fulfillment oft kostspieliger und komplexer ist, als der Verkaufsabschluss an sich. Wir wissen auch, dass das Fulfillment genauso wichtig ist. Mit Radial erhalten Sie fortschrittliche technische M\u00f6glichkeiten in Kombination mit unserer globalen Pr\u00e4senz. Wir passen uns Ihrer Gr\u00f6\u00dfe an, mit genau dem richtigen Ma\u00df an pers\u00f6nlicher Note. In Zusammenarbeit mit Ihrem Unternehmen ermitteln wir die ma\u00dfgeschneiderte Kombination aus Fulfillment-Services und L\u00f6sungen, die Sie ben\u00f6tigen, um Ihren Kunden ein au\u00dfergew\u00f6hnliches Erlebnis zu bieten.<\/p>\n<\/div>\n\t\t\t\t\t\t\n\t\t\t\t\t\t                    <\/div>\n                <\/div>\n            <\/div>\n\t\t\t\t\t\t\t\t            <div class=\"switchback-block__outer dark\">\n                <div class=\"switchback-block__inner\">\n                    <div class=\"switchback-block__left animate\">\n\t\t\t\t\t\t\t\t\t\t\t\t\t<picture>\r\n<source data-image-size=\"switchback_small\" srcset=\"https:\/\/www.radial.com\/wp-content\/uploads\/2022\/08\/23\/ecommerce-fulfillment-fulfillment-solutions-innovation-aspect-ratio-1-1-1-350x350.jpg, https:\/\/www.radial.com\/wp-content\/uploads\/2022\/08\/23\/ecommerce-fulfillment-fulfillment-solutions-innovation-aspect-ratio-1-1-1-700x700.jpg 2x\" media=\"(max-width: 1280px)\" type=\"image\/jpeg\">\r\n<source data-image-size=\"switchback_large\" srcset=\"https:\/\/www.radial.com\/wp-content\/uploads\/2022\/08\/23\/ecommerce-fulfillment-fulfillment-solutions-innovation-aspect-ratio-1-1-1-518x518.jpg, https:\/\/www.radial.com\/wp-content\/uploads\/2022\/08\/23\/ecommerce-fulfillment-fulfillment-solutions-innovation-aspect-ratio-1-1-1-1036x1036.jpg 2x\" type=\"image\/jpeg\">\r\n<img decoding=\"async\" alt=\"\" src=\"https:\/\/www.radial.com\/wp-content\/uploads\/2022\/08\/23\/ecommerce-fulfillment-fulfillment-solutions-innovation-aspect-ratio-1-1-1-518x518.jpg\" loading=\"lazy\">\r\n<\/picture>\t\t\t\t\t\t                    <\/div>\n\n                    <div class=\"switchback-block__right animate\">\n\t\t\t\t\t\t                            <label class=\"switchback-block__eyebrow\">Innovation<\/label>\n\t\t\t\t\t\t\t\t\t\t\t\t                            <h2 class=\"switchback-block__title\"> Branchenf\u00fchrende Technologie<\/h2>\n\t\t\t\t\t\t\t\t\t\t\t\t\t\t\t\t\t\t                            <div class=\"switchback-block__summary paragraph-block\"><p>Da die Kunden schnellere Reaktionszeiten verlangen, m\u00fcssen die eCommerce-Unternehmen schnell reagieren. Radial macht es Ihnen leicht mit einem Portfolio innovativer Technologien und diversifizierter Automatisierungsl\u00f6sungen, die an Ihre Gesch\u00e4ftsanforderungen angepasst werden k\u00f6nnen. Ganz gleich, ob f\u00fcr Ihre Fulfillment-Aktivit\u00e4ten Autonomous Mobile Robots (AMR) oder automatische Verpackungsmaschinen erforderlich sind, unsere Fulfillment-Experten entwickeln eine L\u00f6sung, mit der Sie die Zufriedenheit Ihrer Kunden erreichen.<\/p>\n<\/div>\n\t\t\t\t\t\t\n\t\t\t\t\t\t                    <\/div>\n                <\/div>\n            <\/div>\n\t\t\t<\/div>\n\n\n<section class=\"featured-highlight-block featured-highlight\" is=\"featured-highlight-block\">\n    <header class=\"featured-highlight__header animate\">\n\t                <span class=\"featured-highlight__subtitle\">\n\t\t\t Fulfillment-M\u00f6glichkeiten\t\t<\/span>\n\t    \t                <h2 class=\"featured-highlight__title\"> E-Commerce-L\u00f6sungen, die mit Ihnen wachsen<\/h2>\n\t    \t                <div class=\"featured-highlight__summary\">\n\t\t\t    <p>Machen Sie jede Bestellung zu einem gro\u00dfartigen Kundenerlebnis. Unsere bew\u00e4hrten Prozesse und umfangreichen Anpassungsm\u00f6glichkeiten gew\u00e4hrleisten Effizienz und Qualit\u00e4t bei jedem Schritt, auch in der Hochsaison.<\/p>\n            <\/div>\n\t        <\/header>\n\t<div class=\"featured-highlight__inner\">\n\t\t\t\t\t<div class=\"featured-highlight__image animate\">\n\t\t\t\t<picture>\r\n<source data-image-size=\"featured_highlight_landscape_small\" srcset=\"https:\/\/www.radial.com\/wp-content\/uploads\/2022\/08\/10\/fulfillment-solutions-capabilities-aspect-ratio-3-2-342x228.jpg, https:\/\/www.radial.com\/wp-content\/uploads\/2022\/08\/10\/fulfillment-solutions-capabilities-aspect-ratio-3-2-684x456.jpg 2x\" media=\"(max-width: 370px)\" type=\"image\/jpeg\">\r\n<source data-image-size=\"featured_highlight_landscape_medium\" srcset=\"https:\/\/www.radial.com\/wp-content\/uploads\/2022\/08\/10\/fulfillment-solutions-capabilities-aspect-ratio-3-2-690x460.jpg, https:\/\/www.radial.com\/wp-content\/uploads\/2022\/08\/10\/fulfillment-solutions-capabilities-aspect-ratio-3-2-1380x920.jpg 2x\" media=\"(max-width: 700px)\" type=\"image\/jpeg\">\r\n<source data-image-size=\"featured_highlight_landscape_large\" srcset=\"https:\/\/www.radial.com\/wp-content\/uploads\/2022\/08\/10\/fulfillment-solutions-capabilities-aspect-ratio-3-2-990x660.jpg\" media=\"(max-width: 1023px)\" type=\"image\/jpeg\">\r\n<source data-image-size=\"featured_highlight_portrait_large\" srcset=\"https:\/\/www.radial.com\/wp-content\/uploads\/2022\/08\/10\/fulfillment-solutions-capabilities-aspect-ratio-469-646-469x646.jpg, https:\/\/www.radial.com\/wp-content\/uploads\/2022\/08\/10\/fulfillment-solutions-capabilities-aspect-ratio-469-646-938x1292.jpg 2x\" type=\"image\/jpeg\">\r\n<img decoding=\"async\" alt=\"\" src=\"https:\/\/www.radial.com\/wp-content\/uploads\/2022\/08\/10\/fulfillment-solutions-capabilities-aspect-ratio-469-646-469x646.jpg\" loading=\"lazy\">\r\n<\/picture>\t\t\t<\/div>\n\t\t\t\t\t\t\t<div class=\"featured-highlight__container animate\">\n\t\t\t\t\t\t\t\t\t\t\t\t\t\t\t\t\t\t\t\t\t\t<div class=\"featured-highlight__element\">\n\t\t\t\t\t\t\t\t\t\t\t\t\t\t\t\t\t<h3 class=\"featured-highlight__element-heading\">\n\t\t\t\t\t\t\t\t\t\t\t\t\t\t\t\t\t\t\t\t\t\t\t\t\t\t\t\t\t\t\t<span class=\"featured-highlight__icon\">\n\t\t\t\t\t\t\t\t\t\t\t\t<img decoding=\"async\" alt=\"Box Closed\" src=\"https:\/\/www.radial.com\/wp-content\/uploads\/2022\/07\/06\/box-closed.svg\" \/>\n\t\t\t\t\t\t\t\t\t\t\t<\/span>\n\t\t\t\t\t\t\t\t\t\t\t\t\t\t\t\t\t\t\t\t<span>\n\t\t\t\t\t\t\t\t\t\t\tR\u00fccksendungen leicht gemacht\t\t\t\t\t\t\t\t\t\t<\/span>\n\t\t\t\t\t\t\t\t\t<\/h3>\n\t\t\t\t\t\t\t\t\t\t\t\t\t\t\t\t\t\t\t\t\t\t\t\t\t<div class=\"featured-highlight__content\">\n\t\t\t\t\t\t\t\t\t\t<p>Mit diesem Zusatzservice legt Radial jeder Bestellung vorfrankierte Versandetiketten und R\u00fccksendeanweisungen bei, so dass die Kunden problemlos R\u00fccksendungen oder Umtausch vornehmen k\u00f6nnen.<\/p>\n\t\t\t\t\t\t\t\t\t<\/div>\n\t\t\t\t\t\t\t\t\n\t\t\t\t\t\t\t\t\t\t\t\t\t\t\t<\/div>\n\t\t\t\t\t\t\t\t\t\t\t\t\t\t\t\t\t\t\t\t\t\t\t\t\t\t\t\t\t\t\t\t\t\t<div class=\"featured-highlight__element\">\n\t\t\t\t\t\t\t\t\t\t\t\t\t\t\t\t\t<h3 class=\"featured-highlight__element-heading\">\n\t\t\t\t\t\t\t\t\t\t\t\t\t\t\t\t\t\t\t\t\t\t\t\t\t\t\t\t\t\t\t<span class=\"featured-highlight__icon\">\n\t\t\t\t\t\t\t\t\t\t\t\t<img decoding=\"async\" alt=\"Box Open\" src=\"https:\/\/www.radial.com\/wp-content\/uploads\/2022\/07\/06\/box-opened.svg\" \/>\n\t\t\t\t\t\t\t\t\t\t\t<\/span>\n\t\t\t\t\t\t\t\t\t\t\t\t\t\t\t\t\t\t\t\t<span>\n\t\t\t\t\t\t\t\t\t\t\tAnpassung Ihrer Marke\t\t\t\t\t\t\t\t\t\t<\/span>\n\t\t\t\t\t\t\t\t\t<\/h3>\n\t\t\t\t\t\t\t\t\t\t\t\t\t\t\t\t\t\t\t\t\t\t\t\t\t<div class=\"featured-highlight__content\">\n\t\t\t\t\t\t\t\t\t\t<p>Wir bieten kundenspezifische Verpackungen, Geschenkverpackungen, Marketingbeilagen, kundenspezifische Mischungen, Stickereien, digitalisierte Handschriften und Kits, um Online-Bestellungen zu etwas Besonderem zu machen.<\/p>\n\t\t\t\t\t\t\t\t\t<\/div>\n\t\t\t\t\t\t\t\t\n\t\t\t\t\t\t\t\t\t\t\t\t\t\t\t<\/div>\n\t\t\t\t\t\t\t\t\t\t\t\t\t\t\t\t\t\t\t\t\t\t\t\t\t\t\t\t\t\t\t\t\t\t<div class=\"featured-highlight__element\">\n\t\t\t\t\t\t\t\t\t\t\t\t\t\t\t\t\t<h3 class=\"featured-highlight__element-heading\">\n\t\t\t\t\t\t\t\t\t\t\t\t\t\t\t\t\t\t\t\t\t\t\t\t\t\t\t\t\t\t\t<span class=\"featured-highlight__icon\">\n\t\t\t\t\t\t\t\t\t\t\t\t<img decoding=\"async\" alt=\"Knowledge Cloud\" src=\"https:\/\/www.radial.com\/wp-content\/uploads\/2022\/07\/06\/knowledge.svg\" \/>\n\t\t\t\t\t\t\t\t\t\t\t<\/span>\n\t\t\t\t\t\t\t\t\t\t\t\t\t\t\t\t\t\t\t\t<span>\n\t\t\t\t\t\t\t\t\t\t\tVerbesserung der Logistik\t\t\t\t\t\t\t\t\t\t<\/span>\n\t\t\t\t\t\t\t\t\t<\/h3>\n\t\t\t\t\t\t\t\t\t\t\t\t\t\t\t\t\t\t\t\t\t\t\t\t\t<div class=\"featured-highlight__content\">\n\t\t\t\t\t\t\t\t\t\t<p>Dank unseres Angebots an Fulfillment-L\u00f6sungen, einschlie\u00dflich Inbound-, Outbound-, Retourenmanagement-, Lager- und Versandservices, k\u00f6nnen Sie daf\u00fcr sorgen, dass Ihre Kunden immer wieder kommen.<\/p>\n\t\t\t\t\t\t\t\t\t<\/div>\n\t\t\t\t\t\t\t\t\n\t\t\t\t\t\t\t\t\t\t\t\t\t\t\t<\/div>\n\t\t\t\t\t\t\t\t\t\t\t\t\t\t\t\t\t\t\t\t\t\t\t\t\t\t\t\t\t\t\t\t\t\t<div class=\"featured-highlight__element\">\n\t\t\t\t\t\t\t\t\t\t\t\t\t\t\t\t\t<h3 class=\"featured-highlight__element-heading\">\n\t\t\t\t\t\t\t\t\t\t\t\t\t\t\t\t\t\t\t\t\t\t\t\t\t\t\t\t\t\t\t<span class=\"featured-highlight__icon\">\n\t\t\t\t\t\t\t\t\t\t\t\t<img decoding=\"async\" alt=\"Store\" src=\"https:\/\/www.radial.com\/wp-content\/uploads\/2022\/07\/06\/store.svg\" \/>\n\t\t\t\t\t\t\t\t\t\t\t<\/span>\n\t\t\t\t\t\t\t\t\t\t\t\t\t\t\t\t\t\t\t\t<span>\n\t\t\t\t\t\t\t\t\t\t\tHinzuf\u00fcgung neuer Marktpl\u00e4tze\t\t\t\t\t\t\t\t\t\t<\/span>\n\t\t\t\t\t\t\t\t\t<\/h3>\n\t\t\t\t\t\t\t\t\t\t\t\t\t\t\t\t\t\t\t\t\t\t\t\t\t<div class=\"featured-highlight__content\">\n\t\t\t\t\t\t\t\t\t\t<p>Erweitern Sie Ihren gesamten adressierbaren Markt und Ihren Umsatz, indem Sie Ihre Marken und Produkte auf die wichtigsten Marktpl\u00e4tze bringen, ohne neue, spezielle Kan\u00e4le einzurichten.<\/p>\n\t\t\t\t\t\t\t\t\t<\/div>\n\t\t\t\t\t\t\t\t\n\t\t\t\t\t\t\t\t\t\t\t\t\t\t\t<\/div>\n\t\t\t\t\t\t\t\t\t\t\t\t\t\t\t\t\t\t\t\t\t\t\t\t\t\t\t\t\t\t\t\t\t\t<div class=\"featured-highlight__element\">\n\t\t\t\t\t\t\t\t\t\t\t\t\t\t\t\t\t<h3 class=\"featured-highlight__element-heading\">\n\t\t\t\t\t\t\t\t\t\t\t\t\t\t\t\t\t\t\t\t\t\t\t\t\t\t\t\t\t\t\t<span class=\"featured-highlight__icon\">\n\t\t\t\t\t\t\t\t\t\t\t\t<img decoding=\"async\" alt=\"Truck\" src=\"https:\/\/www.radial.com\/wp-content\/uploads\/2022\/07\/06\/truck.svg\" \/>\n\t\t\t\t\t\t\t\t\t\t\t<\/span>\n\t\t\t\t\t\t\t\t\t\t\t\t\t\t\t\t\t\t\t\t<span>\n\t\t\t\t\t\t\t\t\t\t\tNutzen von Seller-Fulfilled Prime\t\t\t\t\t\t\t\t\t\t<\/span>\n\t\t\t\t\t\t\t\t\t<\/h3>\n\t\t\t\t\t\t\t\t\t\t\t\t\t\t\t\t\t\t\t\t\t\t\t\t\t<div class=\"featured-highlight__content\">\n\t\t\t\t\t\t\t\t\t\t<p>Radial bietet Amazon Prime in unserem Distributionsnetzwerk an, damit Marken von den Vorteilen des Prime-Versandstatus profitieren k\u00f6nnen, ohne Fulfillment by Amazon zu nutzen.<\/p>\n\t\t\t\t\t\t\t\t\t<\/div>\n\t\t\t\t\t\t\t\t\n\t\t\t\t\t\t\t\t\t\t\t\t\t\t\t<\/div>\n\t\t\t\t\t\t\t\t\t\t\t\t\t\t\t\t\t\t\t\t\t\t\t\t\t\t\t\t\t\t\t\t\t\t<div class=\"featured-highlight__element\">\n\t\t\t\t\t\t\t\t\t\t\t\t\t\t\t\t\t<h3 class=\"featured-highlight__element-heading\">\n\t\t\t\t\t\t\t\t\t\t\t\t\t\t\t\t\t\t\t\t\t\t\t\t\t\t\t\t\t\t\t<span class=\"featured-highlight__icon\">\n\t\t\t\t\t\t\t\t\t\t\t\t<img decoding=\"async\" alt=\"Dollar Sign\" src=\"https:\/\/www.radial.com\/wp-content\/uploads\/2022\/06\/07\/Currency.svg\" \/>\n\t\t\t\t\t\t\t\t\t\t\t<\/span>\n\t\t\t\t\t\t\t\t\t\t\t\t\t\t\t\t\t\t\t\t<span>\n\t\t\t\t\t\t\t\t\t\t\tMehr Best\u00e4nde monetarisieren\t\t\t\t\t\t\t\t\t\t<\/span>\n\t\t\t\t\t\t\t\t\t<\/h3>\n\t\t\t\t\t\t\t\t\t\t\t\t\t\t\t\t\t\t\t\t\t\t\t\t\t<div class=\"featured-highlight__content\">\n\t\t\t\t\t\t\t\t\t\t<p>Erzielen Sie eine bessere Rendite f\u00fcr veraltete und \u00fcbersch\u00fcssige Best\u00e4nde. Radial beseitigt oder reduziert die Ber\u00fchrungspunkte, die Kosten und den administrativen Mehraufwand, die mit der Liquidation verbunden sind.<\/p>\n\t\t\t\t\t\t\t\t\t<\/div>\n\t\t\t\t\t\t\t\t\n\t\t\t\t\t\t\t\t\t\t\t\t\t\t\t<\/div>\n\t\t\t\t\t\t\t\t\t\t\t\t\t\t\t\t\t\t\t<\/div>\n\t\t\t<\/div>\n<\/section>\n\n\n\n<div class=\"logo-grid\">\n\n\t        <h2 class=\"logo-grid__title\">\n\t\t\tWir rationalisieren das eCommerce Fulfillment f\u00fcr etablierte und aufstrebende Marken auf der ganzen Welt.        <\/h2>\n\t\n    <div class=\"logo-grid__clients animate\">\n\t\t\t\t\t\t\t\t\t\t\t\t\t\t\t\t\t\t                        <a class=\"logo-grid__client\"\n                        aria-label=\"Aeropostale\" href=\"https:\/\/www.aeropostale.com\/\"\n\t\t\t\t\t\ttarget=\"_blank\">\n\t\t\t\t\t\t\t\t\t\t\t<img alt=\"Aeropostale logo\"\n\t\t\t\t\tloading=\"lazy\"\n\t\t\t\t\tsrc=\"https:\/\/www.radial.com\/wp-content\/uploads\/2022\/10\/18\/logo-aeropostale.png\" >\n\t\n\t\t\t\t\t                        <\/a>\n\t\t\t\t\t\t\t\t\t\t\t\t\t\t\t\t\t\t\t\t\t\t\t\t\t                        <a class=\"logo-grid__client\"\n                        aria-label=\"Gymshark\" href=\"https:\/\/www.gymshark.com\/\"\n\t\t\t\t\t\ttarget=\"_blank\">\n\t\t\t\t\t\t\t\t\t\t\t<img alt=\"Gymshark logo\"\n\t\t\t\t\tloading=\"lazy\"\n\t\t\t\t\tsrc=\"https:\/\/www.radial.com\/wp-content\/uploads\/2022\/07\/08\/logo-gymshark-1.png\" >\n\t\n\t\t\t\t\t                        <\/a>\n\t\t\t\t\t\t\t\t\t\t\t\t\t\t\t\t\t\t\t\t\t\t\t\t\t                        <a class=\"logo-grid__client\"\n                        aria-label=\"Tom Ford\" href=\"https:\/\/www.tomford.com\/\"\n\t\t\t\t\t\ttarget=\"_blank\">\n\t\t\t\t\t\t\t\t\t\t\t<img alt=\"Tom Ford logo\"\n\t\t\t\t\tloading=\"lazy\"\n\t\t\t\t\tsrc=\"https:\/\/www.radial.com\/wp-content\/uploads\/2022\/07\/08\/logo-tom-ford.png\" >\n\t\n\t\t\t\t\t                        <\/a>\n\t\t\t\t\t\t\t\t\t\t\t\t\n\t\t\t\t\t    <\/div>\n<\/div>\n\n\n\n<div class=\"info-cta\">\n    <div class=\"info-cta__inner\">\n        <div class=\"info-cta__left\">\n            <div class=\"info-cta__summary\">\n\t\t\t\t\t\t\t\t\t<p>Sprechen Sie mit einem Fulfillment-Experten<\/p>\n\t\t\t\t            <\/div>\n        <\/div>\n\n                    <div class=\"info-cta__right\">\n                <a class=\"info-cta__cta button-primary light\" \n                href=\" https:\/\/www.radial.com\/de\/kontakt \"\n                    >\n                                            Kontaktieren Sie uns                                    <\/a>\n            <\/div>\n            <\/div>\n<\/div>\n\n<\/div>\n<\/div>\n<\/div>","protected":false},"excerpt":{"rendered":"","protected":false},"author":1,"featured_media":27925,"parent":28039,"menu_order":1,"comment_status":"closed","ping_status":"closed","template":"","meta":{"_acf_changed":false,"inline_featured_image":false,"footnotes":""},"class_list":["post-28044","page","type-page","status-publish","has-post-thumbnail","hentry"],"acf":[],"_links":{"self":[{"href":"https:\/\/www.radial.com\/de\/wp-json\/wp\/v2\/pages\/28044","targetHints":{"allow":["GET"]}}],"collection":[{"href":"https:\/\/www.radial.com\/de\/wp-json\/wp\/v2\/pages"}],"about":[{"href":"https:\/\/www.radial.com\/de\/wp-json\/wp\/v2\/types\/page"}],"author":[{"embeddable":true,"href":"https:\/\/www.radial.com\/de\/wp-json\/wp\/v2\/users\/1"}],"replies":[{"embeddable":true,"href":"https:\/\/www.radial.com\/de\/wp-json\/wp\/v2\/comments?post=28044"}],"version-history":[{"count":11,"href":"https:\/\/www.radial.com\/de\/wp-json\/wp\/v2\/pages\/28044\/revisions"}],"predecessor-version":[{"id":65455,"href":"https:\/\/www.radial.com\/de\/wp-json\/wp\/v2\/pages\/28044\/revisions\/65455"}],"up":[{"embeddable":true,"href":"https:\/\/www.radial.com\/de\/wp-json\/wp\/v2\/pages\/28039"}],"wp:featuredmedia":[{"embeddable":true,"href":"https:\/\/www.radial.com\/de\/wp-json\/wp\/v2\/media\/27925"}],"wp:attachment":[{"href":"https:\/\/www.radial.com\/de\/wp-json\/wp\/v2\/media?parent=28044"}],"curies":[{"name":"wp","href":"https:\/\/api.w.org\/{rel}","templated":true}]}}